{"id":45584,"date":"2025-12-12T19:16:00","date_gmt":"2025-12-12T18:16:00","guid":{"rendered":"https:\/\/test.ecbeaute.com\/?post_type=product&#038;p=45584"},"modified":"2025-12-12T19:16:06","modified_gmt":"2025-12-12T18:16:06","slug":"betadent-dentifrice-naturel-100-ml","status":"publish","type":"product","link":"https:\/\/paracherkaoui.ma\/index.php\/produit\/betadent-dentifrice-naturel-100-ml\/","title":{"rendered":"BETADENT DENTIFRICE NATUREL 100 ML"},"content":{"rendered":"<p>Un dentifrice \u00e0 l&rsquo;action d\u00e9sinfectante, apaisante et rafra\u00eechissante : nettoie en profondeur les dents, \u00e9limine la plaque dentaire et combat la formation des caries en respectant l&rsquo;\u00e9mail des dents.<br \/>\nExtraits v\u00e9g\u00e9taux : ils jouent une action apaisante et contribuent \u00e0 maintenir la bouche saine et \u00e0 renforcer les gencives.<br \/>\nAROME AU CARDAMOME : garantit une sensation de fra\u00eecheur durable et est une aide pr\u00e9cieuse pour lutter contre l&rsquo;haleine.<br \/>\nCONSEILS D&rsquo;UTILISATION :<br \/>\nAppliquer une petite quantit\u00e9 de dentifrice sur la brosse \u00e0 dents et proc\u00e9der au brossage. Il est recommand\u00e9 de nettoyer les dents apr\u00e8s chaque repas, au moins deux fois par jour. Ne pas avaler.<\/p>\n","protected":false},"excerpt":{"rendered":"<p>Un dentifrice \u00e0 l&rsquo;action d\u00e9sinfectante, apaisante et rafra\u00eechissante : nettoie en profondeur les dents, \u00e9limine la plaque dentaire et combat<\/p>\n","protected":false},"featured_media":45627,"comment_status":"open","ping_status":"closed","template":"","meta":[],"product_brand":[809],"product_cat":[824],"product_tag":[],"class_list":{"0":"post-45584","1":"product","2":"type-product","3":"status-publish","4":"has-post-thumbnail","6":"product_brand-betadent","7":"product_cat-dentifrices-gencives-sensibles","9":"first","10":"instock","11":"sale","12":"shipping-taxable","13":"purchasable","14":"product-type-simple"},"yoast_head":"<!-- This site is optimized with the Yoast SEO plugin v26.6 - https:\/\/yoast.com\/wordpress\/plugins\/seo\/ -->\r\n<title>BETADENT DENTIFRICE NATUREL 100 ML - Paracherkaoui.ma<\/title>\r\n<meta name=\"robots\" content=\"index, follow, max-snippet:-1, max-image-preview:large, max-video-preview:-1\" \/>\r\n<link rel=\"canonical\" href=\"https:\/\/paracherkaoui.ma\/index.php\/produit\/betadent-dentifrice-naturel-100-ml\/\" \/>\r\n<meta property=\"og:locale\" content=\"fr_FR\" \/>\r\n<meta property=\"og:type\" content=\"article\" \/>\r\n<meta property=\"og:title\" content=\"BETADENT DENTIFRICE NATUREL 100 ML - Paracherkaoui.ma\" \/>\r\n<meta property=\"og:description\" content=\"Un dentifrice \u00e0 l&rsquo;action d\u00e9sinfectante, apaisante et rafra\u00eechissante : nettoie en profondeur les dents, \u00e9limine la plaque dentaire et combat\" \/>\r\n<meta property=\"og:url\" content=\"https:\/\/paracherkaoui.ma\/index.php\/produit\/betadent-dentifrice-naturel-100-ml\/\" \/>\r\n<meta property=\"og:site_name\" content=\"Paracherkaoui.ma\" \/>\r\n<meta property=\"article:modified_time\" content=\"2025-12-12T18:16:06+00:00\" \/>\r\n<meta property=\"og:image\" content=\"https:\/\/paracherkaoui.ma\/wp-content\/uploads\/2025\/12\/betadent-betadent-dentifrice-naturel-100-ml-dentifrices-gencives-sensibles.jpg\" \/>\r\n\t<meta property=\"og:image:width\" content=\"700\" \/>\r\n\t<meta property=\"og:image:height\" content=\"700\" \/>\r\n\t<meta property=\"og:image:type\" content=\"image\/jpeg\" \/>\r\n<meta name=\"twitter:card\" content=\"summary_large_image\" \/>\r\n<meta name=\"twitter:label1\" content=\"Dur\u00e9e de lecture estim\u00e9e\" \/>\n\t<meta name=\"twitter:data1\" content=\"1 minute\" \/>\r\n<script type=\"application\/ld+json\" class=\"yoast-schema-graph\">{\"@context\":\"https:\/\/schema.org\",\"@graph\":[{\"@type\":\"WebPage\",\"@id\":\"https:\/\/paracherkaoui.ma\/index.php\/produit\/betadent-dentifrice-naturel-100-ml\/\",\"url\":\"https:\/\/paracherkaoui.ma\/index.php\/produit\/betadent-dentifrice-naturel-100-ml\/\",\"name\":\"BETADENT DENTIFRICE NATUREL 100 ML - Paracherkaoui.ma\",\"isPartOf\":{\"@id\":\"https:\/\/paracherkaoui.ma\/#website\"},\"primaryImageOfPage\":{\"@id\":\"https:\/\/paracherkaoui.ma\/index.php\/produit\/betadent-dentifrice-naturel-100-ml\/#primaryimage\"},\"image\":{\"@id\":\"https:\/\/paracherkaoui.ma\/index.php\/produit\/betadent-dentifrice-naturel-100-ml\/#primaryimage\"},\"thumbnailUrl\":\"https:\/\/paracherkaoui.ma\/wp-content\/uploads\/2025\/12\/betadent-betadent-dentifrice-naturel-100-ml-dentifrices-gencives-sensibles.jpg\",\"datePublished\":\"2025-12-12T18:16:00+00:00\",\"dateModified\":\"2025-12-12T18:16:06+00:00\",\"breadcrumb\":{\"@id\":\"https:\/\/paracherkaoui.ma\/index.php\/produit\/betadent-dentifrice-naturel-100-ml\/#breadcrumb\"},\"inLanguage\":\"fr-FR\",\"potentialAction\":[{\"@type\":\"ReadAction\",\"target\":[\"https:\/\/paracherkaoui.ma\/index.php\/produit\/betadent-dentifrice-naturel-100-ml\/\"]}]},{\"@type\":\"ImageObject\",\"inLanguage\":\"fr-FR\",\"@id\":\"https:\/\/paracherkaoui.ma\/index.php\/produit\/betadent-dentifrice-naturel-100-ml\/#primaryimage\",\"url\":\"https:\/\/paracherkaoui.ma\/wp-content\/uploads\/2025\/12\/betadent-betadent-dentifrice-naturel-100-ml-dentifrices-gencives-sensibles.jpg\",\"contentUrl\":\"https:\/\/paracherkaoui.ma\/wp-content\/uploads\/2025\/12\/betadent-betadent-dentifrice-naturel-100-ml-dentifrices-gencives-sensibles.jpg\",\"width\":700,\"height\":700},{\"@type\":\"BreadcrumbList\",\"@id\":\"https:\/\/paracherkaoui.ma\/index.php\/produit\/betadent-dentifrice-naturel-100-ml\/#breadcrumb\",\"itemListElement\":[{\"@type\":\"ListItem\",\"position\":1,\"name\":\"Accueil\",\"item\":\"https:\/\/paracherkaoui.ma\/\"},{\"@type\":\"ListItem\",\"position\":2,\"name\":\"Boutique\",\"item\":\"https:\/\/paracherkaoui.ma\/index.php\/boutique\/\"},{\"@type\":\"ListItem\",\"position\":3,\"name\":\"BETADENT DENTIFRICE NATUREL 100 ML\"}]},{\"@type\":\"WebSite\",\"@id\":\"https:\/\/paracherkaoui.ma\/#website\",\"url\":\"https:\/\/paracherkaoui.ma\/\",\"name\":\"Paracherkaoui.ma\",\"description\":\"Achetez en ligne sur Paracherkaoui.ma\",\"potentialAction\":[{\"@type\":\"SearchAction\",\"target\":{\"@type\":\"EntryPoint\",\"urlTemplate\":\"https:\/\/paracherkaoui.ma\/?s={search_term_string}\"},\"query-input\":{\"@type\":\"PropertyValueSpecification\",\"valueRequired\":true,\"valueName\":\"search_term_string\"}}],\"inLanguage\":\"fr-FR\"}]}<\/script>\r\n<!-- \/ Yoast SEO plugin. -->","yoast_head_json":{"title":"BETADENT DENTIFRICE NATUREL 100 ML - Paracherkaoui.ma","robots":{"index":"index","follow":"follow","max-snippet":"max-snippet:-1","max-image-preview":"max-image-preview:large","max-video-preview":"max-video-preview:-1"},"canonical":"https:\/\/paracherkaoui.ma\/index.php\/produit\/betadent-dentifrice-naturel-100-ml\/","og_locale":"fr_FR","og_type":"article","og_title":"BETADENT DENTIFRICE NATUREL 100 ML - Paracherkaoui.ma","og_description":"Un dentifrice \u00e0 l&rsquo;action d\u00e9sinfectante, apaisante et rafra\u00eechissante : nettoie en profondeur les dents, \u00e9limine la plaque dentaire et combat","og_url":"https:\/\/paracherkaoui.ma\/index.php\/produit\/betadent-dentifrice-naturel-100-ml\/","og_site_name":"Paracherkaoui.ma","article_modified_time":"2025-12-12T18:16:06+00:00","og_image":[{"width":700,"height":700,"url":"https:\/\/paracherkaoui.ma\/wp-content\/uploads\/2025\/12\/betadent-betadent-dentifrice-naturel-100-ml-dentifrices-gencives-sensibles.jpg","type":"image\/jpeg"}],"twitter_card":"summary_large_image","twitter_misc":{"Dur\u00e9e de lecture estim\u00e9e":"1 minute"},"schema":{"@context":"https:\/\/schema.org","@graph":[{"@type":"WebPage","@id":"https:\/\/paracherkaoui.ma\/index.php\/produit\/betadent-dentifrice-naturel-100-ml\/","url":"https:\/\/paracherkaoui.ma\/index.php\/produit\/betadent-dentifrice-naturel-100-ml\/","name":"BETADENT DENTIFRICE NATUREL 100 ML - Paracherkaoui.ma","isPartOf":{"@id":"https:\/\/paracherkaoui.ma\/#website"},"primaryImageOfPage":{"@id":"https:\/\/paracherkaoui.ma\/index.php\/produit\/betadent-dentifrice-naturel-100-ml\/#primaryimage"},"image":{"@id":"https:\/\/paracherkaoui.ma\/index.php\/produit\/betadent-dentifrice-naturel-100-ml\/#primaryimage"},"thumbnailUrl":"https:\/\/paracherkaoui.ma\/wp-content\/uploads\/2025\/12\/betadent-betadent-dentifrice-naturel-100-ml-dentifrices-gencives-sensibles.jpg","datePublished":"2025-12-12T18:16:00+00:00","dateModified":"2025-12-12T18:16:06+00:00","breadcrumb":{"@id":"https:\/\/paracherkaoui.ma\/index.php\/produit\/betadent-dentifrice-naturel-100-ml\/#breadcrumb"},"inLanguage":"fr-FR","potentialAction":[{"@type":"ReadAction","target":["https:\/\/paracherkaoui.ma\/index.php\/produit\/betadent-dentifrice-naturel-100-ml\/"]}]},{"@type":"ImageObject","inLanguage":"fr-FR","@id":"https:\/\/paracherkaoui.ma\/index.php\/produit\/betadent-dentifrice-naturel-100-ml\/#primaryimage","url":"https:\/\/paracherkaoui.ma\/wp-content\/uploads\/2025\/12\/betadent-betadent-dentifrice-naturel-100-ml-dentifrices-gencives-sensibles.jpg","contentUrl":"https:\/\/paracherkaoui.ma\/wp-content\/uploads\/2025\/12\/betadent-betadent-dentifrice-naturel-100-ml-dentifrices-gencives-sensibles.jpg","width":700,"height":700},{"@type":"BreadcrumbList","@id":"https:\/\/paracherkaoui.ma\/index.php\/produit\/betadent-dentifrice-naturel-100-ml\/#breadcrumb","itemListElement":[{"@type":"ListItem","position":1,"name":"Accueil","item":"https:\/\/paracherkaoui.ma\/"},{"@type":"ListItem","position":2,"name":"Boutique","item":"https:\/\/paracherkaoui.ma\/index.php\/boutique\/"},{"@type":"ListItem","position":3,"name":"BETADENT DENTIFRICE NATUREL 100 ML"}]},{"@type":"WebSite","@id":"https:\/\/paracherkaoui.ma\/#website","url":"https:\/\/paracherkaoui.ma\/","name":"Paracherkaoui.ma","description":"Achetez en ligne sur Paracherkaoui.ma","potentialAction":[{"@type":"SearchAction","target":{"@type":"EntryPoint","urlTemplate":"https:\/\/paracherkaoui.ma\/?s={search_term_string}"},"query-input":{"@type":"PropertyValueSpecification","valueRequired":true,"valueName":"search_term_string"}}],"inLanguage":"fr-FR"}]}},"_links":{"self":[{"href":"https:\/\/paracherkaoui.ma\/index.php\/wp-json\/wp\/v2\/product\/45584","targetHints":{"allow":["GET"]}}],"collection":[{"href":"https:\/\/paracherkaoui.ma\/index.php\/wp-json\/wp\/v2\/product"}],"about":[{"href":"https:\/\/paracherkaoui.ma\/index.php\/wp-json\/wp\/v2\/types\/product"}],"replies":[{"embeddable":true,"href":"https:\/\/paracherkaoui.ma\/index.php\/wp-json\/wp\/v2\/comments?post=45584"}],"version-history":[{"count":1,"href":"https:\/\/paracherkaoui.ma\/index.php\/wp-json\/wp\/v2\/product\/45584\/revisions"}],"predecessor-version":[{"id":45628,"href":"https:\/\/paracherkaoui.ma\/index.php\/wp-json\/wp\/v2\/product\/45584\/revisions\/45628"}],"wp:featuredmedia":[{"embeddable":true,"href":"https:\/\/paracherkaoui.ma\/index.php\/wp-json\/wp\/v2\/media\/45627"}],"wp:attachment":[{"href":"https:\/\/paracherkaoui.ma\/index.php\/wp-json\/wp\/v2\/media?parent=45584"}],"wp:term":[{"taxonomy":"product_brand","embeddable":true,"href":"https:\/\/paracherkaoui.ma\/index.php\/wp-json\/wp\/v2\/product_brand?post=45584"},{"taxonomy":"product_cat","embeddable":true,"href":"https:\/\/paracherkaoui.ma\/index.php\/wp-json\/wp\/v2\/product_cat?post=45584"},{"taxonomy":"product_tag","embeddable":true,"href":"https:\/\/paracherkaoui.ma\/index.php\/wp-json\/wp\/v2\/product_tag?post=45584"}],"curies":[{"name":"wp","href":"https:\/\/api.w.org\/{rel}","templated":true}]}}