{"id":45581,"date":"2025-12-12T19:16:00","date_gmt":"2025-12-12T18:16:00","guid":{"rendered":"https:\/\/test.ecbeaute.com\/?post_type=product&#038;p=45581"},"modified":"2025-12-12T19:16:05","modified_gmt":"2025-12-12T18:16:05","slug":"elgydium-clinic-perioblock-pro-dentifrice-50-ml","status":"publish","type":"product","link":"https:\/\/paracherkaoui.ma\/index.php\/produit\/elgydium-clinic-perioblock-pro-dentifrice-50-ml\/","title":{"rendered":"ELGYDIUM CLINIC PERIOBLOCK PRO DENTIFRICE 50 ML"},"content":{"rendered":"<p>Ce dentifrice de la gamme ELGYDIUM CLINIC est con\u00e7u pour assurer une hygi\u00e8ne bucco-dentaire optimale et est destin\u00e9 \u00e0 \u00eatre utilis\u00e9 en compl\u00e9ment d&rsquo;un traitement professionnel des gencives sensibles. Enrichi en ingr\u00e9dients apaisants et protecteurs, il aide \u00e0 r\u00e9duire les sympt\u00f4mes d&rsquo;irritation, comme les rougeurs, les saignements et les gencives sensibles.<br \/>\nELGYDIUM CLINIC Perioblock Pro agit de mani\u00e8re cibl\u00e9e pour soulager et prot\u00e9ger les gencives irrit\u00e9es. Gr\u00e2ce \u00e0 sa formule douce mais efficace, il nettoie en profondeur tout en respectant l&rsquo;\u00e9quilibre naturel de la flore buccale. Utilis\u00e9 r\u00e9guli\u00e8rement, il contribue \u00e0 am\u00e9liorer la sant\u00e9 des gencives et \u00e0 pr\u00e9venir les probl\u00e8mes bucco-dentaires courants.<br \/>\nComposition<br \/>\nAqua, glyc\u00e9rine, silice hydrat\u00e9e, gomme de cellulose, carragh\u00e9nane, taurate de m\u00e9thylcocoyle de sodium, allanto\u00efne, digluconate de chlorhexidine, ar\u00f4me, acide glycyrrh\u00e9tinique, hexyl\u00e8ne glycol, acide lactique, limon\u00e8ne, ac\u00e9sulfame de potassium,<br \/>\nConseils d&rsquo;utilisation<br \/>\nPour obtenir les meilleurs r\u00e9sultats, utilisez ELGYDIUM CLINIC Perioblock Pro Dentifrice 2 \u00e0 3 fois par jour, de pr\u00e9f\u00e9rence apr\u00e8s chaque repas. Appliquez une petite quantit\u00e9 de dentifrice sur une brosse \u00e0 dents souple et brossez doucement les dents et les gencives pendant au moins deux minutes. Rincez abondamment \u00e0 l&rsquo;eau claire. Ce produit est recommand\u00e9 pour les adultes et les enfants \u00e0 partir de 12 ans. Utilisez-le pendant un mois pour des r\u00e9sultats optimaux et consultez votre dentiste pour un suivi r\u00e9gulier.<\/p>\n","protected":false},"excerpt":{"rendered":"<p>Ce dentifrice de la gamme ELGYDIUM CLINIC est con\u00e7u pour assurer une hygi\u00e8ne bucco-dentaire optimale et est destin\u00e9 \u00e0 \u00eatre<\/p>\n","protected":false},"featured_media":45621,"comment_status":"open","ping_status":"closed","template":"","meta":[],"product_brand":[798],"product_cat":[824],"product_tag":[],"class_list":{"0":"post-45581","1":"product","2":"type-product","3":"status-publish","4":"has-post-thumbnail","6":"product_brand-elgydium","7":"product_cat-dentifrices-gencives-sensibles","9":"first","10":"instock","11":"sale","12":"shipping-taxable","13":"purchasable","14":"product-type-simple"},"yoast_head":"<!-- This site is optimized with the Yoast SEO plugin v26.6 - https:\/\/yoast.com\/wordpress\/plugins\/seo\/ -->\r\n<title>ELGYDIUM CLINIC PERIOBLOCK PRO DENTIFRICE 50 ML - Paracherkaoui.ma<\/title>\r\n<meta name=\"robots\" content=\"index, follow, max-snippet:-1, max-image-preview:large, max-video-preview:-1\" \/>\r\n<link rel=\"canonical\" href=\"https:\/\/paracherkaoui.ma\/index.php\/produit\/elgydium-clinic-perioblock-pro-dentifrice-50-ml\/\" \/>\r\n<meta property=\"og:locale\" content=\"fr_FR\" \/>\r\n<meta property=\"og:type\" content=\"article\" \/>\r\n<meta property=\"og:title\" content=\"ELGYDIUM CLINIC PERIOBLOCK PRO DENTIFRICE 50 ML - Paracherkaoui.ma\" \/>\r\n<meta property=\"og:description\" content=\"Ce dentifrice de la gamme ELGYDIUM CLINIC est con\u00e7u pour assurer une hygi\u00e8ne bucco-dentaire optimale et est destin\u00e9 \u00e0 \u00eatre\" \/>\r\n<meta property=\"og:url\" content=\"https:\/\/paracherkaoui.ma\/index.php\/produit\/elgydium-clinic-perioblock-pro-dentifrice-50-ml\/\" \/>\r\n<meta property=\"og:site_name\" content=\"Paracherkaoui.ma\" \/>\r\n<meta property=\"article:modified_time\" content=\"2025-12-12T18:16:05+00:00\" \/>\r\n<meta property=\"og:image\" content=\"https:\/\/paracherkaoui.ma\/wp-content\/uploads\/2025\/12\/elgydium-elgydium-clinic-perioblock-pro-dentifrice-50-ml-dentifrices-gencives-sensibles.jpg\" \/>\r\n\t<meta property=\"og:image:width\" content=\"700\" \/>\r\n\t<meta property=\"og:image:height\" content=\"700\" \/>\r\n\t<meta property=\"og:image:type\" content=\"image\/jpeg\" \/>\r\n<meta name=\"twitter:card\" content=\"summary_large_image\" \/>\r\n<meta name=\"twitter:label1\" content=\"Dur\u00e9e de lecture estim\u00e9e\" \/>\n\t<meta name=\"twitter:data1\" content=\"1 minute\" \/>\r\n<script type=\"application\/ld+json\" class=\"yoast-schema-graph\">{\"@context\":\"https:\/\/schema.org\",\"@graph\":[{\"@type\":\"WebPage\",\"@id\":\"https:\/\/paracherkaoui.ma\/index.php\/produit\/elgydium-clinic-perioblock-pro-dentifrice-50-ml\/\",\"url\":\"https:\/\/paracherkaoui.ma\/index.php\/produit\/elgydium-clinic-perioblock-pro-dentifrice-50-ml\/\",\"name\":\"ELGYDIUM CLINIC PERIOBLOCK PRO DENTIFRICE 50 ML - Paracherkaoui.ma\",\"isPartOf\":{\"@id\":\"https:\/\/paracherkaoui.ma\/#website\"},\"primaryImageOfPage\":{\"@id\":\"https:\/\/paracherkaoui.ma\/index.php\/produit\/elgydium-clinic-perioblock-pro-dentifrice-50-ml\/#primaryimage\"},\"image\":{\"@id\":\"https:\/\/paracherkaoui.ma\/index.php\/produit\/elgydium-clinic-perioblock-pro-dentifrice-50-ml\/#primaryimage\"},\"thumbnailUrl\":\"https:\/\/paracherkaoui.ma\/wp-content\/uploads\/2025\/12\/elgydium-elgydium-clinic-perioblock-pro-dentifrice-50-ml-dentifrices-gencives-sensibles.jpg\",\"datePublished\":\"2025-12-12T18:16:00+00:00\",\"dateModified\":\"2025-12-12T18:16:05+00:00\",\"breadcrumb\":{\"@id\":\"https:\/\/paracherkaoui.ma\/index.php\/produit\/elgydium-clinic-perioblock-pro-dentifrice-50-ml\/#breadcrumb\"},\"inLanguage\":\"fr-FR\",\"potentialAction\":[{\"@type\":\"ReadAction\",\"target\":[\"https:\/\/paracherkaoui.ma\/index.php\/produit\/elgydium-clinic-perioblock-pro-dentifrice-50-ml\/\"]}]},{\"@type\":\"ImageObject\",\"inLanguage\":\"fr-FR\",\"@id\":\"https:\/\/paracherkaoui.ma\/index.php\/produit\/elgydium-clinic-perioblock-pro-dentifrice-50-ml\/#primaryimage\",\"url\":\"https:\/\/paracherkaoui.ma\/wp-content\/uploads\/2025\/12\/elgydium-elgydium-clinic-perioblock-pro-dentifrice-50-ml-dentifrices-gencives-sensibles.jpg\",\"contentUrl\":\"https:\/\/paracherkaoui.ma\/wp-content\/uploads\/2025\/12\/elgydium-elgydium-clinic-perioblock-pro-dentifrice-50-ml-dentifrices-gencives-sensibles.jpg\",\"width\":700,\"height\":700},{\"@type\":\"BreadcrumbList\",\"@id\":\"https:\/\/paracherkaoui.ma\/index.php\/produit\/elgydium-clinic-perioblock-pro-dentifrice-50-ml\/#breadcrumb\",\"itemListElement\":[{\"@type\":\"ListItem\",\"position\":1,\"name\":\"Accueil\",\"item\":\"https:\/\/paracherkaoui.ma\/\"},{\"@type\":\"ListItem\",\"position\":2,\"name\":\"Boutique\",\"item\":\"https:\/\/paracherkaoui.ma\/index.php\/boutique\/\"},{\"@type\":\"ListItem\",\"position\":3,\"name\":\"ELGYDIUM CLINIC PERIOBLOCK PRO DENTIFRICE 50 ML\"}]},{\"@type\":\"WebSite\",\"@id\":\"https:\/\/paracherkaoui.ma\/#website\",\"url\":\"https:\/\/paracherkaoui.ma\/\",\"name\":\"Paracherkaoui.ma\",\"description\":\"Achetez en ligne sur Paracherkaoui.ma\",\"potentialAction\":[{\"@type\":\"SearchAction\",\"target\":{\"@type\":\"EntryPoint\",\"urlTemplate\":\"https:\/\/paracherkaoui.ma\/?s={search_term_string}\"},\"query-input\":{\"@type\":\"PropertyValueSpecification\",\"valueRequired\":true,\"valueName\":\"search_term_string\"}}],\"inLanguage\":\"fr-FR\"}]}<\/script>\r\n<!-- \/ Yoast SEO plugin. -->","yoast_head_json":{"title":"ELGYDIUM CLINIC PERIOBLOCK PRO DENTIFRICE 50 ML - Paracherkaoui.ma","robots":{"index":"index","follow":"follow","max-snippet":"max-snippet:-1","max-image-preview":"max-image-preview:large","max-video-preview":"max-video-preview:-1"},"canonical":"https:\/\/paracherkaoui.ma\/index.php\/produit\/elgydium-clinic-perioblock-pro-dentifrice-50-ml\/","og_locale":"fr_FR","og_type":"article","og_title":"ELGYDIUM CLINIC PERIOBLOCK PRO DENTIFRICE 50 ML - Paracherkaoui.ma","og_description":"Ce dentifrice de la gamme ELGYDIUM CLINIC est con\u00e7u pour assurer une hygi\u00e8ne bucco-dentaire optimale et est destin\u00e9 \u00e0 \u00eatre","og_url":"https:\/\/paracherkaoui.ma\/index.php\/produit\/elgydium-clinic-perioblock-pro-dentifrice-50-ml\/","og_site_name":"Paracherkaoui.ma","article_modified_time":"2025-12-12T18:16:05+00:00","og_image":[{"width":700,"height":700,"url":"https:\/\/paracherkaoui.ma\/wp-content\/uploads\/2025\/12\/elgydium-elgydium-clinic-perioblock-pro-dentifrice-50-ml-dentifrices-gencives-sensibles.jpg","type":"image\/jpeg"}],"twitter_card":"summary_large_image","twitter_misc":{"Dur\u00e9e de lecture estim\u00e9e":"1 minute"},"schema":{"@context":"https:\/\/schema.org","@graph":[{"@type":"WebPage","@id":"https:\/\/paracherkaoui.ma\/index.php\/produit\/elgydium-clinic-perioblock-pro-dentifrice-50-ml\/","url":"https:\/\/paracherkaoui.ma\/index.php\/produit\/elgydium-clinic-perioblock-pro-dentifrice-50-ml\/","name":"ELGYDIUM CLINIC PERIOBLOCK PRO DENTIFRICE 50 ML - Paracherkaoui.ma","isPartOf":{"@id":"https:\/\/paracherkaoui.ma\/#website"},"primaryImageOfPage":{"@id":"https:\/\/paracherkaoui.ma\/index.php\/produit\/elgydium-clinic-perioblock-pro-dentifrice-50-ml\/#primaryimage"},"image":{"@id":"https:\/\/paracherkaoui.ma\/index.php\/produit\/elgydium-clinic-perioblock-pro-dentifrice-50-ml\/#primaryimage"},"thumbnailUrl":"https:\/\/paracherkaoui.ma\/wp-content\/uploads\/2025\/12\/elgydium-elgydium-clinic-perioblock-pro-dentifrice-50-ml-dentifrices-gencives-sensibles.jpg","datePublished":"2025-12-12T18:16:00+00:00","dateModified":"2025-12-12T18:16:05+00:00","breadcrumb":{"@id":"https:\/\/paracherkaoui.ma\/index.php\/produit\/elgydium-clinic-perioblock-pro-dentifrice-50-ml\/#breadcrumb"},"inLanguage":"fr-FR","potentialAction":[{"@type":"ReadAction","target":["https:\/\/paracherkaoui.ma\/index.php\/produit\/elgydium-clinic-perioblock-pro-dentifrice-50-ml\/"]}]},{"@type":"ImageObject","inLanguage":"fr-FR","@id":"https:\/\/paracherkaoui.ma\/index.php\/produit\/elgydium-clinic-perioblock-pro-dentifrice-50-ml\/#primaryimage","url":"https:\/\/paracherkaoui.ma\/wp-content\/uploads\/2025\/12\/elgydium-elgydium-clinic-perioblock-pro-dentifrice-50-ml-dentifrices-gencives-sensibles.jpg","contentUrl":"https:\/\/paracherkaoui.ma\/wp-content\/uploads\/2025\/12\/elgydium-elgydium-clinic-perioblock-pro-dentifrice-50-ml-dentifrices-gencives-sensibles.jpg","width":700,"height":700},{"@type":"BreadcrumbList","@id":"https:\/\/paracherkaoui.ma\/index.php\/produit\/elgydium-clinic-perioblock-pro-dentifrice-50-ml\/#breadcrumb","itemListElement":[{"@type":"ListItem","position":1,"name":"Accueil","item":"https:\/\/paracherkaoui.ma\/"},{"@type":"ListItem","position":2,"name":"Boutique","item":"https:\/\/paracherkaoui.ma\/index.php\/boutique\/"},{"@type":"ListItem","position":3,"name":"ELGYDIUM CLINIC PERIOBLOCK PRO DENTIFRICE 50 ML"}]},{"@type":"WebSite","@id":"https:\/\/paracherkaoui.ma\/#website","url":"https:\/\/paracherkaoui.ma\/","name":"Paracherkaoui.ma","description":"Achetez en ligne sur Paracherkaoui.ma","potentialAction":[{"@type":"SearchAction","target":{"@type":"EntryPoint","urlTemplate":"https:\/\/paracherkaoui.ma\/?s={search_term_string}"},"query-input":{"@type":"PropertyValueSpecification","valueRequired":true,"valueName":"search_term_string"}}],"inLanguage":"fr-FR"}]}},"_links":{"self":[{"href":"https:\/\/paracherkaoui.ma\/index.php\/wp-json\/wp\/v2\/product\/45581","targetHints":{"allow":["GET"]}}],"collection":[{"href":"https:\/\/paracherkaoui.ma\/index.php\/wp-json\/wp\/v2\/product"}],"about":[{"href":"https:\/\/paracherkaoui.ma\/index.php\/wp-json\/wp\/v2\/types\/product"}],"replies":[{"embeddable":true,"href":"https:\/\/paracherkaoui.ma\/index.php\/wp-json\/wp\/v2\/comments?post=45581"}],"version-history":[{"count":1,"href":"https:\/\/paracherkaoui.ma\/index.php\/wp-json\/wp\/v2\/product\/45581\/revisions"}],"predecessor-version":[{"id":45622,"href":"https:\/\/paracherkaoui.ma\/index.php\/wp-json\/wp\/v2\/product\/45581\/revisions\/45622"}],"wp:featuredmedia":[{"embeddable":true,"href":"https:\/\/paracherkaoui.ma\/index.php\/wp-json\/wp\/v2\/media\/45621"}],"wp:attachment":[{"href":"https:\/\/paracherkaoui.ma\/index.php\/wp-json\/wp\/v2\/media?parent=45581"}],"wp:term":[{"taxonomy":"product_brand","embeddable":true,"href":"https:\/\/paracherkaoui.ma\/index.php\/wp-json\/wp\/v2\/product_brand?post=45581"},{"taxonomy":"product_cat","embeddable":true,"href":"https:\/\/paracherkaoui.ma\/index.php\/wp-json\/wp\/v2\/product_cat?post=45581"},{"taxonomy":"product_tag","embeddable":true,"href":"https:\/\/paracherkaoui.ma\/index.php\/wp-json\/wp\/v2\/product_tag?post=45581"}],"curies":[{"name":"wp","href":"https:\/\/api.w.org\/{rel}","templated":true}]}}