{"id":45573,"date":"2025-12-12T19:15:59","date_gmt":"2025-12-12T18:15:59","guid":{"rendered":"https:\/\/test.ecbeaute.com\/?post_type=product&#038;p=45573"},"modified":"2025-12-12T19:16:02","modified_gmt":"2025-12-12T18:16:02","slug":"denti-smile-smile-detox-dentifrice-poudre-charbon-coco-arome-citron-2","status":"publish","type":"product","link":"https:\/\/paracherkaoui.ma\/index.php\/produit\/denti-smile-smile-detox-dentifrice-poudre-charbon-coco-arome-citron-2\/","title":{"rendered":"DENTI SMILE SMILE DETOX DENTIFRICE POUDRE CHARBON COCO AROME CITRON"},"content":{"rendered":"<p>DENTIFRICE EN POUDRE AU CHARBON V\u00c9G\u00c9TAL :\u00a0Le dentifrice en poudre Denti-smile fait \u00e0 partir de charbon v\u00e9g\u00e9tal et d\u2019huile de coco blanchit les dents naturellement et gomme les t\u00e2ches de caf\u00e9 et autres. De plus, notre dentifrice contient de l\u2019hydroxyapatite, un agent anti-carie qui contribue au renforcement des dents. Son ar\u00f4me menthe permet de retrouver une haleine fra\u00eeche et naturelle<\/p>\n","protected":false},"excerpt":{"rendered":"<p>DENTIFRICE EN POUDRE AU CHARBON V\u00c9G\u00c9TAL :\u00a0Le dentifrice en poudre Denti-smile fait \u00e0 partir de charbon v\u00e9g\u00e9tal et d\u2019huile de<\/p>\n","protected":false},"featured_media":45197,"comment_status":"open","ping_status":"closed","template":"","meta":[],"product_brand":[811],"product_cat":[824],"product_tag":[],"class_list":{"0":"post-45573","1":"product","2":"type-product","3":"status-publish","4":"has-post-thumbnail","6":"product_brand-denti-smile","7":"product_cat-dentifrices-gencives-sensibles","9":"first","10":"instock","11":"sale","12":"shipping-taxable","13":"purchasable","14":"product-type-simple"},"yoast_head":"<!-- This site is optimized with the Yoast SEO plugin v26.6 - https:\/\/yoast.com\/wordpress\/plugins\/seo\/ -->\r\n<title>DENTI SMILE SMILE DETOX DENTIFRICE POUDRE CHARBON COCO AROME CITRON - Paracherkaoui.ma<\/title>\r\n<meta name=\"robots\" content=\"index, follow, max-snippet:-1, max-image-preview:large, max-video-preview:-1\" \/>\r\n<link rel=\"canonical\" href=\"https:\/\/paracherkaoui.ma\/index.php\/produit\/denti-smile-smile-detox-dentifrice-poudre-charbon-coco-arome-citron-2\/\" \/>\r\n<meta property=\"og:locale\" content=\"fr_FR\" \/>\r\n<meta property=\"og:type\" content=\"article\" \/>\r\n<meta property=\"og:title\" content=\"DENTI SMILE SMILE DETOX DENTIFRICE POUDRE CHARBON COCO AROME CITRON - Paracherkaoui.ma\" \/>\r\n<meta property=\"og:description\" content=\"DENTIFRICE EN POUDRE AU CHARBON V\u00c9G\u00c9TAL :\u00a0Le dentifrice en poudre Denti-smile fait \u00e0 partir de charbon v\u00e9g\u00e9tal et d\u2019huile de\" \/>\r\n<meta property=\"og:url\" content=\"https:\/\/paracherkaoui.ma\/index.php\/produit\/denti-smile-smile-detox-dentifrice-poudre-charbon-coco-arome-citron-2\/\" \/>\r\n<meta property=\"og:site_name\" content=\"Paracherkaoui.ma\" \/>\r\n<meta property=\"article:modified_time\" content=\"2025-12-12T18:16:02+00:00\" \/>\r\n<meta property=\"og:image\" content=\"https:\/\/paracherkaoui.ma\/wp-content\/uploads\/2025\/12\/denti-smile-denti-smile-smile-detox-dentifrice-poudre-charbon-coco-arome-citron-dentifrices-blanchisseur.jpg\" \/>\r\n\t<meta property=\"og:image:width\" content=\"700\" \/>\r\n\t<meta property=\"og:image:height\" content=\"700\" \/>\r\n\t<meta property=\"og:image:type\" content=\"image\/jpeg\" \/>\r\n<meta name=\"twitter:card\" content=\"summary_large_image\" \/>\r\n<script type=\"application\/ld+json\" class=\"yoast-schema-graph\">{\"@context\":\"https:\/\/schema.org\",\"@graph\":[{\"@type\":\"WebPage\",\"@id\":\"https:\/\/paracherkaoui.ma\/index.php\/produit\/denti-smile-smile-detox-dentifrice-poudre-charbon-coco-arome-citron-2\/\",\"url\":\"https:\/\/paracherkaoui.ma\/index.php\/produit\/denti-smile-smile-detox-dentifrice-poudre-charbon-coco-arome-citron-2\/\",\"name\":\"DENTI SMILE SMILE DETOX DENTIFRICE POUDRE CHARBON COCO AROME CITRON - Paracherkaoui.ma\",\"isPartOf\":{\"@id\":\"https:\/\/paracherkaoui.ma\/#website\"},\"primaryImageOfPage\":{\"@id\":\"https:\/\/paracherkaoui.ma\/index.php\/produit\/denti-smile-smile-detox-dentifrice-poudre-charbon-coco-arome-citron-2\/#primaryimage\"},\"image\":{\"@id\":\"https:\/\/paracherkaoui.ma\/index.php\/produit\/denti-smile-smile-detox-dentifrice-poudre-charbon-coco-arome-citron-2\/#primaryimage\"},\"thumbnailUrl\":\"https:\/\/paracherkaoui.ma\/wp-content\/uploads\/2025\/12\/denti-smile-denti-smile-smile-detox-dentifrice-poudre-charbon-coco-arome-citron-dentifrices-blanchisseur.jpg\",\"datePublished\":\"2025-12-12T18:15:59+00:00\",\"dateModified\":\"2025-12-12T18:16:02+00:00\",\"breadcrumb\":{\"@id\":\"https:\/\/paracherkaoui.ma\/index.php\/produit\/denti-smile-smile-detox-dentifrice-poudre-charbon-coco-arome-citron-2\/#breadcrumb\"},\"inLanguage\":\"fr-FR\",\"potentialAction\":[{\"@type\":\"ReadAction\",\"target\":[\"https:\/\/paracherkaoui.ma\/index.php\/produit\/denti-smile-smile-detox-dentifrice-poudre-charbon-coco-arome-citron-2\/\"]}]},{\"@type\":\"ImageObject\",\"inLanguage\":\"fr-FR\",\"@id\":\"https:\/\/paracherkaoui.ma\/index.php\/produit\/denti-smile-smile-detox-dentifrice-poudre-charbon-coco-arome-citron-2\/#primaryimage\",\"url\":\"https:\/\/paracherkaoui.ma\/wp-content\/uploads\/2025\/12\/denti-smile-denti-smile-smile-detox-dentifrice-poudre-charbon-coco-arome-citron-dentifrices-blanchisseur.jpg\",\"contentUrl\":\"https:\/\/paracherkaoui.ma\/wp-content\/uploads\/2025\/12\/denti-smile-denti-smile-smile-detox-dentifrice-poudre-charbon-coco-arome-citron-dentifrices-blanchisseur.jpg\",\"width\":700,\"height\":700},{\"@type\":\"BreadcrumbList\",\"@id\":\"https:\/\/paracherkaoui.ma\/index.php\/produit\/denti-smile-smile-detox-dentifrice-poudre-charbon-coco-arome-citron-2\/#breadcrumb\",\"itemListElement\":[{\"@type\":\"ListItem\",\"position\":1,\"name\":\"Accueil\",\"item\":\"https:\/\/paracherkaoui.ma\/\"},{\"@type\":\"ListItem\",\"position\":2,\"name\":\"Boutique\",\"item\":\"https:\/\/paracherkaoui.ma\/index.php\/boutique\/\"},{\"@type\":\"ListItem\",\"position\":3,\"name\":\"DENTI SMILE SMILE DETOX DENTIFRICE POUDRE CHARBON COCO AROME CITRON\"}]},{\"@type\":\"WebSite\",\"@id\":\"https:\/\/paracherkaoui.ma\/#website\",\"url\":\"https:\/\/paracherkaoui.ma\/\",\"name\":\"Paracherkaoui.ma\",\"description\":\"Achetez en ligne sur Paracherkaoui.ma\",\"potentialAction\":[{\"@type\":\"SearchAction\",\"target\":{\"@type\":\"EntryPoint\",\"urlTemplate\":\"https:\/\/paracherkaoui.ma\/?s={search_term_string}\"},\"query-input\":{\"@type\":\"PropertyValueSpecification\",\"valueRequired\":true,\"valueName\":\"search_term_string\"}}],\"inLanguage\":\"fr-FR\"}]}<\/script>\r\n<!-- \/ Yoast SEO plugin. -->","yoast_head_json":{"title":"DENTI SMILE SMILE DETOX DENTIFRICE POUDRE CHARBON COCO AROME CITRON - Paracherkaoui.ma","robots":{"index":"index","follow":"follow","max-snippet":"max-snippet:-1","max-image-preview":"max-image-preview:large","max-video-preview":"max-video-preview:-1"},"canonical":"https:\/\/paracherkaoui.ma\/index.php\/produit\/denti-smile-smile-detox-dentifrice-poudre-charbon-coco-arome-citron-2\/","og_locale":"fr_FR","og_type":"article","og_title":"DENTI SMILE SMILE DETOX DENTIFRICE POUDRE CHARBON COCO AROME CITRON - Paracherkaoui.ma","og_description":"DENTIFRICE EN POUDRE AU CHARBON V\u00c9G\u00c9TAL :\u00a0Le dentifrice en poudre Denti-smile fait \u00e0 partir de charbon v\u00e9g\u00e9tal et d\u2019huile de","og_url":"https:\/\/paracherkaoui.ma\/index.php\/produit\/denti-smile-smile-detox-dentifrice-poudre-charbon-coco-arome-citron-2\/","og_site_name":"Paracherkaoui.ma","article_modified_time":"2025-12-12T18:16:02+00:00","og_image":[{"width":700,"height":700,"url":"https:\/\/paracherkaoui.ma\/wp-content\/uploads\/2025\/12\/denti-smile-denti-smile-smile-detox-dentifrice-poudre-charbon-coco-arome-citron-dentifrices-blanchisseur.jpg","type":"image\/jpeg"}],"twitter_card":"summary_large_image","schema":{"@context":"https:\/\/schema.org","@graph":[{"@type":"WebPage","@id":"https:\/\/paracherkaoui.ma\/index.php\/produit\/denti-smile-smile-detox-dentifrice-poudre-charbon-coco-arome-citron-2\/","url":"https:\/\/paracherkaoui.ma\/index.php\/produit\/denti-smile-smile-detox-dentifrice-poudre-charbon-coco-arome-citron-2\/","name":"DENTI SMILE SMILE DETOX DENTIFRICE POUDRE CHARBON COCO AROME CITRON - Paracherkaoui.ma","isPartOf":{"@id":"https:\/\/paracherkaoui.ma\/#website"},"primaryImageOfPage":{"@id":"https:\/\/paracherkaoui.ma\/index.php\/produit\/denti-smile-smile-detox-dentifrice-poudre-charbon-coco-arome-citron-2\/#primaryimage"},"image":{"@id":"https:\/\/paracherkaoui.ma\/index.php\/produit\/denti-smile-smile-detox-dentifrice-poudre-charbon-coco-arome-citron-2\/#primaryimage"},"thumbnailUrl":"https:\/\/paracherkaoui.ma\/wp-content\/uploads\/2025\/12\/denti-smile-denti-smile-smile-detox-dentifrice-poudre-charbon-coco-arome-citron-dentifrices-blanchisseur.jpg","datePublished":"2025-12-12T18:15:59+00:00","dateModified":"2025-12-12T18:16:02+00:00","breadcrumb":{"@id":"https:\/\/paracherkaoui.ma\/index.php\/produit\/denti-smile-smile-detox-dentifrice-poudre-charbon-coco-arome-citron-2\/#breadcrumb"},"inLanguage":"fr-FR","potentialAction":[{"@type":"ReadAction","target":["https:\/\/paracherkaoui.ma\/index.php\/produit\/denti-smile-smile-detox-dentifrice-poudre-charbon-coco-arome-citron-2\/"]}]},{"@type":"ImageObject","inLanguage":"fr-FR","@id":"https:\/\/paracherkaoui.ma\/index.php\/produit\/denti-smile-smile-detox-dentifrice-poudre-charbon-coco-arome-citron-2\/#primaryimage","url":"https:\/\/paracherkaoui.ma\/wp-content\/uploads\/2025\/12\/denti-smile-denti-smile-smile-detox-dentifrice-poudre-charbon-coco-arome-citron-dentifrices-blanchisseur.jpg","contentUrl":"https:\/\/paracherkaoui.ma\/wp-content\/uploads\/2025\/12\/denti-smile-denti-smile-smile-detox-dentifrice-poudre-charbon-coco-arome-citron-dentifrices-blanchisseur.jpg","width":700,"height":700},{"@type":"BreadcrumbList","@id":"https:\/\/paracherkaoui.ma\/index.php\/produit\/denti-smile-smile-detox-dentifrice-poudre-charbon-coco-arome-citron-2\/#breadcrumb","itemListElement":[{"@type":"ListItem","position":1,"name":"Accueil","item":"https:\/\/paracherkaoui.ma\/"},{"@type":"ListItem","position":2,"name":"Boutique","item":"https:\/\/paracherkaoui.ma\/index.php\/boutique\/"},{"@type":"ListItem","position":3,"name":"DENTI SMILE SMILE DETOX DENTIFRICE POUDRE CHARBON COCO AROME CITRON"}]},{"@type":"WebSite","@id":"https:\/\/paracherkaoui.ma\/#website","url":"https:\/\/paracherkaoui.ma\/","name":"Paracherkaoui.ma","description":"Achetez en ligne sur Paracherkaoui.ma","potentialAction":[{"@type":"SearchAction","target":{"@type":"EntryPoint","urlTemplate":"https:\/\/paracherkaoui.ma\/?s={search_term_string}"},"query-input":{"@type":"PropertyValueSpecification","valueRequired":true,"valueName":"search_term_string"}}],"inLanguage":"fr-FR"}]}},"_links":{"self":[{"href":"https:\/\/paracherkaoui.ma\/index.php\/wp-json\/wp\/v2\/product\/45573","targetHints":{"allow":["GET"]}}],"collection":[{"href":"https:\/\/paracherkaoui.ma\/index.php\/wp-json\/wp\/v2\/product"}],"about":[{"href":"https:\/\/paracherkaoui.ma\/index.php\/wp-json\/wp\/v2\/types\/product"}],"replies":[{"embeddable":true,"href":"https:\/\/paracherkaoui.ma\/index.php\/wp-json\/wp\/v2\/comments?post=45573"}],"version-history":[{"count":1,"href":"https:\/\/paracherkaoui.ma\/index.php\/wp-json\/wp\/v2\/product\/45573\/revisions"}],"predecessor-version":[{"id":45606,"href":"https:\/\/paracherkaoui.ma\/index.php\/wp-json\/wp\/v2\/product\/45573\/revisions\/45606"}],"wp:featuredmedia":[{"embeddable":true,"href":"https:\/\/paracherkaoui.ma\/index.php\/wp-json\/wp\/v2\/media\/45197"}],"wp:attachment":[{"href":"https:\/\/paracherkaoui.ma\/index.php\/wp-json\/wp\/v2\/media?parent=45573"}],"wp:term":[{"taxonomy":"product_brand","embeddable":true,"href":"https:\/\/paracherkaoui.ma\/index.php\/wp-json\/wp\/v2\/product_brand?post=45573"},{"taxonomy":"product_cat","embeddable":true,"href":"https:\/\/paracherkaoui.ma\/index.php\/wp-json\/wp\/v2\/product_cat?post=45573"},{"taxonomy":"product_tag","embeddable":true,"href":"https:\/\/paracherkaoui.ma\/index.php\/wp-json\/wp\/v2\/product_tag?post=45573"}],"curies":[{"name":"wp","href":"https:\/\/api.w.org\/{rel}","templated":true}]}}