{"id":45570,"date":"2025-12-12T19:15:59","date_gmt":"2025-12-12T18:15:59","guid":{"rendered":"https:\/\/test.ecbeaute.com\/?post_type=product&#038;p=45570"},"modified":"2025-12-12T19:16:01","modified_gmt":"2025-12-12T18:16:01","slug":"parogyl-pate-dentifrice-dents-sensibles","status":"publish","type":"product","link":"https:\/\/paracherkaoui.ma\/index.php\/produit\/parogyl-pate-dentifrice-dents-sensibles\/","title":{"rendered":"PAROGYL PATE DENTIFRICE DENTS SENSIBLES"},"content":{"rendered":"<p>Parogyl P\u00e2te Dentifrice Dents Sensibles est la solution id\u00e9ale pour une hygi\u00e8ne bucco-dentaire quotidienne, sp\u00e9cialement con\u00e7ue pour prot\u00e9ger les dents sensibles. Gr\u00e2ce \u00e0 sa formule unique, ce dentifrice aide \u00e0 pr\u00e9venir la sensibilit\u00e9 dentaire, en r\u00e9duisant efficacement les douleurs et les inconforts li\u00e9s aux stimuli tels que le froid, le chaud ou les aliments sucr\u00e9s. Il agit en renfor\u00e7ant l\u2019\u00e9mail des dents, tout en nettoyant en profondeur pour offrir une haleine fra\u00eeche et une sensation de propret\u00e9 durable.<br \/>\nCe dentifrice offre une double protection : pr\u00e9vention de la sensibilit\u00e9 dentaire et protection contre la carie dentaire. En l\u2019utilisant r\u00e9guli\u00e8rement, il aide \u00e0 r\u00e9duire le risque de d\u00e9veloppement de caries tout en apaisant les dents sensibles. Sa texture agr\u00e9able et son go\u00fbt menthe rafra\u00eechissant en font une exp\u00e9rience de brossage agr\u00e9able, sans compromis sur l\u2019efficacit\u00e9.<br \/>\nConseils d\u2019utilisation :<br \/>\nUtilisez matin et soir pour une hygi\u00e8ne compl\u00e8te.<br \/>\nAppliquez une petite quantit\u00e9 de p\u00e2te sur votre brosse \u00e0 dents.<br \/>\nBrossez pendant 2 \u00e0 3 minutes, en insistant sur les zones sensibles<\/p>\n","protected":false},"excerpt":{"rendered":"<p>Parogyl P\u00e2te Dentifrice Dents Sensibles est la solution id\u00e9ale pour une hygi\u00e8ne bucco-dentaire quotidienne, sp\u00e9cialement con\u00e7ue pour prot\u00e9ger les dents<\/p>\n","protected":false},"featured_media":45600,"comment_status":"open","ping_status":"closed","template":"","meta":[],"product_brand":[818],"product_cat":[824],"product_tag":[],"class_list":{"0":"post-45570","1":"product","2":"type-product","3":"status-publish","4":"has-post-thumbnail","6":"product_brand-parogyl","7":"product_cat-dentifrices-gencives-sensibles","9":"first","10":"instock","11":"sale","12":"shipping-taxable","13":"purchasable","14":"product-type-simple"},"yoast_head":"<!-- This site is optimized with the Yoast SEO plugin v26.6 - https:\/\/yoast.com\/wordpress\/plugins\/seo\/ -->\r\n<title>PAROGYL PATE DENTIFRICE DENTS SENSIBLES - Paracherkaoui.ma<\/title>\r\n<meta name=\"robots\" content=\"index, follow, max-snippet:-1, max-image-preview:large, max-video-preview:-1\" \/>\r\n<link rel=\"canonical\" href=\"https:\/\/paracherkaoui.ma\/index.php\/produit\/parogyl-pate-dentifrice-dents-sensibles\/\" \/>\r\n<meta property=\"og:locale\" content=\"fr_FR\" \/>\r\n<meta property=\"og:type\" content=\"article\" \/>\r\n<meta property=\"og:title\" content=\"PAROGYL PATE DENTIFRICE DENTS SENSIBLES - Paracherkaoui.ma\" \/>\r\n<meta property=\"og:description\" content=\"Parogyl P\u00e2te Dentifrice Dents Sensibles est la solution id\u00e9ale pour une hygi\u00e8ne bucco-dentaire quotidienne, sp\u00e9cialement con\u00e7ue pour prot\u00e9ger les dents\" \/>\r\n<meta property=\"og:url\" content=\"https:\/\/paracherkaoui.ma\/index.php\/produit\/parogyl-pate-dentifrice-dents-sensibles\/\" \/>\r\n<meta property=\"og:site_name\" content=\"Paracherkaoui.ma\" \/>\r\n<meta property=\"article:modified_time\" content=\"2025-12-12T18:16:01+00:00\" \/>\r\n<meta property=\"og:image\" content=\"https:\/\/paracherkaoui.ma\/wp-content\/uploads\/2025\/12\/parogyl-pate-dentifrice-dents-sensibles.jpg\" \/>\r\n\t<meta property=\"og:image:width\" content=\"700\" \/>\r\n\t<meta property=\"og:image:height\" content=\"700\" \/>\r\n\t<meta property=\"og:image:type\" content=\"image\/jpeg\" \/>\r\n<meta name=\"twitter:card\" content=\"summary_large_image\" \/>\r\n<meta name=\"twitter:label1\" content=\"Dur\u00e9e de lecture estim\u00e9e\" \/>\n\t<meta name=\"twitter:data1\" content=\"1 minute\" \/>\r\n<script type=\"application\/ld+json\" class=\"yoast-schema-graph\">{\"@context\":\"https:\/\/schema.org\",\"@graph\":[{\"@type\":\"WebPage\",\"@id\":\"https:\/\/paracherkaoui.ma\/index.php\/produit\/parogyl-pate-dentifrice-dents-sensibles\/\",\"url\":\"https:\/\/paracherkaoui.ma\/index.php\/produit\/parogyl-pate-dentifrice-dents-sensibles\/\",\"name\":\"PAROGYL PATE DENTIFRICE DENTS SENSIBLES - Paracherkaoui.ma\",\"isPartOf\":{\"@id\":\"https:\/\/paracherkaoui.ma\/#website\"},\"primaryImageOfPage\":{\"@id\":\"https:\/\/paracherkaoui.ma\/index.php\/produit\/parogyl-pate-dentifrice-dents-sensibles\/#primaryimage\"},\"image\":{\"@id\":\"https:\/\/paracherkaoui.ma\/index.php\/produit\/parogyl-pate-dentifrice-dents-sensibles\/#primaryimage\"},\"thumbnailUrl\":\"https:\/\/paracherkaoui.ma\/wp-content\/uploads\/2025\/12\/parogyl-pate-dentifrice-dents-sensibles.jpg\",\"datePublished\":\"2025-12-12T18:15:59+00:00\",\"dateModified\":\"2025-12-12T18:16:01+00:00\",\"breadcrumb\":{\"@id\":\"https:\/\/paracherkaoui.ma\/index.php\/produit\/parogyl-pate-dentifrice-dents-sensibles\/#breadcrumb\"},\"inLanguage\":\"fr-FR\",\"potentialAction\":[{\"@type\":\"ReadAction\",\"target\":[\"https:\/\/paracherkaoui.ma\/index.php\/produit\/parogyl-pate-dentifrice-dents-sensibles\/\"]}]},{\"@type\":\"ImageObject\",\"inLanguage\":\"fr-FR\",\"@id\":\"https:\/\/paracherkaoui.ma\/index.php\/produit\/parogyl-pate-dentifrice-dents-sensibles\/#primaryimage\",\"url\":\"https:\/\/paracherkaoui.ma\/wp-content\/uploads\/2025\/12\/parogyl-pate-dentifrice-dents-sensibles.jpg\",\"contentUrl\":\"https:\/\/paracherkaoui.ma\/wp-content\/uploads\/2025\/12\/parogyl-pate-dentifrice-dents-sensibles.jpg\",\"width\":700,\"height\":700},{\"@type\":\"BreadcrumbList\",\"@id\":\"https:\/\/paracherkaoui.ma\/index.php\/produit\/parogyl-pate-dentifrice-dents-sensibles\/#breadcrumb\",\"itemListElement\":[{\"@type\":\"ListItem\",\"position\":1,\"name\":\"Accueil\",\"item\":\"https:\/\/paracherkaoui.ma\/\"},{\"@type\":\"ListItem\",\"position\":2,\"name\":\"Boutique\",\"item\":\"https:\/\/paracherkaoui.ma\/index.php\/boutique\/\"},{\"@type\":\"ListItem\",\"position\":3,\"name\":\"PAROGYL PATE DENTIFRICE DENTS SENSIBLES\"}]},{\"@type\":\"WebSite\",\"@id\":\"https:\/\/paracherkaoui.ma\/#website\",\"url\":\"https:\/\/paracherkaoui.ma\/\",\"name\":\"Paracherkaoui.ma\",\"description\":\"Achetez en ligne sur Paracherkaoui.ma\",\"potentialAction\":[{\"@type\":\"SearchAction\",\"target\":{\"@type\":\"EntryPoint\",\"urlTemplate\":\"https:\/\/paracherkaoui.ma\/?s={search_term_string}\"},\"query-input\":{\"@type\":\"PropertyValueSpecification\",\"valueRequired\":true,\"valueName\":\"search_term_string\"}}],\"inLanguage\":\"fr-FR\"}]}<\/script>\r\n<!-- \/ Yoast SEO plugin. -->","yoast_head_json":{"title":"PAROGYL PATE DENTIFRICE DENTS SENSIBLES - Paracherkaoui.ma","robots":{"index":"index","follow":"follow","max-snippet":"max-snippet:-1","max-image-preview":"max-image-preview:large","max-video-preview":"max-video-preview:-1"},"canonical":"https:\/\/paracherkaoui.ma\/index.php\/produit\/parogyl-pate-dentifrice-dents-sensibles\/","og_locale":"fr_FR","og_type":"article","og_title":"PAROGYL PATE DENTIFRICE DENTS SENSIBLES - Paracherkaoui.ma","og_description":"Parogyl P\u00e2te Dentifrice Dents Sensibles est la solution id\u00e9ale pour une hygi\u00e8ne bucco-dentaire quotidienne, sp\u00e9cialement con\u00e7ue pour prot\u00e9ger les dents","og_url":"https:\/\/paracherkaoui.ma\/index.php\/produit\/parogyl-pate-dentifrice-dents-sensibles\/","og_site_name":"Paracherkaoui.ma","article_modified_time":"2025-12-12T18:16:01+00:00","og_image":[{"width":700,"height":700,"url":"https:\/\/paracherkaoui.ma\/wp-content\/uploads\/2025\/12\/parogyl-pate-dentifrice-dents-sensibles.jpg","type":"image\/jpeg"}],"twitter_card":"summary_large_image","twitter_misc":{"Dur\u00e9e de lecture estim\u00e9e":"1 minute"},"schema":{"@context":"https:\/\/schema.org","@graph":[{"@type":"WebPage","@id":"https:\/\/paracherkaoui.ma\/index.php\/produit\/parogyl-pate-dentifrice-dents-sensibles\/","url":"https:\/\/paracherkaoui.ma\/index.php\/produit\/parogyl-pate-dentifrice-dents-sensibles\/","name":"PAROGYL PATE DENTIFRICE DENTS SENSIBLES - Paracherkaoui.ma","isPartOf":{"@id":"https:\/\/paracherkaoui.ma\/#website"},"primaryImageOfPage":{"@id":"https:\/\/paracherkaoui.ma\/index.php\/produit\/parogyl-pate-dentifrice-dents-sensibles\/#primaryimage"},"image":{"@id":"https:\/\/paracherkaoui.ma\/index.php\/produit\/parogyl-pate-dentifrice-dents-sensibles\/#primaryimage"},"thumbnailUrl":"https:\/\/paracherkaoui.ma\/wp-content\/uploads\/2025\/12\/parogyl-pate-dentifrice-dents-sensibles.jpg","datePublished":"2025-12-12T18:15:59+00:00","dateModified":"2025-12-12T18:16:01+00:00","breadcrumb":{"@id":"https:\/\/paracherkaoui.ma\/index.php\/produit\/parogyl-pate-dentifrice-dents-sensibles\/#breadcrumb"},"inLanguage":"fr-FR","potentialAction":[{"@type":"ReadAction","target":["https:\/\/paracherkaoui.ma\/index.php\/produit\/parogyl-pate-dentifrice-dents-sensibles\/"]}]},{"@type":"ImageObject","inLanguage":"fr-FR","@id":"https:\/\/paracherkaoui.ma\/index.php\/produit\/parogyl-pate-dentifrice-dents-sensibles\/#primaryimage","url":"https:\/\/paracherkaoui.ma\/wp-content\/uploads\/2025\/12\/parogyl-pate-dentifrice-dents-sensibles.jpg","contentUrl":"https:\/\/paracherkaoui.ma\/wp-content\/uploads\/2025\/12\/parogyl-pate-dentifrice-dents-sensibles.jpg","width":700,"height":700},{"@type":"BreadcrumbList","@id":"https:\/\/paracherkaoui.ma\/index.php\/produit\/parogyl-pate-dentifrice-dents-sensibles\/#breadcrumb","itemListElement":[{"@type":"ListItem","position":1,"name":"Accueil","item":"https:\/\/paracherkaoui.ma\/"},{"@type":"ListItem","position":2,"name":"Boutique","item":"https:\/\/paracherkaoui.ma\/index.php\/boutique\/"},{"@type":"ListItem","position":3,"name":"PAROGYL PATE DENTIFRICE DENTS SENSIBLES"}]},{"@type":"WebSite","@id":"https:\/\/paracherkaoui.ma\/#website","url":"https:\/\/paracherkaoui.ma\/","name":"Paracherkaoui.ma","description":"Achetez en ligne sur Paracherkaoui.ma","potentialAction":[{"@type":"SearchAction","target":{"@type":"EntryPoint","urlTemplate":"https:\/\/paracherkaoui.ma\/?s={search_term_string}"},"query-input":{"@type":"PropertyValueSpecification","valueRequired":true,"valueName":"search_term_string"}}],"inLanguage":"fr-FR"}]}},"_links":{"self":[{"href":"https:\/\/paracherkaoui.ma\/index.php\/wp-json\/wp\/v2\/product\/45570","targetHints":{"allow":["GET"]}}],"collection":[{"href":"https:\/\/paracherkaoui.ma\/index.php\/wp-json\/wp\/v2\/product"}],"about":[{"href":"https:\/\/paracherkaoui.ma\/index.php\/wp-json\/wp\/v2\/types\/product"}],"replies":[{"embeddable":true,"href":"https:\/\/paracherkaoui.ma\/index.php\/wp-json\/wp\/v2\/comments?post=45570"}],"version-history":[{"count":1,"href":"https:\/\/paracherkaoui.ma\/index.php\/wp-json\/wp\/v2\/product\/45570\/revisions"}],"predecessor-version":[{"id":45601,"href":"https:\/\/paracherkaoui.ma\/index.php\/wp-json\/wp\/v2\/product\/45570\/revisions\/45601"}],"wp:featuredmedia":[{"embeddable":true,"href":"https:\/\/paracherkaoui.ma\/index.php\/wp-json\/wp\/v2\/media\/45600"}],"wp:attachment":[{"href":"https:\/\/paracherkaoui.ma\/index.php\/wp-json\/wp\/v2\/media?parent=45570"}],"wp:term":[{"taxonomy":"product_brand","embeddable":true,"href":"https:\/\/paracherkaoui.ma\/index.php\/wp-json\/wp\/v2\/product_brand?post=45570"},{"taxonomy":"product_cat","embeddable":true,"href":"https:\/\/paracherkaoui.ma\/index.php\/wp-json\/wp\/v2\/product_cat?post=45570"},{"taxonomy":"product_tag","embeddable":true,"href":"https:\/\/paracherkaoui.ma\/index.php\/wp-json\/wp\/v2\/product_tag?post=45570"}],"curies":[{"name":"wp","href":"https:\/\/api.w.org\/{rel}","templated":true}]}}