{"id":45507,"date":"2025-12-12T19:15:51","date_gmt":"2025-12-12T18:15:51","guid":{"rendered":"https:\/\/test.ecbeaute.com\/?post_type=product&#038;p=45507"},"modified":"2025-12-12T19:15:58","modified_gmt":"2025-12-12T18:15:58","slug":"miradent-gel-soin-des-plaies-buccales-15-ml","status":"publish","type":"product","link":"https:\/\/paracherkaoui.ma\/index.php\/produit\/miradent-gel-soin-des-plaies-buccales-15-ml\/","title":{"rendered":"MIRADENT GEL SOIN DES PLAIES BUCCALES 15 ML"},"content":{"rendered":"<p>Miradont Gel\u00a0 soulage rapidement une inflammation douloureuse dans la cavit\u00e9 buccale et inhibe les bact\u00e9ries nocives dues aux m\u00e9canismes physiques et de plantes naturelles.Les caract\u00e9ristiques essentielles peuvent \u00eatre r\u00e9sum\u00e9es comme suit:<br \/>\nSoulagement de la douleur dans:<br \/>\nAphtes et de lichen<br \/>\nLes l\u00e9sions de l\u2019herp\u00e8s<br \/>\nProth\u00e8ses ecchymoses<br \/>\nApr\u00e8s les traitements dentaires<br \/>\nRevitaliser<br \/>\nbact\u00e9ries irr\u00e9versible<br \/>\ntraitement implantaire<br \/>\npour raccourcir les temps de gu\u00e9rison<\/p>\n","protected":false},"excerpt":{"rendered":"<p>Miradont Gel\u00a0 soulage rapidement une inflammation douloureuse dans la cavit\u00e9 buccale et inhibe les bact\u00e9ries nocives dues aux m\u00e9canismes physiques<\/p>\n","protected":false},"featured_media":45564,"comment_status":"open","ping_status":"closed","template":"","meta":[],"product_brand":[662],"product_cat":[824],"product_tag":[],"class_list":{"0":"post-45507","1":"product","2":"type-product","3":"status-publish","4":"has-post-thumbnail","6":"product_brand-miradent","7":"product_cat-dentifrices-gencives-sensibles","9":"first","10":"instock","11":"sale","12":"shipping-taxable","13":"purchasable","14":"product-type-simple"},"yoast_head":"<!-- This site is optimized with the Yoast SEO plugin v26.6 - https:\/\/yoast.com\/wordpress\/plugins\/seo\/ -->\r\n<title>MIRADENT GEL SOIN DES PLAIES BUCCALES 15 ML - Paracherkaoui.ma<\/title>\r\n<meta name=\"robots\" content=\"index, follow, max-snippet:-1, max-image-preview:large, max-video-preview:-1\" \/>\r\n<link rel=\"canonical\" href=\"https:\/\/paracherkaoui.ma\/index.php\/produit\/miradent-gel-soin-des-plaies-buccales-15-ml\/\" \/>\r\n<meta property=\"og:locale\" content=\"fr_FR\" \/>\r\n<meta property=\"og:type\" content=\"article\" \/>\r\n<meta property=\"og:title\" content=\"MIRADENT GEL SOIN DES PLAIES BUCCALES 15 ML - Paracherkaoui.ma\" \/>\r\n<meta property=\"og:description\" content=\"Miradont Gel\u00a0 soulage rapidement une inflammation douloureuse dans la cavit\u00e9 buccale et inhibe les bact\u00e9ries nocives dues aux m\u00e9canismes physiques\" \/>\r\n<meta property=\"og:url\" content=\"https:\/\/paracherkaoui.ma\/index.php\/produit\/miradent-gel-soin-des-plaies-buccales-15-ml\/\" \/>\r\n<meta property=\"og:site_name\" content=\"Paracherkaoui.ma\" \/>\r\n<meta property=\"article:modified_time\" content=\"2025-12-12T18:15:58+00:00\" \/>\r\n<meta property=\"og:image\" content=\"https:\/\/paracherkaoui.ma\/wp-content\/uploads\/2025\/12\/miradent-miradent-gel-soin-des-plaies-buccales-15-ml-dentifrices-gencives-sensibles.jpg\" \/>\r\n\t<meta property=\"og:image:width\" content=\"700\" \/>\r\n\t<meta property=\"og:image:height\" content=\"700\" \/>\r\n\t<meta property=\"og:image:type\" content=\"image\/jpeg\" \/>\r\n<meta name=\"twitter:card\" content=\"summary_large_image\" \/>\r\n<script type=\"application\/ld+json\" class=\"yoast-schema-graph\">{\"@context\":\"https:\/\/schema.org\",\"@graph\":[{\"@type\":\"WebPage\",\"@id\":\"https:\/\/paracherkaoui.ma\/index.php\/produit\/miradent-gel-soin-des-plaies-buccales-15-ml\/\",\"url\":\"https:\/\/paracherkaoui.ma\/index.php\/produit\/miradent-gel-soin-des-plaies-buccales-15-ml\/\",\"name\":\"MIRADENT GEL SOIN DES PLAIES BUCCALES 15 ML - Paracherkaoui.ma\",\"isPartOf\":{\"@id\":\"https:\/\/paracherkaoui.ma\/#website\"},\"primaryImageOfPage\":{\"@id\":\"https:\/\/paracherkaoui.ma\/index.php\/produit\/miradent-gel-soin-des-plaies-buccales-15-ml\/#primaryimage\"},\"image\":{\"@id\":\"https:\/\/paracherkaoui.ma\/index.php\/produit\/miradent-gel-soin-des-plaies-buccales-15-ml\/#primaryimage\"},\"thumbnailUrl\":\"https:\/\/paracherkaoui.ma\/wp-content\/uploads\/2025\/12\/miradent-miradent-gel-soin-des-plaies-buccales-15-ml-dentifrices-gencives-sensibles.jpg\",\"datePublished\":\"2025-12-12T18:15:51+00:00\",\"dateModified\":\"2025-12-12T18:15:58+00:00\",\"breadcrumb\":{\"@id\":\"https:\/\/paracherkaoui.ma\/index.php\/produit\/miradent-gel-soin-des-plaies-buccales-15-ml\/#breadcrumb\"},\"inLanguage\":\"fr-FR\",\"potentialAction\":[{\"@type\":\"ReadAction\",\"target\":[\"https:\/\/paracherkaoui.ma\/index.php\/produit\/miradent-gel-soin-des-plaies-buccales-15-ml\/\"]}]},{\"@type\":\"ImageObject\",\"inLanguage\":\"fr-FR\",\"@id\":\"https:\/\/paracherkaoui.ma\/index.php\/produit\/miradent-gel-soin-des-plaies-buccales-15-ml\/#primaryimage\",\"url\":\"https:\/\/paracherkaoui.ma\/wp-content\/uploads\/2025\/12\/miradent-miradent-gel-soin-des-plaies-buccales-15-ml-dentifrices-gencives-sensibles.jpg\",\"contentUrl\":\"https:\/\/paracherkaoui.ma\/wp-content\/uploads\/2025\/12\/miradent-miradent-gel-soin-des-plaies-buccales-15-ml-dentifrices-gencives-sensibles.jpg\",\"width\":700,\"height\":700},{\"@type\":\"BreadcrumbList\",\"@id\":\"https:\/\/paracherkaoui.ma\/index.php\/produit\/miradent-gel-soin-des-plaies-buccales-15-ml\/#breadcrumb\",\"itemListElement\":[{\"@type\":\"ListItem\",\"position\":1,\"name\":\"Accueil\",\"item\":\"https:\/\/paracherkaoui.ma\/\"},{\"@type\":\"ListItem\",\"position\":2,\"name\":\"Boutique\",\"item\":\"https:\/\/paracherkaoui.ma\/index.php\/boutique\/\"},{\"@type\":\"ListItem\",\"position\":3,\"name\":\"MIRADENT GEL SOIN DES PLAIES BUCCALES 15 ML\"}]},{\"@type\":\"WebSite\",\"@id\":\"https:\/\/paracherkaoui.ma\/#website\",\"url\":\"https:\/\/paracherkaoui.ma\/\",\"name\":\"Paracherkaoui.ma\",\"description\":\"Achetez en ligne sur Paracherkaoui.ma\",\"potentialAction\":[{\"@type\":\"SearchAction\",\"target\":{\"@type\":\"EntryPoint\",\"urlTemplate\":\"https:\/\/paracherkaoui.ma\/?s={search_term_string}\"},\"query-input\":{\"@type\":\"PropertyValueSpecification\",\"valueRequired\":true,\"valueName\":\"search_term_string\"}}],\"inLanguage\":\"fr-FR\"}]}<\/script>\r\n<!-- \/ Yoast SEO plugin. -->","yoast_head_json":{"title":"MIRADENT GEL SOIN DES PLAIES BUCCALES 15 ML - Paracherkaoui.ma","robots":{"index":"index","follow":"follow","max-snippet":"max-snippet:-1","max-image-preview":"max-image-preview:large","max-video-preview":"max-video-preview:-1"},"canonical":"https:\/\/paracherkaoui.ma\/index.php\/produit\/miradent-gel-soin-des-plaies-buccales-15-ml\/","og_locale":"fr_FR","og_type":"article","og_title":"MIRADENT GEL SOIN DES PLAIES BUCCALES 15 ML - Paracherkaoui.ma","og_description":"Miradont Gel\u00a0 soulage rapidement une inflammation douloureuse dans la cavit\u00e9 buccale et inhibe les bact\u00e9ries nocives dues aux m\u00e9canismes physiques","og_url":"https:\/\/paracherkaoui.ma\/index.php\/produit\/miradent-gel-soin-des-plaies-buccales-15-ml\/","og_site_name":"Paracherkaoui.ma","article_modified_time":"2025-12-12T18:15:58+00:00","og_image":[{"width":700,"height":700,"url":"https:\/\/paracherkaoui.ma\/wp-content\/uploads\/2025\/12\/miradent-miradent-gel-soin-des-plaies-buccales-15-ml-dentifrices-gencives-sensibles.jpg","type":"image\/jpeg"}],"twitter_card":"summary_large_image","schema":{"@context":"https:\/\/schema.org","@graph":[{"@type":"WebPage","@id":"https:\/\/paracherkaoui.ma\/index.php\/produit\/miradent-gel-soin-des-plaies-buccales-15-ml\/","url":"https:\/\/paracherkaoui.ma\/index.php\/produit\/miradent-gel-soin-des-plaies-buccales-15-ml\/","name":"MIRADENT GEL SOIN DES PLAIES BUCCALES 15 ML - Paracherkaoui.ma","isPartOf":{"@id":"https:\/\/paracherkaoui.ma\/#website"},"primaryImageOfPage":{"@id":"https:\/\/paracherkaoui.ma\/index.php\/produit\/miradent-gel-soin-des-plaies-buccales-15-ml\/#primaryimage"},"image":{"@id":"https:\/\/paracherkaoui.ma\/index.php\/produit\/miradent-gel-soin-des-plaies-buccales-15-ml\/#primaryimage"},"thumbnailUrl":"https:\/\/paracherkaoui.ma\/wp-content\/uploads\/2025\/12\/miradent-miradent-gel-soin-des-plaies-buccales-15-ml-dentifrices-gencives-sensibles.jpg","datePublished":"2025-12-12T18:15:51+00:00","dateModified":"2025-12-12T18:15:58+00:00","breadcrumb":{"@id":"https:\/\/paracherkaoui.ma\/index.php\/produit\/miradent-gel-soin-des-plaies-buccales-15-ml\/#breadcrumb"},"inLanguage":"fr-FR","potentialAction":[{"@type":"ReadAction","target":["https:\/\/paracherkaoui.ma\/index.php\/produit\/miradent-gel-soin-des-plaies-buccales-15-ml\/"]}]},{"@type":"ImageObject","inLanguage":"fr-FR","@id":"https:\/\/paracherkaoui.ma\/index.php\/produit\/miradent-gel-soin-des-plaies-buccales-15-ml\/#primaryimage","url":"https:\/\/paracherkaoui.ma\/wp-content\/uploads\/2025\/12\/miradent-miradent-gel-soin-des-plaies-buccales-15-ml-dentifrices-gencives-sensibles.jpg","contentUrl":"https:\/\/paracherkaoui.ma\/wp-content\/uploads\/2025\/12\/miradent-miradent-gel-soin-des-plaies-buccales-15-ml-dentifrices-gencives-sensibles.jpg","width":700,"height":700},{"@type":"BreadcrumbList","@id":"https:\/\/paracherkaoui.ma\/index.php\/produit\/miradent-gel-soin-des-plaies-buccales-15-ml\/#breadcrumb","itemListElement":[{"@type":"ListItem","position":1,"name":"Accueil","item":"https:\/\/paracherkaoui.ma\/"},{"@type":"ListItem","position":2,"name":"Boutique","item":"https:\/\/paracherkaoui.ma\/index.php\/boutique\/"},{"@type":"ListItem","position":3,"name":"MIRADENT GEL SOIN DES PLAIES BUCCALES 15 ML"}]},{"@type":"WebSite","@id":"https:\/\/paracherkaoui.ma\/#website","url":"https:\/\/paracherkaoui.ma\/","name":"Paracherkaoui.ma","description":"Achetez en ligne sur Paracherkaoui.ma","potentialAction":[{"@type":"SearchAction","target":{"@type":"EntryPoint","urlTemplate":"https:\/\/paracherkaoui.ma\/?s={search_term_string}"},"query-input":{"@type":"PropertyValueSpecification","valueRequired":true,"valueName":"search_term_string"}}],"inLanguage":"fr-FR"}]}},"_links":{"self":[{"href":"https:\/\/paracherkaoui.ma\/index.php\/wp-json\/wp\/v2\/product\/45507","targetHints":{"allow":["GET"]}}],"collection":[{"href":"https:\/\/paracherkaoui.ma\/index.php\/wp-json\/wp\/v2\/product"}],"about":[{"href":"https:\/\/paracherkaoui.ma\/index.php\/wp-json\/wp\/v2\/types\/product"}],"replies":[{"embeddable":true,"href":"https:\/\/paracherkaoui.ma\/index.php\/wp-json\/wp\/v2\/comments?post=45507"}],"version-history":[{"count":1,"href":"https:\/\/paracherkaoui.ma\/index.php\/wp-json\/wp\/v2\/product\/45507\/revisions"}],"predecessor-version":[{"id":45565,"href":"https:\/\/paracherkaoui.ma\/index.php\/wp-json\/wp\/v2\/product\/45507\/revisions\/45565"}],"wp:featuredmedia":[{"embeddable":true,"href":"https:\/\/paracherkaoui.ma\/index.php\/wp-json\/wp\/v2\/media\/45564"}],"wp:attachment":[{"href":"https:\/\/paracherkaoui.ma\/index.php\/wp-json\/wp\/v2\/media?parent=45507"}],"wp:term":[{"taxonomy":"product_brand","embeddable":true,"href":"https:\/\/paracherkaoui.ma\/index.php\/wp-json\/wp\/v2\/product_brand?post=45507"},{"taxonomy":"product_cat","embeddable":true,"href":"https:\/\/paracherkaoui.ma\/index.php\/wp-json\/wp\/v2\/product_cat?post=45507"},{"taxonomy":"product_tag","embeddable":true,"href":"https:\/\/paracherkaoui.ma\/index.php\/wp-json\/wp\/v2\/product_tag?post=45507"}],"curies":[{"name":"wp","href":"https:\/\/api.w.org\/{rel}","templated":true}]}}