{"id":45497,"date":"2025-12-12T19:15:51","date_gmt":"2025-12-12T18:15:51","guid":{"rendered":"https:\/\/test.ecbeaute.com\/?post_type=product&#038;p=45497"},"modified":"2025-12-12T19:15:56","modified_gmt":"2025-12-12T18:15:56","slug":"cattier-dentargil-gencives-sensibles-sauge-bio-75-ml","status":"publish","type":"product","link":"https:\/\/paracherkaoui.ma\/index.php\/produit\/cattier-dentargil-gencives-sensibles-sauge-bio-75-ml\/","title":{"rendered":"CATTIER DENTARGIL GENCIVES SENSIBLES SAUGE BIO 75 ML"},"content":{"rendered":"<p>Le dentifrice Dentargile \u00e0 l\u2019huile essentielle de Sauge de la marque Cattier est \u00e9labor\u00e9 dans le but de remin\u00e9raliser, de nettoyer efficacement les dents et d\u2019\u00e9liminer la plaque dentaire. Sa formule permet de soulager durablement les gencives sensibles et vient en aide \u00e0 la bonne hygi\u00e8ne dentaire et gingivale.<\/p>\n<p>Ce dentifrice est compos\u00e9 d\u2019argile illite, riche en min\u00e9raux qui aident \u00e0 renforcer l\u2019\u00e9mail des dents, \u00e0 cicatriser les muqueuses fragiles qui sont sujettes aux saignements.<br \/>\nL\u2019illite va favoriser la r\u00e9g\u00e9n\u00e9ration cellulaire afin d\u2019am\u00e9liorer la barri\u00e8re de protection des gencives.<\/p>\n<p>Le sel marin est riche en oligo-\u00e9l\u00e9ments et aide \u00e0 tonifier les gencives tout en favorisant le nettoyage naturel des dents par son action abrasive. Sa forte teneur en iode lui conf\u00e8re de grandes propri\u00e9t\u00e9s antiseptiques et antifongiques et offre \u00e9galement une action blancheur.<\/p>\n<p>L\u2019huile essentielle de sauge bio calme la sensibilit\u00e9 des gencives tout en les renfor\u00e7ant. La sauge apporte force et vitalit\u00e9. Cette huile contient des c\u00e9tones lui conf\u00e9rant des propri\u00e9t\u00e9s bact\u00e9ricides et antifongiques. La sauge permet de pr\u00e9venir le d\u00e9veloppement de la plaque dentaire. Anti-infectieuse et cicatrisante, elle \u00e9quilibre la flore bact\u00e9rienne buccale et \u00e9vite les infections.<\/p>\n<p>Le dentifrice Dentargile Sauge de Cattier prend soin des dents et des gencives fragiles et convient \u00e9galement aux femmes enceintes et aux traitements hom\u00e9opathiques.<\/p>\n<p>Caract\u00e9ristiques : Cosm\u00e9tique bio, \u00c9cocert, fabriqu\u00e9 en France, sans sulfate, 0% fluor, sans tensio-actif sulfat\u00e9, convient aux femmes enceintes<\/p>\n","protected":false},"excerpt":{"rendered":"<p>Le dentifrice Dentargile \u00e0 l\u2019huile essentielle de Sauge de la marque Cattier est \u00e9labor\u00e9 dans le but de remin\u00e9raliser, de<\/p>\n","protected":false},"featured_media":45544,"comment_status":"open","ping_status":"closed","template":"","meta":[],"product_brand":[187],"product_cat":[824],"product_tag":[],"class_list":{"0":"post-45497","1":"product","2":"type-product","3":"status-publish","4":"has-post-thumbnail","6":"product_brand-cattier","7":"product_cat-dentifrices-gencives-sensibles","9":"first","10":"instock","11":"shipping-taxable","12":"purchasable","13":"product-type-simple"},"yoast_head":"<!-- This site is optimized with the Yoast SEO plugin v26.6 - https:\/\/yoast.com\/wordpress\/plugins\/seo\/ -->\r\n<title>CATTIER DENTARGIL GENCIVES SENSIBLES SAUGE BIO 75 ML - Paracherkaoui.ma<\/title>\r\n<meta name=\"robots\" content=\"index, follow, max-snippet:-1, max-image-preview:large, max-video-preview:-1\" \/>\r\n<link rel=\"canonical\" href=\"https:\/\/paracherkaoui.ma\/index.php\/produit\/cattier-dentargil-gencives-sensibles-sauge-bio-75-ml\/\" \/>\r\n<meta property=\"og:locale\" content=\"fr_FR\" \/>\r\n<meta property=\"og:type\" content=\"article\" \/>\r\n<meta property=\"og:title\" content=\"CATTIER DENTARGIL GENCIVES SENSIBLES SAUGE BIO 75 ML - Paracherkaoui.ma\" \/>\r\n<meta property=\"og:description\" content=\"Le dentifrice Dentargile \u00e0 l\u2019huile essentielle de Sauge de la marque Cattier est \u00e9labor\u00e9 dans le but de remin\u00e9raliser, de\" \/>\r\n<meta property=\"og:url\" content=\"https:\/\/paracherkaoui.ma\/index.php\/produit\/cattier-dentargil-gencives-sensibles-sauge-bio-75-ml\/\" \/>\r\n<meta property=\"og:site_name\" content=\"Paracherkaoui.ma\" \/>\r\n<meta property=\"article:modified_time\" content=\"2025-12-12T18:15:56+00:00\" \/>\r\n<meta property=\"og:image\" content=\"https:\/\/paracherkaoui.ma\/wp-content\/uploads\/2025\/12\/cattier-cattier-dentargil-gencives-sensibles-sauge-bio-75-ml-dentifrices-gencives-sensibles.jpg\" \/>\r\n\t<meta property=\"og:image:width\" content=\"700\" \/>\r\n\t<meta property=\"og:image:height\" content=\"700\" \/>\r\n\t<meta property=\"og:image:type\" content=\"image\/jpeg\" \/>\r\n<meta name=\"twitter:card\" content=\"summary_large_image\" \/>\r\n<meta name=\"twitter:label1\" content=\"Dur\u00e9e de lecture estim\u00e9e\" \/>\n\t<meta name=\"twitter:data1\" content=\"1 minute\" \/>\r\n<script type=\"application\/ld+json\" class=\"yoast-schema-graph\">{\"@context\":\"https:\/\/schema.org\",\"@graph\":[{\"@type\":\"WebPage\",\"@id\":\"https:\/\/paracherkaoui.ma\/index.php\/produit\/cattier-dentargil-gencives-sensibles-sauge-bio-75-ml\/\",\"url\":\"https:\/\/paracherkaoui.ma\/index.php\/produit\/cattier-dentargil-gencives-sensibles-sauge-bio-75-ml\/\",\"name\":\"CATTIER DENTARGIL GENCIVES SENSIBLES SAUGE BIO 75 ML - Paracherkaoui.ma\",\"isPartOf\":{\"@id\":\"https:\/\/paracherkaoui.ma\/#website\"},\"primaryImageOfPage\":{\"@id\":\"https:\/\/paracherkaoui.ma\/index.php\/produit\/cattier-dentargil-gencives-sensibles-sauge-bio-75-ml\/#primaryimage\"},\"image\":{\"@id\":\"https:\/\/paracherkaoui.ma\/index.php\/produit\/cattier-dentargil-gencives-sensibles-sauge-bio-75-ml\/#primaryimage\"},\"thumbnailUrl\":\"https:\/\/paracherkaoui.ma\/wp-content\/uploads\/2025\/12\/cattier-cattier-dentargil-gencives-sensibles-sauge-bio-75-ml-dentifrices-gencives-sensibles.jpg\",\"datePublished\":\"2025-12-12T18:15:51+00:00\",\"dateModified\":\"2025-12-12T18:15:56+00:00\",\"breadcrumb\":{\"@id\":\"https:\/\/paracherkaoui.ma\/index.php\/produit\/cattier-dentargil-gencives-sensibles-sauge-bio-75-ml\/#breadcrumb\"},\"inLanguage\":\"fr-FR\",\"potentialAction\":[{\"@type\":\"ReadAction\",\"target\":[\"https:\/\/paracherkaoui.ma\/index.php\/produit\/cattier-dentargil-gencives-sensibles-sauge-bio-75-ml\/\"]}]},{\"@type\":\"ImageObject\",\"inLanguage\":\"fr-FR\",\"@id\":\"https:\/\/paracherkaoui.ma\/index.php\/produit\/cattier-dentargil-gencives-sensibles-sauge-bio-75-ml\/#primaryimage\",\"url\":\"https:\/\/paracherkaoui.ma\/wp-content\/uploads\/2025\/12\/cattier-cattier-dentargil-gencives-sensibles-sauge-bio-75-ml-dentifrices-gencives-sensibles.jpg\",\"contentUrl\":\"https:\/\/paracherkaoui.ma\/wp-content\/uploads\/2025\/12\/cattier-cattier-dentargil-gencives-sensibles-sauge-bio-75-ml-dentifrices-gencives-sensibles.jpg\",\"width\":700,\"height\":700},{\"@type\":\"BreadcrumbList\",\"@id\":\"https:\/\/paracherkaoui.ma\/index.php\/produit\/cattier-dentargil-gencives-sensibles-sauge-bio-75-ml\/#breadcrumb\",\"itemListElement\":[{\"@type\":\"ListItem\",\"position\":1,\"name\":\"Accueil\",\"item\":\"https:\/\/paracherkaoui.ma\/\"},{\"@type\":\"ListItem\",\"position\":2,\"name\":\"Boutique\",\"item\":\"https:\/\/paracherkaoui.ma\/index.php\/boutique\/\"},{\"@type\":\"ListItem\",\"position\":3,\"name\":\"CATTIER DENTARGIL GENCIVES SENSIBLES SAUGE BIO 75 ML\"}]},{\"@type\":\"WebSite\",\"@id\":\"https:\/\/paracherkaoui.ma\/#website\",\"url\":\"https:\/\/paracherkaoui.ma\/\",\"name\":\"Paracherkaoui.ma\",\"description\":\"Achetez en ligne sur Paracherkaoui.ma\",\"potentialAction\":[{\"@type\":\"SearchAction\",\"target\":{\"@type\":\"EntryPoint\",\"urlTemplate\":\"https:\/\/paracherkaoui.ma\/?s={search_term_string}\"},\"query-input\":{\"@type\":\"PropertyValueSpecification\",\"valueRequired\":true,\"valueName\":\"search_term_string\"}}],\"inLanguage\":\"fr-FR\"}]}<\/script>\r\n<!-- \/ Yoast SEO plugin. -->","yoast_head_json":{"title":"CATTIER DENTARGIL GENCIVES SENSIBLES SAUGE BIO 75 ML - Paracherkaoui.ma","robots":{"index":"index","follow":"follow","max-snippet":"max-snippet:-1","max-image-preview":"max-image-preview:large","max-video-preview":"max-video-preview:-1"},"canonical":"https:\/\/paracherkaoui.ma\/index.php\/produit\/cattier-dentargil-gencives-sensibles-sauge-bio-75-ml\/","og_locale":"fr_FR","og_type":"article","og_title":"CATTIER DENTARGIL GENCIVES SENSIBLES SAUGE BIO 75 ML - Paracherkaoui.ma","og_description":"Le dentifrice Dentargile \u00e0 l\u2019huile essentielle de Sauge de la marque Cattier est \u00e9labor\u00e9 dans le but de remin\u00e9raliser, de","og_url":"https:\/\/paracherkaoui.ma\/index.php\/produit\/cattier-dentargil-gencives-sensibles-sauge-bio-75-ml\/","og_site_name":"Paracherkaoui.ma","article_modified_time":"2025-12-12T18:15:56+00:00","og_image":[{"width":700,"height":700,"url":"https:\/\/paracherkaoui.ma\/wp-content\/uploads\/2025\/12\/cattier-cattier-dentargil-gencives-sensibles-sauge-bio-75-ml-dentifrices-gencives-sensibles.jpg","type":"image\/jpeg"}],"twitter_card":"summary_large_image","twitter_misc":{"Dur\u00e9e de lecture estim\u00e9e":"1 minute"},"schema":{"@context":"https:\/\/schema.org","@graph":[{"@type":"WebPage","@id":"https:\/\/paracherkaoui.ma\/index.php\/produit\/cattier-dentargil-gencives-sensibles-sauge-bio-75-ml\/","url":"https:\/\/paracherkaoui.ma\/index.php\/produit\/cattier-dentargil-gencives-sensibles-sauge-bio-75-ml\/","name":"CATTIER DENTARGIL GENCIVES SENSIBLES SAUGE BIO 75 ML - Paracherkaoui.ma","isPartOf":{"@id":"https:\/\/paracherkaoui.ma\/#website"},"primaryImageOfPage":{"@id":"https:\/\/paracherkaoui.ma\/index.php\/produit\/cattier-dentargil-gencives-sensibles-sauge-bio-75-ml\/#primaryimage"},"image":{"@id":"https:\/\/paracherkaoui.ma\/index.php\/produit\/cattier-dentargil-gencives-sensibles-sauge-bio-75-ml\/#primaryimage"},"thumbnailUrl":"https:\/\/paracherkaoui.ma\/wp-content\/uploads\/2025\/12\/cattier-cattier-dentargil-gencives-sensibles-sauge-bio-75-ml-dentifrices-gencives-sensibles.jpg","datePublished":"2025-12-12T18:15:51+00:00","dateModified":"2025-12-12T18:15:56+00:00","breadcrumb":{"@id":"https:\/\/paracherkaoui.ma\/index.php\/produit\/cattier-dentargil-gencives-sensibles-sauge-bio-75-ml\/#breadcrumb"},"inLanguage":"fr-FR","potentialAction":[{"@type":"ReadAction","target":["https:\/\/paracherkaoui.ma\/index.php\/produit\/cattier-dentargil-gencives-sensibles-sauge-bio-75-ml\/"]}]},{"@type":"ImageObject","inLanguage":"fr-FR","@id":"https:\/\/paracherkaoui.ma\/index.php\/produit\/cattier-dentargil-gencives-sensibles-sauge-bio-75-ml\/#primaryimage","url":"https:\/\/paracherkaoui.ma\/wp-content\/uploads\/2025\/12\/cattier-cattier-dentargil-gencives-sensibles-sauge-bio-75-ml-dentifrices-gencives-sensibles.jpg","contentUrl":"https:\/\/paracherkaoui.ma\/wp-content\/uploads\/2025\/12\/cattier-cattier-dentargil-gencives-sensibles-sauge-bio-75-ml-dentifrices-gencives-sensibles.jpg","width":700,"height":700},{"@type":"BreadcrumbList","@id":"https:\/\/paracherkaoui.ma\/index.php\/produit\/cattier-dentargil-gencives-sensibles-sauge-bio-75-ml\/#breadcrumb","itemListElement":[{"@type":"ListItem","position":1,"name":"Accueil","item":"https:\/\/paracherkaoui.ma\/"},{"@type":"ListItem","position":2,"name":"Boutique","item":"https:\/\/paracherkaoui.ma\/index.php\/boutique\/"},{"@type":"ListItem","position":3,"name":"CATTIER DENTARGIL GENCIVES SENSIBLES SAUGE BIO 75 ML"}]},{"@type":"WebSite","@id":"https:\/\/paracherkaoui.ma\/#website","url":"https:\/\/paracherkaoui.ma\/","name":"Paracherkaoui.ma","description":"Achetez en ligne sur Paracherkaoui.ma","potentialAction":[{"@type":"SearchAction","target":{"@type":"EntryPoint","urlTemplate":"https:\/\/paracherkaoui.ma\/?s={search_term_string}"},"query-input":{"@type":"PropertyValueSpecification","valueRequired":true,"valueName":"search_term_string"}}],"inLanguage":"fr-FR"}]}},"_links":{"self":[{"href":"https:\/\/paracherkaoui.ma\/index.php\/wp-json\/wp\/v2\/product\/45497","targetHints":{"allow":["GET"]}}],"collection":[{"href":"https:\/\/paracherkaoui.ma\/index.php\/wp-json\/wp\/v2\/product"}],"about":[{"href":"https:\/\/paracherkaoui.ma\/index.php\/wp-json\/wp\/v2\/types\/product"}],"replies":[{"embeddable":true,"href":"https:\/\/paracherkaoui.ma\/index.php\/wp-json\/wp\/v2\/comments?post=45497"}],"version-history":[{"count":1,"href":"https:\/\/paracherkaoui.ma\/index.php\/wp-json\/wp\/v2\/product\/45497\/revisions"}],"predecessor-version":[{"id":45545,"href":"https:\/\/paracherkaoui.ma\/index.php\/wp-json\/wp\/v2\/product\/45497\/revisions\/45545"}],"wp:featuredmedia":[{"embeddable":true,"href":"https:\/\/paracherkaoui.ma\/index.php\/wp-json\/wp\/v2\/media\/45544"}],"wp:attachment":[{"href":"https:\/\/paracherkaoui.ma\/index.php\/wp-json\/wp\/v2\/media?parent=45497"}],"wp:term":[{"taxonomy":"product_brand","embeddable":true,"href":"https:\/\/paracherkaoui.ma\/index.php\/wp-json\/wp\/v2\/product_brand?post=45497"},{"taxonomy":"product_cat","embeddable":true,"href":"https:\/\/paracherkaoui.ma\/index.php\/wp-json\/wp\/v2\/product_cat?post=45497"},{"taxonomy":"product_tag","embeddable":true,"href":"https:\/\/paracherkaoui.ma\/index.php\/wp-json\/wp\/v2\/product_tag?post=45497"}],"curies":[{"name":"wp","href":"https:\/\/api.w.org\/{rel}","templated":true}]}}