{"id":45495,"date":"2025-12-12T19:15:51","date_gmt":"2025-12-12T18:15:51","guid":{"rendered":"https:\/\/test.ecbeaute.com\/?post_type=product&#038;p=45495"},"modified":"2025-12-12T19:15:56","modified_gmt":"2025-12-12T18:15:56","slug":"bexident-gel-topique-10-dents-sensibles-50-ml","status":"publish","type":"product","link":"https:\/\/paracherkaoui.ma\/index.php\/produit\/bexident-gel-topique-10-dents-sensibles-50-ml\/","title":{"rendered":"BEXIDENT GEL TOPIQUE 10% DENTS SENSIBLES 50 ML"},"content":{"rendered":"<p>Description:<br \/>\nGel topique, solution rapide et prolong\u00e9e pour combattre la sensibilit\u00e9. \u00c9limine la douleur face aux stimulations externes Avec la technologie Dual D\u00e9ensitizing Tech, elle g\u00e9n\u00e8re une action d\u00e9sensibilisante bas\u00e9e sur la combinaison de nitrate de potassium et de fluorure de sodium Action remin\u00e9ralisante, antiseptique et antiplaque\u00a0Maintient les gencives en bon \u00e9tat gr\u00e2ce \u00e0 ses ingr\u00e9dients r\u00e9g\u00e9n\u00e9rateurs et tonifiants tels que le dexpanth\u00e9nol et le laureth-9 ; pour une action prolong\u00e9e Hypersensibilit\u00e9 dentaire, g\u00e9n\u00e9r\u00e9e par r\u00e9traction gingivale, traitements parodontaux, usure de l&rsquo;\u00e9mail, hygi\u00e8ne professionnelle et traitements blanchissants<\/p>\n","protected":false},"excerpt":{"rendered":"<p>Description: Gel topique, solution rapide et prolong\u00e9e pour combattre la sensibilit\u00e9. \u00c9limine la douleur face aux stimulations externes Avec la<\/p>\n","protected":false},"featured_media":45540,"comment_status":"open","ping_status":"closed","template":"","meta":[],"product_brand":[808],"product_cat":[824],"product_tag":[],"class_list":{"0":"post-45495","1":"product","2":"type-product","3":"status-publish","4":"has-post-thumbnail","6":"product_brand-bexident","7":"product_cat-dentifrices-gencives-sensibles","9":"first","10":"instock","11":"sale","12":"shipping-taxable","13":"purchasable","14":"product-type-simple"},"yoast_head":"<!-- This site is optimized with the Yoast SEO plugin v26.6 - https:\/\/yoast.com\/wordpress\/plugins\/seo\/ -->\r\n<title>BEXIDENT GEL TOPIQUE 10% DENTS SENSIBLES 50 ML - Paracherkaoui.ma<\/title>\r\n<meta name=\"robots\" content=\"index, follow, max-snippet:-1, max-image-preview:large, max-video-preview:-1\" \/>\r\n<link rel=\"canonical\" href=\"https:\/\/paracherkaoui.ma\/index.php\/produit\/bexident-gel-topique-10-dents-sensibles-50-ml\/\" \/>\r\n<meta property=\"og:locale\" content=\"fr_FR\" \/>\r\n<meta property=\"og:type\" content=\"article\" \/>\r\n<meta property=\"og:title\" content=\"BEXIDENT GEL TOPIQUE 10% DENTS SENSIBLES 50 ML - Paracherkaoui.ma\" \/>\r\n<meta property=\"og:description\" content=\"Description: Gel topique, solution rapide et prolong\u00e9e pour combattre la sensibilit\u00e9. \u00c9limine la douleur face aux stimulations externes Avec la\" \/>\r\n<meta property=\"og:url\" content=\"https:\/\/paracherkaoui.ma\/index.php\/produit\/bexident-gel-topique-10-dents-sensibles-50-ml\/\" \/>\r\n<meta property=\"og:site_name\" content=\"Paracherkaoui.ma\" \/>\r\n<meta property=\"article:modified_time\" content=\"2025-12-12T18:15:56+00:00\" \/>\r\n<meta property=\"og:image\" content=\"https:\/\/paracherkaoui.ma\/wp-content\/uploads\/2025\/12\/bexident-bexident-gel-topique-10-dents-sensibles-50-ml-dentifrices-gencives-sensibles.jpg\" \/>\r\n\t<meta property=\"og:image:width\" content=\"700\" \/>\r\n\t<meta property=\"og:image:height\" content=\"700\" \/>\r\n\t<meta property=\"og:image:type\" content=\"image\/jpeg\" \/>\r\n<meta name=\"twitter:card\" content=\"summary_large_image\" \/>\r\n<meta name=\"twitter:label1\" content=\"Dur\u00e9e de lecture estim\u00e9e\" \/>\n\t<meta name=\"twitter:data1\" content=\"1 minute\" \/>\r\n<script type=\"application\/ld+json\" class=\"yoast-schema-graph\">{\"@context\":\"https:\/\/schema.org\",\"@graph\":[{\"@type\":\"WebPage\",\"@id\":\"https:\/\/paracherkaoui.ma\/index.php\/produit\/bexident-gel-topique-10-dents-sensibles-50-ml\/\",\"url\":\"https:\/\/paracherkaoui.ma\/index.php\/produit\/bexident-gel-topique-10-dents-sensibles-50-ml\/\",\"name\":\"BEXIDENT GEL TOPIQUE 10% DENTS SENSIBLES 50 ML - Paracherkaoui.ma\",\"isPartOf\":{\"@id\":\"https:\/\/paracherkaoui.ma\/#website\"},\"primaryImageOfPage\":{\"@id\":\"https:\/\/paracherkaoui.ma\/index.php\/produit\/bexident-gel-topique-10-dents-sensibles-50-ml\/#primaryimage\"},\"image\":{\"@id\":\"https:\/\/paracherkaoui.ma\/index.php\/produit\/bexident-gel-topique-10-dents-sensibles-50-ml\/#primaryimage\"},\"thumbnailUrl\":\"https:\/\/paracherkaoui.ma\/wp-content\/uploads\/2025\/12\/bexident-bexident-gel-topique-10-dents-sensibles-50-ml-dentifrices-gencives-sensibles.jpg\",\"datePublished\":\"2025-12-12T18:15:51+00:00\",\"dateModified\":\"2025-12-12T18:15:56+00:00\",\"breadcrumb\":{\"@id\":\"https:\/\/paracherkaoui.ma\/index.php\/produit\/bexident-gel-topique-10-dents-sensibles-50-ml\/#breadcrumb\"},\"inLanguage\":\"fr-FR\",\"potentialAction\":[{\"@type\":\"ReadAction\",\"target\":[\"https:\/\/paracherkaoui.ma\/index.php\/produit\/bexident-gel-topique-10-dents-sensibles-50-ml\/\"]}]},{\"@type\":\"ImageObject\",\"inLanguage\":\"fr-FR\",\"@id\":\"https:\/\/paracherkaoui.ma\/index.php\/produit\/bexident-gel-topique-10-dents-sensibles-50-ml\/#primaryimage\",\"url\":\"https:\/\/paracherkaoui.ma\/wp-content\/uploads\/2025\/12\/bexident-bexident-gel-topique-10-dents-sensibles-50-ml-dentifrices-gencives-sensibles.jpg\",\"contentUrl\":\"https:\/\/paracherkaoui.ma\/wp-content\/uploads\/2025\/12\/bexident-bexident-gel-topique-10-dents-sensibles-50-ml-dentifrices-gencives-sensibles.jpg\",\"width\":700,\"height\":700},{\"@type\":\"BreadcrumbList\",\"@id\":\"https:\/\/paracherkaoui.ma\/index.php\/produit\/bexident-gel-topique-10-dents-sensibles-50-ml\/#breadcrumb\",\"itemListElement\":[{\"@type\":\"ListItem\",\"position\":1,\"name\":\"Accueil\",\"item\":\"https:\/\/paracherkaoui.ma\/\"},{\"@type\":\"ListItem\",\"position\":2,\"name\":\"Boutique\",\"item\":\"https:\/\/paracherkaoui.ma\/index.php\/boutique\/\"},{\"@type\":\"ListItem\",\"position\":3,\"name\":\"BEXIDENT GEL TOPIQUE 10% DENTS SENSIBLES 50 ML\"}]},{\"@type\":\"WebSite\",\"@id\":\"https:\/\/paracherkaoui.ma\/#website\",\"url\":\"https:\/\/paracherkaoui.ma\/\",\"name\":\"Paracherkaoui.ma\",\"description\":\"Achetez en ligne sur Paracherkaoui.ma\",\"potentialAction\":[{\"@type\":\"SearchAction\",\"target\":{\"@type\":\"EntryPoint\",\"urlTemplate\":\"https:\/\/paracherkaoui.ma\/?s={search_term_string}\"},\"query-input\":{\"@type\":\"PropertyValueSpecification\",\"valueRequired\":true,\"valueName\":\"search_term_string\"}}],\"inLanguage\":\"fr-FR\"}]}<\/script>\r\n<!-- \/ Yoast SEO plugin. -->","yoast_head_json":{"title":"BEXIDENT GEL TOPIQUE 10% DENTS SENSIBLES 50 ML - Paracherkaoui.ma","robots":{"index":"index","follow":"follow","max-snippet":"max-snippet:-1","max-image-preview":"max-image-preview:large","max-video-preview":"max-video-preview:-1"},"canonical":"https:\/\/paracherkaoui.ma\/index.php\/produit\/bexident-gel-topique-10-dents-sensibles-50-ml\/","og_locale":"fr_FR","og_type":"article","og_title":"BEXIDENT GEL TOPIQUE 10% DENTS SENSIBLES 50 ML - Paracherkaoui.ma","og_description":"Description: Gel topique, solution rapide et prolong\u00e9e pour combattre la sensibilit\u00e9. \u00c9limine la douleur face aux stimulations externes Avec la","og_url":"https:\/\/paracherkaoui.ma\/index.php\/produit\/bexident-gel-topique-10-dents-sensibles-50-ml\/","og_site_name":"Paracherkaoui.ma","article_modified_time":"2025-12-12T18:15:56+00:00","og_image":[{"width":700,"height":700,"url":"https:\/\/paracherkaoui.ma\/wp-content\/uploads\/2025\/12\/bexident-bexident-gel-topique-10-dents-sensibles-50-ml-dentifrices-gencives-sensibles.jpg","type":"image\/jpeg"}],"twitter_card":"summary_large_image","twitter_misc":{"Dur\u00e9e de lecture estim\u00e9e":"1 minute"},"schema":{"@context":"https:\/\/schema.org","@graph":[{"@type":"WebPage","@id":"https:\/\/paracherkaoui.ma\/index.php\/produit\/bexident-gel-topique-10-dents-sensibles-50-ml\/","url":"https:\/\/paracherkaoui.ma\/index.php\/produit\/bexident-gel-topique-10-dents-sensibles-50-ml\/","name":"BEXIDENT GEL TOPIQUE 10% DENTS SENSIBLES 50 ML - Paracherkaoui.ma","isPartOf":{"@id":"https:\/\/paracherkaoui.ma\/#website"},"primaryImageOfPage":{"@id":"https:\/\/paracherkaoui.ma\/index.php\/produit\/bexident-gel-topique-10-dents-sensibles-50-ml\/#primaryimage"},"image":{"@id":"https:\/\/paracherkaoui.ma\/index.php\/produit\/bexident-gel-topique-10-dents-sensibles-50-ml\/#primaryimage"},"thumbnailUrl":"https:\/\/paracherkaoui.ma\/wp-content\/uploads\/2025\/12\/bexident-bexident-gel-topique-10-dents-sensibles-50-ml-dentifrices-gencives-sensibles.jpg","datePublished":"2025-12-12T18:15:51+00:00","dateModified":"2025-12-12T18:15:56+00:00","breadcrumb":{"@id":"https:\/\/paracherkaoui.ma\/index.php\/produit\/bexident-gel-topique-10-dents-sensibles-50-ml\/#breadcrumb"},"inLanguage":"fr-FR","potentialAction":[{"@type":"ReadAction","target":["https:\/\/paracherkaoui.ma\/index.php\/produit\/bexident-gel-topique-10-dents-sensibles-50-ml\/"]}]},{"@type":"ImageObject","inLanguage":"fr-FR","@id":"https:\/\/paracherkaoui.ma\/index.php\/produit\/bexident-gel-topique-10-dents-sensibles-50-ml\/#primaryimage","url":"https:\/\/paracherkaoui.ma\/wp-content\/uploads\/2025\/12\/bexident-bexident-gel-topique-10-dents-sensibles-50-ml-dentifrices-gencives-sensibles.jpg","contentUrl":"https:\/\/paracherkaoui.ma\/wp-content\/uploads\/2025\/12\/bexident-bexident-gel-topique-10-dents-sensibles-50-ml-dentifrices-gencives-sensibles.jpg","width":700,"height":700},{"@type":"BreadcrumbList","@id":"https:\/\/paracherkaoui.ma\/index.php\/produit\/bexident-gel-topique-10-dents-sensibles-50-ml\/#breadcrumb","itemListElement":[{"@type":"ListItem","position":1,"name":"Accueil","item":"https:\/\/paracherkaoui.ma\/"},{"@type":"ListItem","position":2,"name":"Boutique","item":"https:\/\/paracherkaoui.ma\/index.php\/boutique\/"},{"@type":"ListItem","position":3,"name":"BEXIDENT GEL TOPIQUE 10% DENTS SENSIBLES 50 ML"}]},{"@type":"WebSite","@id":"https:\/\/paracherkaoui.ma\/#website","url":"https:\/\/paracherkaoui.ma\/","name":"Paracherkaoui.ma","description":"Achetez en ligne sur Paracherkaoui.ma","potentialAction":[{"@type":"SearchAction","target":{"@type":"EntryPoint","urlTemplate":"https:\/\/paracherkaoui.ma\/?s={search_term_string}"},"query-input":{"@type":"PropertyValueSpecification","valueRequired":true,"valueName":"search_term_string"}}],"inLanguage":"fr-FR"}]}},"_links":{"self":[{"href":"https:\/\/paracherkaoui.ma\/index.php\/wp-json\/wp\/v2\/product\/45495","targetHints":{"allow":["GET"]}}],"collection":[{"href":"https:\/\/paracherkaoui.ma\/index.php\/wp-json\/wp\/v2\/product"}],"about":[{"href":"https:\/\/paracherkaoui.ma\/index.php\/wp-json\/wp\/v2\/types\/product"}],"replies":[{"embeddable":true,"href":"https:\/\/paracherkaoui.ma\/index.php\/wp-json\/wp\/v2\/comments?post=45495"}],"version-history":[{"count":1,"href":"https:\/\/paracherkaoui.ma\/index.php\/wp-json\/wp\/v2\/product\/45495\/revisions"}],"predecessor-version":[{"id":45541,"href":"https:\/\/paracherkaoui.ma\/index.php\/wp-json\/wp\/v2\/product\/45495\/revisions\/45541"}],"wp:featuredmedia":[{"embeddable":true,"href":"https:\/\/paracherkaoui.ma\/index.php\/wp-json\/wp\/v2\/media\/45540"}],"wp:attachment":[{"href":"https:\/\/paracherkaoui.ma\/index.php\/wp-json\/wp\/v2\/media?parent=45495"}],"wp:term":[{"taxonomy":"product_brand","embeddable":true,"href":"https:\/\/paracherkaoui.ma\/index.php\/wp-json\/wp\/v2\/product_brand?post=45495"},{"taxonomy":"product_cat","embeddable":true,"href":"https:\/\/paracherkaoui.ma\/index.php\/wp-json\/wp\/v2\/product_cat?post=45495"},{"taxonomy":"product_tag","embeddable":true,"href":"https:\/\/paracherkaoui.ma\/index.php\/wp-json\/wp\/v2\/product_tag?post=45495"}],"curies":[{"name":"wp","href":"https:\/\/api.w.org\/{rel}","templated":true}]}}