{"id":45491,"date":"2025-12-12T19:15:51","date_gmt":"2025-12-12T18:15:51","guid":{"rendered":"https:\/\/test.ecbeaute.com\/?post_type=product&#038;p=45491"},"modified":"2025-12-12T19:15:55","modified_gmt":"2025-12-12T18:15:55","slug":"president-dentifrice-sensitive-50-ml","status":"publish","type":"product","link":"https:\/\/paracherkaoui.ma\/index.php\/produit\/president-dentifrice-sensitive-50-ml\/","title":{"rendered":"PRESIDENT DENTIFRICE SENSITIVE 50 ML"},"content":{"rendered":"<p>A base de Potassium Nitrate (une substance en mesure d\u2019interrompre l\u2019\u00e9change des signaux entre les cellules des nerfs des dents), de Sodium Fluorure et d\u2019hydroxyapatite (qui favoris l\u2019occlusion progressive des tubules dentinaires), le dentifrice est indiqu\u00e9 comme traitement de la sensibilit\u00e9 dentinaire, la sensation fastidieuse ou douloureuse que l\u2019on aper\u00e7oit quand la dentine, une des parties les plus sensibles de la dent, se met \u00e0 nu, permettant aux stimules externes (chaud-froid, doux -acide) de rejoindre les terminaisons nerveuses situ\u00e9es dans la pulpe de la dent.<br \/>\nLes causes de l\u2019apparition de la sensibilit\u00e9 dentinaire peuvent \u00eatre multiples : pas seulement la r\u00e9cession gingivale ou les traumas post-op\u00e9ratoires, mais aussi un brossage insistent avec des dentifrices abrasifs ou avec des brosses \u00e0 dents tr\u00e8s dures. La formulation de ce dentifrice est caract\u00e9ris\u00e9e par une basse abrasivit\u00e9 pour \u00eatre plus d\u00e9licate sur l\u2019email et sur les gencives et contient extraits v\u00e9g\u00e9taux de Tilleul, Camomille et le Bisabololo, un compos\u00e9 contenu dans l\u2019huile essentielle de Camomille avec des tr\u00e8s propri\u00e9t\u00e9s l\u00e9nitives sur les tissues de la cavit\u00e9 oral- pharyng\u00e9e.<br \/>\nContient Sodium fluoride (1350 ppm F-) Enfants jusqu\u2019\u00e0 6 ans : utiliser une petite quantit\u00e9 de dentifrice sous la supervision d\u2019un adulte pour r\u00e9duire au minimum l\u2019ingestion.<\/p>\n","protected":false},"excerpt":{"rendered":"<p>A base de Potassium Nitrate (une substance en mesure d\u2019interrompre l\u2019\u00e9change des signaux entre les cellules des nerfs des dents),<\/p>\n","protected":false},"featured_media":45532,"comment_status":"open","ping_status":"closed","template":"","meta":[],"product_brand":[803],"product_cat":[824],"product_tag":[],"class_list":{"0":"post-45491","1":"product","2":"type-product","3":"status-publish","4":"has-post-thumbnail","6":"product_brand-president","7":"product_cat-dentifrices-gencives-sensibles","9":"first","10":"instock","11":"sale","12":"shipping-taxable","13":"purchasable","14":"product-type-simple"},"yoast_head":"<!-- This site is optimized with the Yoast SEO plugin v26.6 - https:\/\/yoast.com\/wordpress\/plugins\/seo\/ -->\r\n<title>PRESIDENT DENTIFRICE SENSITIVE 50 ML - Paracherkaoui.ma<\/title>\r\n<meta name=\"robots\" content=\"index, follow, max-snippet:-1, max-image-preview:large, max-video-preview:-1\" \/>\r\n<link rel=\"canonical\" href=\"https:\/\/paracherkaoui.ma\/index.php\/produit\/president-dentifrice-sensitive-50-ml\/\" \/>\r\n<meta property=\"og:locale\" content=\"fr_FR\" \/>\r\n<meta property=\"og:type\" content=\"article\" \/>\r\n<meta property=\"og:title\" content=\"PRESIDENT DENTIFRICE SENSITIVE 50 ML - Paracherkaoui.ma\" \/>\r\n<meta property=\"og:description\" content=\"A base de Potassium Nitrate (une substance en mesure d\u2019interrompre l\u2019\u00e9change des signaux entre les cellules des nerfs des dents),\" \/>\r\n<meta property=\"og:url\" content=\"https:\/\/paracherkaoui.ma\/index.php\/produit\/president-dentifrice-sensitive-50-ml\/\" \/>\r\n<meta property=\"og:site_name\" content=\"Paracherkaoui.ma\" \/>\r\n<meta property=\"article:modified_time\" content=\"2025-12-12T18:15:55+00:00\" \/>\r\n<meta property=\"og:image\" content=\"https:\/\/paracherkaoui.ma\/wp-content\/uploads\/2025\/12\/president-dentifrice-sensitive-50-ml.jpg\" \/>\r\n\t<meta property=\"og:image:width\" content=\"700\" \/>\r\n\t<meta property=\"og:image:height\" content=\"700\" \/>\r\n\t<meta property=\"og:image:type\" content=\"image\/jpeg\" \/>\r\n<meta name=\"twitter:card\" content=\"summary_large_image\" \/>\r\n<meta name=\"twitter:label1\" content=\"Dur\u00e9e de lecture estim\u00e9e\" \/>\n\t<meta name=\"twitter:data1\" content=\"1 minute\" \/>\r\n<script type=\"application\/ld+json\" class=\"yoast-schema-graph\">{\"@context\":\"https:\/\/schema.org\",\"@graph\":[{\"@type\":\"WebPage\",\"@id\":\"https:\/\/paracherkaoui.ma\/index.php\/produit\/president-dentifrice-sensitive-50-ml\/\",\"url\":\"https:\/\/paracherkaoui.ma\/index.php\/produit\/president-dentifrice-sensitive-50-ml\/\",\"name\":\"PRESIDENT DENTIFRICE SENSITIVE 50 ML - Paracherkaoui.ma\",\"isPartOf\":{\"@id\":\"https:\/\/paracherkaoui.ma\/#website\"},\"primaryImageOfPage\":{\"@id\":\"https:\/\/paracherkaoui.ma\/index.php\/produit\/president-dentifrice-sensitive-50-ml\/#primaryimage\"},\"image\":{\"@id\":\"https:\/\/paracherkaoui.ma\/index.php\/produit\/president-dentifrice-sensitive-50-ml\/#primaryimage\"},\"thumbnailUrl\":\"https:\/\/paracherkaoui.ma\/wp-content\/uploads\/2025\/12\/president-dentifrice-sensitive-50-ml.jpg\",\"datePublished\":\"2025-12-12T18:15:51+00:00\",\"dateModified\":\"2025-12-12T18:15:55+00:00\",\"breadcrumb\":{\"@id\":\"https:\/\/paracherkaoui.ma\/index.php\/produit\/president-dentifrice-sensitive-50-ml\/#breadcrumb\"},\"inLanguage\":\"fr-FR\",\"potentialAction\":[{\"@type\":\"ReadAction\",\"target\":[\"https:\/\/paracherkaoui.ma\/index.php\/produit\/president-dentifrice-sensitive-50-ml\/\"]}]},{\"@type\":\"ImageObject\",\"inLanguage\":\"fr-FR\",\"@id\":\"https:\/\/paracherkaoui.ma\/index.php\/produit\/president-dentifrice-sensitive-50-ml\/#primaryimage\",\"url\":\"https:\/\/paracherkaoui.ma\/wp-content\/uploads\/2025\/12\/president-dentifrice-sensitive-50-ml.jpg\",\"contentUrl\":\"https:\/\/paracherkaoui.ma\/wp-content\/uploads\/2025\/12\/president-dentifrice-sensitive-50-ml.jpg\",\"width\":700,\"height\":700},{\"@type\":\"BreadcrumbList\",\"@id\":\"https:\/\/paracherkaoui.ma\/index.php\/produit\/president-dentifrice-sensitive-50-ml\/#breadcrumb\",\"itemListElement\":[{\"@type\":\"ListItem\",\"position\":1,\"name\":\"Accueil\",\"item\":\"https:\/\/paracherkaoui.ma\/\"},{\"@type\":\"ListItem\",\"position\":2,\"name\":\"Boutique\",\"item\":\"https:\/\/paracherkaoui.ma\/index.php\/boutique\/\"},{\"@type\":\"ListItem\",\"position\":3,\"name\":\"PRESIDENT DENTIFRICE SENSITIVE 50 ML\"}]},{\"@type\":\"WebSite\",\"@id\":\"https:\/\/paracherkaoui.ma\/#website\",\"url\":\"https:\/\/paracherkaoui.ma\/\",\"name\":\"Paracherkaoui.ma\",\"description\":\"Achetez en ligne sur Paracherkaoui.ma\",\"potentialAction\":[{\"@type\":\"SearchAction\",\"target\":{\"@type\":\"EntryPoint\",\"urlTemplate\":\"https:\/\/paracherkaoui.ma\/?s={search_term_string}\"},\"query-input\":{\"@type\":\"PropertyValueSpecification\",\"valueRequired\":true,\"valueName\":\"search_term_string\"}}],\"inLanguage\":\"fr-FR\"}]}<\/script>\r\n<!-- \/ Yoast SEO plugin. -->","yoast_head_json":{"title":"PRESIDENT DENTIFRICE SENSITIVE 50 ML - Paracherkaoui.ma","robots":{"index":"index","follow":"follow","max-snippet":"max-snippet:-1","max-image-preview":"max-image-preview:large","max-video-preview":"max-video-preview:-1"},"canonical":"https:\/\/paracherkaoui.ma\/index.php\/produit\/president-dentifrice-sensitive-50-ml\/","og_locale":"fr_FR","og_type":"article","og_title":"PRESIDENT DENTIFRICE SENSITIVE 50 ML - Paracherkaoui.ma","og_description":"A base de Potassium Nitrate (une substance en mesure d\u2019interrompre l\u2019\u00e9change des signaux entre les cellules des nerfs des dents),","og_url":"https:\/\/paracherkaoui.ma\/index.php\/produit\/president-dentifrice-sensitive-50-ml\/","og_site_name":"Paracherkaoui.ma","article_modified_time":"2025-12-12T18:15:55+00:00","og_image":[{"width":700,"height":700,"url":"https:\/\/paracherkaoui.ma\/wp-content\/uploads\/2025\/12\/president-dentifrice-sensitive-50-ml.jpg","type":"image\/jpeg"}],"twitter_card":"summary_large_image","twitter_misc":{"Dur\u00e9e de lecture estim\u00e9e":"1 minute"},"schema":{"@context":"https:\/\/schema.org","@graph":[{"@type":"WebPage","@id":"https:\/\/paracherkaoui.ma\/index.php\/produit\/president-dentifrice-sensitive-50-ml\/","url":"https:\/\/paracherkaoui.ma\/index.php\/produit\/president-dentifrice-sensitive-50-ml\/","name":"PRESIDENT DENTIFRICE SENSITIVE 50 ML - Paracherkaoui.ma","isPartOf":{"@id":"https:\/\/paracherkaoui.ma\/#website"},"primaryImageOfPage":{"@id":"https:\/\/paracherkaoui.ma\/index.php\/produit\/president-dentifrice-sensitive-50-ml\/#primaryimage"},"image":{"@id":"https:\/\/paracherkaoui.ma\/index.php\/produit\/president-dentifrice-sensitive-50-ml\/#primaryimage"},"thumbnailUrl":"https:\/\/paracherkaoui.ma\/wp-content\/uploads\/2025\/12\/president-dentifrice-sensitive-50-ml.jpg","datePublished":"2025-12-12T18:15:51+00:00","dateModified":"2025-12-12T18:15:55+00:00","breadcrumb":{"@id":"https:\/\/paracherkaoui.ma\/index.php\/produit\/president-dentifrice-sensitive-50-ml\/#breadcrumb"},"inLanguage":"fr-FR","potentialAction":[{"@type":"ReadAction","target":["https:\/\/paracherkaoui.ma\/index.php\/produit\/president-dentifrice-sensitive-50-ml\/"]}]},{"@type":"ImageObject","inLanguage":"fr-FR","@id":"https:\/\/paracherkaoui.ma\/index.php\/produit\/president-dentifrice-sensitive-50-ml\/#primaryimage","url":"https:\/\/paracherkaoui.ma\/wp-content\/uploads\/2025\/12\/president-dentifrice-sensitive-50-ml.jpg","contentUrl":"https:\/\/paracherkaoui.ma\/wp-content\/uploads\/2025\/12\/president-dentifrice-sensitive-50-ml.jpg","width":700,"height":700},{"@type":"BreadcrumbList","@id":"https:\/\/paracherkaoui.ma\/index.php\/produit\/president-dentifrice-sensitive-50-ml\/#breadcrumb","itemListElement":[{"@type":"ListItem","position":1,"name":"Accueil","item":"https:\/\/paracherkaoui.ma\/"},{"@type":"ListItem","position":2,"name":"Boutique","item":"https:\/\/paracherkaoui.ma\/index.php\/boutique\/"},{"@type":"ListItem","position":3,"name":"PRESIDENT DENTIFRICE SENSITIVE 50 ML"}]},{"@type":"WebSite","@id":"https:\/\/paracherkaoui.ma\/#website","url":"https:\/\/paracherkaoui.ma\/","name":"Paracherkaoui.ma","description":"Achetez en ligne sur Paracherkaoui.ma","potentialAction":[{"@type":"SearchAction","target":{"@type":"EntryPoint","urlTemplate":"https:\/\/paracherkaoui.ma\/?s={search_term_string}"},"query-input":{"@type":"PropertyValueSpecification","valueRequired":true,"valueName":"search_term_string"}}],"inLanguage":"fr-FR"}]}},"_links":{"self":[{"href":"https:\/\/paracherkaoui.ma\/index.php\/wp-json\/wp\/v2\/product\/45491","targetHints":{"allow":["GET"]}}],"collection":[{"href":"https:\/\/paracherkaoui.ma\/index.php\/wp-json\/wp\/v2\/product"}],"about":[{"href":"https:\/\/paracherkaoui.ma\/index.php\/wp-json\/wp\/v2\/types\/product"}],"replies":[{"embeddable":true,"href":"https:\/\/paracherkaoui.ma\/index.php\/wp-json\/wp\/v2\/comments?post=45491"}],"version-history":[{"count":1,"href":"https:\/\/paracherkaoui.ma\/index.php\/wp-json\/wp\/v2\/product\/45491\/revisions"}],"predecessor-version":[{"id":45533,"href":"https:\/\/paracherkaoui.ma\/index.php\/wp-json\/wp\/v2\/product\/45491\/revisions\/45533"}],"wp:featuredmedia":[{"embeddable":true,"href":"https:\/\/paracherkaoui.ma\/index.php\/wp-json\/wp\/v2\/media\/45532"}],"wp:attachment":[{"href":"https:\/\/paracherkaoui.ma\/index.php\/wp-json\/wp\/v2\/media?parent=45491"}],"wp:term":[{"taxonomy":"product_brand","embeddable":true,"href":"https:\/\/paracherkaoui.ma\/index.php\/wp-json\/wp\/v2\/product_brand?post=45491"},{"taxonomy":"product_cat","embeddable":true,"href":"https:\/\/paracherkaoui.ma\/index.php\/wp-json\/wp\/v2\/product_cat?post=45491"},{"taxonomy":"product_tag","embeddable":true,"href":"https:\/\/paracherkaoui.ma\/index.php\/wp-json\/wp\/v2\/product_tag?post=45491"}],"curies":[{"name":"wp","href":"https:\/\/api.w.org\/{rel}","templated":true}]}}