{"id":45485,"date":"2025-12-12T19:15:50","date_gmt":"2025-12-12T18:15:50","guid":{"rendered":"https:\/\/test.ecbeaute.com\/?post_type=product&#038;p=45485"},"modified":"2025-12-12T19:15:53","modified_gmt":"2025-12-12T18:15:53","slug":"gum-aftaclear-gel-10-ml-ref-2400","status":"publish","type":"product","link":"https:\/\/paracherkaoui.ma\/index.php\/produit\/gum-aftaclear-gel-10-ml-ref-2400\/","title":{"rendered":"GUM AFTACLEAR GEL 10 ML REF 2400"},"content":{"rendered":"<p>GUM Afta Clear Gel 10 ml est un gel sp\u00e9cialement con\u00e7u pour soulager efficacement les aphtes et l\u00e9sions buccales.<\/p>\n<p>Id\u00e9al pour traiter les aphtes, blessures orthodontiques, irritations li\u00e9es aux proth\u00e8ses dentaires, br\u00fblures mineures et autres petites l\u00e9sions buccales, ce gel soulage imm\u00e9diatement et durablement la douleur. Il permet une cicatrisation rapide et non irritante, il ne pique pas et ne br\u00fble pas, n&rsquo;ass\u00e8che pas et n&rsquo;engourdit pas la bouche.<\/p>\n<p>Il convient aussi bien \u00e0 l&rsquo;adulte qu&rsquo;\u00e0 l&rsquo;enfant.<\/p>\n<p>Sans alcool.<br \/>\nConseil d&rsquo;utilisation<br \/>\nAppliquer 2 \u00e0 3 fois par jour ou plus si n\u00e9cessaire apr\u00e8s les repas pendant une semaine jusqu&rsquo;\u00e0 disparition des sympt\u00f4mes.<br \/>\nIndication : Traiter les aphtes, blessures orthodontiques, irritations li\u00e9es aux proth\u00e8ses dentaires, br\u00fblures mineures et autres petites l\u00e9sions buccales.<\/p>\n","protected":false},"excerpt":{"rendered":"<p>GUM Afta Clear Gel 10 ml est un gel sp\u00e9cialement con\u00e7u pour soulager efficacement les aphtes et l\u00e9sions buccales. Id\u00e9al<\/p>\n","protected":false},"featured_media":45520,"comment_status":"open","ping_status":"closed","template":"","meta":[],"product_brand":[800],"product_cat":[824],"product_tag":[],"class_list":{"0":"post-45485","1":"product","2":"type-product","3":"status-publish","4":"has-post-thumbnail","6":"product_brand-gum","7":"product_cat-dentifrices-gencives-sensibles","9":"first","10":"instock","11":"sale","12":"shipping-taxable","13":"purchasable","14":"product-type-simple"},"yoast_head":"<!-- This site is optimized with the Yoast SEO plugin v26.6 - https:\/\/yoast.com\/wordpress\/plugins\/seo\/ -->\r\n<title>GUM AFTACLEAR GEL 10 ML REF 2400 - Paracherkaoui.ma<\/title>\r\n<meta name=\"robots\" content=\"index, follow, max-snippet:-1, max-image-preview:large, max-video-preview:-1\" \/>\r\n<link rel=\"canonical\" href=\"https:\/\/paracherkaoui.ma\/index.php\/produit\/gum-aftaclear-gel-10-ml-ref-2400\/\" \/>\r\n<meta property=\"og:locale\" content=\"fr_FR\" \/>\r\n<meta property=\"og:type\" content=\"article\" \/>\r\n<meta property=\"og:title\" content=\"GUM AFTACLEAR GEL 10 ML REF 2400 - Paracherkaoui.ma\" \/>\r\n<meta property=\"og:description\" content=\"GUM Afta Clear Gel 10 ml est un gel sp\u00e9cialement con\u00e7u pour soulager efficacement les aphtes et l\u00e9sions buccales. Id\u00e9al\" \/>\r\n<meta property=\"og:url\" content=\"https:\/\/paracherkaoui.ma\/index.php\/produit\/gum-aftaclear-gel-10-ml-ref-2400\/\" \/>\r\n<meta property=\"og:site_name\" content=\"Paracherkaoui.ma\" \/>\r\n<meta property=\"article:modified_time\" content=\"2025-12-12T18:15:53+00:00\" \/>\r\n<meta property=\"og:image\" content=\"https:\/\/paracherkaoui.ma\/wp-content\/uploads\/2025\/12\/gum-gum-aftaclear-gel-10-ml-ref-2400-dentifrices-gencives-sensibles.jpg\" \/>\r\n\t<meta property=\"og:image:width\" content=\"700\" \/>\r\n\t<meta property=\"og:image:height\" content=\"700\" \/>\r\n\t<meta property=\"og:image:type\" content=\"image\/jpeg\" \/>\r\n<meta name=\"twitter:card\" content=\"summary_large_image\" \/>\r\n<meta name=\"twitter:label1\" content=\"Dur\u00e9e de lecture estim\u00e9e\" \/>\n\t<meta name=\"twitter:data1\" content=\"1 minute\" \/>\r\n<script type=\"application\/ld+json\" class=\"yoast-schema-graph\">{\"@context\":\"https:\/\/schema.org\",\"@graph\":[{\"@type\":\"WebPage\",\"@id\":\"https:\/\/paracherkaoui.ma\/index.php\/produit\/gum-aftaclear-gel-10-ml-ref-2400\/\",\"url\":\"https:\/\/paracherkaoui.ma\/index.php\/produit\/gum-aftaclear-gel-10-ml-ref-2400\/\",\"name\":\"GUM AFTACLEAR GEL 10 ML REF 2400 - Paracherkaoui.ma\",\"isPartOf\":{\"@id\":\"https:\/\/paracherkaoui.ma\/#website\"},\"primaryImageOfPage\":{\"@id\":\"https:\/\/paracherkaoui.ma\/index.php\/produit\/gum-aftaclear-gel-10-ml-ref-2400\/#primaryimage\"},\"image\":{\"@id\":\"https:\/\/paracherkaoui.ma\/index.php\/produit\/gum-aftaclear-gel-10-ml-ref-2400\/#primaryimage\"},\"thumbnailUrl\":\"https:\/\/paracherkaoui.ma\/wp-content\/uploads\/2025\/12\/gum-gum-aftaclear-gel-10-ml-ref-2400-dentifrices-gencives-sensibles.jpg\",\"datePublished\":\"2025-12-12T18:15:50+00:00\",\"dateModified\":\"2025-12-12T18:15:53+00:00\",\"breadcrumb\":{\"@id\":\"https:\/\/paracherkaoui.ma\/index.php\/produit\/gum-aftaclear-gel-10-ml-ref-2400\/#breadcrumb\"},\"inLanguage\":\"fr-FR\",\"potentialAction\":[{\"@type\":\"ReadAction\",\"target\":[\"https:\/\/paracherkaoui.ma\/index.php\/produit\/gum-aftaclear-gel-10-ml-ref-2400\/\"]}]},{\"@type\":\"ImageObject\",\"inLanguage\":\"fr-FR\",\"@id\":\"https:\/\/paracherkaoui.ma\/index.php\/produit\/gum-aftaclear-gel-10-ml-ref-2400\/#primaryimage\",\"url\":\"https:\/\/paracherkaoui.ma\/wp-content\/uploads\/2025\/12\/gum-gum-aftaclear-gel-10-ml-ref-2400-dentifrices-gencives-sensibles.jpg\",\"contentUrl\":\"https:\/\/paracherkaoui.ma\/wp-content\/uploads\/2025\/12\/gum-gum-aftaclear-gel-10-ml-ref-2400-dentifrices-gencives-sensibles.jpg\",\"width\":700,\"height\":700},{\"@type\":\"BreadcrumbList\",\"@id\":\"https:\/\/paracherkaoui.ma\/index.php\/produit\/gum-aftaclear-gel-10-ml-ref-2400\/#breadcrumb\",\"itemListElement\":[{\"@type\":\"ListItem\",\"position\":1,\"name\":\"Accueil\",\"item\":\"https:\/\/paracherkaoui.ma\/\"},{\"@type\":\"ListItem\",\"position\":2,\"name\":\"Boutique\",\"item\":\"https:\/\/paracherkaoui.ma\/index.php\/boutique\/\"},{\"@type\":\"ListItem\",\"position\":3,\"name\":\"GUM AFTACLEAR GEL 10 ML REF 2400\"}]},{\"@type\":\"WebSite\",\"@id\":\"https:\/\/paracherkaoui.ma\/#website\",\"url\":\"https:\/\/paracherkaoui.ma\/\",\"name\":\"Paracherkaoui.ma\",\"description\":\"Achetez en ligne sur Paracherkaoui.ma\",\"potentialAction\":[{\"@type\":\"SearchAction\",\"target\":{\"@type\":\"EntryPoint\",\"urlTemplate\":\"https:\/\/paracherkaoui.ma\/?s={search_term_string}\"},\"query-input\":{\"@type\":\"PropertyValueSpecification\",\"valueRequired\":true,\"valueName\":\"search_term_string\"}}],\"inLanguage\":\"fr-FR\"}]}<\/script>\r\n<!-- \/ Yoast SEO plugin. -->","yoast_head_json":{"title":"GUM AFTACLEAR GEL 10 ML REF 2400 - Paracherkaoui.ma","robots":{"index":"index","follow":"follow","max-snippet":"max-snippet:-1","max-image-preview":"max-image-preview:large","max-video-preview":"max-video-preview:-1"},"canonical":"https:\/\/paracherkaoui.ma\/index.php\/produit\/gum-aftaclear-gel-10-ml-ref-2400\/","og_locale":"fr_FR","og_type":"article","og_title":"GUM AFTACLEAR GEL 10 ML REF 2400 - Paracherkaoui.ma","og_description":"GUM Afta Clear Gel 10 ml est un gel sp\u00e9cialement con\u00e7u pour soulager efficacement les aphtes et l\u00e9sions buccales. Id\u00e9al","og_url":"https:\/\/paracherkaoui.ma\/index.php\/produit\/gum-aftaclear-gel-10-ml-ref-2400\/","og_site_name":"Paracherkaoui.ma","article_modified_time":"2025-12-12T18:15:53+00:00","og_image":[{"width":700,"height":700,"url":"https:\/\/paracherkaoui.ma\/wp-content\/uploads\/2025\/12\/gum-gum-aftaclear-gel-10-ml-ref-2400-dentifrices-gencives-sensibles.jpg","type":"image\/jpeg"}],"twitter_card":"summary_large_image","twitter_misc":{"Dur\u00e9e de lecture estim\u00e9e":"1 minute"},"schema":{"@context":"https:\/\/schema.org","@graph":[{"@type":"WebPage","@id":"https:\/\/paracherkaoui.ma\/index.php\/produit\/gum-aftaclear-gel-10-ml-ref-2400\/","url":"https:\/\/paracherkaoui.ma\/index.php\/produit\/gum-aftaclear-gel-10-ml-ref-2400\/","name":"GUM AFTACLEAR GEL 10 ML REF 2400 - Paracherkaoui.ma","isPartOf":{"@id":"https:\/\/paracherkaoui.ma\/#website"},"primaryImageOfPage":{"@id":"https:\/\/paracherkaoui.ma\/index.php\/produit\/gum-aftaclear-gel-10-ml-ref-2400\/#primaryimage"},"image":{"@id":"https:\/\/paracherkaoui.ma\/index.php\/produit\/gum-aftaclear-gel-10-ml-ref-2400\/#primaryimage"},"thumbnailUrl":"https:\/\/paracherkaoui.ma\/wp-content\/uploads\/2025\/12\/gum-gum-aftaclear-gel-10-ml-ref-2400-dentifrices-gencives-sensibles.jpg","datePublished":"2025-12-12T18:15:50+00:00","dateModified":"2025-12-12T18:15:53+00:00","breadcrumb":{"@id":"https:\/\/paracherkaoui.ma\/index.php\/produit\/gum-aftaclear-gel-10-ml-ref-2400\/#breadcrumb"},"inLanguage":"fr-FR","potentialAction":[{"@type":"ReadAction","target":["https:\/\/paracherkaoui.ma\/index.php\/produit\/gum-aftaclear-gel-10-ml-ref-2400\/"]}]},{"@type":"ImageObject","inLanguage":"fr-FR","@id":"https:\/\/paracherkaoui.ma\/index.php\/produit\/gum-aftaclear-gel-10-ml-ref-2400\/#primaryimage","url":"https:\/\/paracherkaoui.ma\/wp-content\/uploads\/2025\/12\/gum-gum-aftaclear-gel-10-ml-ref-2400-dentifrices-gencives-sensibles.jpg","contentUrl":"https:\/\/paracherkaoui.ma\/wp-content\/uploads\/2025\/12\/gum-gum-aftaclear-gel-10-ml-ref-2400-dentifrices-gencives-sensibles.jpg","width":700,"height":700},{"@type":"BreadcrumbList","@id":"https:\/\/paracherkaoui.ma\/index.php\/produit\/gum-aftaclear-gel-10-ml-ref-2400\/#breadcrumb","itemListElement":[{"@type":"ListItem","position":1,"name":"Accueil","item":"https:\/\/paracherkaoui.ma\/"},{"@type":"ListItem","position":2,"name":"Boutique","item":"https:\/\/paracherkaoui.ma\/index.php\/boutique\/"},{"@type":"ListItem","position":3,"name":"GUM AFTACLEAR GEL 10 ML REF 2400"}]},{"@type":"WebSite","@id":"https:\/\/paracherkaoui.ma\/#website","url":"https:\/\/paracherkaoui.ma\/","name":"Paracherkaoui.ma","description":"Achetez en ligne sur Paracherkaoui.ma","potentialAction":[{"@type":"SearchAction","target":{"@type":"EntryPoint","urlTemplate":"https:\/\/paracherkaoui.ma\/?s={search_term_string}"},"query-input":{"@type":"PropertyValueSpecification","valueRequired":true,"valueName":"search_term_string"}}],"inLanguage":"fr-FR"}]}},"_links":{"self":[{"href":"https:\/\/paracherkaoui.ma\/index.php\/wp-json\/wp\/v2\/product\/45485","targetHints":{"allow":["GET"]}}],"collection":[{"href":"https:\/\/paracherkaoui.ma\/index.php\/wp-json\/wp\/v2\/product"}],"about":[{"href":"https:\/\/paracherkaoui.ma\/index.php\/wp-json\/wp\/v2\/types\/product"}],"replies":[{"embeddable":true,"href":"https:\/\/paracherkaoui.ma\/index.php\/wp-json\/wp\/v2\/comments?post=45485"}],"version-history":[{"count":1,"href":"https:\/\/paracherkaoui.ma\/index.php\/wp-json\/wp\/v2\/product\/45485\/revisions"}],"predecessor-version":[{"id":45521,"href":"https:\/\/paracherkaoui.ma\/index.php\/wp-json\/wp\/v2\/product\/45485\/revisions\/45521"}],"wp:featuredmedia":[{"embeddable":true,"href":"https:\/\/paracherkaoui.ma\/index.php\/wp-json\/wp\/v2\/media\/45520"}],"wp:attachment":[{"href":"https:\/\/paracherkaoui.ma\/index.php\/wp-json\/wp\/v2\/media?parent=45485"}],"wp:term":[{"taxonomy":"product_brand","embeddable":true,"href":"https:\/\/paracherkaoui.ma\/index.php\/wp-json\/wp\/v2\/product_brand?post=45485"},{"taxonomy":"product_cat","embeddable":true,"href":"https:\/\/paracherkaoui.ma\/index.php\/wp-json\/wp\/v2\/product_cat?post=45485"},{"taxonomy":"product_tag","embeddable":true,"href":"https:\/\/paracherkaoui.ma\/index.php\/wp-json\/wp\/v2\/product_tag?post=45485"}],"curies":[{"name":"wp","href":"https:\/\/api.w.org\/{rel}","templated":true}]}}