{"id":45484,"date":"2025-12-12T19:15:50","date_gmt":"2025-12-12T18:15:50","guid":{"rendered":"https:\/\/test.ecbeaute.com\/?post_type=product&#038;p=45484"},"modified":"2025-12-12T19:15:53","modified_gmt":"2025-12-12T18:15:53","slug":"novafix-creme-adhesive-20g","status":"publish","type":"product","link":"https:\/\/paracherkaoui.ma\/index.php\/produit\/novafix-creme-adhesive-20g\/","title":{"rendered":"NOVAFIX CREME ADHESIVE 20G"},"content":{"rendered":"<p>adh\u00e9sif pour proth\u00e8ses dentaires, particuli\u00e8rement adapt\u00e9 pour les proth\u00e8ses tr\u00e8s us\u00e9s.<br \/>\nCONSEILS D&rsquo;UTILISATION :<br \/>\nAvant l&rsquo;application, la dentition doit \u00eatre propre. Deux. Appliquer petites bandes Novafix sur les dents. La quantit\u00e9 exacte n\u00e9cessaire variera en fonction de la individuellement dents. Essayez d&rsquo;abord avec une petite quantit\u00e9 et augmenter si n\u00e9cessaire, dans les applications suivantes \u00e0 obtner ajustement parfait et confortable. Trois. Placer la proth\u00e8se dans sa position naturelle et appuyer fermement. Avril. Fermer herm\u00e9tiquement le tube apr\u00e8s chaque application. Peut. Si la bouche s\u00e8che, appliquer la cr\u00e8me sur les proth\u00e8ses adh\u00e9sives humides et la bouche Imm\u00e9diatement avant le placement. ALLERGIE AU LATEX Ne contient pas de latex.<\/p>\n","protected":false},"excerpt":{"rendered":"<p>adh\u00e9sif pour proth\u00e8ses dentaires, particuli\u00e8rement adapt\u00e9 pour les proth\u00e8ses tr\u00e8s us\u00e9s. CONSEILS D&rsquo;UTILISATION : Avant l&rsquo;application, la dentition doit \u00eatre<\/p>\n","protected":false},"featured_media":45518,"comment_status":"open","ping_status":"closed","template":"","meta":[],"product_brand":[825],"product_cat":[824],"product_tag":[],"class_list":{"0":"post-45484","1":"product","2":"type-product","3":"status-publish","4":"has-post-thumbnail","6":"product_brand-novafix","7":"product_cat-dentifrices-gencives-sensibles","9":"first","10":"instock","11":"sale","12":"shipping-taxable","13":"purchasable","14":"product-type-simple"},"yoast_head":"<!-- This site is optimized with the Yoast SEO plugin v26.6 - https:\/\/yoast.com\/wordpress\/plugins\/seo\/ -->\r\n<title>NOVAFIX CREME ADHESIVE 20G - Paracherkaoui.ma<\/title>\r\n<meta name=\"robots\" content=\"index, follow, max-snippet:-1, max-image-preview:large, max-video-preview:-1\" \/>\r\n<link rel=\"canonical\" href=\"https:\/\/paracherkaoui.ma\/index.php\/produit\/novafix-creme-adhesive-20g\/\" \/>\r\n<meta property=\"og:locale\" content=\"fr_FR\" \/>\r\n<meta property=\"og:type\" content=\"article\" \/>\r\n<meta property=\"og:title\" content=\"NOVAFIX CREME ADHESIVE 20G - Paracherkaoui.ma\" \/>\r\n<meta property=\"og:description\" content=\"adh\u00e9sif pour proth\u00e8ses dentaires, particuli\u00e8rement adapt\u00e9 pour les proth\u00e8ses tr\u00e8s us\u00e9s. CONSEILS D&rsquo;UTILISATION : Avant l&rsquo;application, la dentition doit \u00eatre\" \/>\r\n<meta property=\"og:url\" content=\"https:\/\/paracherkaoui.ma\/index.php\/produit\/novafix-creme-adhesive-20g\/\" \/>\r\n<meta property=\"og:site_name\" content=\"Paracherkaoui.ma\" \/>\r\n<meta property=\"article:modified_time\" content=\"2025-12-12T18:15:53+00:00\" \/>\r\n<meta property=\"og:image\" content=\"https:\/\/paracherkaoui.ma\/wp-content\/uploads\/2025\/12\/novafix-novafix-creme-adhesive-20g-dentaire.jpg\" \/>\r\n\t<meta property=\"og:image:width\" content=\"700\" \/>\r\n\t<meta property=\"og:image:height\" content=\"700\" \/>\r\n\t<meta property=\"og:image:type\" content=\"image\/jpeg\" \/>\r\n<meta name=\"twitter:card\" content=\"summary_large_image\" \/>\r\n<meta name=\"twitter:label1\" content=\"Dur\u00e9e de lecture estim\u00e9e\" \/>\n\t<meta name=\"twitter:data1\" content=\"1 minute\" \/>\r\n<script type=\"application\/ld+json\" class=\"yoast-schema-graph\">{\"@context\":\"https:\/\/schema.org\",\"@graph\":[{\"@type\":\"WebPage\",\"@id\":\"https:\/\/paracherkaoui.ma\/index.php\/produit\/novafix-creme-adhesive-20g\/\",\"url\":\"https:\/\/paracherkaoui.ma\/index.php\/produit\/novafix-creme-adhesive-20g\/\",\"name\":\"NOVAFIX CREME ADHESIVE 20G - Paracherkaoui.ma\",\"isPartOf\":{\"@id\":\"https:\/\/paracherkaoui.ma\/#website\"},\"primaryImageOfPage\":{\"@id\":\"https:\/\/paracherkaoui.ma\/index.php\/produit\/novafix-creme-adhesive-20g\/#primaryimage\"},\"image\":{\"@id\":\"https:\/\/paracherkaoui.ma\/index.php\/produit\/novafix-creme-adhesive-20g\/#primaryimage\"},\"thumbnailUrl\":\"https:\/\/paracherkaoui.ma\/wp-content\/uploads\/2025\/12\/novafix-novafix-creme-adhesive-20g-dentaire.jpg\",\"datePublished\":\"2025-12-12T18:15:50+00:00\",\"dateModified\":\"2025-12-12T18:15:53+00:00\",\"breadcrumb\":{\"@id\":\"https:\/\/paracherkaoui.ma\/index.php\/produit\/novafix-creme-adhesive-20g\/#breadcrumb\"},\"inLanguage\":\"fr-FR\",\"potentialAction\":[{\"@type\":\"ReadAction\",\"target\":[\"https:\/\/paracherkaoui.ma\/index.php\/produit\/novafix-creme-adhesive-20g\/\"]}]},{\"@type\":\"ImageObject\",\"inLanguage\":\"fr-FR\",\"@id\":\"https:\/\/paracherkaoui.ma\/index.php\/produit\/novafix-creme-adhesive-20g\/#primaryimage\",\"url\":\"https:\/\/paracherkaoui.ma\/wp-content\/uploads\/2025\/12\/novafix-novafix-creme-adhesive-20g-dentaire.jpg\",\"contentUrl\":\"https:\/\/paracherkaoui.ma\/wp-content\/uploads\/2025\/12\/novafix-novafix-creme-adhesive-20g-dentaire.jpg\",\"width\":700,\"height\":700},{\"@type\":\"BreadcrumbList\",\"@id\":\"https:\/\/paracherkaoui.ma\/index.php\/produit\/novafix-creme-adhesive-20g\/#breadcrumb\",\"itemListElement\":[{\"@type\":\"ListItem\",\"position\":1,\"name\":\"Accueil\",\"item\":\"https:\/\/paracherkaoui.ma\/\"},{\"@type\":\"ListItem\",\"position\":2,\"name\":\"Boutique\",\"item\":\"https:\/\/paracherkaoui.ma\/index.php\/boutique\/\"},{\"@type\":\"ListItem\",\"position\":3,\"name\":\"NOVAFIX CREME ADHESIVE 20G\"}]},{\"@type\":\"WebSite\",\"@id\":\"https:\/\/paracherkaoui.ma\/#website\",\"url\":\"https:\/\/paracherkaoui.ma\/\",\"name\":\"Paracherkaoui.ma\",\"description\":\"Achetez en ligne sur Paracherkaoui.ma\",\"potentialAction\":[{\"@type\":\"SearchAction\",\"target\":{\"@type\":\"EntryPoint\",\"urlTemplate\":\"https:\/\/paracherkaoui.ma\/?s={search_term_string}\"},\"query-input\":{\"@type\":\"PropertyValueSpecification\",\"valueRequired\":true,\"valueName\":\"search_term_string\"}}],\"inLanguage\":\"fr-FR\"}]}<\/script>\r\n<!-- \/ Yoast SEO plugin. -->","yoast_head_json":{"title":"NOVAFIX CREME ADHESIVE 20G - Paracherkaoui.ma","robots":{"index":"index","follow":"follow","max-snippet":"max-snippet:-1","max-image-preview":"max-image-preview:large","max-video-preview":"max-video-preview:-1"},"canonical":"https:\/\/paracherkaoui.ma\/index.php\/produit\/novafix-creme-adhesive-20g\/","og_locale":"fr_FR","og_type":"article","og_title":"NOVAFIX CREME ADHESIVE 20G - Paracherkaoui.ma","og_description":"adh\u00e9sif pour proth\u00e8ses dentaires, particuli\u00e8rement adapt\u00e9 pour les proth\u00e8ses tr\u00e8s us\u00e9s. CONSEILS D&rsquo;UTILISATION : Avant l&rsquo;application, la dentition doit \u00eatre","og_url":"https:\/\/paracherkaoui.ma\/index.php\/produit\/novafix-creme-adhesive-20g\/","og_site_name":"Paracherkaoui.ma","article_modified_time":"2025-12-12T18:15:53+00:00","og_image":[{"width":700,"height":700,"url":"https:\/\/paracherkaoui.ma\/wp-content\/uploads\/2025\/12\/novafix-novafix-creme-adhesive-20g-dentaire.jpg","type":"image\/jpeg"}],"twitter_card":"summary_large_image","twitter_misc":{"Dur\u00e9e de lecture estim\u00e9e":"1 minute"},"schema":{"@context":"https:\/\/schema.org","@graph":[{"@type":"WebPage","@id":"https:\/\/paracherkaoui.ma\/index.php\/produit\/novafix-creme-adhesive-20g\/","url":"https:\/\/paracherkaoui.ma\/index.php\/produit\/novafix-creme-adhesive-20g\/","name":"NOVAFIX CREME ADHESIVE 20G - Paracherkaoui.ma","isPartOf":{"@id":"https:\/\/paracherkaoui.ma\/#website"},"primaryImageOfPage":{"@id":"https:\/\/paracherkaoui.ma\/index.php\/produit\/novafix-creme-adhesive-20g\/#primaryimage"},"image":{"@id":"https:\/\/paracherkaoui.ma\/index.php\/produit\/novafix-creme-adhesive-20g\/#primaryimage"},"thumbnailUrl":"https:\/\/paracherkaoui.ma\/wp-content\/uploads\/2025\/12\/novafix-novafix-creme-adhesive-20g-dentaire.jpg","datePublished":"2025-12-12T18:15:50+00:00","dateModified":"2025-12-12T18:15:53+00:00","breadcrumb":{"@id":"https:\/\/paracherkaoui.ma\/index.php\/produit\/novafix-creme-adhesive-20g\/#breadcrumb"},"inLanguage":"fr-FR","potentialAction":[{"@type":"ReadAction","target":["https:\/\/paracherkaoui.ma\/index.php\/produit\/novafix-creme-adhesive-20g\/"]}]},{"@type":"ImageObject","inLanguage":"fr-FR","@id":"https:\/\/paracherkaoui.ma\/index.php\/produit\/novafix-creme-adhesive-20g\/#primaryimage","url":"https:\/\/paracherkaoui.ma\/wp-content\/uploads\/2025\/12\/novafix-novafix-creme-adhesive-20g-dentaire.jpg","contentUrl":"https:\/\/paracherkaoui.ma\/wp-content\/uploads\/2025\/12\/novafix-novafix-creme-adhesive-20g-dentaire.jpg","width":700,"height":700},{"@type":"BreadcrumbList","@id":"https:\/\/paracherkaoui.ma\/index.php\/produit\/novafix-creme-adhesive-20g\/#breadcrumb","itemListElement":[{"@type":"ListItem","position":1,"name":"Accueil","item":"https:\/\/paracherkaoui.ma\/"},{"@type":"ListItem","position":2,"name":"Boutique","item":"https:\/\/paracherkaoui.ma\/index.php\/boutique\/"},{"@type":"ListItem","position":3,"name":"NOVAFIX CREME ADHESIVE 20G"}]},{"@type":"WebSite","@id":"https:\/\/paracherkaoui.ma\/#website","url":"https:\/\/paracherkaoui.ma\/","name":"Paracherkaoui.ma","description":"Achetez en ligne sur Paracherkaoui.ma","potentialAction":[{"@type":"SearchAction","target":{"@type":"EntryPoint","urlTemplate":"https:\/\/paracherkaoui.ma\/?s={search_term_string}"},"query-input":{"@type":"PropertyValueSpecification","valueRequired":true,"valueName":"search_term_string"}}],"inLanguage":"fr-FR"}]}},"_links":{"self":[{"href":"https:\/\/paracherkaoui.ma\/index.php\/wp-json\/wp\/v2\/product\/45484","targetHints":{"allow":["GET"]}}],"collection":[{"href":"https:\/\/paracherkaoui.ma\/index.php\/wp-json\/wp\/v2\/product"}],"about":[{"href":"https:\/\/paracherkaoui.ma\/index.php\/wp-json\/wp\/v2\/types\/product"}],"replies":[{"embeddable":true,"href":"https:\/\/paracherkaoui.ma\/index.php\/wp-json\/wp\/v2\/comments?post=45484"}],"version-history":[{"count":1,"href":"https:\/\/paracherkaoui.ma\/index.php\/wp-json\/wp\/v2\/product\/45484\/revisions"}],"predecessor-version":[{"id":45519,"href":"https:\/\/paracherkaoui.ma\/index.php\/wp-json\/wp\/v2\/product\/45484\/revisions\/45519"}],"wp:featuredmedia":[{"embeddable":true,"href":"https:\/\/paracherkaoui.ma\/index.php\/wp-json\/wp\/v2\/media\/45518"}],"wp:attachment":[{"href":"https:\/\/paracherkaoui.ma\/index.php\/wp-json\/wp\/v2\/media?parent=45484"}],"wp:term":[{"taxonomy":"product_brand","embeddable":true,"href":"https:\/\/paracherkaoui.ma\/index.php\/wp-json\/wp\/v2\/product_brand?post=45484"},{"taxonomy":"product_cat","embeddable":true,"href":"https:\/\/paracherkaoui.ma\/index.php\/wp-json\/wp\/v2\/product_cat?post=45484"},{"taxonomy":"product_tag","embeddable":true,"href":"https:\/\/paracherkaoui.ma\/index.php\/wp-json\/wp\/v2\/product_tag?post=45484"}],"curies":[{"name":"wp","href":"https:\/\/api.w.org\/{rel}","templated":true}]}}