{"id":45419,"date":"2025-12-12T19:15:42","date_gmt":"2025-12-12T18:15:42","guid":{"rendered":"https:\/\/test.ecbeaute.com\/?post_type=product&#038;p=45419"},"modified":"2025-12-12T19:15:49","modified_gmt":"2025-12-12T18:15:49","slug":"buccotherm-gel-dentifrice-gencives-sensibles-bio-avec-fluor-75-ml","status":"publish","type":"product","link":"https:\/\/paracherkaoui.ma\/index.php\/produit\/buccotherm-gel-dentifrice-gencives-sensibles-bio-avec-fluor-75-ml\/","title":{"rendered":"BUCCOTHERM GEL DENTIFRICE GENCIVES SENSIBLES BIO AVEC FLUOR 75 ML"},"content":{"rendered":"<p>Description:<br \/>\nLe\u00a0Gel Dentifrice Gencives Sensibles Buccotherm\u00a0est un dentifrice qui soulage les\u00a0inflammations\u00a0et les\u00a0irritations. Il va consid\u00e9rablement r\u00e9duire la\u00a0sensibilit\u00e9\u00a0gingivale. Gr\u00e2ce \u00e0 son dosage renforc\u00e9 en\u00a0fluor\u00a0(1450ppm), le dentifrice aide \u00e0 pr\u00e9venir contre les caries et permet de lutter efficacement contre la plaque dentaire. Certifi\u00e9\u00a0BIO, il est compos\u00e9 d\u2019ingr\u00e9dients d\u2019origine naturelle et d\u2019Eau Thermale de Cast\u00e9ra-Verduzan pour apaiser la sensibilit\u00e9 dentaire.Son go\u00fbt \u00e0 la\u00a0menthe\u00a0est agr\u00e9able et apporte fra\u00eecheur \u00e0 l\u2019haleine.<\/p>\n<p>CONSEILS D\u2019UTILISATION :<br \/>\nIl est recommand\u00e9 de se brosser les dents apr\u00e8s chaque repas.\u00a0Le dentifrice bio peut \u00eatre utilis\u00e9 2 fois par jour.\u00a0 Il convient parfaitement aux adultes \u00e0 la recherche d\u2019un soin bucco-dentaire tr\u00e8s complet ou aux personnes ayant une hypersensibilit\u00e9 gingivale.<\/p>\n","protected":false},"excerpt":{"rendered":"<p>Description: Le\u00a0Gel Dentifrice Gencives Sensibles Buccotherm\u00a0est un dentifrice qui soulage les\u00a0inflammations\u00a0et les\u00a0irritations. Il va consid\u00e9rablement r\u00e9duire la\u00a0sensibilit\u00e9\u00a0gingivale. Gr\u00e2ce \u00e0 son<\/p>\n","protected":false},"featured_media":45476,"comment_status":"open","ping_status":"closed","template":"","meta":[],"product_brand":[801],"product_cat":[824],"product_tag":[],"class_list":{"0":"post-45419","1":"product","2":"type-product","3":"status-publish","4":"has-post-thumbnail","6":"product_brand-buccotherm","7":"product_cat-dentifrices-gencives-sensibles","9":"first","10":"instock","11":"sale","12":"shipping-taxable","13":"purchasable","14":"product-type-simple"},"yoast_head":"<!-- This site is optimized with the Yoast SEO plugin v26.6 - https:\/\/yoast.com\/wordpress\/plugins\/seo\/ -->\r\n<title>BUCCOTHERM GEL DENTIFRICE GENCIVES SENSIBLES BIO AVEC FLUOR 75 ML - Paracherkaoui.ma<\/title>\r\n<meta name=\"robots\" content=\"index, follow, max-snippet:-1, max-image-preview:large, max-video-preview:-1\" \/>\r\n<link rel=\"canonical\" href=\"https:\/\/paracherkaoui.ma\/index.php\/produit\/buccotherm-gel-dentifrice-gencives-sensibles-bio-avec-fluor-75-ml\/\" \/>\r\n<meta property=\"og:locale\" content=\"fr_FR\" \/>\r\n<meta property=\"og:type\" content=\"article\" \/>\r\n<meta property=\"og:title\" content=\"BUCCOTHERM GEL DENTIFRICE GENCIVES SENSIBLES BIO AVEC FLUOR 75 ML - Paracherkaoui.ma\" \/>\r\n<meta property=\"og:description\" content=\"Description: Le\u00a0Gel Dentifrice Gencives Sensibles Buccotherm\u00a0est un dentifrice qui soulage les\u00a0inflammations\u00a0et les\u00a0irritations. Il va consid\u00e9rablement r\u00e9duire la\u00a0sensibilit\u00e9\u00a0gingivale. Gr\u00e2ce \u00e0 son\" \/>\r\n<meta property=\"og:url\" content=\"https:\/\/paracherkaoui.ma\/index.php\/produit\/buccotherm-gel-dentifrice-gencives-sensibles-bio-avec-fluor-75-ml\/\" \/>\r\n<meta property=\"og:site_name\" content=\"Paracherkaoui.ma\" \/>\r\n<meta property=\"article:modified_time\" content=\"2025-12-12T18:15:49+00:00\" \/>\r\n<meta property=\"og:image\" content=\"https:\/\/paracherkaoui.ma\/wp-content\/uploads\/2025\/12\/buccotherm-gel-dentifrice-gencives-sensibles-bio-avec-fluor-75-ml.jpg\" \/>\r\n\t<meta property=\"og:image:width\" content=\"700\" \/>\r\n\t<meta property=\"og:image:height\" content=\"700\" \/>\r\n\t<meta property=\"og:image:type\" content=\"image\/jpeg\" \/>\r\n<meta name=\"twitter:card\" content=\"summary_large_image\" \/>\r\n<meta name=\"twitter:label1\" content=\"Dur\u00e9e de lecture estim\u00e9e\" \/>\n\t<meta name=\"twitter:data1\" content=\"1 minute\" \/>\r\n<script type=\"application\/ld+json\" class=\"yoast-schema-graph\">{\"@context\":\"https:\/\/schema.org\",\"@graph\":[{\"@type\":\"WebPage\",\"@id\":\"https:\/\/paracherkaoui.ma\/index.php\/produit\/buccotherm-gel-dentifrice-gencives-sensibles-bio-avec-fluor-75-ml\/\",\"url\":\"https:\/\/paracherkaoui.ma\/index.php\/produit\/buccotherm-gel-dentifrice-gencives-sensibles-bio-avec-fluor-75-ml\/\",\"name\":\"BUCCOTHERM GEL DENTIFRICE GENCIVES SENSIBLES BIO AVEC FLUOR 75 ML - Paracherkaoui.ma\",\"isPartOf\":{\"@id\":\"https:\/\/paracherkaoui.ma\/#website\"},\"primaryImageOfPage\":{\"@id\":\"https:\/\/paracherkaoui.ma\/index.php\/produit\/buccotherm-gel-dentifrice-gencives-sensibles-bio-avec-fluor-75-ml\/#primaryimage\"},\"image\":{\"@id\":\"https:\/\/paracherkaoui.ma\/index.php\/produit\/buccotherm-gel-dentifrice-gencives-sensibles-bio-avec-fluor-75-ml\/#primaryimage\"},\"thumbnailUrl\":\"https:\/\/paracherkaoui.ma\/wp-content\/uploads\/2025\/12\/buccotherm-gel-dentifrice-gencives-sensibles-bio-avec-fluor-75-ml.jpg\",\"datePublished\":\"2025-12-12T18:15:42+00:00\",\"dateModified\":\"2025-12-12T18:15:49+00:00\",\"breadcrumb\":{\"@id\":\"https:\/\/paracherkaoui.ma\/index.php\/produit\/buccotherm-gel-dentifrice-gencives-sensibles-bio-avec-fluor-75-ml\/#breadcrumb\"},\"inLanguage\":\"fr-FR\",\"potentialAction\":[{\"@type\":\"ReadAction\",\"target\":[\"https:\/\/paracherkaoui.ma\/index.php\/produit\/buccotherm-gel-dentifrice-gencives-sensibles-bio-avec-fluor-75-ml\/\"]}]},{\"@type\":\"ImageObject\",\"inLanguage\":\"fr-FR\",\"@id\":\"https:\/\/paracherkaoui.ma\/index.php\/produit\/buccotherm-gel-dentifrice-gencives-sensibles-bio-avec-fluor-75-ml\/#primaryimage\",\"url\":\"https:\/\/paracherkaoui.ma\/wp-content\/uploads\/2025\/12\/buccotherm-gel-dentifrice-gencives-sensibles-bio-avec-fluor-75-ml.jpg\",\"contentUrl\":\"https:\/\/paracherkaoui.ma\/wp-content\/uploads\/2025\/12\/buccotherm-gel-dentifrice-gencives-sensibles-bio-avec-fluor-75-ml.jpg\",\"width\":700,\"height\":700},{\"@type\":\"BreadcrumbList\",\"@id\":\"https:\/\/paracherkaoui.ma\/index.php\/produit\/buccotherm-gel-dentifrice-gencives-sensibles-bio-avec-fluor-75-ml\/#breadcrumb\",\"itemListElement\":[{\"@type\":\"ListItem\",\"position\":1,\"name\":\"Accueil\",\"item\":\"https:\/\/paracherkaoui.ma\/\"},{\"@type\":\"ListItem\",\"position\":2,\"name\":\"Boutique\",\"item\":\"https:\/\/paracherkaoui.ma\/index.php\/boutique\/\"},{\"@type\":\"ListItem\",\"position\":3,\"name\":\"BUCCOTHERM GEL DENTIFRICE GENCIVES SENSIBLES BIO AVEC FLUOR 75 ML\"}]},{\"@type\":\"WebSite\",\"@id\":\"https:\/\/paracherkaoui.ma\/#website\",\"url\":\"https:\/\/paracherkaoui.ma\/\",\"name\":\"Paracherkaoui.ma\",\"description\":\"Achetez en ligne sur Paracherkaoui.ma\",\"potentialAction\":[{\"@type\":\"SearchAction\",\"target\":{\"@type\":\"EntryPoint\",\"urlTemplate\":\"https:\/\/paracherkaoui.ma\/?s={search_term_string}\"},\"query-input\":{\"@type\":\"PropertyValueSpecification\",\"valueRequired\":true,\"valueName\":\"search_term_string\"}}],\"inLanguage\":\"fr-FR\"}]}<\/script>\r\n<!-- \/ Yoast SEO plugin. -->","yoast_head_json":{"title":"BUCCOTHERM GEL DENTIFRICE GENCIVES SENSIBLES BIO AVEC FLUOR 75 ML - Paracherkaoui.ma","robots":{"index":"index","follow":"follow","max-snippet":"max-snippet:-1","max-image-preview":"max-image-preview:large","max-video-preview":"max-video-preview:-1"},"canonical":"https:\/\/paracherkaoui.ma\/index.php\/produit\/buccotherm-gel-dentifrice-gencives-sensibles-bio-avec-fluor-75-ml\/","og_locale":"fr_FR","og_type":"article","og_title":"BUCCOTHERM GEL DENTIFRICE GENCIVES SENSIBLES BIO AVEC FLUOR 75 ML - Paracherkaoui.ma","og_description":"Description: Le\u00a0Gel Dentifrice Gencives Sensibles Buccotherm\u00a0est un dentifrice qui soulage les\u00a0inflammations\u00a0et les\u00a0irritations. Il va consid\u00e9rablement r\u00e9duire la\u00a0sensibilit\u00e9\u00a0gingivale. Gr\u00e2ce \u00e0 son","og_url":"https:\/\/paracherkaoui.ma\/index.php\/produit\/buccotherm-gel-dentifrice-gencives-sensibles-bio-avec-fluor-75-ml\/","og_site_name":"Paracherkaoui.ma","article_modified_time":"2025-12-12T18:15:49+00:00","og_image":[{"width":700,"height":700,"url":"https:\/\/paracherkaoui.ma\/wp-content\/uploads\/2025\/12\/buccotherm-gel-dentifrice-gencives-sensibles-bio-avec-fluor-75-ml.jpg","type":"image\/jpeg"}],"twitter_card":"summary_large_image","twitter_misc":{"Dur\u00e9e de lecture estim\u00e9e":"1 minute"},"schema":{"@context":"https:\/\/schema.org","@graph":[{"@type":"WebPage","@id":"https:\/\/paracherkaoui.ma\/index.php\/produit\/buccotherm-gel-dentifrice-gencives-sensibles-bio-avec-fluor-75-ml\/","url":"https:\/\/paracherkaoui.ma\/index.php\/produit\/buccotherm-gel-dentifrice-gencives-sensibles-bio-avec-fluor-75-ml\/","name":"BUCCOTHERM GEL DENTIFRICE GENCIVES SENSIBLES BIO AVEC FLUOR 75 ML - Paracherkaoui.ma","isPartOf":{"@id":"https:\/\/paracherkaoui.ma\/#website"},"primaryImageOfPage":{"@id":"https:\/\/paracherkaoui.ma\/index.php\/produit\/buccotherm-gel-dentifrice-gencives-sensibles-bio-avec-fluor-75-ml\/#primaryimage"},"image":{"@id":"https:\/\/paracherkaoui.ma\/index.php\/produit\/buccotherm-gel-dentifrice-gencives-sensibles-bio-avec-fluor-75-ml\/#primaryimage"},"thumbnailUrl":"https:\/\/paracherkaoui.ma\/wp-content\/uploads\/2025\/12\/buccotherm-gel-dentifrice-gencives-sensibles-bio-avec-fluor-75-ml.jpg","datePublished":"2025-12-12T18:15:42+00:00","dateModified":"2025-12-12T18:15:49+00:00","breadcrumb":{"@id":"https:\/\/paracherkaoui.ma\/index.php\/produit\/buccotherm-gel-dentifrice-gencives-sensibles-bio-avec-fluor-75-ml\/#breadcrumb"},"inLanguage":"fr-FR","potentialAction":[{"@type":"ReadAction","target":["https:\/\/paracherkaoui.ma\/index.php\/produit\/buccotherm-gel-dentifrice-gencives-sensibles-bio-avec-fluor-75-ml\/"]}]},{"@type":"ImageObject","inLanguage":"fr-FR","@id":"https:\/\/paracherkaoui.ma\/index.php\/produit\/buccotherm-gel-dentifrice-gencives-sensibles-bio-avec-fluor-75-ml\/#primaryimage","url":"https:\/\/paracherkaoui.ma\/wp-content\/uploads\/2025\/12\/buccotherm-gel-dentifrice-gencives-sensibles-bio-avec-fluor-75-ml.jpg","contentUrl":"https:\/\/paracherkaoui.ma\/wp-content\/uploads\/2025\/12\/buccotherm-gel-dentifrice-gencives-sensibles-bio-avec-fluor-75-ml.jpg","width":700,"height":700},{"@type":"BreadcrumbList","@id":"https:\/\/paracherkaoui.ma\/index.php\/produit\/buccotherm-gel-dentifrice-gencives-sensibles-bio-avec-fluor-75-ml\/#breadcrumb","itemListElement":[{"@type":"ListItem","position":1,"name":"Accueil","item":"https:\/\/paracherkaoui.ma\/"},{"@type":"ListItem","position":2,"name":"Boutique","item":"https:\/\/paracherkaoui.ma\/index.php\/boutique\/"},{"@type":"ListItem","position":3,"name":"BUCCOTHERM GEL DENTIFRICE GENCIVES SENSIBLES BIO AVEC FLUOR 75 ML"}]},{"@type":"WebSite","@id":"https:\/\/paracherkaoui.ma\/#website","url":"https:\/\/paracherkaoui.ma\/","name":"Paracherkaoui.ma","description":"Achetez en ligne sur Paracherkaoui.ma","potentialAction":[{"@type":"SearchAction","target":{"@type":"EntryPoint","urlTemplate":"https:\/\/paracherkaoui.ma\/?s={search_term_string}"},"query-input":{"@type":"PropertyValueSpecification","valueRequired":true,"valueName":"search_term_string"}}],"inLanguage":"fr-FR"}]}},"_links":{"self":[{"href":"https:\/\/paracherkaoui.ma\/index.php\/wp-json\/wp\/v2\/product\/45419","targetHints":{"allow":["GET"]}}],"collection":[{"href":"https:\/\/paracherkaoui.ma\/index.php\/wp-json\/wp\/v2\/product"}],"about":[{"href":"https:\/\/paracherkaoui.ma\/index.php\/wp-json\/wp\/v2\/types\/product"}],"replies":[{"embeddable":true,"href":"https:\/\/paracherkaoui.ma\/index.php\/wp-json\/wp\/v2\/comments?post=45419"}],"version-history":[{"count":1,"href":"https:\/\/paracherkaoui.ma\/index.php\/wp-json\/wp\/v2\/product\/45419\/revisions"}],"predecessor-version":[{"id":45477,"href":"https:\/\/paracherkaoui.ma\/index.php\/wp-json\/wp\/v2\/product\/45419\/revisions\/45477"}],"wp:featuredmedia":[{"embeddable":true,"href":"https:\/\/paracherkaoui.ma\/index.php\/wp-json\/wp\/v2\/media\/45476"}],"wp:attachment":[{"href":"https:\/\/paracherkaoui.ma\/index.php\/wp-json\/wp\/v2\/media?parent=45419"}],"wp:term":[{"taxonomy":"product_brand","embeddable":true,"href":"https:\/\/paracherkaoui.ma\/index.php\/wp-json\/wp\/v2\/product_brand?post=45419"},{"taxonomy":"product_cat","embeddable":true,"href":"https:\/\/paracherkaoui.ma\/index.php\/wp-json\/wp\/v2\/product_cat?post=45419"},{"taxonomy":"product_tag","embeddable":true,"href":"https:\/\/paracherkaoui.ma\/index.php\/wp-json\/wp\/v2\/product_tag?post=45419"}],"curies":[{"name":"wp","href":"https:\/\/api.w.org\/{rel}","templated":true}]}}