{"id":45416,"date":"2025-12-12T19:15:42","date_gmt":"2025-12-12T18:15:42","guid":{"rendered":"https:\/\/test.ecbeaute.com\/?post_type=product&#038;p=45416"},"modified":"2025-12-12T19:15:49","modified_gmt":"2025-12-12T18:15:49","slug":"kin-gingival-pate-dentifrice","status":"publish","type":"product","link":"https:\/\/paracherkaoui.ma\/index.php\/produit\/kin-gingival-pate-dentifrice\/","title":{"rendered":"KIN GINGIVAL PATE DENTIFRICE"},"content":{"rendered":"<p>KIN DENTIFRICE GINGIVAL 75MLKin dentifrice gingival est un Soin intensif des gencives d\u00e9licates et sensibles.Il Pr\u00e9vient la formation des plaques dentaires bact\u00e9riennes et aide \u00e0 pr\u00e9venir les caries.Il est r\u00e9serv\u00e9 \u00e0 l&rsquo;adulte et \u00e0 l&rsquo;enfant de plus de 12 ans<\/p>\n","protected":false},"excerpt":{"rendered":"<p>KIN DENTIFRICE GINGIVAL 75MLKin dentifrice gingival est un Soin intensif des gencives d\u00e9licates et sensibles.Il Pr\u00e9vient la formation des plaques<\/p>\n","protected":false},"featured_media":45470,"comment_status":"open","ping_status":"closed","template":"","meta":[],"product_brand":[799],"product_cat":[824],"product_tag":[],"class_list":{"0":"post-45416","1":"product","2":"type-product","3":"status-publish","4":"has-post-thumbnail","6":"product_brand-kin","7":"product_cat-dentifrices-gencives-sensibles","9":"first","10":"instock","11":"sale","12":"shipping-taxable","13":"purchasable","14":"product-type-simple"},"yoast_head":"<!-- This site is optimized with the Yoast SEO plugin v26.6 - https:\/\/yoast.com\/wordpress\/plugins\/seo\/ -->\r\n<title>KIN GINGIVAL PATE DENTIFRICE - Paracherkaoui.ma<\/title>\r\n<meta name=\"robots\" content=\"index, follow, max-snippet:-1, max-image-preview:large, max-video-preview:-1\" \/>\r\n<link rel=\"canonical\" href=\"https:\/\/paracherkaoui.ma\/index.php\/produit\/kin-gingival-pate-dentifrice\/\" \/>\r\n<meta property=\"og:locale\" content=\"fr_FR\" \/>\r\n<meta property=\"og:type\" content=\"article\" \/>\r\n<meta property=\"og:title\" content=\"KIN GINGIVAL PATE DENTIFRICE - Paracherkaoui.ma\" \/>\r\n<meta property=\"og:description\" content=\"KIN DENTIFRICE GINGIVAL 75MLKin dentifrice gingival est un Soin intensif des gencives d\u00e9licates et sensibles.Il Pr\u00e9vient la formation des plaques\" \/>\r\n<meta property=\"og:url\" content=\"https:\/\/paracherkaoui.ma\/index.php\/produit\/kin-gingival-pate-dentifrice\/\" \/>\r\n<meta property=\"og:site_name\" content=\"Paracherkaoui.ma\" \/>\r\n<meta property=\"article:modified_time\" content=\"2025-12-12T18:15:49+00:00\" \/>\r\n<meta property=\"og:image\" content=\"https:\/\/paracherkaoui.ma\/wp-content\/uploads\/2025\/12\/kin-kin-gingival-pate-dentifrice-dentifrices-gencives-sensibles.jpg\" \/>\r\n\t<meta property=\"og:image:width\" content=\"700\" \/>\r\n\t<meta property=\"og:image:height\" content=\"700\" \/>\r\n\t<meta property=\"og:image:type\" content=\"image\/jpeg\" \/>\r\n<meta name=\"twitter:card\" content=\"summary_large_image\" \/>\r\n<script type=\"application\/ld+json\" class=\"yoast-schema-graph\">{\"@context\":\"https:\/\/schema.org\",\"@graph\":[{\"@type\":\"WebPage\",\"@id\":\"https:\/\/paracherkaoui.ma\/index.php\/produit\/kin-gingival-pate-dentifrice\/\",\"url\":\"https:\/\/paracherkaoui.ma\/index.php\/produit\/kin-gingival-pate-dentifrice\/\",\"name\":\"KIN GINGIVAL PATE DENTIFRICE - Paracherkaoui.ma\",\"isPartOf\":{\"@id\":\"https:\/\/paracherkaoui.ma\/#website\"},\"primaryImageOfPage\":{\"@id\":\"https:\/\/paracherkaoui.ma\/index.php\/produit\/kin-gingival-pate-dentifrice\/#primaryimage\"},\"image\":{\"@id\":\"https:\/\/paracherkaoui.ma\/index.php\/produit\/kin-gingival-pate-dentifrice\/#primaryimage\"},\"thumbnailUrl\":\"https:\/\/paracherkaoui.ma\/wp-content\/uploads\/2025\/12\/kin-kin-gingival-pate-dentifrice-dentifrices-gencives-sensibles.jpg\",\"datePublished\":\"2025-12-12T18:15:42+00:00\",\"dateModified\":\"2025-12-12T18:15:49+00:00\",\"breadcrumb\":{\"@id\":\"https:\/\/paracherkaoui.ma\/index.php\/produit\/kin-gingival-pate-dentifrice\/#breadcrumb\"},\"inLanguage\":\"fr-FR\",\"potentialAction\":[{\"@type\":\"ReadAction\",\"target\":[\"https:\/\/paracherkaoui.ma\/index.php\/produit\/kin-gingival-pate-dentifrice\/\"]}]},{\"@type\":\"ImageObject\",\"inLanguage\":\"fr-FR\",\"@id\":\"https:\/\/paracherkaoui.ma\/index.php\/produit\/kin-gingival-pate-dentifrice\/#primaryimage\",\"url\":\"https:\/\/paracherkaoui.ma\/wp-content\/uploads\/2025\/12\/kin-kin-gingival-pate-dentifrice-dentifrices-gencives-sensibles.jpg\",\"contentUrl\":\"https:\/\/paracherkaoui.ma\/wp-content\/uploads\/2025\/12\/kin-kin-gingival-pate-dentifrice-dentifrices-gencives-sensibles.jpg\",\"width\":700,\"height\":700},{\"@type\":\"BreadcrumbList\",\"@id\":\"https:\/\/paracherkaoui.ma\/index.php\/produit\/kin-gingival-pate-dentifrice\/#breadcrumb\",\"itemListElement\":[{\"@type\":\"ListItem\",\"position\":1,\"name\":\"Accueil\",\"item\":\"https:\/\/paracherkaoui.ma\/\"},{\"@type\":\"ListItem\",\"position\":2,\"name\":\"Boutique\",\"item\":\"https:\/\/paracherkaoui.ma\/index.php\/boutique\/\"},{\"@type\":\"ListItem\",\"position\":3,\"name\":\"KIN GINGIVAL PATE DENTIFRICE\"}]},{\"@type\":\"WebSite\",\"@id\":\"https:\/\/paracherkaoui.ma\/#website\",\"url\":\"https:\/\/paracherkaoui.ma\/\",\"name\":\"Paracherkaoui.ma\",\"description\":\"Achetez en ligne sur Paracherkaoui.ma\",\"potentialAction\":[{\"@type\":\"SearchAction\",\"target\":{\"@type\":\"EntryPoint\",\"urlTemplate\":\"https:\/\/paracherkaoui.ma\/?s={search_term_string}\"},\"query-input\":{\"@type\":\"PropertyValueSpecification\",\"valueRequired\":true,\"valueName\":\"search_term_string\"}}],\"inLanguage\":\"fr-FR\"}]}<\/script>\r\n<!-- \/ Yoast SEO plugin. -->","yoast_head_json":{"title":"KIN GINGIVAL PATE DENTIFRICE - Paracherkaoui.ma","robots":{"index":"index","follow":"follow","max-snippet":"max-snippet:-1","max-image-preview":"max-image-preview:large","max-video-preview":"max-video-preview:-1"},"canonical":"https:\/\/paracherkaoui.ma\/index.php\/produit\/kin-gingival-pate-dentifrice\/","og_locale":"fr_FR","og_type":"article","og_title":"KIN GINGIVAL PATE DENTIFRICE - Paracherkaoui.ma","og_description":"KIN DENTIFRICE GINGIVAL 75MLKin dentifrice gingival est un Soin intensif des gencives d\u00e9licates et sensibles.Il Pr\u00e9vient la formation des plaques","og_url":"https:\/\/paracherkaoui.ma\/index.php\/produit\/kin-gingival-pate-dentifrice\/","og_site_name":"Paracherkaoui.ma","article_modified_time":"2025-12-12T18:15:49+00:00","og_image":[{"width":700,"height":700,"url":"https:\/\/paracherkaoui.ma\/wp-content\/uploads\/2025\/12\/kin-kin-gingival-pate-dentifrice-dentifrices-gencives-sensibles.jpg","type":"image\/jpeg"}],"twitter_card":"summary_large_image","schema":{"@context":"https:\/\/schema.org","@graph":[{"@type":"WebPage","@id":"https:\/\/paracherkaoui.ma\/index.php\/produit\/kin-gingival-pate-dentifrice\/","url":"https:\/\/paracherkaoui.ma\/index.php\/produit\/kin-gingival-pate-dentifrice\/","name":"KIN GINGIVAL PATE DENTIFRICE - Paracherkaoui.ma","isPartOf":{"@id":"https:\/\/paracherkaoui.ma\/#website"},"primaryImageOfPage":{"@id":"https:\/\/paracherkaoui.ma\/index.php\/produit\/kin-gingival-pate-dentifrice\/#primaryimage"},"image":{"@id":"https:\/\/paracherkaoui.ma\/index.php\/produit\/kin-gingival-pate-dentifrice\/#primaryimage"},"thumbnailUrl":"https:\/\/paracherkaoui.ma\/wp-content\/uploads\/2025\/12\/kin-kin-gingival-pate-dentifrice-dentifrices-gencives-sensibles.jpg","datePublished":"2025-12-12T18:15:42+00:00","dateModified":"2025-12-12T18:15:49+00:00","breadcrumb":{"@id":"https:\/\/paracherkaoui.ma\/index.php\/produit\/kin-gingival-pate-dentifrice\/#breadcrumb"},"inLanguage":"fr-FR","potentialAction":[{"@type":"ReadAction","target":["https:\/\/paracherkaoui.ma\/index.php\/produit\/kin-gingival-pate-dentifrice\/"]}]},{"@type":"ImageObject","inLanguage":"fr-FR","@id":"https:\/\/paracherkaoui.ma\/index.php\/produit\/kin-gingival-pate-dentifrice\/#primaryimage","url":"https:\/\/paracherkaoui.ma\/wp-content\/uploads\/2025\/12\/kin-kin-gingival-pate-dentifrice-dentifrices-gencives-sensibles.jpg","contentUrl":"https:\/\/paracherkaoui.ma\/wp-content\/uploads\/2025\/12\/kin-kin-gingival-pate-dentifrice-dentifrices-gencives-sensibles.jpg","width":700,"height":700},{"@type":"BreadcrumbList","@id":"https:\/\/paracherkaoui.ma\/index.php\/produit\/kin-gingival-pate-dentifrice\/#breadcrumb","itemListElement":[{"@type":"ListItem","position":1,"name":"Accueil","item":"https:\/\/paracherkaoui.ma\/"},{"@type":"ListItem","position":2,"name":"Boutique","item":"https:\/\/paracherkaoui.ma\/index.php\/boutique\/"},{"@type":"ListItem","position":3,"name":"KIN GINGIVAL PATE DENTIFRICE"}]},{"@type":"WebSite","@id":"https:\/\/paracherkaoui.ma\/#website","url":"https:\/\/paracherkaoui.ma\/","name":"Paracherkaoui.ma","description":"Achetez en ligne sur Paracherkaoui.ma","potentialAction":[{"@type":"SearchAction","target":{"@type":"EntryPoint","urlTemplate":"https:\/\/paracherkaoui.ma\/?s={search_term_string}"},"query-input":{"@type":"PropertyValueSpecification","valueRequired":true,"valueName":"search_term_string"}}],"inLanguage":"fr-FR"}]}},"_links":{"self":[{"href":"https:\/\/paracherkaoui.ma\/index.php\/wp-json\/wp\/v2\/product\/45416","targetHints":{"allow":["GET"]}}],"collection":[{"href":"https:\/\/paracherkaoui.ma\/index.php\/wp-json\/wp\/v2\/product"}],"about":[{"href":"https:\/\/paracherkaoui.ma\/index.php\/wp-json\/wp\/v2\/types\/product"}],"replies":[{"embeddable":true,"href":"https:\/\/paracherkaoui.ma\/index.php\/wp-json\/wp\/v2\/comments?post=45416"}],"version-history":[{"count":1,"href":"https:\/\/paracherkaoui.ma\/index.php\/wp-json\/wp\/v2\/product\/45416\/revisions"}],"predecessor-version":[{"id":45471,"href":"https:\/\/paracherkaoui.ma\/index.php\/wp-json\/wp\/v2\/product\/45416\/revisions\/45471"}],"wp:featuredmedia":[{"embeddable":true,"href":"https:\/\/paracherkaoui.ma\/index.php\/wp-json\/wp\/v2\/media\/45470"}],"wp:attachment":[{"href":"https:\/\/paracherkaoui.ma\/index.php\/wp-json\/wp\/v2\/media?parent=45416"}],"wp:term":[{"taxonomy":"product_brand","embeddable":true,"href":"https:\/\/paracherkaoui.ma\/index.php\/wp-json\/wp\/v2\/product_brand?post=45416"},{"taxonomy":"product_cat","embeddable":true,"href":"https:\/\/paracherkaoui.ma\/index.php\/wp-json\/wp\/v2\/product_cat?post=45416"},{"taxonomy":"product_tag","embeddable":true,"href":"https:\/\/paracherkaoui.ma\/index.php\/wp-json\/wp\/v2\/product_tag?post=45416"}],"curies":[{"name":"wp","href":"https:\/\/api.w.org\/{rel}","templated":true}]}}