{"id":45415,"date":"2025-12-12T19:15:41","date_gmt":"2025-12-12T18:15:41","guid":{"rendered":"https:\/\/test.ecbeaute.com\/?post_type=product&#038;p=45415"},"modified":"2025-12-12T19:15:48","modified_gmt":"2025-12-12T18:15:48","slug":"buccotherm-gel-dentifrice-gencives-sensibles-bio-sans-fluor-75-ml","status":"publish","type":"product","link":"https:\/\/paracherkaoui.ma\/index.php\/produit\/buccotherm-gel-dentifrice-gencives-sensibles-bio-sans-fluor-75-ml\/","title":{"rendered":"BUCCOTHERM GEL DENTIFRICE GENCIVES SENSIBLES BIO SANS FLUOR 75 ML"},"content":{"rendered":"<p>Description:<br \/>\nBuccotherm Gencives Sensibles Gel Dentifrice \u00e0 l&rsquo;Eau Thermale 75 ml certifi\u00e9 bio compos\u00e9 d&rsquo;ingr\u00e9dients d&rsquo;origine naturelle apaise et cicatrice gr\u00e2ce \u00e0 l&rsquo; Eau Thermale pr\u00e9sente dans sa formule. Non-abrasif, ce dentifrice favorise la diminution des saignements occasionnels et des sensibilit\u00e9s gingivales. Sans paraben, colorants, parfums de synth\u00e8se, alcool.<br \/>\nCONSEIL D&rsquo;UTILISATION<br \/>\nEn brossage ou en massage directement sur la gencive.<\/p>\n","protected":false},"excerpt":{"rendered":"<p>Description: Buccotherm Gencives Sensibles Gel Dentifrice \u00e0 l&rsquo;Eau Thermale 75 ml certifi\u00e9 bio compos\u00e9 d&rsquo;ingr\u00e9dients d&rsquo;origine naturelle apaise et cicatrice<\/p>\n","protected":false},"featured_media":45468,"comment_status":"open","ping_status":"closed","template":"","meta":[],"product_brand":[801],"product_cat":[824],"product_tag":[],"class_list":{"0":"post-45415","1":"product","2":"type-product","3":"status-publish","4":"has-post-thumbnail","6":"product_brand-buccotherm","7":"product_cat-dentifrices-gencives-sensibles","9":"first","10":"instock","11":"sale","12":"shipping-taxable","13":"purchasable","14":"product-type-simple"},"yoast_head":"<!-- This site is optimized with the Yoast SEO plugin v26.6 - https:\/\/yoast.com\/wordpress\/plugins\/seo\/ -->\r\n<title>BUCCOTHERM GEL DENTIFRICE GENCIVES SENSIBLES BIO SANS FLUOR 75 ML - Paracherkaoui.ma<\/title>\r\n<meta name=\"robots\" content=\"index, follow, max-snippet:-1, max-image-preview:large, max-video-preview:-1\" \/>\r\n<link rel=\"canonical\" href=\"https:\/\/paracherkaoui.ma\/index.php\/produit\/buccotherm-gel-dentifrice-gencives-sensibles-bio-sans-fluor-75-ml\/\" \/>\r\n<meta property=\"og:locale\" content=\"fr_FR\" \/>\r\n<meta property=\"og:type\" content=\"article\" \/>\r\n<meta property=\"og:title\" content=\"BUCCOTHERM GEL DENTIFRICE GENCIVES SENSIBLES BIO SANS FLUOR 75 ML - Paracherkaoui.ma\" \/>\r\n<meta property=\"og:description\" content=\"Description: Buccotherm Gencives Sensibles Gel Dentifrice \u00e0 l&rsquo;Eau Thermale 75 ml certifi\u00e9 bio compos\u00e9 d&rsquo;ingr\u00e9dients d&rsquo;origine naturelle apaise et cicatrice\" \/>\r\n<meta property=\"og:url\" content=\"https:\/\/paracherkaoui.ma\/index.php\/produit\/buccotherm-gel-dentifrice-gencives-sensibles-bio-sans-fluor-75-ml\/\" \/>\r\n<meta property=\"og:site_name\" content=\"Paracherkaoui.ma\" \/>\r\n<meta property=\"article:modified_time\" content=\"2025-12-12T18:15:48+00:00\" \/>\r\n<meta property=\"og:image\" content=\"https:\/\/paracherkaoui.ma\/wp-content\/uploads\/2025\/12\/buccotherm-buccotherm-gel-dentifrice-gencives-sensibles-bio-sans-fluor-75-ml-dentifrices-gencives-sensibles.jpg\" \/>\r\n\t<meta property=\"og:image:width\" content=\"700\" \/>\r\n\t<meta property=\"og:image:height\" content=\"700\" \/>\r\n\t<meta property=\"og:image:type\" content=\"image\/jpeg\" \/>\r\n<meta name=\"twitter:card\" content=\"summary_large_image\" \/>\r\n<script type=\"application\/ld+json\" class=\"yoast-schema-graph\">{\"@context\":\"https:\/\/schema.org\",\"@graph\":[{\"@type\":\"WebPage\",\"@id\":\"https:\/\/paracherkaoui.ma\/index.php\/produit\/buccotherm-gel-dentifrice-gencives-sensibles-bio-sans-fluor-75-ml\/\",\"url\":\"https:\/\/paracherkaoui.ma\/index.php\/produit\/buccotherm-gel-dentifrice-gencives-sensibles-bio-sans-fluor-75-ml\/\",\"name\":\"BUCCOTHERM GEL DENTIFRICE GENCIVES SENSIBLES BIO SANS FLUOR 75 ML - Paracherkaoui.ma\",\"isPartOf\":{\"@id\":\"https:\/\/paracherkaoui.ma\/#website\"},\"primaryImageOfPage\":{\"@id\":\"https:\/\/paracherkaoui.ma\/index.php\/produit\/buccotherm-gel-dentifrice-gencives-sensibles-bio-sans-fluor-75-ml\/#primaryimage\"},\"image\":{\"@id\":\"https:\/\/paracherkaoui.ma\/index.php\/produit\/buccotherm-gel-dentifrice-gencives-sensibles-bio-sans-fluor-75-ml\/#primaryimage\"},\"thumbnailUrl\":\"https:\/\/paracherkaoui.ma\/wp-content\/uploads\/2025\/12\/buccotherm-buccotherm-gel-dentifrice-gencives-sensibles-bio-sans-fluor-75-ml-dentifrices-gencives-sensibles.jpg\",\"datePublished\":\"2025-12-12T18:15:41+00:00\",\"dateModified\":\"2025-12-12T18:15:48+00:00\",\"breadcrumb\":{\"@id\":\"https:\/\/paracherkaoui.ma\/index.php\/produit\/buccotherm-gel-dentifrice-gencives-sensibles-bio-sans-fluor-75-ml\/#breadcrumb\"},\"inLanguage\":\"fr-FR\",\"potentialAction\":[{\"@type\":\"ReadAction\",\"target\":[\"https:\/\/paracherkaoui.ma\/index.php\/produit\/buccotherm-gel-dentifrice-gencives-sensibles-bio-sans-fluor-75-ml\/\"]}]},{\"@type\":\"ImageObject\",\"inLanguage\":\"fr-FR\",\"@id\":\"https:\/\/paracherkaoui.ma\/index.php\/produit\/buccotherm-gel-dentifrice-gencives-sensibles-bio-sans-fluor-75-ml\/#primaryimage\",\"url\":\"https:\/\/paracherkaoui.ma\/wp-content\/uploads\/2025\/12\/buccotherm-buccotherm-gel-dentifrice-gencives-sensibles-bio-sans-fluor-75-ml-dentifrices-gencives-sensibles.jpg\",\"contentUrl\":\"https:\/\/paracherkaoui.ma\/wp-content\/uploads\/2025\/12\/buccotherm-buccotherm-gel-dentifrice-gencives-sensibles-bio-sans-fluor-75-ml-dentifrices-gencives-sensibles.jpg\",\"width\":700,\"height\":700},{\"@type\":\"BreadcrumbList\",\"@id\":\"https:\/\/paracherkaoui.ma\/index.php\/produit\/buccotherm-gel-dentifrice-gencives-sensibles-bio-sans-fluor-75-ml\/#breadcrumb\",\"itemListElement\":[{\"@type\":\"ListItem\",\"position\":1,\"name\":\"Accueil\",\"item\":\"https:\/\/paracherkaoui.ma\/\"},{\"@type\":\"ListItem\",\"position\":2,\"name\":\"Boutique\",\"item\":\"https:\/\/paracherkaoui.ma\/index.php\/boutique\/\"},{\"@type\":\"ListItem\",\"position\":3,\"name\":\"BUCCOTHERM GEL DENTIFRICE GENCIVES SENSIBLES BIO SANS FLUOR 75 ML\"}]},{\"@type\":\"WebSite\",\"@id\":\"https:\/\/paracherkaoui.ma\/#website\",\"url\":\"https:\/\/paracherkaoui.ma\/\",\"name\":\"Paracherkaoui.ma\",\"description\":\"Achetez en ligne sur Paracherkaoui.ma\",\"potentialAction\":[{\"@type\":\"SearchAction\",\"target\":{\"@type\":\"EntryPoint\",\"urlTemplate\":\"https:\/\/paracherkaoui.ma\/?s={search_term_string}\"},\"query-input\":{\"@type\":\"PropertyValueSpecification\",\"valueRequired\":true,\"valueName\":\"search_term_string\"}}],\"inLanguage\":\"fr-FR\"}]}<\/script>\r\n<!-- \/ Yoast SEO plugin. -->","yoast_head_json":{"title":"BUCCOTHERM GEL DENTIFRICE GENCIVES SENSIBLES BIO SANS FLUOR 75 ML - Paracherkaoui.ma","robots":{"index":"index","follow":"follow","max-snippet":"max-snippet:-1","max-image-preview":"max-image-preview:large","max-video-preview":"max-video-preview:-1"},"canonical":"https:\/\/paracherkaoui.ma\/index.php\/produit\/buccotherm-gel-dentifrice-gencives-sensibles-bio-sans-fluor-75-ml\/","og_locale":"fr_FR","og_type":"article","og_title":"BUCCOTHERM GEL DENTIFRICE GENCIVES SENSIBLES BIO SANS FLUOR 75 ML - Paracherkaoui.ma","og_description":"Description: Buccotherm Gencives Sensibles Gel Dentifrice \u00e0 l&rsquo;Eau Thermale 75 ml certifi\u00e9 bio compos\u00e9 d&rsquo;ingr\u00e9dients d&rsquo;origine naturelle apaise et cicatrice","og_url":"https:\/\/paracherkaoui.ma\/index.php\/produit\/buccotherm-gel-dentifrice-gencives-sensibles-bio-sans-fluor-75-ml\/","og_site_name":"Paracherkaoui.ma","article_modified_time":"2025-12-12T18:15:48+00:00","og_image":[{"width":700,"height":700,"url":"https:\/\/paracherkaoui.ma\/wp-content\/uploads\/2025\/12\/buccotherm-buccotherm-gel-dentifrice-gencives-sensibles-bio-sans-fluor-75-ml-dentifrices-gencives-sensibles.jpg","type":"image\/jpeg"}],"twitter_card":"summary_large_image","schema":{"@context":"https:\/\/schema.org","@graph":[{"@type":"WebPage","@id":"https:\/\/paracherkaoui.ma\/index.php\/produit\/buccotherm-gel-dentifrice-gencives-sensibles-bio-sans-fluor-75-ml\/","url":"https:\/\/paracherkaoui.ma\/index.php\/produit\/buccotherm-gel-dentifrice-gencives-sensibles-bio-sans-fluor-75-ml\/","name":"BUCCOTHERM GEL DENTIFRICE GENCIVES SENSIBLES BIO SANS FLUOR 75 ML - Paracherkaoui.ma","isPartOf":{"@id":"https:\/\/paracherkaoui.ma\/#website"},"primaryImageOfPage":{"@id":"https:\/\/paracherkaoui.ma\/index.php\/produit\/buccotherm-gel-dentifrice-gencives-sensibles-bio-sans-fluor-75-ml\/#primaryimage"},"image":{"@id":"https:\/\/paracherkaoui.ma\/index.php\/produit\/buccotherm-gel-dentifrice-gencives-sensibles-bio-sans-fluor-75-ml\/#primaryimage"},"thumbnailUrl":"https:\/\/paracherkaoui.ma\/wp-content\/uploads\/2025\/12\/buccotherm-buccotherm-gel-dentifrice-gencives-sensibles-bio-sans-fluor-75-ml-dentifrices-gencives-sensibles.jpg","datePublished":"2025-12-12T18:15:41+00:00","dateModified":"2025-12-12T18:15:48+00:00","breadcrumb":{"@id":"https:\/\/paracherkaoui.ma\/index.php\/produit\/buccotherm-gel-dentifrice-gencives-sensibles-bio-sans-fluor-75-ml\/#breadcrumb"},"inLanguage":"fr-FR","potentialAction":[{"@type":"ReadAction","target":["https:\/\/paracherkaoui.ma\/index.php\/produit\/buccotherm-gel-dentifrice-gencives-sensibles-bio-sans-fluor-75-ml\/"]}]},{"@type":"ImageObject","inLanguage":"fr-FR","@id":"https:\/\/paracherkaoui.ma\/index.php\/produit\/buccotherm-gel-dentifrice-gencives-sensibles-bio-sans-fluor-75-ml\/#primaryimage","url":"https:\/\/paracherkaoui.ma\/wp-content\/uploads\/2025\/12\/buccotherm-buccotherm-gel-dentifrice-gencives-sensibles-bio-sans-fluor-75-ml-dentifrices-gencives-sensibles.jpg","contentUrl":"https:\/\/paracherkaoui.ma\/wp-content\/uploads\/2025\/12\/buccotherm-buccotherm-gel-dentifrice-gencives-sensibles-bio-sans-fluor-75-ml-dentifrices-gencives-sensibles.jpg","width":700,"height":700},{"@type":"BreadcrumbList","@id":"https:\/\/paracherkaoui.ma\/index.php\/produit\/buccotherm-gel-dentifrice-gencives-sensibles-bio-sans-fluor-75-ml\/#breadcrumb","itemListElement":[{"@type":"ListItem","position":1,"name":"Accueil","item":"https:\/\/paracherkaoui.ma\/"},{"@type":"ListItem","position":2,"name":"Boutique","item":"https:\/\/paracherkaoui.ma\/index.php\/boutique\/"},{"@type":"ListItem","position":3,"name":"BUCCOTHERM GEL DENTIFRICE GENCIVES SENSIBLES BIO SANS FLUOR 75 ML"}]},{"@type":"WebSite","@id":"https:\/\/paracherkaoui.ma\/#website","url":"https:\/\/paracherkaoui.ma\/","name":"Paracherkaoui.ma","description":"Achetez en ligne sur Paracherkaoui.ma","potentialAction":[{"@type":"SearchAction","target":{"@type":"EntryPoint","urlTemplate":"https:\/\/paracherkaoui.ma\/?s={search_term_string}"},"query-input":{"@type":"PropertyValueSpecification","valueRequired":true,"valueName":"search_term_string"}}],"inLanguage":"fr-FR"}]}},"_links":{"self":[{"href":"https:\/\/paracherkaoui.ma\/index.php\/wp-json\/wp\/v2\/product\/45415","targetHints":{"allow":["GET"]}}],"collection":[{"href":"https:\/\/paracherkaoui.ma\/index.php\/wp-json\/wp\/v2\/product"}],"about":[{"href":"https:\/\/paracherkaoui.ma\/index.php\/wp-json\/wp\/v2\/types\/product"}],"replies":[{"embeddable":true,"href":"https:\/\/paracherkaoui.ma\/index.php\/wp-json\/wp\/v2\/comments?post=45415"}],"version-history":[{"count":1,"href":"https:\/\/paracherkaoui.ma\/index.php\/wp-json\/wp\/v2\/product\/45415\/revisions"}],"predecessor-version":[{"id":45469,"href":"https:\/\/paracherkaoui.ma\/index.php\/wp-json\/wp\/v2\/product\/45415\/revisions\/45469"}],"wp:featuredmedia":[{"embeddable":true,"href":"https:\/\/paracherkaoui.ma\/index.php\/wp-json\/wp\/v2\/media\/45468"}],"wp:attachment":[{"href":"https:\/\/paracherkaoui.ma\/index.php\/wp-json\/wp\/v2\/media?parent=45415"}],"wp:term":[{"taxonomy":"product_brand","embeddable":true,"href":"https:\/\/paracherkaoui.ma\/index.php\/wp-json\/wp\/v2\/product_brand?post=45415"},{"taxonomy":"product_cat","embeddable":true,"href":"https:\/\/paracherkaoui.ma\/index.php\/wp-json\/wp\/v2\/product_cat?post=45415"},{"taxonomy":"product_tag","embeddable":true,"href":"https:\/\/paracherkaoui.ma\/index.php\/wp-json\/wp\/v2\/product_tag?post=45415"}],"curies":[{"name":"wp","href":"https:\/\/api.w.org\/{rel}","templated":true}]}}