{"id":45323,"date":"2025-12-12T19:15:30","date_gmt":"2025-12-12T18:15:30","guid":{"rendered":"https:\/\/test.ecbeaute.com\/?post_type=product&#038;p=45323"},"modified":"2025-12-12T19:15:37","modified_gmt":"2025-12-12T18:15:37","slug":"curasept-biosmalto-dentifrice-baby-kid-6-mois-a-6-ans-sans-fluor","status":"publish","type":"product","link":"https:\/\/paracherkaoui.ma\/index.php\/produit\/curasept-biosmalto-dentifrice-baby-kid-6-mois-a-6-ans-sans-fluor\/","title":{"rendered":"CURASEPT BIOSMALTO DENTIFRICE BABY KID 6 MOIS A 6 ANS SANS FLUOR"},"content":{"rendered":"<p>Curasept Biosmalto Dentifrice pour B\u00e9b\u00e9s et Enfants de 6 mois \u00e0 6 ans. Surtout pour la pr\u00e9vention des caries (ou caries). Ce dentifrice favorise le d\u00e9veloppement sain des dents permanentes. Il prot\u00e8ge et remin\u00e9ralise fermement l&rsquo;\u00e9mail et la dentine. Ce dentifrice ne contient pas de fluor mais il est id\u00e9al pour les enfants prenant des suppl\u00e9ments de fluor. Tube de 50 ml. Go\u00fbt agr\u00e9able de fraise<\/p>\n","protected":false},"excerpt":{"rendered":"<p>Curasept Biosmalto Dentifrice pour B\u00e9b\u00e9s et Enfants de 6 mois \u00e0 6 ans. Surtout pour la pr\u00e9vention des caries (ou<\/p>\n","protected":false},"featured_media":45375,"comment_status":"open","ping_status":"closed","template":"","meta":[],"product_brand":[805],"product_cat":[821],"product_tag":[],"class_list":{"0":"post-45323","1":"product","2":"type-product","3":"status-publish","4":"has-post-thumbnail","6":"product_brand-curasept","7":"product_cat-dentifrices-enfants","9":"first","10":"instock","11":"sale","12":"shipping-taxable","13":"purchasable","14":"product-type-simple"},"yoast_head":"<!-- This site is optimized with the Yoast SEO plugin v26.6 - https:\/\/yoast.com\/wordpress\/plugins\/seo\/ -->\r\n<title>CURASEPT BIOSMALTO DENTIFRICE BABY KID 6 MOIS A 6 ANS SANS FLUOR - Paracherkaoui.ma<\/title>\r\n<meta name=\"robots\" content=\"index, follow, max-snippet:-1, max-image-preview:large, max-video-preview:-1\" \/>\r\n<link rel=\"canonical\" href=\"https:\/\/paracherkaoui.ma\/index.php\/produit\/curasept-biosmalto-dentifrice-baby-kid-6-mois-a-6-ans-sans-fluor\/\" \/>\r\n<meta property=\"og:locale\" content=\"fr_FR\" \/>\r\n<meta property=\"og:type\" content=\"article\" \/>\r\n<meta property=\"og:title\" content=\"CURASEPT BIOSMALTO DENTIFRICE BABY KID 6 MOIS A 6 ANS SANS FLUOR - Paracherkaoui.ma\" \/>\r\n<meta property=\"og:description\" content=\"Curasept Biosmalto Dentifrice pour B\u00e9b\u00e9s et Enfants de 6 mois \u00e0 6 ans. Surtout pour la pr\u00e9vention des caries (ou\" \/>\r\n<meta property=\"og:url\" content=\"https:\/\/paracherkaoui.ma\/index.php\/produit\/curasept-biosmalto-dentifrice-baby-kid-6-mois-a-6-ans-sans-fluor\/\" \/>\r\n<meta property=\"og:site_name\" content=\"Paracherkaoui.ma\" \/>\r\n<meta property=\"article:modified_time\" content=\"2025-12-12T18:15:37+00:00\" \/>\r\n<meta property=\"og:image\" content=\"https:\/\/paracherkaoui.ma\/wp-content\/uploads\/2025\/12\/curasept-biosmalto-dentifrice-baby-kid-6-mois-a-6-ans-sans-fluor.jpg\" \/>\r\n\t<meta property=\"og:image:width\" content=\"700\" \/>\r\n\t<meta property=\"og:image:height\" content=\"700\" \/>\r\n\t<meta property=\"og:image:type\" content=\"image\/jpeg\" \/>\r\n<meta name=\"twitter:card\" content=\"summary_large_image\" \/>\r\n<script type=\"application\/ld+json\" class=\"yoast-schema-graph\">{\"@context\":\"https:\/\/schema.org\",\"@graph\":[{\"@type\":\"WebPage\",\"@id\":\"https:\/\/paracherkaoui.ma\/index.php\/produit\/curasept-biosmalto-dentifrice-baby-kid-6-mois-a-6-ans-sans-fluor\/\",\"url\":\"https:\/\/paracherkaoui.ma\/index.php\/produit\/curasept-biosmalto-dentifrice-baby-kid-6-mois-a-6-ans-sans-fluor\/\",\"name\":\"CURASEPT BIOSMALTO DENTIFRICE BABY KID 6 MOIS A 6 ANS SANS FLUOR - Paracherkaoui.ma\",\"isPartOf\":{\"@id\":\"https:\/\/paracherkaoui.ma\/#website\"},\"primaryImageOfPage\":{\"@id\":\"https:\/\/paracherkaoui.ma\/index.php\/produit\/curasept-biosmalto-dentifrice-baby-kid-6-mois-a-6-ans-sans-fluor\/#primaryimage\"},\"image\":{\"@id\":\"https:\/\/paracherkaoui.ma\/index.php\/produit\/curasept-biosmalto-dentifrice-baby-kid-6-mois-a-6-ans-sans-fluor\/#primaryimage\"},\"thumbnailUrl\":\"https:\/\/paracherkaoui.ma\/wp-content\/uploads\/2025\/12\/curasept-biosmalto-dentifrice-baby-kid-6-mois-a-6-ans-sans-fluor.jpg\",\"datePublished\":\"2025-12-12T18:15:30+00:00\",\"dateModified\":\"2025-12-12T18:15:37+00:00\",\"breadcrumb\":{\"@id\":\"https:\/\/paracherkaoui.ma\/index.php\/produit\/curasept-biosmalto-dentifrice-baby-kid-6-mois-a-6-ans-sans-fluor\/#breadcrumb\"},\"inLanguage\":\"fr-FR\",\"potentialAction\":[{\"@type\":\"ReadAction\",\"target\":[\"https:\/\/paracherkaoui.ma\/index.php\/produit\/curasept-biosmalto-dentifrice-baby-kid-6-mois-a-6-ans-sans-fluor\/\"]}]},{\"@type\":\"ImageObject\",\"inLanguage\":\"fr-FR\",\"@id\":\"https:\/\/paracherkaoui.ma\/index.php\/produit\/curasept-biosmalto-dentifrice-baby-kid-6-mois-a-6-ans-sans-fluor\/#primaryimage\",\"url\":\"https:\/\/paracherkaoui.ma\/wp-content\/uploads\/2025\/12\/curasept-biosmalto-dentifrice-baby-kid-6-mois-a-6-ans-sans-fluor.jpg\",\"contentUrl\":\"https:\/\/paracherkaoui.ma\/wp-content\/uploads\/2025\/12\/curasept-biosmalto-dentifrice-baby-kid-6-mois-a-6-ans-sans-fluor.jpg\",\"width\":700,\"height\":700},{\"@type\":\"BreadcrumbList\",\"@id\":\"https:\/\/paracherkaoui.ma\/index.php\/produit\/curasept-biosmalto-dentifrice-baby-kid-6-mois-a-6-ans-sans-fluor\/#breadcrumb\",\"itemListElement\":[{\"@type\":\"ListItem\",\"position\":1,\"name\":\"Accueil\",\"item\":\"https:\/\/paracherkaoui.ma\/\"},{\"@type\":\"ListItem\",\"position\":2,\"name\":\"Boutique\",\"item\":\"https:\/\/paracherkaoui.ma\/index.php\/boutique\/\"},{\"@type\":\"ListItem\",\"position\":3,\"name\":\"CURASEPT BIOSMALTO DENTIFRICE BABY KID 6 MOIS A 6 ANS SANS FLUOR\"}]},{\"@type\":\"WebSite\",\"@id\":\"https:\/\/paracherkaoui.ma\/#website\",\"url\":\"https:\/\/paracherkaoui.ma\/\",\"name\":\"Paracherkaoui.ma\",\"description\":\"Achetez en ligne sur Paracherkaoui.ma\",\"potentialAction\":[{\"@type\":\"SearchAction\",\"target\":{\"@type\":\"EntryPoint\",\"urlTemplate\":\"https:\/\/paracherkaoui.ma\/?s={search_term_string}\"},\"query-input\":{\"@type\":\"PropertyValueSpecification\",\"valueRequired\":true,\"valueName\":\"search_term_string\"}}],\"inLanguage\":\"fr-FR\"}]}<\/script>\r\n<!-- \/ Yoast SEO plugin. -->","yoast_head_json":{"title":"CURASEPT BIOSMALTO DENTIFRICE BABY KID 6 MOIS A 6 ANS SANS FLUOR - Paracherkaoui.ma","robots":{"index":"index","follow":"follow","max-snippet":"max-snippet:-1","max-image-preview":"max-image-preview:large","max-video-preview":"max-video-preview:-1"},"canonical":"https:\/\/paracherkaoui.ma\/index.php\/produit\/curasept-biosmalto-dentifrice-baby-kid-6-mois-a-6-ans-sans-fluor\/","og_locale":"fr_FR","og_type":"article","og_title":"CURASEPT BIOSMALTO DENTIFRICE BABY KID 6 MOIS A 6 ANS SANS FLUOR - Paracherkaoui.ma","og_description":"Curasept Biosmalto Dentifrice pour B\u00e9b\u00e9s et Enfants de 6 mois \u00e0 6 ans. Surtout pour la pr\u00e9vention des caries (ou","og_url":"https:\/\/paracherkaoui.ma\/index.php\/produit\/curasept-biosmalto-dentifrice-baby-kid-6-mois-a-6-ans-sans-fluor\/","og_site_name":"Paracherkaoui.ma","article_modified_time":"2025-12-12T18:15:37+00:00","og_image":[{"width":700,"height":700,"url":"https:\/\/paracherkaoui.ma\/wp-content\/uploads\/2025\/12\/curasept-biosmalto-dentifrice-baby-kid-6-mois-a-6-ans-sans-fluor.jpg","type":"image\/jpeg"}],"twitter_card":"summary_large_image","schema":{"@context":"https:\/\/schema.org","@graph":[{"@type":"WebPage","@id":"https:\/\/paracherkaoui.ma\/index.php\/produit\/curasept-biosmalto-dentifrice-baby-kid-6-mois-a-6-ans-sans-fluor\/","url":"https:\/\/paracherkaoui.ma\/index.php\/produit\/curasept-biosmalto-dentifrice-baby-kid-6-mois-a-6-ans-sans-fluor\/","name":"CURASEPT BIOSMALTO DENTIFRICE BABY KID 6 MOIS A 6 ANS SANS FLUOR - Paracherkaoui.ma","isPartOf":{"@id":"https:\/\/paracherkaoui.ma\/#website"},"primaryImageOfPage":{"@id":"https:\/\/paracherkaoui.ma\/index.php\/produit\/curasept-biosmalto-dentifrice-baby-kid-6-mois-a-6-ans-sans-fluor\/#primaryimage"},"image":{"@id":"https:\/\/paracherkaoui.ma\/index.php\/produit\/curasept-biosmalto-dentifrice-baby-kid-6-mois-a-6-ans-sans-fluor\/#primaryimage"},"thumbnailUrl":"https:\/\/paracherkaoui.ma\/wp-content\/uploads\/2025\/12\/curasept-biosmalto-dentifrice-baby-kid-6-mois-a-6-ans-sans-fluor.jpg","datePublished":"2025-12-12T18:15:30+00:00","dateModified":"2025-12-12T18:15:37+00:00","breadcrumb":{"@id":"https:\/\/paracherkaoui.ma\/index.php\/produit\/curasept-biosmalto-dentifrice-baby-kid-6-mois-a-6-ans-sans-fluor\/#breadcrumb"},"inLanguage":"fr-FR","potentialAction":[{"@type":"ReadAction","target":["https:\/\/paracherkaoui.ma\/index.php\/produit\/curasept-biosmalto-dentifrice-baby-kid-6-mois-a-6-ans-sans-fluor\/"]}]},{"@type":"ImageObject","inLanguage":"fr-FR","@id":"https:\/\/paracherkaoui.ma\/index.php\/produit\/curasept-biosmalto-dentifrice-baby-kid-6-mois-a-6-ans-sans-fluor\/#primaryimage","url":"https:\/\/paracherkaoui.ma\/wp-content\/uploads\/2025\/12\/curasept-biosmalto-dentifrice-baby-kid-6-mois-a-6-ans-sans-fluor.jpg","contentUrl":"https:\/\/paracherkaoui.ma\/wp-content\/uploads\/2025\/12\/curasept-biosmalto-dentifrice-baby-kid-6-mois-a-6-ans-sans-fluor.jpg","width":700,"height":700},{"@type":"BreadcrumbList","@id":"https:\/\/paracherkaoui.ma\/index.php\/produit\/curasept-biosmalto-dentifrice-baby-kid-6-mois-a-6-ans-sans-fluor\/#breadcrumb","itemListElement":[{"@type":"ListItem","position":1,"name":"Accueil","item":"https:\/\/paracherkaoui.ma\/"},{"@type":"ListItem","position":2,"name":"Boutique","item":"https:\/\/paracherkaoui.ma\/index.php\/boutique\/"},{"@type":"ListItem","position":3,"name":"CURASEPT BIOSMALTO DENTIFRICE BABY KID 6 MOIS A 6 ANS SANS FLUOR"}]},{"@type":"WebSite","@id":"https:\/\/paracherkaoui.ma\/#website","url":"https:\/\/paracherkaoui.ma\/","name":"Paracherkaoui.ma","description":"Achetez en ligne sur Paracherkaoui.ma","potentialAction":[{"@type":"SearchAction","target":{"@type":"EntryPoint","urlTemplate":"https:\/\/paracherkaoui.ma\/?s={search_term_string}"},"query-input":{"@type":"PropertyValueSpecification","valueRequired":true,"valueName":"search_term_string"}}],"inLanguage":"fr-FR"}]}},"_links":{"self":[{"href":"https:\/\/paracherkaoui.ma\/index.php\/wp-json\/wp\/v2\/product\/45323","targetHints":{"allow":["GET"]}}],"collection":[{"href":"https:\/\/paracherkaoui.ma\/index.php\/wp-json\/wp\/v2\/product"}],"about":[{"href":"https:\/\/paracherkaoui.ma\/index.php\/wp-json\/wp\/v2\/types\/product"}],"replies":[{"embeddable":true,"href":"https:\/\/paracherkaoui.ma\/index.php\/wp-json\/wp\/v2\/comments?post=45323"}],"version-history":[{"count":1,"href":"https:\/\/paracherkaoui.ma\/index.php\/wp-json\/wp\/v2\/product\/45323\/revisions"}],"predecessor-version":[{"id":45376,"href":"https:\/\/paracherkaoui.ma\/index.php\/wp-json\/wp\/v2\/product\/45323\/revisions\/45376"}],"wp:featuredmedia":[{"embeddable":true,"href":"https:\/\/paracherkaoui.ma\/index.php\/wp-json\/wp\/v2\/media\/45375"}],"wp:attachment":[{"href":"https:\/\/paracherkaoui.ma\/index.php\/wp-json\/wp\/v2\/media?parent=45323"}],"wp:term":[{"taxonomy":"product_brand","embeddable":true,"href":"https:\/\/paracherkaoui.ma\/index.php\/wp-json\/wp\/v2\/product_brand?post=45323"},{"taxonomy":"product_cat","embeddable":true,"href":"https:\/\/paracherkaoui.ma\/index.php\/wp-json\/wp\/v2\/product_cat?post=45323"},{"taxonomy":"product_tag","embeddable":true,"href":"https:\/\/paracherkaoui.ma\/index.php\/wp-json\/wp\/v2\/product_tag?post=45323"}],"curies":[{"name":"wp","href":"https:\/\/api.w.org\/{rel}","templated":true}]}}