{"id":45315,"date":"2025-12-12T19:15:30","date_gmt":"2025-12-12T18:15:30","guid":{"rendered":"https:\/\/test.ecbeaute.com\/?post_type=product&#038;p=45315"},"modified":"2025-12-12T19:15:35","modified_gmt":"2025-12-12T18:15:35","slug":"vitis-dentifrice-junior-75-ml","status":"publish","type":"product","link":"https:\/\/paracherkaoui.ma\/index.php\/produit\/vitis-dentifrice-junior-75-ml\/","title":{"rendered":"VITIS DENTIFRICE JUNIOR 75 ML"},"content":{"rendered":"<p>Combin\u00e9s \u00e0 un brossage de qualit\u00e9, les composants actifs \u2013 fluorure, panth\u00e9nol et xylitol \u2013 offrent une protection compl\u00e8te des dents et des gencives. Le fluorure de sodium\u00a00,321 % remin\u00e9ralise l\u2019\u00e9mail, ce qui emp\u00eache la formation de caries. Le panth\u00e9nol (provitamine B5) prot\u00e8ge et soigne la gencive \u00e0 cet \u00e2ge o\u00f9 les dents d\u00e9finitives commencent \u00e0 se former. Gr\u00e2ce \u00e0 sa faible valeur abrasive, le Gel dentaire Vitis Junior n\u2019abime pas les dents pendant le brossage. Sa saveur Tutti-Frutti rend le brossage agr\u00e9able.<\/p>\n","protected":false},"excerpt":{"rendered":"<p>Combin\u00e9s \u00e0 un brossage de qualit\u00e9, les composants actifs \u2013 fluorure, panth\u00e9nol et xylitol \u2013 offrent une protection compl\u00e8te des<\/p>\n","protected":false},"featured_media":45359,"comment_status":"open","ping_status":"closed","template":"","meta":[],"product_brand":[797],"product_cat":[821],"product_tag":[],"class_list":{"0":"post-45315","1":"product","2":"type-product","3":"status-publish","4":"has-post-thumbnail","6":"product_brand-vitis","7":"product_cat-dentifrices-enfants","9":"first","10":"instock","11":"sale","12":"shipping-taxable","13":"purchasable","14":"product-type-simple"},"yoast_head":"<!-- This site is optimized with the Yoast SEO plugin v26.6 - https:\/\/yoast.com\/wordpress\/plugins\/seo\/ -->\r\n<title>VITIS DENTIFRICE JUNIOR 75 ML - Paracherkaoui.ma<\/title>\r\n<meta name=\"robots\" content=\"index, follow, max-snippet:-1, max-image-preview:large, max-video-preview:-1\" \/>\r\n<link rel=\"canonical\" href=\"https:\/\/paracherkaoui.ma\/index.php\/produit\/vitis-dentifrice-junior-75-ml\/\" \/>\r\n<meta property=\"og:locale\" content=\"fr_FR\" \/>\r\n<meta property=\"og:type\" content=\"article\" \/>\r\n<meta property=\"og:title\" content=\"VITIS DENTIFRICE JUNIOR 75 ML - Paracherkaoui.ma\" \/>\r\n<meta property=\"og:description\" content=\"Combin\u00e9s \u00e0 un brossage de qualit\u00e9, les composants actifs \u2013 fluorure, panth\u00e9nol et xylitol \u2013 offrent une protection compl\u00e8te des\" \/>\r\n<meta property=\"og:url\" content=\"https:\/\/paracherkaoui.ma\/index.php\/produit\/vitis-dentifrice-junior-75-ml\/\" \/>\r\n<meta property=\"og:site_name\" content=\"Paracherkaoui.ma\" \/>\r\n<meta property=\"article:modified_time\" content=\"2025-12-12T18:15:35+00:00\" \/>\r\n<meta property=\"og:image\" content=\"https:\/\/paracherkaoui.ma\/wp-content\/uploads\/2025\/12\/vitis-dentifrice-junior-75-ml.jpg\" \/>\r\n\t<meta property=\"og:image:width\" content=\"700\" \/>\r\n\t<meta property=\"og:image:height\" content=\"700\" \/>\r\n\t<meta property=\"og:image:type\" content=\"image\/jpeg\" \/>\r\n<meta name=\"twitter:card\" content=\"summary_large_image\" \/>\r\n<script type=\"application\/ld+json\" class=\"yoast-schema-graph\">{\"@context\":\"https:\/\/schema.org\",\"@graph\":[{\"@type\":\"WebPage\",\"@id\":\"https:\/\/paracherkaoui.ma\/index.php\/produit\/vitis-dentifrice-junior-75-ml\/\",\"url\":\"https:\/\/paracherkaoui.ma\/index.php\/produit\/vitis-dentifrice-junior-75-ml\/\",\"name\":\"VITIS DENTIFRICE JUNIOR 75 ML - Paracherkaoui.ma\",\"isPartOf\":{\"@id\":\"https:\/\/paracherkaoui.ma\/#website\"},\"primaryImageOfPage\":{\"@id\":\"https:\/\/paracherkaoui.ma\/index.php\/produit\/vitis-dentifrice-junior-75-ml\/#primaryimage\"},\"image\":{\"@id\":\"https:\/\/paracherkaoui.ma\/index.php\/produit\/vitis-dentifrice-junior-75-ml\/#primaryimage\"},\"thumbnailUrl\":\"https:\/\/paracherkaoui.ma\/wp-content\/uploads\/2025\/12\/vitis-dentifrice-junior-75-ml.jpg\",\"datePublished\":\"2025-12-12T18:15:30+00:00\",\"dateModified\":\"2025-12-12T18:15:35+00:00\",\"breadcrumb\":{\"@id\":\"https:\/\/paracherkaoui.ma\/index.php\/produit\/vitis-dentifrice-junior-75-ml\/#breadcrumb\"},\"inLanguage\":\"fr-FR\",\"potentialAction\":[{\"@type\":\"ReadAction\",\"target\":[\"https:\/\/paracherkaoui.ma\/index.php\/produit\/vitis-dentifrice-junior-75-ml\/\"]}]},{\"@type\":\"ImageObject\",\"inLanguage\":\"fr-FR\",\"@id\":\"https:\/\/paracherkaoui.ma\/index.php\/produit\/vitis-dentifrice-junior-75-ml\/#primaryimage\",\"url\":\"https:\/\/paracherkaoui.ma\/wp-content\/uploads\/2025\/12\/vitis-dentifrice-junior-75-ml.jpg\",\"contentUrl\":\"https:\/\/paracherkaoui.ma\/wp-content\/uploads\/2025\/12\/vitis-dentifrice-junior-75-ml.jpg\",\"width\":700,\"height\":700},{\"@type\":\"BreadcrumbList\",\"@id\":\"https:\/\/paracherkaoui.ma\/index.php\/produit\/vitis-dentifrice-junior-75-ml\/#breadcrumb\",\"itemListElement\":[{\"@type\":\"ListItem\",\"position\":1,\"name\":\"Accueil\",\"item\":\"https:\/\/paracherkaoui.ma\/\"},{\"@type\":\"ListItem\",\"position\":2,\"name\":\"Boutique\",\"item\":\"https:\/\/paracherkaoui.ma\/index.php\/boutique\/\"},{\"@type\":\"ListItem\",\"position\":3,\"name\":\"VITIS DENTIFRICE JUNIOR 75 ML\"}]},{\"@type\":\"WebSite\",\"@id\":\"https:\/\/paracherkaoui.ma\/#website\",\"url\":\"https:\/\/paracherkaoui.ma\/\",\"name\":\"Paracherkaoui.ma\",\"description\":\"Achetez en ligne sur Paracherkaoui.ma\",\"potentialAction\":[{\"@type\":\"SearchAction\",\"target\":{\"@type\":\"EntryPoint\",\"urlTemplate\":\"https:\/\/paracherkaoui.ma\/?s={search_term_string}\"},\"query-input\":{\"@type\":\"PropertyValueSpecification\",\"valueRequired\":true,\"valueName\":\"search_term_string\"}}],\"inLanguage\":\"fr-FR\"}]}<\/script>\r\n<!-- \/ Yoast SEO plugin. -->","yoast_head_json":{"title":"VITIS DENTIFRICE JUNIOR 75 ML - Paracherkaoui.ma","robots":{"index":"index","follow":"follow","max-snippet":"max-snippet:-1","max-image-preview":"max-image-preview:large","max-video-preview":"max-video-preview:-1"},"canonical":"https:\/\/paracherkaoui.ma\/index.php\/produit\/vitis-dentifrice-junior-75-ml\/","og_locale":"fr_FR","og_type":"article","og_title":"VITIS DENTIFRICE JUNIOR 75 ML - Paracherkaoui.ma","og_description":"Combin\u00e9s \u00e0 un brossage de qualit\u00e9, les composants actifs \u2013 fluorure, panth\u00e9nol et xylitol \u2013 offrent une protection compl\u00e8te des","og_url":"https:\/\/paracherkaoui.ma\/index.php\/produit\/vitis-dentifrice-junior-75-ml\/","og_site_name":"Paracherkaoui.ma","article_modified_time":"2025-12-12T18:15:35+00:00","og_image":[{"width":700,"height":700,"url":"https:\/\/paracherkaoui.ma\/wp-content\/uploads\/2025\/12\/vitis-dentifrice-junior-75-ml.jpg","type":"image\/jpeg"}],"twitter_card":"summary_large_image","schema":{"@context":"https:\/\/schema.org","@graph":[{"@type":"WebPage","@id":"https:\/\/paracherkaoui.ma\/index.php\/produit\/vitis-dentifrice-junior-75-ml\/","url":"https:\/\/paracherkaoui.ma\/index.php\/produit\/vitis-dentifrice-junior-75-ml\/","name":"VITIS DENTIFRICE JUNIOR 75 ML - Paracherkaoui.ma","isPartOf":{"@id":"https:\/\/paracherkaoui.ma\/#website"},"primaryImageOfPage":{"@id":"https:\/\/paracherkaoui.ma\/index.php\/produit\/vitis-dentifrice-junior-75-ml\/#primaryimage"},"image":{"@id":"https:\/\/paracherkaoui.ma\/index.php\/produit\/vitis-dentifrice-junior-75-ml\/#primaryimage"},"thumbnailUrl":"https:\/\/paracherkaoui.ma\/wp-content\/uploads\/2025\/12\/vitis-dentifrice-junior-75-ml.jpg","datePublished":"2025-12-12T18:15:30+00:00","dateModified":"2025-12-12T18:15:35+00:00","breadcrumb":{"@id":"https:\/\/paracherkaoui.ma\/index.php\/produit\/vitis-dentifrice-junior-75-ml\/#breadcrumb"},"inLanguage":"fr-FR","potentialAction":[{"@type":"ReadAction","target":["https:\/\/paracherkaoui.ma\/index.php\/produit\/vitis-dentifrice-junior-75-ml\/"]}]},{"@type":"ImageObject","inLanguage":"fr-FR","@id":"https:\/\/paracherkaoui.ma\/index.php\/produit\/vitis-dentifrice-junior-75-ml\/#primaryimage","url":"https:\/\/paracherkaoui.ma\/wp-content\/uploads\/2025\/12\/vitis-dentifrice-junior-75-ml.jpg","contentUrl":"https:\/\/paracherkaoui.ma\/wp-content\/uploads\/2025\/12\/vitis-dentifrice-junior-75-ml.jpg","width":700,"height":700},{"@type":"BreadcrumbList","@id":"https:\/\/paracherkaoui.ma\/index.php\/produit\/vitis-dentifrice-junior-75-ml\/#breadcrumb","itemListElement":[{"@type":"ListItem","position":1,"name":"Accueil","item":"https:\/\/paracherkaoui.ma\/"},{"@type":"ListItem","position":2,"name":"Boutique","item":"https:\/\/paracherkaoui.ma\/index.php\/boutique\/"},{"@type":"ListItem","position":3,"name":"VITIS DENTIFRICE JUNIOR 75 ML"}]},{"@type":"WebSite","@id":"https:\/\/paracherkaoui.ma\/#website","url":"https:\/\/paracherkaoui.ma\/","name":"Paracherkaoui.ma","description":"Achetez en ligne sur Paracherkaoui.ma","potentialAction":[{"@type":"SearchAction","target":{"@type":"EntryPoint","urlTemplate":"https:\/\/paracherkaoui.ma\/?s={search_term_string}"},"query-input":{"@type":"PropertyValueSpecification","valueRequired":true,"valueName":"search_term_string"}}],"inLanguage":"fr-FR"}]}},"_links":{"self":[{"href":"https:\/\/paracherkaoui.ma\/index.php\/wp-json\/wp\/v2\/product\/45315","targetHints":{"allow":["GET"]}}],"collection":[{"href":"https:\/\/paracherkaoui.ma\/index.php\/wp-json\/wp\/v2\/product"}],"about":[{"href":"https:\/\/paracherkaoui.ma\/index.php\/wp-json\/wp\/v2\/types\/product"}],"replies":[{"embeddable":true,"href":"https:\/\/paracherkaoui.ma\/index.php\/wp-json\/wp\/v2\/comments?post=45315"}],"version-history":[{"count":1,"href":"https:\/\/paracherkaoui.ma\/index.php\/wp-json\/wp\/v2\/product\/45315\/revisions"}],"predecessor-version":[{"id":45360,"href":"https:\/\/paracherkaoui.ma\/index.php\/wp-json\/wp\/v2\/product\/45315\/revisions\/45360"}],"wp:featuredmedia":[{"embeddable":true,"href":"https:\/\/paracherkaoui.ma\/index.php\/wp-json\/wp\/v2\/media\/45359"}],"wp:attachment":[{"href":"https:\/\/paracherkaoui.ma\/index.php\/wp-json\/wp\/v2\/media?parent=45315"}],"wp:term":[{"taxonomy":"product_brand","embeddable":true,"href":"https:\/\/paracherkaoui.ma\/index.php\/wp-json\/wp\/v2\/product_brand?post=45315"},{"taxonomy":"product_cat","embeddable":true,"href":"https:\/\/paracherkaoui.ma\/index.php\/wp-json\/wp\/v2\/product_cat?post=45315"},{"taxonomy":"product_tag","embeddable":true,"href":"https:\/\/paracherkaoui.ma\/index.php\/wp-json\/wp\/v2\/product_tag?post=45315"}],"curies":[{"name":"wp","href":"https:\/\/api.w.org\/{rel}","templated":true}]}}