{"id":45313,"date":"2025-12-12T19:15:29","date_gmt":"2025-12-12T18:15:29","guid":{"rendered":"https:\/\/test.ecbeaute.com\/?post_type=product&#038;p=45313"},"modified":"2025-12-12T19:15:34","modified_gmt":"2025-12-12T18:15:34","slug":"president-bebe-0-3-ans-framboise-30-ml","status":"publish","type":"product","link":"https:\/\/paracherkaoui.ma\/index.php\/produit\/president-bebe-0-3-ans-framboise-30-ml\/","title":{"rendered":"PRESIDENT BEBE 0-3 ANS FRAMBOISE 30 ML"},"content":{"rendered":"<p>DESCRIPTION :<br \/>\nLe dentifrice est adapt\u00e9 \u00e0 l&rsquo;hygi\u00e8ne bucco-dentaire des enfants, d\u00e8s leur premier \u00e2ge. Gr\u00e2ce \u00e0 sa formule particuli\u00e8re sans Fluorine, ni les parabens, ni le Laureth Sulfate de sodium (SLS), le PEG ou les allerg\u00e8nes, ne respectent les gencives et les muqueuses. Sa saveur agr\u00e9able aux framboises rend le nettoyage quotidien des dents agr\u00e9able m\u00eame pour les plus petits.<\/p>\n","protected":false},"excerpt":{"rendered":"<p>DESCRIPTION : Le dentifrice est adapt\u00e9 \u00e0 l&rsquo;hygi\u00e8ne bucco-dentaire des enfants, d\u00e8s leur premier \u00e2ge. Gr\u00e2ce \u00e0 sa formule particuli\u00e8re<\/p>\n","protected":false},"featured_media":45355,"comment_status":"open","ping_status":"closed","template":"","meta":[],"product_brand":[803],"product_cat":[821],"product_tag":[],"class_list":{"0":"post-45313","1":"product","2":"type-product","3":"status-publish","4":"has-post-thumbnail","6":"product_brand-president","7":"product_cat-dentifrices-enfants","9":"first","10":"instock","11":"sale","12":"shipping-taxable","13":"purchasable","14":"product-type-simple"},"yoast_head":"<!-- This site is optimized with the Yoast SEO plugin v26.6 - https:\/\/yoast.com\/wordpress\/plugins\/seo\/ -->\r\n<title>PRESIDENT BEBE 0-3 ANS FRAMBOISE 30 ML - Paracherkaoui.ma<\/title>\r\n<meta name=\"robots\" content=\"index, follow, max-snippet:-1, max-image-preview:large, max-video-preview:-1\" \/>\r\n<link rel=\"canonical\" href=\"https:\/\/paracherkaoui.ma\/index.php\/produit\/president-bebe-0-3-ans-framboise-30-ml\/\" \/>\r\n<meta property=\"og:locale\" content=\"fr_FR\" \/>\r\n<meta property=\"og:type\" content=\"article\" \/>\r\n<meta property=\"og:title\" content=\"PRESIDENT BEBE 0-3 ANS FRAMBOISE 30 ML - Paracherkaoui.ma\" \/>\r\n<meta property=\"og:description\" content=\"DESCRIPTION : Le dentifrice est adapt\u00e9 \u00e0 l&rsquo;hygi\u00e8ne bucco-dentaire des enfants, d\u00e8s leur premier \u00e2ge. Gr\u00e2ce \u00e0 sa formule particuli\u00e8re\" \/>\r\n<meta property=\"og:url\" content=\"https:\/\/paracherkaoui.ma\/index.php\/produit\/president-bebe-0-3-ans-framboise-30-ml\/\" \/>\r\n<meta property=\"og:site_name\" content=\"Paracherkaoui.ma\" \/>\r\n<meta property=\"article:modified_time\" content=\"2025-12-12T18:15:34+00:00\" \/>\r\n<meta property=\"og:image\" content=\"https:\/\/paracherkaoui.ma\/wp-content\/uploads\/2025\/12\/president-bebe-0-3-ans-framboise-30-ml.jpg\" \/>\r\n\t<meta property=\"og:image:width\" content=\"700\" \/>\r\n\t<meta property=\"og:image:height\" content=\"700\" \/>\r\n\t<meta property=\"og:image:type\" content=\"image\/jpeg\" \/>\r\n<meta name=\"twitter:card\" content=\"summary_large_image\" \/>\r\n<script type=\"application\/ld+json\" class=\"yoast-schema-graph\">{\"@context\":\"https:\/\/schema.org\",\"@graph\":[{\"@type\":\"WebPage\",\"@id\":\"https:\/\/paracherkaoui.ma\/index.php\/produit\/president-bebe-0-3-ans-framboise-30-ml\/\",\"url\":\"https:\/\/paracherkaoui.ma\/index.php\/produit\/president-bebe-0-3-ans-framboise-30-ml\/\",\"name\":\"PRESIDENT BEBE 0-3 ANS FRAMBOISE 30 ML - Paracherkaoui.ma\",\"isPartOf\":{\"@id\":\"https:\/\/paracherkaoui.ma\/#website\"},\"primaryImageOfPage\":{\"@id\":\"https:\/\/paracherkaoui.ma\/index.php\/produit\/president-bebe-0-3-ans-framboise-30-ml\/#primaryimage\"},\"image\":{\"@id\":\"https:\/\/paracherkaoui.ma\/index.php\/produit\/president-bebe-0-3-ans-framboise-30-ml\/#primaryimage\"},\"thumbnailUrl\":\"https:\/\/paracherkaoui.ma\/wp-content\/uploads\/2025\/12\/president-bebe-0-3-ans-framboise-30-ml.jpg\",\"datePublished\":\"2025-12-12T18:15:29+00:00\",\"dateModified\":\"2025-12-12T18:15:34+00:00\",\"breadcrumb\":{\"@id\":\"https:\/\/paracherkaoui.ma\/index.php\/produit\/president-bebe-0-3-ans-framboise-30-ml\/#breadcrumb\"},\"inLanguage\":\"fr-FR\",\"potentialAction\":[{\"@type\":\"ReadAction\",\"target\":[\"https:\/\/paracherkaoui.ma\/index.php\/produit\/president-bebe-0-3-ans-framboise-30-ml\/\"]}]},{\"@type\":\"ImageObject\",\"inLanguage\":\"fr-FR\",\"@id\":\"https:\/\/paracherkaoui.ma\/index.php\/produit\/president-bebe-0-3-ans-framboise-30-ml\/#primaryimage\",\"url\":\"https:\/\/paracherkaoui.ma\/wp-content\/uploads\/2025\/12\/president-bebe-0-3-ans-framboise-30-ml.jpg\",\"contentUrl\":\"https:\/\/paracherkaoui.ma\/wp-content\/uploads\/2025\/12\/president-bebe-0-3-ans-framboise-30-ml.jpg\",\"width\":700,\"height\":700},{\"@type\":\"BreadcrumbList\",\"@id\":\"https:\/\/paracherkaoui.ma\/index.php\/produit\/president-bebe-0-3-ans-framboise-30-ml\/#breadcrumb\",\"itemListElement\":[{\"@type\":\"ListItem\",\"position\":1,\"name\":\"Accueil\",\"item\":\"https:\/\/paracherkaoui.ma\/\"},{\"@type\":\"ListItem\",\"position\":2,\"name\":\"Boutique\",\"item\":\"https:\/\/paracherkaoui.ma\/index.php\/boutique\/\"},{\"@type\":\"ListItem\",\"position\":3,\"name\":\"PRESIDENT BEBE 0-3 ANS FRAMBOISE 30 ML\"}]},{\"@type\":\"WebSite\",\"@id\":\"https:\/\/paracherkaoui.ma\/#website\",\"url\":\"https:\/\/paracherkaoui.ma\/\",\"name\":\"Paracherkaoui.ma\",\"description\":\"Achetez en ligne sur Paracherkaoui.ma\",\"potentialAction\":[{\"@type\":\"SearchAction\",\"target\":{\"@type\":\"EntryPoint\",\"urlTemplate\":\"https:\/\/paracherkaoui.ma\/?s={search_term_string}\"},\"query-input\":{\"@type\":\"PropertyValueSpecification\",\"valueRequired\":true,\"valueName\":\"search_term_string\"}}],\"inLanguage\":\"fr-FR\"}]}<\/script>\r\n<!-- \/ Yoast SEO plugin. -->","yoast_head_json":{"title":"PRESIDENT BEBE 0-3 ANS FRAMBOISE 30 ML - Paracherkaoui.ma","robots":{"index":"index","follow":"follow","max-snippet":"max-snippet:-1","max-image-preview":"max-image-preview:large","max-video-preview":"max-video-preview:-1"},"canonical":"https:\/\/paracherkaoui.ma\/index.php\/produit\/president-bebe-0-3-ans-framboise-30-ml\/","og_locale":"fr_FR","og_type":"article","og_title":"PRESIDENT BEBE 0-3 ANS FRAMBOISE 30 ML - Paracherkaoui.ma","og_description":"DESCRIPTION : Le dentifrice est adapt\u00e9 \u00e0 l&rsquo;hygi\u00e8ne bucco-dentaire des enfants, d\u00e8s leur premier \u00e2ge. Gr\u00e2ce \u00e0 sa formule particuli\u00e8re","og_url":"https:\/\/paracherkaoui.ma\/index.php\/produit\/president-bebe-0-3-ans-framboise-30-ml\/","og_site_name":"Paracherkaoui.ma","article_modified_time":"2025-12-12T18:15:34+00:00","og_image":[{"width":700,"height":700,"url":"https:\/\/paracherkaoui.ma\/wp-content\/uploads\/2025\/12\/president-bebe-0-3-ans-framboise-30-ml.jpg","type":"image\/jpeg"}],"twitter_card":"summary_large_image","schema":{"@context":"https:\/\/schema.org","@graph":[{"@type":"WebPage","@id":"https:\/\/paracherkaoui.ma\/index.php\/produit\/president-bebe-0-3-ans-framboise-30-ml\/","url":"https:\/\/paracherkaoui.ma\/index.php\/produit\/president-bebe-0-3-ans-framboise-30-ml\/","name":"PRESIDENT BEBE 0-3 ANS FRAMBOISE 30 ML - Paracherkaoui.ma","isPartOf":{"@id":"https:\/\/paracherkaoui.ma\/#website"},"primaryImageOfPage":{"@id":"https:\/\/paracherkaoui.ma\/index.php\/produit\/president-bebe-0-3-ans-framboise-30-ml\/#primaryimage"},"image":{"@id":"https:\/\/paracherkaoui.ma\/index.php\/produit\/president-bebe-0-3-ans-framboise-30-ml\/#primaryimage"},"thumbnailUrl":"https:\/\/paracherkaoui.ma\/wp-content\/uploads\/2025\/12\/president-bebe-0-3-ans-framboise-30-ml.jpg","datePublished":"2025-12-12T18:15:29+00:00","dateModified":"2025-12-12T18:15:34+00:00","breadcrumb":{"@id":"https:\/\/paracherkaoui.ma\/index.php\/produit\/president-bebe-0-3-ans-framboise-30-ml\/#breadcrumb"},"inLanguage":"fr-FR","potentialAction":[{"@type":"ReadAction","target":["https:\/\/paracherkaoui.ma\/index.php\/produit\/president-bebe-0-3-ans-framboise-30-ml\/"]}]},{"@type":"ImageObject","inLanguage":"fr-FR","@id":"https:\/\/paracherkaoui.ma\/index.php\/produit\/president-bebe-0-3-ans-framboise-30-ml\/#primaryimage","url":"https:\/\/paracherkaoui.ma\/wp-content\/uploads\/2025\/12\/president-bebe-0-3-ans-framboise-30-ml.jpg","contentUrl":"https:\/\/paracherkaoui.ma\/wp-content\/uploads\/2025\/12\/president-bebe-0-3-ans-framboise-30-ml.jpg","width":700,"height":700},{"@type":"BreadcrumbList","@id":"https:\/\/paracherkaoui.ma\/index.php\/produit\/president-bebe-0-3-ans-framboise-30-ml\/#breadcrumb","itemListElement":[{"@type":"ListItem","position":1,"name":"Accueil","item":"https:\/\/paracherkaoui.ma\/"},{"@type":"ListItem","position":2,"name":"Boutique","item":"https:\/\/paracherkaoui.ma\/index.php\/boutique\/"},{"@type":"ListItem","position":3,"name":"PRESIDENT BEBE 0-3 ANS FRAMBOISE 30 ML"}]},{"@type":"WebSite","@id":"https:\/\/paracherkaoui.ma\/#website","url":"https:\/\/paracherkaoui.ma\/","name":"Paracherkaoui.ma","description":"Achetez en ligne sur Paracherkaoui.ma","potentialAction":[{"@type":"SearchAction","target":{"@type":"EntryPoint","urlTemplate":"https:\/\/paracherkaoui.ma\/?s={search_term_string}"},"query-input":{"@type":"PropertyValueSpecification","valueRequired":true,"valueName":"search_term_string"}}],"inLanguage":"fr-FR"}]}},"_links":{"self":[{"href":"https:\/\/paracherkaoui.ma\/index.php\/wp-json\/wp\/v2\/product\/45313","targetHints":{"allow":["GET"]}}],"collection":[{"href":"https:\/\/paracherkaoui.ma\/index.php\/wp-json\/wp\/v2\/product"}],"about":[{"href":"https:\/\/paracherkaoui.ma\/index.php\/wp-json\/wp\/v2\/types\/product"}],"replies":[{"embeddable":true,"href":"https:\/\/paracherkaoui.ma\/index.php\/wp-json\/wp\/v2\/comments?post=45313"}],"version-history":[{"count":1,"href":"https:\/\/paracherkaoui.ma\/index.php\/wp-json\/wp\/v2\/product\/45313\/revisions"}],"predecessor-version":[{"id":45356,"href":"https:\/\/paracherkaoui.ma\/index.php\/wp-json\/wp\/v2\/product\/45313\/revisions\/45356"}],"wp:featuredmedia":[{"embeddable":true,"href":"https:\/\/paracherkaoui.ma\/index.php\/wp-json\/wp\/v2\/media\/45355"}],"wp:attachment":[{"href":"https:\/\/paracherkaoui.ma\/index.php\/wp-json\/wp\/v2\/media?parent=45313"}],"wp:term":[{"taxonomy":"product_brand","embeddable":true,"href":"https:\/\/paracherkaoui.ma\/index.php\/wp-json\/wp\/v2\/product_brand?post=45313"},{"taxonomy":"product_cat","embeddable":true,"href":"https:\/\/paracherkaoui.ma\/index.php\/wp-json\/wp\/v2\/product_cat?post=45313"},{"taxonomy":"product_tag","embeddable":true,"href":"https:\/\/paracherkaoui.ma\/index.php\/wp-json\/wp\/v2\/product_tag?post=45313"}],"curies":[{"name":"wp","href":"https:\/\/api.w.org\/{rel}","templated":true}]}}