{"id":45310,"date":"2025-12-12T19:15:29","date_gmt":"2025-12-12T18:15:29","guid":{"rendered":"https:\/\/test.ecbeaute.com\/?post_type=product&#038;p=45310"},"modified":"2025-12-12T19:15:33","modified_gmt":"2025-12-12T18:15:33","slug":"elgydium-dentifrice-enfants-grenadine-3-6-ans-50-ml","status":"publish","type":"product","link":"https:\/\/paracherkaoui.ma\/index.php\/produit\/elgydium-dentifrice-enfants-grenadine-3-6-ans-50-ml\/","title":{"rendered":"ELGYDIUM DENTIFRICE ENFANTS GRENADINE 3-6 ANS 50 ML"},"content":{"rendered":"<p>ELGYDIUM Kids Grenadine 3\/6 ans contient du Fluorinol parfaitement dos\u00e9, pour une efficacit\u00e9 renforc\u00e9e dans la protection de l&rsquo;\u00e9mail des dents de lait contre les caries. Avec ses 95% d&rsquo;ingr\u00e9dients d&rsquo;origine naturelle, ELGYDIUM Kids Grenadine 3\/6 ans est un vrai alli\u00e9 des enfants&#8230; et des parents. Son go\u00fbt d\u00e9licieux de grenadine donne l&rsquo;envie aux enfants de se brosser les dents et facilite ce moment deux fois par jour.<br \/>\nLes bienfaits :<br \/>\n\u2022 PREND SOIN des dents de lait des enfants de 3 \u00e0 6 ans.<br \/>\n\u2022 PROT\u00c8GE des attaques acides et des caries.<br \/>\n\u2022 AU BON GO\u00dbT de grenadine qui donne envie de se brosser les dents encore plus souvent.<br \/>\nConseils d&rsquo;utilisation:<br \/>\nIl est recommand\u00e9 de se brosser les dents apr\u00e8s chaque repas, 2 \u00e0 3 fois par jour, pendant 2 minutes. Appliquer l&rsquo;\u00e9quivalent d&rsquo;un petit pois de dentifrice sur une brosse souple de type ELGYDIUM Kids ou Monster. En cas d&rsquo;apport de fluorures provenant d&rsquo;autres sources (eau, sel, etc.), consulter un dentiste ou un m\u00e9decin.<\/p>\n","protected":false},"excerpt":{"rendered":"<p>ELGYDIUM Kids Grenadine 3\/6 ans contient du Fluorinol parfaitement dos\u00e9, pour une efficacit\u00e9 renforc\u00e9e dans la protection de l&rsquo;\u00e9mail des<\/p>\n","protected":false},"featured_media":45349,"comment_status":"open","ping_status":"closed","template":"","meta":[],"product_brand":[798],"product_cat":[821],"product_tag":[],"class_list":{"0":"post-45310","1":"product","2":"type-product","3":"status-publish","4":"has-post-thumbnail","6":"product_brand-elgydium","7":"product_cat-dentifrices-enfants","9":"first","10":"instock","11":"sale","12":"shipping-taxable","13":"purchasable","14":"product-type-simple"},"yoast_head":"<!-- This site is optimized with the Yoast SEO plugin v26.6 - https:\/\/yoast.com\/wordpress\/plugins\/seo\/ -->\r\n<title>ELGYDIUM DENTIFRICE ENFANTS GRENADINE 3-6 ANS 50 ML - Paracherkaoui.ma<\/title>\r\n<meta name=\"robots\" content=\"index, follow, max-snippet:-1, max-image-preview:large, max-video-preview:-1\" \/>\r\n<link rel=\"canonical\" href=\"https:\/\/paracherkaoui.ma\/index.php\/produit\/elgydium-dentifrice-enfants-grenadine-3-6-ans-50-ml\/\" \/>\r\n<meta property=\"og:locale\" content=\"fr_FR\" \/>\r\n<meta property=\"og:type\" content=\"article\" \/>\r\n<meta property=\"og:title\" content=\"ELGYDIUM DENTIFRICE ENFANTS GRENADINE 3-6 ANS 50 ML - Paracherkaoui.ma\" \/>\r\n<meta property=\"og:description\" content=\"ELGYDIUM Kids Grenadine 3\/6 ans contient du Fluorinol parfaitement dos\u00e9, pour une efficacit\u00e9 renforc\u00e9e dans la protection de l&rsquo;\u00e9mail des\" \/>\r\n<meta property=\"og:url\" content=\"https:\/\/paracherkaoui.ma\/index.php\/produit\/elgydium-dentifrice-enfants-grenadine-3-6-ans-50-ml\/\" \/>\r\n<meta property=\"og:site_name\" content=\"Paracherkaoui.ma\" \/>\r\n<meta property=\"article:modified_time\" content=\"2025-12-12T18:15:33+00:00\" \/>\r\n<meta property=\"og:image\" content=\"https:\/\/paracherkaoui.ma\/wp-content\/uploads\/2025\/12\/elgydium-elgydium-dentifrice-enfants-grenadine-3-6-ans-50-ml-dentifrices-enfants.jpg\" \/>\r\n\t<meta property=\"og:image:width\" content=\"700\" \/>\r\n\t<meta property=\"og:image:height\" content=\"700\" \/>\r\n\t<meta property=\"og:image:type\" content=\"image\/jpeg\" \/>\r\n<meta name=\"twitter:card\" content=\"summary_large_image\" \/>\r\n<meta name=\"twitter:label1\" content=\"Dur\u00e9e de lecture estim\u00e9e\" \/>\n\t<meta name=\"twitter:data1\" content=\"1 minute\" \/>\r\n<script type=\"application\/ld+json\" class=\"yoast-schema-graph\">{\"@context\":\"https:\/\/schema.org\",\"@graph\":[{\"@type\":\"WebPage\",\"@id\":\"https:\/\/paracherkaoui.ma\/index.php\/produit\/elgydium-dentifrice-enfants-grenadine-3-6-ans-50-ml\/\",\"url\":\"https:\/\/paracherkaoui.ma\/index.php\/produit\/elgydium-dentifrice-enfants-grenadine-3-6-ans-50-ml\/\",\"name\":\"ELGYDIUM DENTIFRICE ENFANTS GRENADINE 3-6 ANS 50 ML - Paracherkaoui.ma\",\"isPartOf\":{\"@id\":\"https:\/\/paracherkaoui.ma\/#website\"},\"primaryImageOfPage\":{\"@id\":\"https:\/\/paracherkaoui.ma\/index.php\/produit\/elgydium-dentifrice-enfants-grenadine-3-6-ans-50-ml\/#primaryimage\"},\"image\":{\"@id\":\"https:\/\/paracherkaoui.ma\/index.php\/produit\/elgydium-dentifrice-enfants-grenadine-3-6-ans-50-ml\/#primaryimage\"},\"thumbnailUrl\":\"https:\/\/paracherkaoui.ma\/wp-content\/uploads\/2025\/12\/elgydium-elgydium-dentifrice-enfants-grenadine-3-6-ans-50-ml-dentifrices-enfants.jpg\",\"datePublished\":\"2025-12-12T18:15:29+00:00\",\"dateModified\":\"2025-12-12T18:15:33+00:00\",\"breadcrumb\":{\"@id\":\"https:\/\/paracherkaoui.ma\/index.php\/produit\/elgydium-dentifrice-enfants-grenadine-3-6-ans-50-ml\/#breadcrumb\"},\"inLanguage\":\"fr-FR\",\"potentialAction\":[{\"@type\":\"ReadAction\",\"target\":[\"https:\/\/paracherkaoui.ma\/index.php\/produit\/elgydium-dentifrice-enfants-grenadine-3-6-ans-50-ml\/\"]}]},{\"@type\":\"ImageObject\",\"inLanguage\":\"fr-FR\",\"@id\":\"https:\/\/paracherkaoui.ma\/index.php\/produit\/elgydium-dentifrice-enfants-grenadine-3-6-ans-50-ml\/#primaryimage\",\"url\":\"https:\/\/paracherkaoui.ma\/wp-content\/uploads\/2025\/12\/elgydium-elgydium-dentifrice-enfants-grenadine-3-6-ans-50-ml-dentifrices-enfants.jpg\",\"contentUrl\":\"https:\/\/paracherkaoui.ma\/wp-content\/uploads\/2025\/12\/elgydium-elgydium-dentifrice-enfants-grenadine-3-6-ans-50-ml-dentifrices-enfants.jpg\",\"width\":700,\"height\":700},{\"@type\":\"BreadcrumbList\",\"@id\":\"https:\/\/paracherkaoui.ma\/index.php\/produit\/elgydium-dentifrice-enfants-grenadine-3-6-ans-50-ml\/#breadcrumb\",\"itemListElement\":[{\"@type\":\"ListItem\",\"position\":1,\"name\":\"Accueil\",\"item\":\"https:\/\/paracherkaoui.ma\/\"},{\"@type\":\"ListItem\",\"position\":2,\"name\":\"Boutique\",\"item\":\"https:\/\/paracherkaoui.ma\/index.php\/boutique\/\"},{\"@type\":\"ListItem\",\"position\":3,\"name\":\"ELGYDIUM DENTIFRICE ENFANTS GRENADINE 3-6 ANS 50 ML\"}]},{\"@type\":\"WebSite\",\"@id\":\"https:\/\/paracherkaoui.ma\/#website\",\"url\":\"https:\/\/paracherkaoui.ma\/\",\"name\":\"Paracherkaoui.ma\",\"description\":\"Achetez en ligne sur Paracherkaoui.ma\",\"potentialAction\":[{\"@type\":\"SearchAction\",\"target\":{\"@type\":\"EntryPoint\",\"urlTemplate\":\"https:\/\/paracherkaoui.ma\/?s={search_term_string}\"},\"query-input\":{\"@type\":\"PropertyValueSpecification\",\"valueRequired\":true,\"valueName\":\"search_term_string\"}}],\"inLanguage\":\"fr-FR\"}]}<\/script>\r\n<!-- \/ Yoast SEO plugin. -->","yoast_head_json":{"title":"ELGYDIUM DENTIFRICE ENFANTS GRENADINE 3-6 ANS 50 ML - Paracherkaoui.ma","robots":{"index":"index","follow":"follow","max-snippet":"max-snippet:-1","max-image-preview":"max-image-preview:large","max-video-preview":"max-video-preview:-1"},"canonical":"https:\/\/paracherkaoui.ma\/index.php\/produit\/elgydium-dentifrice-enfants-grenadine-3-6-ans-50-ml\/","og_locale":"fr_FR","og_type":"article","og_title":"ELGYDIUM DENTIFRICE ENFANTS GRENADINE 3-6 ANS 50 ML - Paracherkaoui.ma","og_description":"ELGYDIUM Kids Grenadine 3\/6 ans contient du Fluorinol parfaitement dos\u00e9, pour une efficacit\u00e9 renforc\u00e9e dans la protection de l&rsquo;\u00e9mail des","og_url":"https:\/\/paracherkaoui.ma\/index.php\/produit\/elgydium-dentifrice-enfants-grenadine-3-6-ans-50-ml\/","og_site_name":"Paracherkaoui.ma","article_modified_time":"2025-12-12T18:15:33+00:00","og_image":[{"width":700,"height":700,"url":"https:\/\/paracherkaoui.ma\/wp-content\/uploads\/2025\/12\/elgydium-elgydium-dentifrice-enfants-grenadine-3-6-ans-50-ml-dentifrices-enfants.jpg","type":"image\/jpeg"}],"twitter_card":"summary_large_image","twitter_misc":{"Dur\u00e9e de lecture estim\u00e9e":"1 minute"},"schema":{"@context":"https:\/\/schema.org","@graph":[{"@type":"WebPage","@id":"https:\/\/paracherkaoui.ma\/index.php\/produit\/elgydium-dentifrice-enfants-grenadine-3-6-ans-50-ml\/","url":"https:\/\/paracherkaoui.ma\/index.php\/produit\/elgydium-dentifrice-enfants-grenadine-3-6-ans-50-ml\/","name":"ELGYDIUM DENTIFRICE ENFANTS GRENADINE 3-6 ANS 50 ML - Paracherkaoui.ma","isPartOf":{"@id":"https:\/\/paracherkaoui.ma\/#website"},"primaryImageOfPage":{"@id":"https:\/\/paracherkaoui.ma\/index.php\/produit\/elgydium-dentifrice-enfants-grenadine-3-6-ans-50-ml\/#primaryimage"},"image":{"@id":"https:\/\/paracherkaoui.ma\/index.php\/produit\/elgydium-dentifrice-enfants-grenadine-3-6-ans-50-ml\/#primaryimage"},"thumbnailUrl":"https:\/\/paracherkaoui.ma\/wp-content\/uploads\/2025\/12\/elgydium-elgydium-dentifrice-enfants-grenadine-3-6-ans-50-ml-dentifrices-enfants.jpg","datePublished":"2025-12-12T18:15:29+00:00","dateModified":"2025-12-12T18:15:33+00:00","breadcrumb":{"@id":"https:\/\/paracherkaoui.ma\/index.php\/produit\/elgydium-dentifrice-enfants-grenadine-3-6-ans-50-ml\/#breadcrumb"},"inLanguage":"fr-FR","potentialAction":[{"@type":"ReadAction","target":["https:\/\/paracherkaoui.ma\/index.php\/produit\/elgydium-dentifrice-enfants-grenadine-3-6-ans-50-ml\/"]}]},{"@type":"ImageObject","inLanguage":"fr-FR","@id":"https:\/\/paracherkaoui.ma\/index.php\/produit\/elgydium-dentifrice-enfants-grenadine-3-6-ans-50-ml\/#primaryimage","url":"https:\/\/paracherkaoui.ma\/wp-content\/uploads\/2025\/12\/elgydium-elgydium-dentifrice-enfants-grenadine-3-6-ans-50-ml-dentifrices-enfants.jpg","contentUrl":"https:\/\/paracherkaoui.ma\/wp-content\/uploads\/2025\/12\/elgydium-elgydium-dentifrice-enfants-grenadine-3-6-ans-50-ml-dentifrices-enfants.jpg","width":700,"height":700},{"@type":"BreadcrumbList","@id":"https:\/\/paracherkaoui.ma\/index.php\/produit\/elgydium-dentifrice-enfants-grenadine-3-6-ans-50-ml\/#breadcrumb","itemListElement":[{"@type":"ListItem","position":1,"name":"Accueil","item":"https:\/\/paracherkaoui.ma\/"},{"@type":"ListItem","position":2,"name":"Boutique","item":"https:\/\/paracherkaoui.ma\/index.php\/boutique\/"},{"@type":"ListItem","position":3,"name":"ELGYDIUM DENTIFRICE ENFANTS GRENADINE 3-6 ANS 50 ML"}]},{"@type":"WebSite","@id":"https:\/\/paracherkaoui.ma\/#website","url":"https:\/\/paracherkaoui.ma\/","name":"Paracherkaoui.ma","description":"Achetez en ligne sur Paracherkaoui.ma","potentialAction":[{"@type":"SearchAction","target":{"@type":"EntryPoint","urlTemplate":"https:\/\/paracherkaoui.ma\/?s={search_term_string}"},"query-input":{"@type":"PropertyValueSpecification","valueRequired":true,"valueName":"search_term_string"}}],"inLanguage":"fr-FR"}]}},"_links":{"self":[{"href":"https:\/\/paracherkaoui.ma\/index.php\/wp-json\/wp\/v2\/product\/45310","targetHints":{"allow":["GET"]}}],"collection":[{"href":"https:\/\/paracherkaoui.ma\/index.php\/wp-json\/wp\/v2\/product"}],"about":[{"href":"https:\/\/paracherkaoui.ma\/index.php\/wp-json\/wp\/v2\/types\/product"}],"replies":[{"embeddable":true,"href":"https:\/\/paracherkaoui.ma\/index.php\/wp-json\/wp\/v2\/comments?post=45310"}],"version-history":[{"count":1,"href":"https:\/\/paracherkaoui.ma\/index.php\/wp-json\/wp\/v2\/product\/45310\/revisions"}],"predecessor-version":[{"id":45350,"href":"https:\/\/paracherkaoui.ma\/index.php\/wp-json\/wp\/v2\/product\/45310\/revisions\/45350"}],"wp:featuredmedia":[{"embeddable":true,"href":"https:\/\/paracherkaoui.ma\/index.php\/wp-json\/wp\/v2\/media\/45349"}],"wp:attachment":[{"href":"https:\/\/paracherkaoui.ma\/index.php\/wp-json\/wp\/v2\/media?parent=45310"}],"wp:term":[{"taxonomy":"product_brand","embeddable":true,"href":"https:\/\/paracherkaoui.ma\/index.php\/wp-json\/wp\/v2\/product_brand?post=45310"},{"taxonomy":"product_cat","embeddable":true,"href":"https:\/\/paracherkaoui.ma\/index.php\/wp-json\/wp\/v2\/product_cat?post=45310"},{"taxonomy":"product_tag","embeddable":true,"href":"https:\/\/paracherkaoui.ma\/index.php\/wp-json\/wp\/v2\/product_tag?post=45310"}],"curies":[{"name":"wp","href":"https:\/\/api.w.org\/{rel}","templated":true}]}}