{"id":45307,"date":"2025-12-12T19:15:29","date_gmt":"2025-12-12T18:15:29","guid":{"rendered":"https:\/\/test.ecbeaute.com\/?post_type=product&#038;p=45307"},"modified":"2025-12-12T19:15:32","modified_gmt":"2025-12-12T18:15:32","slug":"sensodyne-rapide-action-blancheur-75-ml","status":"publish","type":"product","link":"https:\/\/paracherkaoui.ma\/index.php\/produit\/sensodyne-rapide-action-blancheur-75-ml\/","title":{"rendered":"SENSODYNE RAPIDE ACTION BLANCHEUR 75 ML"},"content":{"rendered":"<p>Le dentifrice Sensodyne Rapide Action Blancheur procure un soulagement cliniquement prouv\u00e9 de la sensibilit\u00e9 dentaire en seulement 60 secondes* tout en blanchissant l\u2019\u00e9mail et en aidant \u00e0 pr\u00e9venir l\u2019apparition des taches. Sa formule unique agit rapidement en formant une barri\u00e8re protectrice autour des zones sensibles de vos dents. Elle procure un soulagement rapide et une protection renforc\u00e9e \u00e0 chaque brossage<\/p>\n","protected":false},"excerpt":{"rendered":"<p>Le dentifrice Sensodyne Rapide Action Blancheur procure un soulagement cliniquement prouv\u00e9 de la sensibilit\u00e9 dentaire en seulement 60 secondes* tout<\/p>\n","protected":false},"featured_media":45343,"comment_status":"open","ping_status":"closed","template":"","meta":[],"product_brand":[816],"product_cat":[796],"product_tag":[],"class_list":{"0":"post-45307","1":"product","2":"type-product","3":"status-publish","4":"has-post-thumbnail","6":"product_brand-sensodyne","7":"product_cat-dentifrices-blanchissants","9":"first","10":"instock","11":"sale","12":"shipping-taxable","13":"purchasable","14":"product-type-simple"},"yoast_head":"<!-- This site is optimized with the Yoast SEO plugin v26.6 - https:\/\/yoast.com\/wordpress\/plugins\/seo\/ -->\r\n<title>SENSODYNE RAPIDE ACTION BLANCHEUR 75 ML - Paracherkaoui.ma<\/title>\r\n<meta name=\"robots\" content=\"index, follow, max-snippet:-1, max-image-preview:large, max-video-preview:-1\" \/>\r\n<link rel=\"canonical\" href=\"https:\/\/paracherkaoui.ma\/index.php\/produit\/sensodyne-rapide-action-blancheur-75-ml\/\" \/>\r\n<meta property=\"og:locale\" content=\"fr_FR\" \/>\r\n<meta property=\"og:type\" content=\"article\" \/>\r\n<meta property=\"og:title\" content=\"SENSODYNE RAPIDE ACTION BLANCHEUR 75 ML - Paracherkaoui.ma\" \/>\r\n<meta property=\"og:description\" content=\"Le dentifrice Sensodyne Rapide Action Blancheur procure un soulagement cliniquement prouv\u00e9 de la sensibilit\u00e9 dentaire en seulement 60 secondes* tout\" \/>\r\n<meta property=\"og:url\" content=\"https:\/\/paracherkaoui.ma\/index.php\/produit\/sensodyne-rapide-action-blancheur-75-ml\/\" \/>\r\n<meta property=\"og:site_name\" content=\"Paracherkaoui.ma\" \/>\r\n<meta property=\"article:modified_time\" content=\"2025-12-12T18:15:32+00:00\" \/>\r\n<meta property=\"og:image\" content=\"https:\/\/paracherkaoui.ma\/wp-content\/uploads\/2025\/12\/sensodyne-sensodyne-rapide-action-blancheur-75-ml-dentifrices-blanchisseur.jpg\" \/>\r\n\t<meta property=\"og:image:width\" content=\"700\" \/>\r\n\t<meta property=\"og:image:height\" content=\"700\" \/>\r\n\t<meta property=\"og:image:type\" content=\"image\/jpeg\" \/>\r\n<meta name=\"twitter:card\" content=\"summary_large_image\" \/>\r\n<script type=\"application\/ld+json\" class=\"yoast-schema-graph\">{\"@context\":\"https:\/\/schema.org\",\"@graph\":[{\"@type\":\"WebPage\",\"@id\":\"https:\/\/paracherkaoui.ma\/index.php\/produit\/sensodyne-rapide-action-blancheur-75-ml\/\",\"url\":\"https:\/\/paracherkaoui.ma\/index.php\/produit\/sensodyne-rapide-action-blancheur-75-ml\/\",\"name\":\"SENSODYNE RAPIDE ACTION BLANCHEUR 75 ML - Paracherkaoui.ma\",\"isPartOf\":{\"@id\":\"https:\/\/paracherkaoui.ma\/#website\"},\"primaryImageOfPage\":{\"@id\":\"https:\/\/paracherkaoui.ma\/index.php\/produit\/sensodyne-rapide-action-blancheur-75-ml\/#primaryimage\"},\"image\":{\"@id\":\"https:\/\/paracherkaoui.ma\/index.php\/produit\/sensodyne-rapide-action-blancheur-75-ml\/#primaryimage\"},\"thumbnailUrl\":\"https:\/\/paracherkaoui.ma\/wp-content\/uploads\/2025\/12\/sensodyne-sensodyne-rapide-action-blancheur-75-ml-dentifrices-blanchisseur.jpg\",\"datePublished\":\"2025-12-12T18:15:29+00:00\",\"dateModified\":\"2025-12-12T18:15:32+00:00\",\"breadcrumb\":{\"@id\":\"https:\/\/paracherkaoui.ma\/index.php\/produit\/sensodyne-rapide-action-blancheur-75-ml\/#breadcrumb\"},\"inLanguage\":\"fr-FR\",\"potentialAction\":[{\"@type\":\"ReadAction\",\"target\":[\"https:\/\/paracherkaoui.ma\/index.php\/produit\/sensodyne-rapide-action-blancheur-75-ml\/\"]}]},{\"@type\":\"ImageObject\",\"inLanguage\":\"fr-FR\",\"@id\":\"https:\/\/paracherkaoui.ma\/index.php\/produit\/sensodyne-rapide-action-blancheur-75-ml\/#primaryimage\",\"url\":\"https:\/\/paracherkaoui.ma\/wp-content\/uploads\/2025\/12\/sensodyne-sensodyne-rapide-action-blancheur-75-ml-dentifrices-blanchisseur.jpg\",\"contentUrl\":\"https:\/\/paracherkaoui.ma\/wp-content\/uploads\/2025\/12\/sensodyne-sensodyne-rapide-action-blancheur-75-ml-dentifrices-blanchisseur.jpg\",\"width\":700,\"height\":700},{\"@type\":\"BreadcrumbList\",\"@id\":\"https:\/\/paracherkaoui.ma\/index.php\/produit\/sensodyne-rapide-action-blancheur-75-ml\/#breadcrumb\",\"itemListElement\":[{\"@type\":\"ListItem\",\"position\":1,\"name\":\"Accueil\",\"item\":\"https:\/\/paracherkaoui.ma\/\"},{\"@type\":\"ListItem\",\"position\":2,\"name\":\"Boutique\",\"item\":\"https:\/\/paracherkaoui.ma\/index.php\/boutique\/\"},{\"@type\":\"ListItem\",\"position\":3,\"name\":\"SENSODYNE RAPIDE ACTION BLANCHEUR 75 ML\"}]},{\"@type\":\"WebSite\",\"@id\":\"https:\/\/paracherkaoui.ma\/#website\",\"url\":\"https:\/\/paracherkaoui.ma\/\",\"name\":\"Paracherkaoui.ma\",\"description\":\"Achetez en ligne sur Paracherkaoui.ma\",\"potentialAction\":[{\"@type\":\"SearchAction\",\"target\":{\"@type\":\"EntryPoint\",\"urlTemplate\":\"https:\/\/paracherkaoui.ma\/?s={search_term_string}\"},\"query-input\":{\"@type\":\"PropertyValueSpecification\",\"valueRequired\":true,\"valueName\":\"search_term_string\"}}],\"inLanguage\":\"fr-FR\"}]}<\/script>\r\n<!-- \/ Yoast SEO plugin. -->","yoast_head_json":{"title":"SENSODYNE RAPIDE ACTION BLANCHEUR 75 ML - Paracherkaoui.ma","robots":{"index":"index","follow":"follow","max-snippet":"max-snippet:-1","max-image-preview":"max-image-preview:large","max-video-preview":"max-video-preview:-1"},"canonical":"https:\/\/paracherkaoui.ma\/index.php\/produit\/sensodyne-rapide-action-blancheur-75-ml\/","og_locale":"fr_FR","og_type":"article","og_title":"SENSODYNE RAPIDE ACTION BLANCHEUR 75 ML - Paracherkaoui.ma","og_description":"Le dentifrice Sensodyne Rapide Action Blancheur procure un soulagement cliniquement prouv\u00e9 de la sensibilit\u00e9 dentaire en seulement 60 secondes* tout","og_url":"https:\/\/paracherkaoui.ma\/index.php\/produit\/sensodyne-rapide-action-blancheur-75-ml\/","og_site_name":"Paracherkaoui.ma","article_modified_time":"2025-12-12T18:15:32+00:00","og_image":[{"width":700,"height":700,"url":"https:\/\/paracherkaoui.ma\/wp-content\/uploads\/2025\/12\/sensodyne-sensodyne-rapide-action-blancheur-75-ml-dentifrices-blanchisseur.jpg","type":"image\/jpeg"}],"twitter_card":"summary_large_image","schema":{"@context":"https:\/\/schema.org","@graph":[{"@type":"WebPage","@id":"https:\/\/paracherkaoui.ma\/index.php\/produit\/sensodyne-rapide-action-blancheur-75-ml\/","url":"https:\/\/paracherkaoui.ma\/index.php\/produit\/sensodyne-rapide-action-blancheur-75-ml\/","name":"SENSODYNE RAPIDE ACTION BLANCHEUR 75 ML - Paracherkaoui.ma","isPartOf":{"@id":"https:\/\/paracherkaoui.ma\/#website"},"primaryImageOfPage":{"@id":"https:\/\/paracherkaoui.ma\/index.php\/produit\/sensodyne-rapide-action-blancheur-75-ml\/#primaryimage"},"image":{"@id":"https:\/\/paracherkaoui.ma\/index.php\/produit\/sensodyne-rapide-action-blancheur-75-ml\/#primaryimage"},"thumbnailUrl":"https:\/\/paracherkaoui.ma\/wp-content\/uploads\/2025\/12\/sensodyne-sensodyne-rapide-action-blancheur-75-ml-dentifrices-blanchisseur.jpg","datePublished":"2025-12-12T18:15:29+00:00","dateModified":"2025-12-12T18:15:32+00:00","breadcrumb":{"@id":"https:\/\/paracherkaoui.ma\/index.php\/produit\/sensodyne-rapide-action-blancheur-75-ml\/#breadcrumb"},"inLanguage":"fr-FR","potentialAction":[{"@type":"ReadAction","target":["https:\/\/paracherkaoui.ma\/index.php\/produit\/sensodyne-rapide-action-blancheur-75-ml\/"]}]},{"@type":"ImageObject","inLanguage":"fr-FR","@id":"https:\/\/paracherkaoui.ma\/index.php\/produit\/sensodyne-rapide-action-blancheur-75-ml\/#primaryimage","url":"https:\/\/paracherkaoui.ma\/wp-content\/uploads\/2025\/12\/sensodyne-sensodyne-rapide-action-blancheur-75-ml-dentifrices-blanchisseur.jpg","contentUrl":"https:\/\/paracherkaoui.ma\/wp-content\/uploads\/2025\/12\/sensodyne-sensodyne-rapide-action-blancheur-75-ml-dentifrices-blanchisseur.jpg","width":700,"height":700},{"@type":"BreadcrumbList","@id":"https:\/\/paracherkaoui.ma\/index.php\/produit\/sensodyne-rapide-action-blancheur-75-ml\/#breadcrumb","itemListElement":[{"@type":"ListItem","position":1,"name":"Accueil","item":"https:\/\/paracherkaoui.ma\/"},{"@type":"ListItem","position":2,"name":"Boutique","item":"https:\/\/paracherkaoui.ma\/index.php\/boutique\/"},{"@type":"ListItem","position":3,"name":"SENSODYNE RAPIDE ACTION BLANCHEUR 75 ML"}]},{"@type":"WebSite","@id":"https:\/\/paracherkaoui.ma\/#website","url":"https:\/\/paracherkaoui.ma\/","name":"Paracherkaoui.ma","description":"Achetez en ligne sur Paracherkaoui.ma","potentialAction":[{"@type":"SearchAction","target":{"@type":"EntryPoint","urlTemplate":"https:\/\/paracherkaoui.ma\/?s={search_term_string}"},"query-input":{"@type":"PropertyValueSpecification","valueRequired":true,"valueName":"search_term_string"}}],"inLanguage":"fr-FR"}]}},"_links":{"self":[{"href":"https:\/\/paracherkaoui.ma\/index.php\/wp-json\/wp\/v2\/product\/45307","targetHints":{"allow":["GET"]}}],"collection":[{"href":"https:\/\/paracherkaoui.ma\/index.php\/wp-json\/wp\/v2\/product"}],"about":[{"href":"https:\/\/paracherkaoui.ma\/index.php\/wp-json\/wp\/v2\/types\/product"}],"replies":[{"embeddable":true,"href":"https:\/\/paracherkaoui.ma\/index.php\/wp-json\/wp\/v2\/comments?post=45307"}],"version-history":[{"count":1,"href":"https:\/\/paracherkaoui.ma\/index.php\/wp-json\/wp\/v2\/product\/45307\/revisions"}],"predecessor-version":[{"id":45344,"href":"https:\/\/paracherkaoui.ma\/index.php\/wp-json\/wp\/v2\/product\/45307\/revisions\/45344"}],"wp:featuredmedia":[{"embeddable":true,"href":"https:\/\/paracherkaoui.ma\/index.php\/wp-json\/wp\/v2\/media\/45343"}],"wp:attachment":[{"href":"https:\/\/paracherkaoui.ma\/index.php\/wp-json\/wp\/v2\/media?parent=45307"}],"wp:term":[{"taxonomy":"product_brand","embeddable":true,"href":"https:\/\/paracherkaoui.ma\/index.php\/wp-json\/wp\/v2\/product_brand?post=45307"},{"taxonomy":"product_cat","embeddable":true,"href":"https:\/\/paracherkaoui.ma\/index.php\/wp-json\/wp\/v2\/product_cat?post=45307"},{"taxonomy":"product_tag","embeddable":true,"href":"https:\/\/paracherkaoui.ma\/index.php\/wp-json\/wp\/v2\/product_tag?post=45307"}],"curies":[{"name":"wp","href":"https:\/\/api.w.org\/{rel}","templated":true}]}}