{"id":45302,"date":"2025-12-12T19:15:28","date_gmt":"2025-12-12T18:15:28","guid":{"rendered":"https:\/\/test.ecbeaute.com\/?post_type=product&#038;p=45302"},"modified":"2025-12-12T19:15:31","modified_gmt":"2025-12-12T18:15:31","slug":"marvis-dentifrice-black-forest-75ml","status":"publish","type":"product","link":"https:\/\/paracherkaoui.ma\/index.php\/produit\/marvis-dentifrice-black-forest-75ml\/","title":{"rendered":"MARVIS DENTIFRICE BLACK FOREST 75ML"},"content":{"rendered":"<p>Le dentifrice Marvis Black Forest 75ml transforme l&rsquo;hygi\u00e8ne bucco-dentaire en une exp\u00e9rience sensorielle unique. Un v\u00e9ritable dessert apr\u00e8s le dessert, il combine les saveurs exquises du chocolat noir, de la cerise juteuse, du massepain Amaretto et la fra\u00eecheur vivifiante de la menthe poivr\u00e9e. Cette alliance surprenante ne manquera pas d&rsquo;\u00e9veiller vos papilles, tout en vous offrant une hygi\u00e8ne bucco-dentaire compl\u00e8te.<br \/>\nFormul\u00e9 avec un m\u00e9lange de poudres nettoyantes douces, ce dentifrice prend soin de vos dents sans alt\u00e9rer l&rsquo;\u00e9mail ni la dentine. L&rsquo;ajout de fluor et de xylitol assure une protection optimale contre les caries, tout en \u00e9quilibrant la flore bact\u00e9rienne de votre bouche. Le dentifrice \u00e9limine efficacement les taches dues au th\u00e9, au caf\u00e9 ou au tabac et lutte contre la formation de tartre, vous garantissant un sourire \u00e9clatant et une haleine fra\u00eeche.<br \/>\nLa p\u00e2te riche et concentr\u00e9e de Marvis Black Forest est sans conservateurs et ne contient aucun ingr\u00e9dient d\u2019origine animale, offrant ainsi une exp\u00e9rience respectueuse de vos valeurs. Un produit raffin\u00e9 et efficace, pour ceux qui recherchent une alternative gustative et de qualit\u00e9 \u00e0 leurs habitudes d&rsquo;hygi\u00e8ne buccale.<br \/>\nConseils d&rsquo;utilisation :<br \/>\nUtilisez une petite quantit\u00e9 de dentifrice sur votre brosse \u00e0 dents.<br \/>\nBrossez vos dents deux fois par jour pendant 2 minutes.<br \/>\nComposition :<br \/>\nCalcium Carbonate, Glycerin, Aqua (Water\/Eau), Hydrated Silica, Aroma (Flavor), Xylitol, Cellulose Gum, Sodium Lauryl Sulfate, Titanium Dioxide, Sodium Saccharin, Sodium Fluoride, Citric Acid, Sodium Citrate, Limonene.<\/p>\n","protected":false},"excerpt":{"rendered":"<p>Le dentifrice Marvis Black Forest 75ml transforme l&rsquo;hygi\u00e8ne bucco-dentaire en une exp\u00e9rience sensorielle unique. Un v\u00e9ritable dessert apr\u00e8s le dessert,<\/p>\n","protected":false},"featured_media":45333,"comment_status":"open","ping_status":"closed","template":"","meta":[],"product_brand":[814],"product_cat":[796],"product_tag":[],"class_list":{"0":"post-45302","1":"product","2":"type-product","3":"status-publish","4":"has-post-thumbnail","6":"product_brand-marvis","7":"product_cat-dentifrices-blanchissants","9":"first","10":"instock","11":"shipping-taxable","12":"purchasable","13":"product-type-simple"},"yoast_head":"<!-- This site is optimized with the Yoast SEO plugin v26.6 - https:\/\/yoast.com\/wordpress\/plugins\/seo\/ -->\r\n<title>MARVIS DENTIFRICE BLACK FOREST 75ML - Paracherkaoui.ma<\/title>\r\n<meta name=\"robots\" content=\"index, follow, max-snippet:-1, max-image-preview:large, max-video-preview:-1\" \/>\r\n<link rel=\"canonical\" href=\"https:\/\/paracherkaoui.ma\/index.php\/produit\/marvis-dentifrice-black-forest-75ml\/\" \/>\r\n<meta property=\"og:locale\" content=\"fr_FR\" \/>\r\n<meta property=\"og:type\" content=\"article\" \/>\r\n<meta property=\"og:title\" content=\"MARVIS DENTIFRICE BLACK FOREST 75ML - Paracherkaoui.ma\" \/>\r\n<meta property=\"og:description\" content=\"Le dentifrice Marvis Black Forest 75ml transforme l&rsquo;hygi\u00e8ne bucco-dentaire en une exp\u00e9rience sensorielle unique. Un v\u00e9ritable dessert apr\u00e8s le dessert,\" \/>\r\n<meta property=\"og:url\" content=\"https:\/\/paracherkaoui.ma\/index.php\/produit\/marvis-dentifrice-black-forest-75ml\/\" \/>\r\n<meta property=\"og:site_name\" content=\"Paracherkaoui.ma\" \/>\r\n<meta property=\"article:modified_time\" content=\"2025-12-12T18:15:31+00:00\" \/>\r\n<meta property=\"og:image\" content=\"https:\/\/paracherkaoui.ma\/wp-content\/uploads\/2025\/12\/marvis-marvis-dentifrice-black-forest-75ml-dentifrices-blanchissants.jpg\" \/>\r\n\t<meta property=\"og:image:width\" content=\"700\" \/>\r\n\t<meta property=\"og:image:height\" content=\"700\" \/>\r\n\t<meta property=\"og:image:type\" content=\"image\/jpeg\" \/>\r\n<meta name=\"twitter:card\" content=\"summary_large_image\" \/>\r\n<meta name=\"twitter:label1\" content=\"Dur\u00e9e de lecture estim\u00e9e\" \/>\n\t<meta name=\"twitter:data1\" content=\"1 minute\" \/>\r\n<script type=\"application\/ld+json\" class=\"yoast-schema-graph\">{\"@context\":\"https:\/\/schema.org\",\"@graph\":[{\"@type\":\"WebPage\",\"@id\":\"https:\/\/paracherkaoui.ma\/index.php\/produit\/marvis-dentifrice-black-forest-75ml\/\",\"url\":\"https:\/\/paracherkaoui.ma\/index.php\/produit\/marvis-dentifrice-black-forest-75ml\/\",\"name\":\"MARVIS DENTIFRICE BLACK FOREST 75ML - Paracherkaoui.ma\",\"isPartOf\":{\"@id\":\"https:\/\/paracherkaoui.ma\/#website\"},\"primaryImageOfPage\":{\"@id\":\"https:\/\/paracherkaoui.ma\/index.php\/produit\/marvis-dentifrice-black-forest-75ml\/#primaryimage\"},\"image\":{\"@id\":\"https:\/\/paracherkaoui.ma\/index.php\/produit\/marvis-dentifrice-black-forest-75ml\/#primaryimage\"},\"thumbnailUrl\":\"https:\/\/paracherkaoui.ma\/wp-content\/uploads\/2025\/12\/marvis-marvis-dentifrice-black-forest-75ml-dentifrices-blanchissants.jpg\",\"datePublished\":\"2025-12-12T18:15:28+00:00\",\"dateModified\":\"2025-12-12T18:15:31+00:00\",\"breadcrumb\":{\"@id\":\"https:\/\/paracherkaoui.ma\/index.php\/produit\/marvis-dentifrice-black-forest-75ml\/#breadcrumb\"},\"inLanguage\":\"fr-FR\",\"potentialAction\":[{\"@type\":\"ReadAction\",\"target\":[\"https:\/\/paracherkaoui.ma\/index.php\/produit\/marvis-dentifrice-black-forest-75ml\/\"]}]},{\"@type\":\"ImageObject\",\"inLanguage\":\"fr-FR\",\"@id\":\"https:\/\/paracherkaoui.ma\/index.php\/produit\/marvis-dentifrice-black-forest-75ml\/#primaryimage\",\"url\":\"https:\/\/paracherkaoui.ma\/wp-content\/uploads\/2025\/12\/marvis-marvis-dentifrice-black-forest-75ml-dentifrices-blanchissants.jpg\",\"contentUrl\":\"https:\/\/paracherkaoui.ma\/wp-content\/uploads\/2025\/12\/marvis-marvis-dentifrice-black-forest-75ml-dentifrices-blanchissants.jpg\",\"width\":700,\"height\":700},{\"@type\":\"BreadcrumbList\",\"@id\":\"https:\/\/paracherkaoui.ma\/index.php\/produit\/marvis-dentifrice-black-forest-75ml\/#breadcrumb\",\"itemListElement\":[{\"@type\":\"ListItem\",\"position\":1,\"name\":\"Accueil\",\"item\":\"https:\/\/paracherkaoui.ma\/\"},{\"@type\":\"ListItem\",\"position\":2,\"name\":\"Boutique\",\"item\":\"https:\/\/paracherkaoui.ma\/index.php\/boutique\/\"},{\"@type\":\"ListItem\",\"position\":3,\"name\":\"MARVIS DENTIFRICE BLACK FOREST 75ML\"}]},{\"@type\":\"WebSite\",\"@id\":\"https:\/\/paracherkaoui.ma\/#website\",\"url\":\"https:\/\/paracherkaoui.ma\/\",\"name\":\"Paracherkaoui.ma\",\"description\":\"Achetez en ligne sur Paracherkaoui.ma\",\"potentialAction\":[{\"@type\":\"SearchAction\",\"target\":{\"@type\":\"EntryPoint\",\"urlTemplate\":\"https:\/\/paracherkaoui.ma\/?s={search_term_string}\"},\"query-input\":{\"@type\":\"PropertyValueSpecification\",\"valueRequired\":true,\"valueName\":\"search_term_string\"}}],\"inLanguage\":\"fr-FR\"}]}<\/script>\r\n<!-- \/ Yoast SEO plugin. -->","yoast_head_json":{"title":"MARVIS DENTIFRICE BLACK FOREST 75ML - Paracherkaoui.ma","robots":{"index":"index","follow":"follow","max-snippet":"max-snippet:-1","max-image-preview":"max-image-preview:large","max-video-preview":"max-video-preview:-1"},"canonical":"https:\/\/paracherkaoui.ma\/index.php\/produit\/marvis-dentifrice-black-forest-75ml\/","og_locale":"fr_FR","og_type":"article","og_title":"MARVIS DENTIFRICE BLACK FOREST 75ML - Paracherkaoui.ma","og_description":"Le dentifrice Marvis Black Forest 75ml transforme l&rsquo;hygi\u00e8ne bucco-dentaire en une exp\u00e9rience sensorielle unique. Un v\u00e9ritable dessert apr\u00e8s le dessert,","og_url":"https:\/\/paracherkaoui.ma\/index.php\/produit\/marvis-dentifrice-black-forest-75ml\/","og_site_name":"Paracherkaoui.ma","article_modified_time":"2025-12-12T18:15:31+00:00","og_image":[{"width":700,"height":700,"url":"https:\/\/paracherkaoui.ma\/wp-content\/uploads\/2025\/12\/marvis-marvis-dentifrice-black-forest-75ml-dentifrices-blanchissants.jpg","type":"image\/jpeg"}],"twitter_card":"summary_large_image","twitter_misc":{"Dur\u00e9e de lecture estim\u00e9e":"1 minute"},"schema":{"@context":"https:\/\/schema.org","@graph":[{"@type":"WebPage","@id":"https:\/\/paracherkaoui.ma\/index.php\/produit\/marvis-dentifrice-black-forest-75ml\/","url":"https:\/\/paracherkaoui.ma\/index.php\/produit\/marvis-dentifrice-black-forest-75ml\/","name":"MARVIS DENTIFRICE BLACK FOREST 75ML - Paracherkaoui.ma","isPartOf":{"@id":"https:\/\/paracherkaoui.ma\/#website"},"primaryImageOfPage":{"@id":"https:\/\/paracherkaoui.ma\/index.php\/produit\/marvis-dentifrice-black-forest-75ml\/#primaryimage"},"image":{"@id":"https:\/\/paracherkaoui.ma\/index.php\/produit\/marvis-dentifrice-black-forest-75ml\/#primaryimage"},"thumbnailUrl":"https:\/\/paracherkaoui.ma\/wp-content\/uploads\/2025\/12\/marvis-marvis-dentifrice-black-forest-75ml-dentifrices-blanchissants.jpg","datePublished":"2025-12-12T18:15:28+00:00","dateModified":"2025-12-12T18:15:31+00:00","breadcrumb":{"@id":"https:\/\/paracherkaoui.ma\/index.php\/produit\/marvis-dentifrice-black-forest-75ml\/#breadcrumb"},"inLanguage":"fr-FR","potentialAction":[{"@type":"ReadAction","target":["https:\/\/paracherkaoui.ma\/index.php\/produit\/marvis-dentifrice-black-forest-75ml\/"]}]},{"@type":"ImageObject","inLanguage":"fr-FR","@id":"https:\/\/paracherkaoui.ma\/index.php\/produit\/marvis-dentifrice-black-forest-75ml\/#primaryimage","url":"https:\/\/paracherkaoui.ma\/wp-content\/uploads\/2025\/12\/marvis-marvis-dentifrice-black-forest-75ml-dentifrices-blanchissants.jpg","contentUrl":"https:\/\/paracherkaoui.ma\/wp-content\/uploads\/2025\/12\/marvis-marvis-dentifrice-black-forest-75ml-dentifrices-blanchissants.jpg","width":700,"height":700},{"@type":"BreadcrumbList","@id":"https:\/\/paracherkaoui.ma\/index.php\/produit\/marvis-dentifrice-black-forest-75ml\/#breadcrumb","itemListElement":[{"@type":"ListItem","position":1,"name":"Accueil","item":"https:\/\/paracherkaoui.ma\/"},{"@type":"ListItem","position":2,"name":"Boutique","item":"https:\/\/paracherkaoui.ma\/index.php\/boutique\/"},{"@type":"ListItem","position":3,"name":"MARVIS DENTIFRICE BLACK FOREST 75ML"}]},{"@type":"WebSite","@id":"https:\/\/paracherkaoui.ma\/#website","url":"https:\/\/paracherkaoui.ma\/","name":"Paracherkaoui.ma","description":"Achetez en ligne sur Paracherkaoui.ma","potentialAction":[{"@type":"SearchAction","target":{"@type":"EntryPoint","urlTemplate":"https:\/\/paracherkaoui.ma\/?s={search_term_string}"},"query-input":{"@type":"PropertyValueSpecification","valueRequired":true,"valueName":"search_term_string"}}],"inLanguage":"fr-FR"}]}},"_links":{"self":[{"href":"https:\/\/paracherkaoui.ma\/index.php\/wp-json\/wp\/v2\/product\/45302","targetHints":{"allow":["GET"]}}],"collection":[{"href":"https:\/\/paracherkaoui.ma\/index.php\/wp-json\/wp\/v2\/product"}],"about":[{"href":"https:\/\/paracherkaoui.ma\/index.php\/wp-json\/wp\/v2\/types\/product"}],"replies":[{"embeddable":true,"href":"https:\/\/paracherkaoui.ma\/index.php\/wp-json\/wp\/v2\/comments?post=45302"}],"version-history":[{"count":1,"href":"https:\/\/paracherkaoui.ma\/index.php\/wp-json\/wp\/v2\/product\/45302\/revisions"}],"predecessor-version":[{"id":45334,"href":"https:\/\/paracherkaoui.ma\/index.php\/wp-json\/wp\/v2\/product\/45302\/revisions\/45334"}],"wp:featuredmedia":[{"embeddable":true,"href":"https:\/\/paracherkaoui.ma\/index.php\/wp-json\/wp\/v2\/media\/45333"}],"wp:attachment":[{"href":"https:\/\/paracherkaoui.ma\/index.php\/wp-json\/wp\/v2\/media?parent=45302"}],"wp:term":[{"taxonomy":"product_brand","embeddable":true,"href":"https:\/\/paracherkaoui.ma\/index.php\/wp-json\/wp\/v2\/product_brand?post=45302"},{"taxonomy":"product_cat","embeddable":true,"href":"https:\/\/paracherkaoui.ma\/index.php\/wp-json\/wp\/v2\/product_cat?post=45302"},{"taxonomy":"product_tag","embeddable":true,"href":"https:\/\/paracherkaoui.ma\/index.php\/wp-json\/wp\/v2\/product_tag?post=45302"}],"curies":[{"name":"wp","href":"https:\/\/api.w.org\/{rel}","templated":true}]}}