{"id":45256,"date":"2025-12-12T19:15:11","date_gmt":"2025-12-12T18:15:11","guid":{"rendered":"https:\/\/test.ecbeaute.com\/?post_type=product&#038;p=45256"},"modified":"2025-12-12T19:15:16","modified_gmt":"2025-12-12T18:15:16","slug":"cattier-eridene-dentifrice-blanchissant-sans-sulfate-sans-fluor-75-ml","status":"publish","type":"product","link":"https:\/\/paracherkaoui.ma\/index.php\/produit\/cattier-eridene-dentifrice-blanchissant-sans-sulfate-sans-fluor-75-ml\/","title":{"rendered":"CATTIER ERIDENE DENTIFRICE BLANCHISSANT SANS SULFATE SANS FLUOR 75 ML"},"content":{"rendered":"<p>Formul\u00e9 sans sulfates et sans fluor, ce Dentifrice blanchissant Cattier certifi\u00e9 bio au go\u00fbt d\u00e9licat de menthe douce, offre un soin quotidien complet pour des dents blanches et en bonne sant\u00e9. Des actifs hautement efficaces ont \u00e9t\u00e9 minutieusement s\u00e9lectionn\u00e9s pour blanchir les dents et favoriser l&rsquo;\u00e9limination de la plaque dentaire et du tartre gr\u00e2ce \u00e0 l&rsquo;action du complexe prot\u00e9olytique actif. Polir les dents tout en respectant leur \u00e9mail gr\u00e2ce \u00e0 des agents polissants sp\u00e9cifiques.<\/p>\n","protected":false},"excerpt":{"rendered":"<p>Formul\u00e9 sans sulfates et sans fluor, ce Dentifrice blanchissant Cattier certifi\u00e9 bio au go\u00fbt d\u00e9licat de menthe douce, offre un<\/p>\n","protected":false},"featured_media":45291,"comment_status":"open","ping_status":"closed","template":"","meta":[],"product_brand":[187],"product_cat":[796],"product_tag":[],"class_list":{"0":"post-45256","1":"product","2":"type-product","3":"status-publish","4":"has-post-thumbnail","6":"product_brand-cattier","7":"product_cat-dentifrices-blanchissants","9":"first","10":"instock","11":"shipping-taxable","12":"purchasable","13":"product-type-simple"},"yoast_head":"<!-- This site is optimized with the Yoast SEO plugin v26.6 - https:\/\/yoast.com\/wordpress\/plugins\/seo\/ -->\r\n<title>CATTIER ERIDENE DENTIFRICE BLANCHISSANT SANS SULFATE SANS FLUOR 75 ML - Paracherkaoui.ma<\/title>\r\n<meta name=\"robots\" content=\"index, follow, max-snippet:-1, max-image-preview:large, max-video-preview:-1\" \/>\r\n<link rel=\"canonical\" href=\"https:\/\/paracherkaoui.ma\/index.php\/produit\/cattier-eridene-dentifrice-blanchissant-sans-sulfate-sans-fluor-75-ml\/\" \/>\r\n<meta property=\"og:locale\" content=\"fr_FR\" \/>\r\n<meta property=\"og:type\" content=\"article\" \/>\r\n<meta property=\"og:title\" content=\"CATTIER ERIDENE DENTIFRICE BLANCHISSANT SANS SULFATE SANS FLUOR 75 ML - Paracherkaoui.ma\" \/>\r\n<meta property=\"og:description\" content=\"Formul\u00e9 sans sulfates et sans fluor, ce Dentifrice blanchissant Cattier certifi\u00e9 bio au go\u00fbt d\u00e9licat de menthe douce, offre un\" \/>\r\n<meta property=\"og:url\" content=\"https:\/\/paracherkaoui.ma\/index.php\/produit\/cattier-eridene-dentifrice-blanchissant-sans-sulfate-sans-fluor-75-ml\/\" \/>\r\n<meta property=\"og:site_name\" content=\"Paracherkaoui.ma\" \/>\r\n<meta property=\"article:modified_time\" content=\"2025-12-12T18:15:16+00:00\" \/>\r\n<meta property=\"og:image\" content=\"https:\/\/paracherkaoui.ma\/wp-content\/uploads\/2025\/12\/cattier-cattier-eridene-dentifrice-blanchissant-sans-sulfate-sans-fluor-75-ml-dentifrices-blanchisseur.jpg\" \/>\r\n\t<meta property=\"og:image:width\" content=\"700\" \/>\r\n\t<meta property=\"og:image:height\" content=\"700\" \/>\r\n\t<meta property=\"og:image:type\" content=\"image\/jpeg\" \/>\r\n<meta name=\"twitter:card\" content=\"summary_large_image\" \/>\r\n<script type=\"application\/ld+json\" class=\"yoast-schema-graph\">{\"@context\":\"https:\/\/schema.org\",\"@graph\":[{\"@type\":\"WebPage\",\"@id\":\"https:\/\/paracherkaoui.ma\/index.php\/produit\/cattier-eridene-dentifrice-blanchissant-sans-sulfate-sans-fluor-75-ml\/\",\"url\":\"https:\/\/paracherkaoui.ma\/index.php\/produit\/cattier-eridene-dentifrice-blanchissant-sans-sulfate-sans-fluor-75-ml\/\",\"name\":\"CATTIER ERIDENE DENTIFRICE BLANCHISSANT SANS SULFATE SANS FLUOR 75 ML - Paracherkaoui.ma\",\"isPartOf\":{\"@id\":\"https:\/\/paracherkaoui.ma\/#website\"},\"primaryImageOfPage\":{\"@id\":\"https:\/\/paracherkaoui.ma\/index.php\/produit\/cattier-eridene-dentifrice-blanchissant-sans-sulfate-sans-fluor-75-ml\/#primaryimage\"},\"image\":{\"@id\":\"https:\/\/paracherkaoui.ma\/index.php\/produit\/cattier-eridene-dentifrice-blanchissant-sans-sulfate-sans-fluor-75-ml\/#primaryimage\"},\"thumbnailUrl\":\"https:\/\/paracherkaoui.ma\/wp-content\/uploads\/2025\/12\/cattier-cattier-eridene-dentifrice-blanchissant-sans-sulfate-sans-fluor-75-ml-dentifrices-blanchisseur.jpg\",\"datePublished\":\"2025-12-12T18:15:11+00:00\",\"dateModified\":\"2025-12-12T18:15:16+00:00\",\"breadcrumb\":{\"@id\":\"https:\/\/paracherkaoui.ma\/index.php\/produit\/cattier-eridene-dentifrice-blanchissant-sans-sulfate-sans-fluor-75-ml\/#breadcrumb\"},\"inLanguage\":\"fr-FR\",\"potentialAction\":[{\"@type\":\"ReadAction\",\"target\":[\"https:\/\/paracherkaoui.ma\/index.php\/produit\/cattier-eridene-dentifrice-blanchissant-sans-sulfate-sans-fluor-75-ml\/\"]}]},{\"@type\":\"ImageObject\",\"inLanguage\":\"fr-FR\",\"@id\":\"https:\/\/paracherkaoui.ma\/index.php\/produit\/cattier-eridene-dentifrice-blanchissant-sans-sulfate-sans-fluor-75-ml\/#primaryimage\",\"url\":\"https:\/\/paracherkaoui.ma\/wp-content\/uploads\/2025\/12\/cattier-cattier-eridene-dentifrice-blanchissant-sans-sulfate-sans-fluor-75-ml-dentifrices-blanchisseur.jpg\",\"contentUrl\":\"https:\/\/paracherkaoui.ma\/wp-content\/uploads\/2025\/12\/cattier-cattier-eridene-dentifrice-blanchissant-sans-sulfate-sans-fluor-75-ml-dentifrices-blanchisseur.jpg\",\"width\":700,\"height\":700},{\"@type\":\"BreadcrumbList\",\"@id\":\"https:\/\/paracherkaoui.ma\/index.php\/produit\/cattier-eridene-dentifrice-blanchissant-sans-sulfate-sans-fluor-75-ml\/#breadcrumb\",\"itemListElement\":[{\"@type\":\"ListItem\",\"position\":1,\"name\":\"Accueil\",\"item\":\"https:\/\/paracherkaoui.ma\/\"},{\"@type\":\"ListItem\",\"position\":2,\"name\":\"Boutique\",\"item\":\"https:\/\/paracherkaoui.ma\/index.php\/boutique\/\"},{\"@type\":\"ListItem\",\"position\":3,\"name\":\"CATTIER ERIDENE DENTIFRICE BLANCHISSANT SANS SULFATE SANS FLUOR 75 ML\"}]},{\"@type\":\"WebSite\",\"@id\":\"https:\/\/paracherkaoui.ma\/#website\",\"url\":\"https:\/\/paracherkaoui.ma\/\",\"name\":\"Paracherkaoui.ma\",\"description\":\"Achetez en ligne sur Paracherkaoui.ma\",\"potentialAction\":[{\"@type\":\"SearchAction\",\"target\":{\"@type\":\"EntryPoint\",\"urlTemplate\":\"https:\/\/paracherkaoui.ma\/?s={search_term_string}\"},\"query-input\":{\"@type\":\"PropertyValueSpecification\",\"valueRequired\":true,\"valueName\":\"search_term_string\"}}],\"inLanguage\":\"fr-FR\"}]}<\/script>\r\n<!-- \/ Yoast SEO plugin. -->","yoast_head_json":{"title":"CATTIER ERIDENE DENTIFRICE BLANCHISSANT SANS SULFATE SANS FLUOR 75 ML - Paracherkaoui.ma","robots":{"index":"index","follow":"follow","max-snippet":"max-snippet:-1","max-image-preview":"max-image-preview:large","max-video-preview":"max-video-preview:-1"},"canonical":"https:\/\/paracherkaoui.ma\/index.php\/produit\/cattier-eridene-dentifrice-blanchissant-sans-sulfate-sans-fluor-75-ml\/","og_locale":"fr_FR","og_type":"article","og_title":"CATTIER ERIDENE DENTIFRICE BLANCHISSANT SANS SULFATE SANS FLUOR 75 ML - Paracherkaoui.ma","og_description":"Formul\u00e9 sans sulfates et sans fluor, ce Dentifrice blanchissant Cattier certifi\u00e9 bio au go\u00fbt d\u00e9licat de menthe douce, offre un","og_url":"https:\/\/paracherkaoui.ma\/index.php\/produit\/cattier-eridene-dentifrice-blanchissant-sans-sulfate-sans-fluor-75-ml\/","og_site_name":"Paracherkaoui.ma","article_modified_time":"2025-12-12T18:15:16+00:00","og_image":[{"width":700,"height":700,"url":"https:\/\/paracherkaoui.ma\/wp-content\/uploads\/2025\/12\/cattier-cattier-eridene-dentifrice-blanchissant-sans-sulfate-sans-fluor-75-ml-dentifrices-blanchisseur.jpg","type":"image\/jpeg"}],"twitter_card":"summary_large_image","schema":{"@context":"https:\/\/schema.org","@graph":[{"@type":"WebPage","@id":"https:\/\/paracherkaoui.ma\/index.php\/produit\/cattier-eridene-dentifrice-blanchissant-sans-sulfate-sans-fluor-75-ml\/","url":"https:\/\/paracherkaoui.ma\/index.php\/produit\/cattier-eridene-dentifrice-blanchissant-sans-sulfate-sans-fluor-75-ml\/","name":"CATTIER ERIDENE DENTIFRICE BLANCHISSANT SANS SULFATE SANS FLUOR 75 ML - Paracherkaoui.ma","isPartOf":{"@id":"https:\/\/paracherkaoui.ma\/#website"},"primaryImageOfPage":{"@id":"https:\/\/paracherkaoui.ma\/index.php\/produit\/cattier-eridene-dentifrice-blanchissant-sans-sulfate-sans-fluor-75-ml\/#primaryimage"},"image":{"@id":"https:\/\/paracherkaoui.ma\/index.php\/produit\/cattier-eridene-dentifrice-blanchissant-sans-sulfate-sans-fluor-75-ml\/#primaryimage"},"thumbnailUrl":"https:\/\/paracherkaoui.ma\/wp-content\/uploads\/2025\/12\/cattier-cattier-eridene-dentifrice-blanchissant-sans-sulfate-sans-fluor-75-ml-dentifrices-blanchisseur.jpg","datePublished":"2025-12-12T18:15:11+00:00","dateModified":"2025-12-12T18:15:16+00:00","breadcrumb":{"@id":"https:\/\/paracherkaoui.ma\/index.php\/produit\/cattier-eridene-dentifrice-blanchissant-sans-sulfate-sans-fluor-75-ml\/#breadcrumb"},"inLanguage":"fr-FR","potentialAction":[{"@type":"ReadAction","target":["https:\/\/paracherkaoui.ma\/index.php\/produit\/cattier-eridene-dentifrice-blanchissant-sans-sulfate-sans-fluor-75-ml\/"]}]},{"@type":"ImageObject","inLanguage":"fr-FR","@id":"https:\/\/paracherkaoui.ma\/index.php\/produit\/cattier-eridene-dentifrice-blanchissant-sans-sulfate-sans-fluor-75-ml\/#primaryimage","url":"https:\/\/paracherkaoui.ma\/wp-content\/uploads\/2025\/12\/cattier-cattier-eridene-dentifrice-blanchissant-sans-sulfate-sans-fluor-75-ml-dentifrices-blanchisseur.jpg","contentUrl":"https:\/\/paracherkaoui.ma\/wp-content\/uploads\/2025\/12\/cattier-cattier-eridene-dentifrice-blanchissant-sans-sulfate-sans-fluor-75-ml-dentifrices-blanchisseur.jpg","width":700,"height":700},{"@type":"BreadcrumbList","@id":"https:\/\/paracherkaoui.ma\/index.php\/produit\/cattier-eridene-dentifrice-blanchissant-sans-sulfate-sans-fluor-75-ml\/#breadcrumb","itemListElement":[{"@type":"ListItem","position":1,"name":"Accueil","item":"https:\/\/paracherkaoui.ma\/"},{"@type":"ListItem","position":2,"name":"Boutique","item":"https:\/\/paracherkaoui.ma\/index.php\/boutique\/"},{"@type":"ListItem","position":3,"name":"CATTIER ERIDENE DENTIFRICE BLANCHISSANT SANS SULFATE SANS FLUOR 75 ML"}]},{"@type":"WebSite","@id":"https:\/\/paracherkaoui.ma\/#website","url":"https:\/\/paracherkaoui.ma\/","name":"Paracherkaoui.ma","description":"Achetez en ligne sur Paracherkaoui.ma","potentialAction":[{"@type":"SearchAction","target":{"@type":"EntryPoint","urlTemplate":"https:\/\/paracherkaoui.ma\/?s={search_term_string}"},"query-input":{"@type":"PropertyValueSpecification","valueRequired":true,"valueName":"search_term_string"}}],"inLanguage":"fr-FR"}]}},"_links":{"self":[{"href":"https:\/\/paracherkaoui.ma\/index.php\/wp-json\/wp\/v2\/product\/45256","targetHints":{"allow":["GET"]}}],"collection":[{"href":"https:\/\/paracherkaoui.ma\/index.php\/wp-json\/wp\/v2\/product"}],"about":[{"href":"https:\/\/paracherkaoui.ma\/index.php\/wp-json\/wp\/v2\/types\/product"}],"replies":[{"embeddable":true,"href":"https:\/\/paracherkaoui.ma\/index.php\/wp-json\/wp\/v2\/comments?post=45256"}],"version-history":[{"count":1,"href":"https:\/\/paracherkaoui.ma\/index.php\/wp-json\/wp\/v2\/product\/45256\/revisions"}],"predecessor-version":[{"id":45292,"href":"https:\/\/paracherkaoui.ma\/index.php\/wp-json\/wp\/v2\/product\/45256\/revisions\/45292"}],"wp:featuredmedia":[{"embeddable":true,"href":"https:\/\/paracherkaoui.ma\/index.php\/wp-json\/wp\/v2\/media\/45291"}],"wp:attachment":[{"href":"https:\/\/paracherkaoui.ma\/index.php\/wp-json\/wp\/v2\/media?parent=45256"}],"wp:term":[{"taxonomy":"product_brand","embeddable":true,"href":"https:\/\/paracherkaoui.ma\/index.php\/wp-json\/wp\/v2\/product_brand?post=45256"},{"taxonomy":"product_cat","embeddable":true,"href":"https:\/\/paracherkaoui.ma\/index.php\/wp-json\/wp\/v2\/product_cat?post=45256"},{"taxonomy":"product_tag","embeddable":true,"href":"https:\/\/paracherkaoui.ma\/index.php\/wp-json\/wp\/v2\/product_tag?post=45256"}],"curies":[{"name":"wp","href":"https:\/\/api.w.org\/{rel}","templated":true}]}}