{"id":45244,"date":"2025-12-12T19:15:10","date_gmt":"2025-12-12T18:15:10","guid":{"rendered":"https:\/\/test.ecbeaute.com\/?post_type=product&#038;p=45244"},"modified":"2025-12-12T19:15:12","modified_gmt":"2025-12-12T18:15:12","slug":"elgydium-blancheur-gel-dentifrice-fraicheur-citron-75-ml","status":"publish","type":"product","link":"https:\/\/paracherkaoui.ma\/index.php\/produit\/elgydium-blancheur-gel-dentifrice-fraicheur-citron-75-ml\/","title":{"rendered":"ELGYDIUM BLANCHEUR GEL DENTIFRICE FRAICHEUR CITRON 75 ML"},"content":{"rendered":"<p>En contribuant \u00e0 \u00e9liminer les t\u00e2ches dentaires superficielles (alimentation, tabac\u2026), ELGYDIUM Blancheur Fra\u00eecheur citron Dentifrice maintient la blancheur naturelle des dents tout en les respectant. Dans sa formule, du Bicarbonate de sodium micropulv\u00e9ris\u00e9, d&rsquo;une taille en moyenne cinq fois plus petite que les cristaux classiques de Bicarbonate de sodium, pour p\u00e9n\u00e9trer plus finement dans les sillons de l&rsquo;\u00e9mail. Son effet, visible d\u00e8s deux semaines sur les t\u00e2ches superficielles des dents, se renforce au fil du temps et des utilisations. Une efficacit\u00e9 rapide et durable a \u00e9t\u00e9 per\u00e7ue par 90% des sujets\u00b9. Il prolonge la blancheur des dents apr\u00e8s un d\u00e9tartrage ou un \u00e9claircissement professionnel, pour encore plus de brillance. Une efficacit\u00e9 rapide et durable et une protection efficace contre les caries. Aromatis\u00e9 au citron, il rend le brossage de deux \u00e0 trois minutes, deux \u00e0 trois fois par jour encore plus agr\u00e9able.<br \/>\nLes bienfaits :<br \/>\nPROLONGE et MAINTIENT la blancheur naturelle des dents apr\u00e8s deux semaines d&rsquo;utilisation.<br \/>\nRESPECTE l&rsquo;\u00e9mail des dents.<br \/>\nAROMATIS\u00c9 au citron pour encore plus de fra\u00eecheur.<br \/>\nConseils d&rsquo;utilisation:<br \/>\nIl est recommand\u00e9 de se brosser les dents apr\u00e8s chaque repas, 2 \u00e0 3 fois par jour, pendant 2 minutes, avec une brosse \u00e0 dents adapt\u00e9e.<\/p>\n","protected":false},"excerpt":{"rendered":"<p>En contribuant \u00e0 \u00e9liminer les t\u00e2ches dentaires superficielles (alimentation, tabac\u2026), ELGYDIUM Blancheur Fra\u00eecheur citron Dentifrice maintient la blancheur naturelle des<\/p>\n","protected":false},"featured_media":45267,"comment_status":"open","ping_status":"closed","template":"","meta":[],"product_brand":[798],"product_cat":[796],"product_tag":[],"class_list":{"0":"post-45244","1":"product","2":"type-product","3":"status-publish","4":"has-post-thumbnail","6":"product_brand-elgydium","7":"product_cat-dentifrices-blanchissants","9":"first","10":"instock","11":"sale","12":"shipping-taxable","13":"purchasable","14":"product-type-simple"},"yoast_head":"<!-- This site is optimized with the Yoast SEO plugin v26.6 - https:\/\/yoast.com\/wordpress\/plugins\/seo\/ -->\r\n<title>ELGYDIUM BLANCHEUR GEL DENTIFRICE FRAICHEUR CITRON 75 ML - Paracherkaoui.ma<\/title>\r\n<meta name=\"robots\" content=\"index, follow, max-snippet:-1, max-image-preview:large, max-video-preview:-1\" \/>\r\n<link rel=\"canonical\" href=\"https:\/\/paracherkaoui.ma\/index.php\/produit\/elgydium-blancheur-gel-dentifrice-fraicheur-citron-75-ml\/\" \/>\r\n<meta property=\"og:locale\" content=\"fr_FR\" \/>\r\n<meta property=\"og:type\" content=\"article\" \/>\r\n<meta property=\"og:title\" content=\"ELGYDIUM BLANCHEUR GEL DENTIFRICE FRAICHEUR CITRON 75 ML - Paracherkaoui.ma\" \/>\r\n<meta property=\"og:description\" content=\"En contribuant \u00e0 \u00e9liminer les t\u00e2ches dentaires superficielles (alimentation, tabac\u2026), ELGYDIUM Blancheur Fra\u00eecheur citron Dentifrice maintient la blancheur naturelle des\" \/>\r\n<meta property=\"og:url\" content=\"https:\/\/paracherkaoui.ma\/index.php\/produit\/elgydium-blancheur-gel-dentifrice-fraicheur-citron-75-ml\/\" \/>\r\n<meta property=\"og:site_name\" content=\"Paracherkaoui.ma\" \/>\r\n<meta property=\"article:modified_time\" content=\"2025-12-12T18:15:12+00:00\" \/>\r\n<meta property=\"og:image\" content=\"https:\/\/paracherkaoui.ma\/wp-content\/uploads\/2025\/12\/elgydium-elgydium-blancheur-gel-dentifrice-fraicheur-citron-75-ml-dentifrices-blanchissants.jpg\" \/>\r\n\t<meta property=\"og:image:width\" content=\"700\" \/>\r\n\t<meta property=\"og:image:height\" content=\"700\" \/>\r\n\t<meta property=\"og:image:type\" content=\"image\/jpeg\" \/>\r\n<meta name=\"twitter:card\" content=\"summary_large_image\" \/>\r\n<meta name=\"twitter:label1\" content=\"Dur\u00e9e de lecture estim\u00e9e\" \/>\n\t<meta name=\"twitter:data1\" content=\"1 minute\" \/>\r\n<script type=\"application\/ld+json\" class=\"yoast-schema-graph\">{\"@context\":\"https:\/\/schema.org\",\"@graph\":[{\"@type\":\"WebPage\",\"@id\":\"https:\/\/paracherkaoui.ma\/index.php\/produit\/elgydium-blancheur-gel-dentifrice-fraicheur-citron-75-ml\/\",\"url\":\"https:\/\/paracherkaoui.ma\/index.php\/produit\/elgydium-blancheur-gel-dentifrice-fraicheur-citron-75-ml\/\",\"name\":\"ELGYDIUM BLANCHEUR GEL DENTIFRICE FRAICHEUR CITRON 75 ML - Paracherkaoui.ma\",\"isPartOf\":{\"@id\":\"https:\/\/paracherkaoui.ma\/#website\"},\"primaryImageOfPage\":{\"@id\":\"https:\/\/paracherkaoui.ma\/index.php\/produit\/elgydium-blancheur-gel-dentifrice-fraicheur-citron-75-ml\/#primaryimage\"},\"image\":{\"@id\":\"https:\/\/paracherkaoui.ma\/index.php\/produit\/elgydium-blancheur-gel-dentifrice-fraicheur-citron-75-ml\/#primaryimage\"},\"thumbnailUrl\":\"https:\/\/paracherkaoui.ma\/wp-content\/uploads\/2025\/12\/elgydium-elgydium-blancheur-gel-dentifrice-fraicheur-citron-75-ml-dentifrices-blanchissants.jpg\",\"datePublished\":\"2025-12-12T18:15:10+00:00\",\"dateModified\":\"2025-12-12T18:15:12+00:00\",\"breadcrumb\":{\"@id\":\"https:\/\/paracherkaoui.ma\/index.php\/produit\/elgydium-blancheur-gel-dentifrice-fraicheur-citron-75-ml\/#breadcrumb\"},\"inLanguage\":\"fr-FR\",\"potentialAction\":[{\"@type\":\"ReadAction\",\"target\":[\"https:\/\/paracherkaoui.ma\/index.php\/produit\/elgydium-blancheur-gel-dentifrice-fraicheur-citron-75-ml\/\"]}]},{\"@type\":\"ImageObject\",\"inLanguage\":\"fr-FR\",\"@id\":\"https:\/\/paracherkaoui.ma\/index.php\/produit\/elgydium-blancheur-gel-dentifrice-fraicheur-citron-75-ml\/#primaryimage\",\"url\":\"https:\/\/paracherkaoui.ma\/wp-content\/uploads\/2025\/12\/elgydium-elgydium-blancheur-gel-dentifrice-fraicheur-citron-75-ml-dentifrices-blanchissants.jpg\",\"contentUrl\":\"https:\/\/paracherkaoui.ma\/wp-content\/uploads\/2025\/12\/elgydium-elgydium-blancheur-gel-dentifrice-fraicheur-citron-75-ml-dentifrices-blanchissants.jpg\",\"width\":700,\"height\":700},{\"@type\":\"BreadcrumbList\",\"@id\":\"https:\/\/paracherkaoui.ma\/index.php\/produit\/elgydium-blancheur-gel-dentifrice-fraicheur-citron-75-ml\/#breadcrumb\",\"itemListElement\":[{\"@type\":\"ListItem\",\"position\":1,\"name\":\"Accueil\",\"item\":\"https:\/\/paracherkaoui.ma\/\"},{\"@type\":\"ListItem\",\"position\":2,\"name\":\"Boutique\",\"item\":\"https:\/\/paracherkaoui.ma\/index.php\/boutique\/\"},{\"@type\":\"ListItem\",\"position\":3,\"name\":\"ELGYDIUM BLANCHEUR GEL DENTIFRICE FRAICHEUR CITRON 75 ML\"}]},{\"@type\":\"WebSite\",\"@id\":\"https:\/\/paracherkaoui.ma\/#website\",\"url\":\"https:\/\/paracherkaoui.ma\/\",\"name\":\"Paracherkaoui.ma\",\"description\":\"Achetez en ligne sur Paracherkaoui.ma\",\"potentialAction\":[{\"@type\":\"SearchAction\",\"target\":{\"@type\":\"EntryPoint\",\"urlTemplate\":\"https:\/\/paracherkaoui.ma\/?s={search_term_string}\"},\"query-input\":{\"@type\":\"PropertyValueSpecification\",\"valueRequired\":true,\"valueName\":\"search_term_string\"}}],\"inLanguage\":\"fr-FR\"}]}<\/script>\r\n<!-- \/ Yoast SEO plugin. -->","yoast_head_json":{"title":"ELGYDIUM BLANCHEUR GEL DENTIFRICE FRAICHEUR CITRON 75 ML - Paracherkaoui.ma","robots":{"index":"index","follow":"follow","max-snippet":"max-snippet:-1","max-image-preview":"max-image-preview:large","max-video-preview":"max-video-preview:-1"},"canonical":"https:\/\/paracherkaoui.ma\/index.php\/produit\/elgydium-blancheur-gel-dentifrice-fraicheur-citron-75-ml\/","og_locale":"fr_FR","og_type":"article","og_title":"ELGYDIUM BLANCHEUR GEL DENTIFRICE FRAICHEUR CITRON 75 ML - Paracherkaoui.ma","og_description":"En contribuant \u00e0 \u00e9liminer les t\u00e2ches dentaires superficielles (alimentation, tabac\u2026), ELGYDIUM Blancheur Fra\u00eecheur citron Dentifrice maintient la blancheur naturelle des","og_url":"https:\/\/paracherkaoui.ma\/index.php\/produit\/elgydium-blancheur-gel-dentifrice-fraicheur-citron-75-ml\/","og_site_name":"Paracherkaoui.ma","article_modified_time":"2025-12-12T18:15:12+00:00","og_image":[{"width":700,"height":700,"url":"https:\/\/paracherkaoui.ma\/wp-content\/uploads\/2025\/12\/elgydium-elgydium-blancheur-gel-dentifrice-fraicheur-citron-75-ml-dentifrices-blanchissants.jpg","type":"image\/jpeg"}],"twitter_card":"summary_large_image","twitter_misc":{"Dur\u00e9e de lecture estim\u00e9e":"1 minute"},"schema":{"@context":"https:\/\/schema.org","@graph":[{"@type":"WebPage","@id":"https:\/\/paracherkaoui.ma\/index.php\/produit\/elgydium-blancheur-gel-dentifrice-fraicheur-citron-75-ml\/","url":"https:\/\/paracherkaoui.ma\/index.php\/produit\/elgydium-blancheur-gel-dentifrice-fraicheur-citron-75-ml\/","name":"ELGYDIUM BLANCHEUR GEL DENTIFRICE FRAICHEUR CITRON 75 ML - Paracherkaoui.ma","isPartOf":{"@id":"https:\/\/paracherkaoui.ma\/#website"},"primaryImageOfPage":{"@id":"https:\/\/paracherkaoui.ma\/index.php\/produit\/elgydium-blancheur-gel-dentifrice-fraicheur-citron-75-ml\/#primaryimage"},"image":{"@id":"https:\/\/paracherkaoui.ma\/index.php\/produit\/elgydium-blancheur-gel-dentifrice-fraicheur-citron-75-ml\/#primaryimage"},"thumbnailUrl":"https:\/\/paracherkaoui.ma\/wp-content\/uploads\/2025\/12\/elgydium-elgydium-blancheur-gel-dentifrice-fraicheur-citron-75-ml-dentifrices-blanchissants.jpg","datePublished":"2025-12-12T18:15:10+00:00","dateModified":"2025-12-12T18:15:12+00:00","breadcrumb":{"@id":"https:\/\/paracherkaoui.ma\/index.php\/produit\/elgydium-blancheur-gel-dentifrice-fraicheur-citron-75-ml\/#breadcrumb"},"inLanguage":"fr-FR","potentialAction":[{"@type":"ReadAction","target":["https:\/\/paracherkaoui.ma\/index.php\/produit\/elgydium-blancheur-gel-dentifrice-fraicheur-citron-75-ml\/"]}]},{"@type":"ImageObject","inLanguage":"fr-FR","@id":"https:\/\/paracherkaoui.ma\/index.php\/produit\/elgydium-blancheur-gel-dentifrice-fraicheur-citron-75-ml\/#primaryimage","url":"https:\/\/paracherkaoui.ma\/wp-content\/uploads\/2025\/12\/elgydium-elgydium-blancheur-gel-dentifrice-fraicheur-citron-75-ml-dentifrices-blanchissants.jpg","contentUrl":"https:\/\/paracherkaoui.ma\/wp-content\/uploads\/2025\/12\/elgydium-elgydium-blancheur-gel-dentifrice-fraicheur-citron-75-ml-dentifrices-blanchissants.jpg","width":700,"height":700},{"@type":"BreadcrumbList","@id":"https:\/\/paracherkaoui.ma\/index.php\/produit\/elgydium-blancheur-gel-dentifrice-fraicheur-citron-75-ml\/#breadcrumb","itemListElement":[{"@type":"ListItem","position":1,"name":"Accueil","item":"https:\/\/paracherkaoui.ma\/"},{"@type":"ListItem","position":2,"name":"Boutique","item":"https:\/\/paracherkaoui.ma\/index.php\/boutique\/"},{"@type":"ListItem","position":3,"name":"ELGYDIUM BLANCHEUR GEL DENTIFRICE FRAICHEUR CITRON 75 ML"}]},{"@type":"WebSite","@id":"https:\/\/paracherkaoui.ma\/#website","url":"https:\/\/paracherkaoui.ma\/","name":"Paracherkaoui.ma","description":"Achetez en ligne sur Paracherkaoui.ma","potentialAction":[{"@type":"SearchAction","target":{"@type":"EntryPoint","urlTemplate":"https:\/\/paracherkaoui.ma\/?s={search_term_string}"},"query-input":{"@type":"PropertyValueSpecification","valueRequired":true,"valueName":"search_term_string"}}],"inLanguage":"fr-FR"}]}},"_links":{"self":[{"href":"https:\/\/paracherkaoui.ma\/index.php\/wp-json\/wp\/v2\/product\/45244","targetHints":{"allow":["GET"]}}],"collection":[{"href":"https:\/\/paracherkaoui.ma\/index.php\/wp-json\/wp\/v2\/product"}],"about":[{"href":"https:\/\/paracherkaoui.ma\/index.php\/wp-json\/wp\/v2\/types\/product"}],"replies":[{"embeddable":true,"href":"https:\/\/paracherkaoui.ma\/index.php\/wp-json\/wp\/v2\/comments?post=45244"}],"version-history":[{"count":1,"href":"https:\/\/paracherkaoui.ma\/index.php\/wp-json\/wp\/v2\/product\/45244\/revisions"}],"predecessor-version":[{"id":45268,"href":"https:\/\/paracherkaoui.ma\/index.php\/wp-json\/wp\/v2\/product\/45244\/revisions\/45268"}],"wp:featuredmedia":[{"embeddable":true,"href":"https:\/\/paracherkaoui.ma\/index.php\/wp-json\/wp\/v2\/media\/45267"}],"wp:attachment":[{"href":"https:\/\/paracherkaoui.ma\/index.php\/wp-json\/wp\/v2\/media?parent=45244"}],"wp:term":[{"taxonomy":"product_brand","embeddable":true,"href":"https:\/\/paracherkaoui.ma\/index.php\/wp-json\/wp\/v2\/product_brand?post=45244"},{"taxonomy":"product_cat","embeddable":true,"href":"https:\/\/paracherkaoui.ma\/index.php\/wp-json\/wp\/v2\/product_cat?post=45244"},{"taxonomy":"product_tag","embeddable":true,"href":"https:\/\/paracherkaoui.ma\/index.php\/wp-json\/wp\/v2\/product_tag?post=45244"}],"curies":[{"name":"wp","href":"https:\/\/api.w.org\/{rel}","templated":true}]}}