{"id":45241,"date":"2025-12-12T19:15:10","date_gmt":"2025-12-12T18:15:10","guid":{"rendered":"https:\/\/test.ecbeaute.com\/?post_type=product&#038;p=45241"},"modified":"2025-12-12T19:15:12","modified_gmt":"2025-12-12T18:15:12","slug":"denti-smile-smile-detox-dentifrice-poudre-charbon-coco-arome-menthe-15-g","status":"publish","type":"product","link":"https:\/\/paracherkaoui.ma\/index.php\/produit\/denti-smile-smile-detox-dentifrice-poudre-charbon-coco-arome-menthe-15-g\/","title":{"rendered":"DENTI SMILE SMILE DETOX DENTIFRICE POUDRE CHARBON COCO AROME MENTHE 15 G"},"content":{"rendered":"<p>Le SMILE DETOX n&rsquo;est pas simplement du charbon actif, c&rsquo;est un v\u00e9ritable dentifrice blanchissant avec une vrai formulation pharmaceutique, fabriqu\u00e9e en France dans un laboratoire Fran\u00e7ais!Sa formulation est compl\u00e8te et bien dos\u00e9 avec de vrais composants actifs comme l&rsquo;Hydroxyapatite qui est aussi appel\u00e9e le Kalident-Calcium capable de remin\u00e9raliser les dents fournissant des ions calcium et phosphore utiles qui am\u00e9lioreront la sant\u00e9 des dents. Comme tout le monde le sait, les dents sont naturellement blanches et brillantes. Ainsi, en pla\u00e7ant l&rsquo;Hydroxyapatite sur nos dents, nous am\u00e9liorons leur sant\u00e9 (la remin\u00e9ralisation) et nous les aidons \u00e0 revenir \u00e0 la couleur blanche et brillante.<\/p>\n<p>CONSEILS D&rsquo;UTILISATION :<br \/>\n2x par semaine avant votre brossage habituel, bien rincer la bouche ensuite vous pouvez vous re-brosser les dents avec votre dentifrice habituel. Le bouchon verseur facilite l&rsquo;utilisation et garantit une hygi\u00e8ne parfaite (contrairement aux autres produits qui utilisent un format de boite ou l&rsquo;on doit tremper sa brosse \u00e0 dent dedans ce qui garantie un nid \u00e0 bacteries).<\/p>\n","protected":false},"excerpt":{"rendered":"<p>Le SMILE DETOX n&rsquo;est pas simplement du charbon actif, c&rsquo;est un v\u00e9ritable dentifrice blanchissant avec une vrai formulation pharmaceutique, fabriqu\u00e9e<\/p>\n","protected":false},"featured_media":45261,"comment_status":"open","ping_status":"closed","template":"","meta":[],"product_brand":[811],"product_cat":[796],"product_tag":[],"class_list":{"0":"post-45241","1":"product","2":"type-product","3":"status-publish","4":"has-post-thumbnail","6":"product_brand-denti-smile","7":"product_cat-dentifrices-blanchissants","9":"first","10":"instock","11":"sale","12":"shipping-taxable","13":"purchasable","14":"product-type-simple"},"yoast_head":"<!-- This site is optimized with the Yoast SEO plugin v26.6 - https:\/\/yoast.com\/wordpress\/plugins\/seo\/ -->\r\n<title>DENTI SMILE SMILE DETOX DENTIFRICE POUDRE CHARBON COCO AROME MENTHE 15 G - Paracherkaoui.ma<\/title>\r\n<meta name=\"robots\" content=\"index, follow, max-snippet:-1, max-image-preview:large, max-video-preview:-1\" \/>\r\n<link rel=\"canonical\" href=\"https:\/\/paracherkaoui.ma\/index.php\/produit\/denti-smile-smile-detox-dentifrice-poudre-charbon-coco-arome-menthe-15-g\/\" \/>\r\n<meta property=\"og:locale\" content=\"fr_FR\" \/>\r\n<meta property=\"og:type\" content=\"article\" \/>\r\n<meta property=\"og:title\" content=\"DENTI SMILE SMILE DETOX DENTIFRICE POUDRE CHARBON COCO AROME MENTHE 15 G - Paracherkaoui.ma\" \/>\r\n<meta property=\"og:description\" content=\"Le SMILE DETOX n&rsquo;est pas simplement du charbon actif, c&rsquo;est un v\u00e9ritable dentifrice blanchissant avec une vrai formulation pharmaceutique, fabriqu\u00e9e\" \/>\r\n<meta property=\"og:url\" content=\"https:\/\/paracherkaoui.ma\/index.php\/produit\/denti-smile-smile-detox-dentifrice-poudre-charbon-coco-arome-menthe-15-g\/\" \/>\r\n<meta property=\"og:site_name\" content=\"Paracherkaoui.ma\" \/>\r\n<meta property=\"article:modified_time\" content=\"2025-12-12T18:15:12+00:00\" \/>\r\n<meta property=\"og:image\" content=\"https:\/\/paracherkaoui.ma\/wp-content\/uploads\/2025\/12\/denti-smile-denti-smile-smile-detox-dentifrice-poudre-charbon-coco-arome-menthe-15-g-dentifrices-blanchissants.jpg\" \/>\r\n\t<meta property=\"og:image:width\" content=\"700\" \/>\r\n\t<meta property=\"og:image:height\" content=\"700\" \/>\r\n\t<meta property=\"og:image:type\" content=\"image\/jpeg\" \/>\r\n<meta name=\"twitter:card\" content=\"summary_large_image\" \/>\r\n<meta name=\"twitter:label1\" content=\"Dur\u00e9e de lecture estim\u00e9e\" \/>\n\t<meta name=\"twitter:data1\" content=\"1 minute\" \/>\r\n<script type=\"application\/ld+json\" class=\"yoast-schema-graph\">{\"@context\":\"https:\/\/schema.org\",\"@graph\":[{\"@type\":\"WebPage\",\"@id\":\"https:\/\/paracherkaoui.ma\/index.php\/produit\/denti-smile-smile-detox-dentifrice-poudre-charbon-coco-arome-menthe-15-g\/\",\"url\":\"https:\/\/paracherkaoui.ma\/index.php\/produit\/denti-smile-smile-detox-dentifrice-poudre-charbon-coco-arome-menthe-15-g\/\",\"name\":\"DENTI SMILE SMILE DETOX DENTIFRICE POUDRE CHARBON COCO AROME MENTHE 15 G - Paracherkaoui.ma\",\"isPartOf\":{\"@id\":\"https:\/\/paracherkaoui.ma\/#website\"},\"primaryImageOfPage\":{\"@id\":\"https:\/\/paracherkaoui.ma\/index.php\/produit\/denti-smile-smile-detox-dentifrice-poudre-charbon-coco-arome-menthe-15-g\/#primaryimage\"},\"image\":{\"@id\":\"https:\/\/paracherkaoui.ma\/index.php\/produit\/denti-smile-smile-detox-dentifrice-poudre-charbon-coco-arome-menthe-15-g\/#primaryimage\"},\"thumbnailUrl\":\"https:\/\/paracherkaoui.ma\/wp-content\/uploads\/2025\/12\/denti-smile-denti-smile-smile-detox-dentifrice-poudre-charbon-coco-arome-menthe-15-g-dentifrices-blanchissants.jpg\",\"datePublished\":\"2025-12-12T18:15:10+00:00\",\"dateModified\":\"2025-12-12T18:15:12+00:00\",\"breadcrumb\":{\"@id\":\"https:\/\/paracherkaoui.ma\/index.php\/produit\/denti-smile-smile-detox-dentifrice-poudre-charbon-coco-arome-menthe-15-g\/#breadcrumb\"},\"inLanguage\":\"fr-FR\",\"potentialAction\":[{\"@type\":\"ReadAction\",\"target\":[\"https:\/\/paracherkaoui.ma\/index.php\/produit\/denti-smile-smile-detox-dentifrice-poudre-charbon-coco-arome-menthe-15-g\/\"]}]},{\"@type\":\"ImageObject\",\"inLanguage\":\"fr-FR\",\"@id\":\"https:\/\/paracherkaoui.ma\/index.php\/produit\/denti-smile-smile-detox-dentifrice-poudre-charbon-coco-arome-menthe-15-g\/#primaryimage\",\"url\":\"https:\/\/paracherkaoui.ma\/wp-content\/uploads\/2025\/12\/denti-smile-denti-smile-smile-detox-dentifrice-poudre-charbon-coco-arome-menthe-15-g-dentifrices-blanchissants.jpg\",\"contentUrl\":\"https:\/\/paracherkaoui.ma\/wp-content\/uploads\/2025\/12\/denti-smile-denti-smile-smile-detox-dentifrice-poudre-charbon-coco-arome-menthe-15-g-dentifrices-blanchissants.jpg\",\"width\":700,\"height\":700},{\"@type\":\"BreadcrumbList\",\"@id\":\"https:\/\/paracherkaoui.ma\/index.php\/produit\/denti-smile-smile-detox-dentifrice-poudre-charbon-coco-arome-menthe-15-g\/#breadcrumb\",\"itemListElement\":[{\"@type\":\"ListItem\",\"position\":1,\"name\":\"Accueil\",\"item\":\"https:\/\/paracherkaoui.ma\/\"},{\"@type\":\"ListItem\",\"position\":2,\"name\":\"Boutique\",\"item\":\"https:\/\/paracherkaoui.ma\/index.php\/boutique\/\"},{\"@type\":\"ListItem\",\"position\":3,\"name\":\"DENTI SMILE SMILE DETOX DENTIFRICE POUDRE CHARBON COCO AROME MENTHE 15 G\"}]},{\"@type\":\"WebSite\",\"@id\":\"https:\/\/paracherkaoui.ma\/#website\",\"url\":\"https:\/\/paracherkaoui.ma\/\",\"name\":\"Paracherkaoui.ma\",\"description\":\"Achetez en ligne sur Paracherkaoui.ma\",\"potentialAction\":[{\"@type\":\"SearchAction\",\"target\":{\"@type\":\"EntryPoint\",\"urlTemplate\":\"https:\/\/paracherkaoui.ma\/?s={search_term_string}\"},\"query-input\":{\"@type\":\"PropertyValueSpecification\",\"valueRequired\":true,\"valueName\":\"search_term_string\"}}],\"inLanguage\":\"fr-FR\"}]}<\/script>\r\n<!-- \/ Yoast SEO plugin. -->","yoast_head_json":{"title":"DENTI SMILE SMILE DETOX DENTIFRICE POUDRE CHARBON COCO AROME MENTHE 15 G - Paracherkaoui.ma","robots":{"index":"index","follow":"follow","max-snippet":"max-snippet:-1","max-image-preview":"max-image-preview:large","max-video-preview":"max-video-preview:-1"},"canonical":"https:\/\/paracherkaoui.ma\/index.php\/produit\/denti-smile-smile-detox-dentifrice-poudre-charbon-coco-arome-menthe-15-g\/","og_locale":"fr_FR","og_type":"article","og_title":"DENTI SMILE SMILE DETOX DENTIFRICE POUDRE CHARBON COCO AROME MENTHE 15 G - Paracherkaoui.ma","og_description":"Le SMILE DETOX n&rsquo;est pas simplement du charbon actif, c&rsquo;est un v\u00e9ritable dentifrice blanchissant avec une vrai formulation pharmaceutique, fabriqu\u00e9e","og_url":"https:\/\/paracherkaoui.ma\/index.php\/produit\/denti-smile-smile-detox-dentifrice-poudre-charbon-coco-arome-menthe-15-g\/","og_site_name":"Paracherkaoui.ma","article_modified_time":"2025-12-12T18:15:12+00:00","og_image":[{"width":700,"height":700,"url":"https:\/\/paracherkaoui.ma\/wp-content\/uploads\/2025\/12\/denti-smile-denti-smile-smile-detox-dentifrice-poudre-charbon-coco-arome-menthe-15-g-dentifrices-blanchissants.jpg","type":"image\/jpeg"}],"twitter_card":"summary_large_image","twitter_misc":{"Dur\u00e9e de lecture estim\u00e9e":"1 minute"},"schema":{"@context":"https:\/\/schema.org","@graph":[{"@type":"WebPage","@id":"https:\/\/paracherkaoui.ma\/index.php\/produit\/denti-smile-smile-detox-dentifrice-poudre-charbon-coco-arome-menthe-15-g\/","url":"https:\/\/paracherkaoui.ma\/index.php\/produit\/denti-smile-smile-detox-dentifrice-poudre-charbon-coco-arome-menthe-15-g\/","name":"DENTI SMILE SMILE DETOX DENTIFRICE POUDRE CHARBON COCO AROME MENTHE 15 G - Paracherkaoui.ma","isPartOf":{"@id":"https:\/\/paracherkaoui.ma\/#website"},"primaryImageOfPage":{"@id":"https:\/\/paracherkaoui.ma\/index.php\/produit\/denti-smile-smile-detox-dentifrice-poudre-charbon-coco-arome-menthe-15-g\/#primaryimage"},"image":{"@id":"https:\/\/paracherkaoui.ma\/index.php\/produit\/denti-smile-smile-detox-dentifrice-poudre-charbon-coco-arome-menthe-15-g\/#primaryimage"},"thumbnailUrl":"https:\/\/paracherkaoui.ma\/wp-content\/uploads\/2025\/12\/denti-smile-denti-smile-smile-detox-dentifrice-poudre-charbon-coco-arome-menthe-15-g-dentifrices-blanchissants.jpg","datePublished":"2025-12-12T18:15:10+00:00","dateModified":"2025-12-12T18:15:12+00:00","breadcrumb":{"@id":"https:\/\/paracherkaoui.ma\/index.php\/produit\/denti-smile-smile-detox-dentifrice-poudre-charbon-coco-arome-menthe-15-g\/#breadcrumb"},"inLanguage":"fr-FR","potentialAction":[{"@type":"ReadAction","target":["https:\/\/paracherkaoui.ma\/index.php\/produit\/denti-smile-smile-detox-dentifrice-poudre-charbon-coco-arome-menthe-15-g\/"]}]},{"@type":"ImageObject","inLanguage":"fr-FR","@id":"https:\/\/paracherkaoui.ma\/index.php\/produit\/denti-smile-smile-detox-dentifrice-poudre-charbon-coco-arome-menthe-15-g\/#primaryimage","url":"https:\/\/paracherkaoui.ma\/wp-content\/uploads\/2025\/12\/denti-smile-denti-smile-smile-detox-dentifrice-poudre-charbon-coco-arome-menthe-15-g-dentifrices-blanchissants.jpg","contentUrl":"https:\/\/paracherkaoui.ma\/wp-content\/uploads\/2025\/12\/denti-smile-denti-smile-smile-detox-dentifrice-poudre-charbon-coco-arome-menthe-15-g-dentifrices-blanchissants.jpg","width":700,"height":700},{"@type":"BreadcrumbList","@id":"https:\/\/paracherkaoui.ma\/index.php\/produit\/denti-smile-smile-detox-dentifrice-poudre-charbon-coco-arome-menthe-15-g\/#breadcrumb","itemListElement":[{"@type":"ListItem","position":1,"name":"Accueil","item":"https:\/\/paracherkaoui.ma\/"},{"@type":"ListItem","position":2,"name":"Boutique","item":"https:\/\/paracherkaoui.ma\/index.php\/boutique\/"},{"@type":"ListItem","position":3,"name":"DENTI SMILE SMILE DETOX DENTIFRICE POUDRE CHARBON COCO AROME MENTHE 15 G"}]},{"@type":"WebSite","@id":"https:\/\/paracherkaoui.ma\/#website","url":"https:\/\/paracherkaoui.ma\/","name":"Paracherkaoui.ma","description":"Achetez en ligne sur Paracherkaoui.ma","potentialAction":[{"@type":"SearchAction","target":{"@type":"EntryPoint","urlTemplate":"https:\/\/paracherkaoui.ma\/?s={search_term_string}"},"query-input":{"@type":"PropertyValueSpecification","valueRequired":true,"valueName":"search_term_string"}}],"inLanguage":"fr-FR"}]}},"_links":{"self":[{"href":"https:\/\/paracherkaoui.ma\/index.php\/wp-json\/wp\/v2\/product\/45241","targetHints":{"allow":["GET"]}}],"collection":[{"href":"https:\/\/paracherkaoui.ma\/index.php\/wp-json\/wp\/v2\/product"}],"about":[{"href":"https:\/\/paracherkaoui.ma\/index.php\/wp-json\/wp\/v2\/types\/product"}],"replies":[{"embeddable":true,"href":"https:\/\/paracherkaoui.ma\/index.php\/wp-json\/wp\/v2\/comments?post=45241"}],"version-history":[{"count":1,"href":"https:\/\/paracherkaoui.ma\/index.php\/wp-json\/wp\/v2\/product\/45241\/revisions"}],"predecessor-version":[{"id":45262,"href":"https:\/\/paracherkaoui.ma\/index.php\/wp-json\/wp\/v2\/product\/45241\/revisions\/45262"}],"wp:featuredmedia":[{"embeddable":true,"href":"https:\/\/paracherkaoui.ma\/index.php\/wp-json\/wp\/v2\/media\/45261"}],"wp:attachment":[{"href":"https:\/\/paracherkaoui.ma\/index.php\/wp-json\/wp\/v2\/media?parent=45241"}],"wp:term":[{"taxonomy":"product_brand","embeddable":true,"href":"https:\/\/paracherkaoui.ma\/index.php\/wp-json\/wp\/v2\/product_brand?post=45241"},{"taxonomy":"product_cat","embeddable":true,"href":"https:\/\/paracherkaoui.ma\/index.php\/wp-json\/wp\/v2\/product_cat?post=45241"},{"taxonomy":"product_tag","embeddable":true,"href":"https:\/\/paracherkaoui.ma\/index.php\/wp-json\/wp\/v2\/product_tag?post=45241"}],"curies":[{"name":"wp","href":"https:\/\/api.w.org\/{rel}","templated":true}]}}