{"id":45181,"date":"2025-12-12T19:15:01","date_gmt":"2025-12-12T18:15:01","guid":{"rendered":"https:\/\/test.ecbeaute.com\/?post_type=product&#038;p=45181"},"modified":"2025-12-12T19:15:09","modified_gmt":"2025-12-12T18:15:09","slug":"sensodyne-repare-et-protege-dentifrice-extra-fresh-75-ml","status":"publish","type":"product","link":"https:\/\/paracherkaoui.ma\/index.php\/produit\/sensodyne-repare-et-protege-dentifrice-extra-fresh-75-ml\/","title":{"rendered":"SENSODYNE REPARE ET PROTEGE DENTIFRICE EXTRA FRESH 75 ML"},"content":{"rendered":"<p>Le dentifrice Sensodyne R\u00e9pare &#038; Prot\u00e8ge forme une couche protectrice solide autour des zones fragilis\u00e9es de vos dents sensibles pour permettre une r\u00e9paration renforc\u00e9e*. Gr\u00e2ce \u00e0 sa formule unique \u00e0 base de NOVAMIN, il est cliniquement prouv\u00e9 qu&rsquo;il aide \u00e0 r\u00e9parer ces zones fragilis\u00e9es avec des constituants naturels de vos dents pour soulager la douleur caus\u00e9e par la sensibilit\u00e9 dentaire et pour vous aider \u00e0 profiter de la vie sans vous inqui\u00e9ter de vos dents sensibles.<\/p>\n","protected":false},"excerpt":{"rendered":"<p>Le dentifrice Sensodyne R\u00e9pare &#038; Prot\u00e8ge forme une couche protectrice solide autour des zones fragilis\u00e9es de vos dents sensibles pour<\/p>\n","protected":false},"featured_media":45239,"comment_status":"open","ping_status":"closed","template":"","meta":[],"product_brand":[816],"product_cat":[796],"product_tag":[],"class_list":{"0":"post-45181","1":"product","2":"type-product","3":"status-publish","4":"has-post-thumbnail","6":"product_brand-sensodyne","7":"product_cat-dentifrices-blanchissants","9":"first","10":"instock","11":"sale","12":"shipping-taxable","13":"purchasable","14":"product-type-simple"},"yoast_head":"<!-- This site is optimized with the Yoast SEO plugin v26.6 - https:\/\/yoast.com\/wordpress\/plugins\/seo\/ -->\r\n<title>SENSODYNE REPARE ET PROTEGE DENTIFRICE EXTRA FRESH 75 ML - Paracherkaoui.ma<\/title>\r\n<meta name=\"robots\" content=\"index, follow, max-snippet:-1, max-image-preview:large, max-video-preview:-1\" \/>\r\n<link rel=\"canonical\" href=\"https:\/\/paracherkaoui.ma\/index.php\/produit\/sensodyne-repare-et-protege-dentifrice-extra-fresh-75-ml\/\" \/>\r\n<meta property=\"og:locale\" content=\"fr_FR\" \/>\r\n<meta property=\"og:type\" content=\"article\" \/>\r\n<meta property=\"og:title\" content=\"SENSODYNE REPARE ET PROTEGE DENTIFRICE EXTRA FRESH 75 ML - Paracherkaoui.ma\" \/>\r\n<meta property=\"og:description\" content=\"Le dentifrice Sensodyne R\u00e9pare &#038; Prot\u00e8ge forme une couche protectrice solide autour des zones fragilis\u00e9es de vos dents sensibles pour\" \/>\r\n<meta property=\"og:url\" content=\"https:\/\/paracherkaoui.ma\/index.php\/produit\/sensodyne-repare-et-protege-dentifrice-extra-fresh-75-ml\/\" \/>\r\n<meta property=\"og:site_name\" content=\"Paracherkaoui.ma\" \/>\r\n<meta property=\"article:modified_time\" content=\"2025-12-12T18:15:09+00:00\" \/>\r\n<meta property=\"og:image\" content=\"https:\/\/paracherkaoui.ma\/wp-content\/uploads\/2025\/12\/sensodyne-repare-et-protege-dentifrice-extra-fresh-75-ml.jpg\" \/>\r\n\t<meta property=\"og:image:width\" content=\"700\" \/>\r\n\t<meta property=\"og:image:height\" content=\"700\" \/>\r\n\t<meta property=\"og:image:type\" content=\"image\/jpeg\" \/>\r\n<meta name=\"twitter:card\" content=\"summary_large_image\" \/>\r\n<script type=\"application\/ld+json\" class=\"yoast-schema-graph\">{\"@context\":\"https:\/\/schema.org\",\"@graph\":[{\"@type\":\"WebPage\",\"@id\":\"https:\/\/paracherkaoui.ma\/index.php\/produit\/sensodyne-repare-et-protege-dentifrice-extra-fresh-75-ml\/\",\"url\":\"https:\/\/paracherkaoui.ma\/index.php\/produit\/sensodyne-repare-et-protege-dentifrice-extra-fresh-75-ml\/\",\"name\":\"SENSODYNE REPARE ET PROTEGE DENTIFRICE EXTRA FRESH 75 ML - Paracherkaoui.ma\",\"isPartOf\":{\"@id\":\"https:\/\/paracherkaoui.ma\/#website\"},\"primaryImageOfPage\":{\"@id\":\"https:\/\/paracherkaoui.ma\/index.php\/produit\/sensodyne-repare-et-protege-dentifrice-extra-fresh-75-ml\/#primaryimage\"},\"image\":{\"@id\":\"https:\/\/paracherkaoui.ma\/index.php\/produit\/sensodyne-repare-et-protege-dentifrice-extra-fresh-75-ml\/#primaryimage\"},\"thumbnailUrl\":\"https:\/\/paracherkaoui.ma\/wp-content\/uploads\/2025\/12\/sensodyne-repare-et-protege-dentifrice-extra-fresh-75-ml.jpg\",\"datePublished\":\"2025-12-12T18:15:01+00:00\",\"dateModified\":\"2025-12-12T18:15:09+00:00\",\"breadcrumb\":{\"@id\":\"https:\/\/paracherkaoui.ma\/index.php\/produit\/sensodyne-repare-et-protege-dentifrice-extra-fresh-75-ml\/#breadcrumb\"},\"inLanguage\":\"fr-FR\",\"potentialAction\":[{\"@type\":\"ReadAction\",\"target\":[\"https:\/\/paracherkaoui.ma\/index.php\/produit\/sensodyne-repare-et-protege-dentifrice-extra-fresh-75-ml\/\"]}]},{\"@type\":\"ImageObject\",\"inLanguage\":\"fr-FR\",\"@id\":\"https:\/\/paracherkaoui.ma\/index.php\/produit\/sensodyne-repare-et-protege-dentifrice-extra-fresh-75-ml\/#primaryimage\",\"url\":\"https:\/\/paracherkaoui.ma\/wp-content\/uploads\/2025\/12\/sensodyne-repare-et-protege-dentifrice-extra-fresh-75-ml.jpg\",\"contentUrl\":\"https:\/\/paracherkaoui.ma\/wp-content\/uploads\/2025\/12\/sensodyne-repare-et-protege-dentifrice-extra-fresh-75-ml.jpg\",\"width\":700,\"height\":700},{\"@type\":\"BreadcrumbList\",\"@id\":\"https:\/\/paracherkaoui.ma\/index.php\/produit\/sensodyne-repare-et-protege-dentifrice-extra-fresh-75-ml\/#breadcrumb\",\"itemListElement\":[{\"@type\":\"ListItem\",\"position\":1,\"name\":\"Accueil\",\"item\":\"https:\/\/paracherkaoui.ma\/\"},{\"@type\":\"ListItem\",\"position\":2,\"name\":\"Boutique\",\"item\":\"https:\/\/paracherkaoui.ma\/index.php\/boutique\/\"},{\"@type\":\"ListItem\",\"position\":3,\"name\":\"SENSODYNE REPARE ET PROTEGE DENTIFRICE EXTRA FRESH 75 ML\"}]},{\"@type\":\"WebSite\",\"@id\":\"https:\/\/paracherkaoui.ma\/#website\",\"url\":\"https:\/\/paracherkaoui.ma\/\",\"name\":\"Paracherkaoui.ma\",\"description\":\"Achetez en ligne sur Paracherkaoui.ma\",\"potentialAction\":[{\"@type\":\"SearchAction\",\"target\":{\"@type\":\"EntryPoint\",\"urlTemplate\":\"https:\/\/paracherkaoui.ma\/?s={search_term_string}\"},\"query-input\":{\"@type\":\"PropertyValueSpecification\",\"valueRequired\":true,\"valueName\":\"search_term_string\"}}],\"inLanguage\":\"fr-FR\"}]}<\/script>\r\n<!-- \/ Yoast SEO plugin. -->","yoast_head_json":{"title":"SENSODYNE REPARE ET PROTEGE DENTIFRICE EXTRA FRESH 75 ML - Paracherkaoui.ma","robots":{"index":"index","follow":"follow","max-snippet":"max-snippet:-1","max-image-preview":"max-image-preview:large","max-video-preview":"max-video-preview:-1"},"canonical":"https:\/\/paracherkaoui.ma\/index.php\/produit\/sensodyne-repare-et-protege-dentifrice-extra-fresh-75-ml\/","og_locale":"fr_FR","og_type":"article","og_title":"SENSODYNE REPARE ET PROTEGE DENTIFRICE EXTRA FRESH 75 ML - Paracherkaoui.ma","og_description":"Le dentifrice Sensodyne R\u00e9pare &#038; Prot\u00e8ge forme une couche protectrice solide autour des zones fragilis\u00e9es de vos dents sensibles pour","og_url":"https:\/\/paracherkaoui.ma\/index.php\/produit\/sensodyne-repare-et-protege-dentifrice-extra-fresh-75-ml\/","og_site_name":"Paracherkaoui.ma","article_modified_time":"2025-12-12T18:15:09+00:00","og_image":[{"width":700,"height":700,"url":"https:\/\/paracherkaoui.ma\/wp-content\/uploads\/2025\/12\/sensodyne-repare-et-protege-dentifrice-extra-fresh-75-ml.jpg","type":"image\/jpeg"}],"twitter_card":"summary_large_image","schema":{"@context":"https:\/\/schema.org","@graph":[{"@type":"WebPage","@id":"https:\/\/paracherkaoui.ma\/index.php\/produit\/sensodyne-repare-et-protege-dentifrice-extra-fresh-75-ml\/","url":"https:\/\/paracherkaoui.ma\/index.php\/produit\/sensodyne-repare-et-protege-dentifrice-extra-fresh-75-ml\/","name":"SENSODYNE REPARE ET PROTEGE DENTIFRICE EXTRA FRESH 75 ML - Paracherkaoui.ma","isPartOf":{"@id":"https:\/\/paracherkaoui.ma\/#website"},"primaryImageOfPage":{"@id":"https:\/\/paracherkaoui.ma\/index.php\/produit\/sensodyne-repare-et-protege-dentifrice-extra-fresh-75-ml\/#primaryimage"},"image":{"@id":"https:\/\/paracherkaoui.ma\/index.php\/produit\/sensodyne-repare-et-protege-dentifrice-extra-fresh-75-ml\/#primaryimage"},"thumbnailUrl":"https:\/\/paracherkaoui.ma\/wp-content\/uploads\/2025\/12\/sensodyne-repare-et-protege-dentifrice-extra-fresh-75-ml.jpg","datePublished":"2025-12-12T18:15:01+00:00","dateModified":"2025-12-12T18:15:09+00:00","breadcrumb":{"@id":"https:\/\/paracherkaoui.ma\/index.php\/produit\/sensodyne-repare-et-protege-dentifrice-extra-fresh-75-ml\/#breadcrumb"},"inLanguage":"fr-FR","potentialAction":[{"@type":"ReadAction","target":["https:\/\/paracherkaoui.ma\/index.php\/produit\/sensodyne-repare-et-protege-dentifrice-extra-fresh-75-ml\/"]}]},{"@type":"ImageObject","inLanguage":"fr-FR","@id":"https:\/\/paracherkaoui.ma\/index.php\/produit\/sensodyne-repare-et-protege-dentifrice-extra-fresh-75-ml\/#primaryimage","url":"https:\/\/paracherkaoui.ma\/wp-content\/uploads\/2025\/12\/sensodyne-repare-et-protege-dentifrice-extra-fresh-75-ml.jpg","contentUrl":"https:\/\/paracherkaoui.ma\/wp-content\/uploads\/2025\/12\/sensodyne-repare-et-protege-dentifrice-extra-fresh-75-ml.jpg","width":700,"height":700},{"@type":"BreadcrumbList","@id":"https:\/\/paracherkaoui.ma\/index.php\/produit\/sensodyne-repare-et-protege-dentifrice-extra-fresh-75-ml\/#breadcrumb","itemListElement":[{"@type":"ListItem","position":1,"name":"Accueil","item":"https:\/\/paracherkaoui.ma\/"},{"@type":"ListItem","position":2,"name":"Boutique","item":"https:\/\/paracherkaoui.ma\/index.php\/boutique\/"},{"@type":"ListItem","position":3,"name":"SENSODYNE REPARE ET PROTEGE DENTIFRICE EXTRA FRESH 75 ML"}]},{"@type":"WebSite","@id":"https:\/\/paracherkaoui.ma\/#website","url":"https:\/\/paracherkaoui.ma\/","name":"Paracherkaoui.ma","description":"Achetez en ligne sur Paracherkaoui.ma","potentialAction":[{"@type":"SearchAction","target":{"@type":"EntryPoint","urlTemplate":"https:\/\/paracherkaoui.ma\/?s={search_term_string}"},"query-input":{"@type":"PropertyValueSpecification","valueRequired":true,"valueName":"search_term_string"}}],"inLanguage":"fr-FR"}]}},"_links":{"self":[{"href":"https:\/\/paracherkaoui.ma\/index.php\/wp-json\/wp\/v2\/product\/45181","targetHints":{"allow":["GET"]}}],"collection":[{"href":"https:\/\/paracherkaoui.ma\/index.php\/wp-json\/wp\/v2\/product"}],"about":[{"href":"https:\/\/paracherkaoui.ma\/index.php\/wp-json\/wp\/v2\/types\/product"}],"replies":[{"embeddable":true,"href":"https:\/\/paracherkaoui.ma\/index.php\/wp-json\/wp\/v2\/comments?post=45181"}],"version-history":[{"count":1,"href":"https:\/\/paracherkaoui.ma\/index.php\/wp-json\/wp\/v2\/product\/45181\/revisions"}],"predecessor-version":[{"id":45240,"href":"https:\/\/paracherkaoui.ma\/index.php\/wp-json\/wp\/v2\/product\/45181\/revisions\/45240"}],"wp:featuredmedia":[{"embeddable":true,"href":"https:\/\/paracherkaoui.ma\/index.php\/wp-json\/wp\/v2\/media\/45239"}],"wp:attachment":[{"href":"https:\/\/paracherkaoui.ma\/index.php\/wp-json\/wp\/v2\/media?parent=45181"}],"wp:term":[{"taxonomy":"product_brand","embeddable":true,"href":"https:\/\/paracherkaoui.ma\/index.php\/wp-json\/wp\/v2\/product_brand?post=45181"},{"taxonomy":"product_cat","embeddable":true,"href":"https:\/\/paracherkaoui.ma\/index.php\/wp-json\/wp\/v2\/product_cat?post=45181"},{"taxonomy":"product_tag","embeddable":true,"href":"https:\/\/paracherkaoui.ma\/index.php\/wp-json\/wp\/v2\/product_tag?post=45181"}],"curies":[{"name":"wp","href":"https:\/\/api.w.org\/{rel}","templated":true}]}}