{"id":45180,"date":"2025-12-12T19:15:01","date_gmt":"2025-12-12T18:15:01","guid":{"rendered":"https:\/\/test.ecbeaute.com\/?post_type=product&#038;p=45180"},"modified":"2025-12-12T19:15:09","modified_gmt":"2025-12-12T18:15:09","slug":"sensodyne-multi-protection-blancheur-75ml","status":"publish","type":"product","link":"https:\/\/paracherkaoui.ma\/index.php\/produit\/sensodyne-multi-protection-blancheur-75ml\/","title":{"rendered":"SENSODYNE MULTI PROTECTION BLANCHEUR 75ML"},"content":{"rendered":"<p>Le dentifrice Sensodyne Multi-Protection Blancheur a une formule \u00e0 base de fluorure stanneux, sp\u00e9cialement d\u00e9velopp\u00e9e pour apporter aux dents sensibles toute la protection dont elles ont besoin pour \u00eatre en parfaite sant\u00e9. Soulagement de la sensibilit\u00e9 dentaire Protection longue dur\u00e9e contre la sensibilit\u00e9 dentaire Protection contre les caries Go\u00fbt frais \u00c9mail renforc\u00e9 Sensation de propret\u00e9 Protection des gencives Haleine fra\u00eeche Protection contre la plaque dentaire Blancheur.<br \/>\nLe dentifrice Sensodyne Multi-Protection Blancheur a une formule \u00e0 base de fluorure stanneux, sp\u00e9cialement d\u00e9velopp\u00e9e pour apporter aux dents sensibles toute la protection dont elles ont besoin pour \u00eatre en parfaite sant\u00e9.<br \/>\nSoulagement de la sensibilit\u00e9 dentaire<br \/>\nProtection longue dur\u00e9e contre la sensibilit\u00e9 dentaire<br \/>\nProtection contre les caries<br \/>\nGo\u00fbt frais<br \/>\n\u00c9mail renforc\u00e9<br \/>\nSensation de propret\u00e9<br \/>\nProtection des gencives<br \/>\nHaleine fra\u00eeche<br \/>\nProtection contre la plaque dentaire<br \/>\nBlancheur<\/p>\n","protected":false},"excerpt":{"rendered":"<p>Le dentifrice Sensodyne Multi-Protection Blancheur a une formule \u00e0 base de fluorure stanneux, sp\u00e9cialement d\u00e9velopp\u00e9e pour apporter aux dents sensibles<\/p>\n","protected":false},"featured_media":45237,"comment_status":"open","ping_status":"closed","template":"","meta":[],"product_brand":[816],"product_cat":[796],"product_tag":[],"class_list":{"0":"post-45180","1":"product","2":"type-product","3":"status-publish","4":"has-post-thumbnail","6":"product_brand-sensodyne","7":"product_cat-dentifrices-blanchissants","9":"first","10":"instock","11":"sale","12":"shipping-taxable","13":"purchasable","14":"product-type-simple"},"yoast_head":"<!-- This site is optimized with the Yoast SEO plugin v26.6 - https:\/\/yoast.com\/wordpress\/plugins\/seo\/ -->\r\n<title>SENSODYNE MULTI PROTECTION BLANCHEUR 75ML - Paracherkaoui.ma<\/title>\r\n<meta name=\"robots\" content=\"index, follow, max-snippet:-1, max-image-preview:large, max-video-preview:-1\" \/>\r\n<link rel=\"canonical\" href=\"https:\/\/paracherkaoui.ma\/index.php\/produit\/sensodyne-multi-protection-blancheur-75ml\/\" \/>\r\n<meta property=\"og:locale\" content=\"fr_FR\" \/>\r\n<meta property=\"og:type\" content=\"article\" \/>\r\n<meta property=\"og:title\" content=\"SENSODYNE MULTI PROTECTION BLANCHEUR 75ML - Paracherkaoui.ma\" \/>\r\n<meta property=\"og:description\" content=\"Le dentifrice Sensodyne Multi-Protection Blancheur a une formule \u00e0 base de fluorure stanneux, sp\u00e9cialement d\u00e9velopp\u00e9e pour apporter aux dents sensibles\" \/>\r\n<meta property=\"og:url\" content=\"https:\/\/paracherkaoui.ma\/index.php\/produit\/sensodyne-multi-protection-blancheur-75ml\/\" \/>\r\n<meta property=\"og:site_name\" content=\"Paracherkaoui.ma\" \/>\r\n<meta property=\"article:modified_time\" content=\"2025-12-12T18:15:09+00:00\" \/>\r\n<meta property=\"og:image\" content=\"https:\/\/paracherkaoui.ma\/wp-content\/uploads\/2025\/12\/sensodyne-sensodyne-multi-protection-blancheur-75ml-dentaire.jpg\" \/>\r\n\t<meta property=\"og:image:width\" content=\"700\" \/>\r\n\t<meta property=\"og:image:height\" content=\"700\" \/>\r\n\t<meta property=\"og:image:type\" content=\"image\/jpeg\" \/>\r\n<meta name=\"twitter:card\" content=\"summary_large_image\" \/>\r\n<meta name=\"twitter:label1\" content=\"Dur\u00e9e de lecture estim\u00e9e\" \/>\n\t<meta name=\"twitter:data1\" content=\"1 minute\" \/>\r\n<script type=\"application\/ld+json\" class=\"yoast-schema-graph\">{\"@context\":\"https:\/\/schema.org\",\"@graph\":[{\"@type\":\"WebPage\",\"@id\":\"https:\/\/paracherkaoui.ma\/index.php\/produit\/sensodyne-multi-protection-blancheur-75ml\/\",\"url\":\"https:\/\/paracherkaoui.ma\/index.php\/produit\/sensodyne-multi-protection-blancheur-75ml\/\",\"name\":\"SENSODYNE MULTI PROTECTION BLANCHEUR 75ML - Paracherkaoui.ma\",\"isPartOf\":{\"@id\":\"https:\/\/paracherkaoui.ma\/#website\"},\"primaryImageOfPage\":{\"@id\":\"https:\/\/paracherkaoui.ma\/index.php\/produit\/sensodyne-multi-protection-blancheur-75ml\/#primaryimage\"},\"image\":{\"@id\":\"https:\/\/paracherkaoui.ma\/index.php\/produit\/sensodyne-multi-protection-blancheur-75ml\/#primaryimage\"},\"thumbnailUrl\":\"https:\/\/paracherkaoui.ma\/wp-content\/uploads\/2025\/12\/sensodyne-sensodyne-multi-protection-blancheur-75ml-dentaire.jpg\",\"datePublished\":\"2025-12-12T18:15:01+00:00\",\"dateModified\":\"2025-12-12T18:15:09+00:00\",\"breadcrumb\":{\"@id\":\"https:\/\/paracherkaoui.ma\/index.php\/produit\/sensodyne-multi-protection-blancheur-75ml\/#breadcrumb\"},\"inLanguage\":\"fr-FR\",\"potentialAction\":[{\"@type\":\"ReadAction\",\"target\":[\"https:\/\/paracherkaoui.ma\/index.php\/produit\/sensodyne-multi-protection-blancheur-75ml\/\"]}]},{\"@type\":\"ImageObject\",\"inLanguage\":\"fr-FR\",\"@id\":\"https:\/\/paracherkaoui.ma\/index.php\/produit\/sensodyne-multi-protection-blancheur-75ml\/#primaryimage\",\"url\":\"https:\/\/paracherkaoui.ma\/wp-content\/uploads\/2025\/12\/sensodyne-sensodyne-multi-protection-blancheur-75ml-dentaire.jpg\",\"contentUrl\":\"https:\/\/paracherkaoui.ma\/wp-content\/uploads\/2025\/12\/sensodyne-sensodyne-multi-protection-blancheur-75ml-dentaire.jpg\",\"width\":700,\"height\":700},{\"@type\":\"BreadcrumbList\",\"@id\":\"https:\/\/paracherkaoui.ma\/index.php\/produit\/sensodyne-multi-protection-blancheur-75ml\/#breadcrumb\",\"itemListElement\":[{\"@type\":\"ListItem\",\"position\":1,\"name\":\"Accueil\",\"item\":\"https:\/\/paracherkaoui.ma\/\"},{\"@type\":\"ListItem\",\"position\":2,\"name\":\"Boutique\",\"item\":\"https:\/\/paracherkaoui.ma\/index.php\/boutique\/\"},{\"@type\":\"ListItem\",\"position\":3,\"name\":\"SENSODYNE MULTI PROTECTION BLANCHEUR 75ML\"}]},{\"@type\":\"WebSite\",\"@id\":\"https:\/\/paracherkaoui.ma\/#website\",\"url\":\"https:\/\/paracherkaoui.ma\/\",\"name\":\"Paracherkaoui.ma\",\"description\":\"Achetez en ligne sur Paracherkaoui.ma\",\"potentialAction\":[{\"@type\":\"SearchAction\",\"target\":{\"@type\":\"EntryPoint\",\"urlTemplate\":\"https:\/\/paracherkaoui.ma\/?s={search_term_string}\"},\"query-input\":{\"@type\":\"PropertyValueSpecification\",\"valueRequired\":true,\"valueName\":\"search_term_string\"}}],\"inLanguage\":\"fr-FR\"}]}<\/script>\r\n<!-- \/ Yoast SEO plugin. -->","yoast_head_json":{"title":"SENSODYNE MULTI PROTECTION BLANCHEUR 75ML - Paracherkaoui.ma","robots":{"index":"index","follow":"follow","max-snippet":"max-snippet:-1","max-image-preview":"max-image-preview:large","max-video-preview":"max-video-preview:-1"},"canonical":"https:\/\/paracherkaoui.ma\/index.php\/produit\/sensodyne-multi-protection-blancheur-75ml\/","og_locale":"fr_FR","og_type":"article","og_title":"SENSODYNE MULTI PROTECTION BLANCHEUR 75ML - Paracherkaoui.ma","og_description":"Le dentifrice Sensodyne Multi-Protection Blancheur a une formule \u00e0 base de fluorure stanneux, sp\u00e9cialement d\u00e9velopp\u00e9e pour apporter aux dents sensibles","og_url":"https:\/\/paracherkaoui.ma\/index.php\/produit\/sensodyne-multi-protection-blancheur-75ml\/","og_site_name":"Paracherkaoui.ma","article_modified_time":"2025-12-12T18:15:09+00:00","og_image":[{"width":700,"height":700,"url":"https:\/\/paracherkaoui.ma\/wp-content\/uploads\/2025\/12\/sensodyne-sensodyne-multi-protection-blancheur-75ml-dentaire.jpg","type":"image\/jpeg"}],"twitter_card":"summary_large_image","twitter_misc":{"Dur\u00e9e de lecture estim\u00e9e":"1 minute"},"schema":{"@context":"https:\/\/schema.org","@graph":[{"@type":"WebPage","@id":"https:\/\/paracherkaoui.ma\/index.php\/produit\/sensodyne-multi-protection-blancheur-75ml\/","url":"https:\/\/paracherkaoui.ma\/index.php\/produit\/sensodyne-multi-protection-blancheur-75ml\/","name":"SENSODYNE MULTI PROTECTION BLANCHEUR 75ML - Paracherkaoui.ma","isPartOf":{"@id":"https:\/\/paracherkaoui.ma\/#website"},"primaryImageOfPage":{"@id":"https:\/\/paracherkaoui.ma\/index.php\/produit\/sensodyne-multi-protection-blancheur-75ml\/#primaryimage"},"image":{"@id":"https:\/\/paracherkaoui.ma\/index.php\/produit\/sensodyne-multi-protection-blancheur-75ml\/#primaryimage"},"thumbnailUrl":"https:\/\/paracherkaoui.ma\/wp-content\/uploads\/2025\/12\/sensodyne-sensodyne-multi-protection-blancheur-75ml-dentaire.jpg","datePublished":"2025-12-12T18:15:01+00:00","dateModified":"2025-12-12T18:15:09+00:00","breadcrumb":{"@id":"https:\/\/paracherkaoui.ma\/index.php\/produit\/sensodyne-multi-protection-blancheur-75ml\/#breadcrumb"},"inLanguage":"fr-FR","potentialAction":[{"@type":"ReadAction","target":["https:\/\/paracherkaoui.ma\/index.php\/produit\/sensodyne-multi-protection-blancheur-75ml\/"]}]},{"@type":"ImageObject","inLanguage":"fr-FR","@id":"https:\/\/paracherkaoui.ma\/index.php\/produit\/sensodyne-multi-protection-blancheur-75ml\/#primaryimage","url":"https:\/\/paracherkaoui.ma\/wp-content\/uploads\/2025\/12\/sensodyne-sensodyne-multi-protection-blancheur-75ml-dentaire.jpg","contentUrl":"https:\/\/paracherkaoui.ma\/wp-content\/uploads\/2025\/12\/sensodyne-sensodyne-multi-protection-blancheur-75ml-dentaire.jpg","width":700,"height":700},{"@type":"BreadcrumbList","@id":"https:\/\/paracherkaoui.ma\/index.php\/produit\/sensodyne-multi-protection-blancheur-75ml\/#breadcrumb","itemListElement":[{"@type":"ListItem","position":1,"name":"Accueil","item":"https:\/\/paracherkaoui.ma\/"},{"@type":"ListItem","position":2,"name":"Boutique","item":"https:\/\/paracherkaoui.ma\/index.php\/boutique\/"},{"@type":"ListItem","position":3,"name":"SENSODYNE MULTI PROTECTION BLANCHEUR 75ML"}]},{"@type":"WebSite","@id":"https:\/\/paracherkaoui.ma\/#website","url":"https:\/\/paracherkaoui.ma\/","name":"Paracherkaoui.ma","description":"Achetez en ligne sur Paracherkaoui.ma","potentialAction":[{"@type":"SearchAction","target":{"@type":"EntryPoint","urlTemplate":"https:\/\/paracherkaoui.ma\/?s={search_term_string}"},"query-input":{"@type":"PropertyValueSpecification","valueRequired":true,"valueName":"search_term_string"}}],"inLanguage":"fr-FR"}]}},"_links":{"self":[{"href":"https:\/\/paracherkaoui.ma\/index.php\/wp-json\/wp\/v2\/product\/45180","targetHints":{"allow":["GET"]}}],"collection":[{"href":"https:\/\/paracherkaoui.ma\/index.php\/wp-json\/wp\/v2\/product"}],"about":[{"href":"https:\/\/paracherkaoui.ma\/index.php\/wp-json\/wp\/v2\/types\/product"}],"replies":[{"embeddable":true,"href":"https:\/\/paracherkaoui.ma\/index.php\/wp-json\/wp\/v2\/comments?post=45180"}],"version-history":[{"count":1,"href":"https:\/\/paracherkaoui.ma\/index.php\/wp-json\/wp\/v2\/product\/45180\/revisions"}],"predecessor-version":[{"id":45238,"href":"https:\/\/paracherkaoui.ma\/index.php\/wp-json\/wp\/v2\/product\/45180\/revisions\/45238"}],"wp:featuredmedia":[{"embeddable":true,"href":"https:\/\/paracherkaoui.ma\/index.php\/wp-json\/wp\/v2\/media\/45237"}],"wp:attachment":[{"href":"https:\/\/paracherkaoui.ma\/index.php\/wp-json\/wp\/v2\/media?parent=45180"}],"wp:term":[{"taxonomy":"product_brand","embeddable":true,"href":"https:\/\/paracherkaoui.ma\/index.php\/wp-json\/wp\/v2\/product_brand?post=45180"},{"taxonomy":"product_cat","embeddable":true,"href":"https:\/\/paracherkaoui.ma\/index.php\/wp-json\/wp\/v2\/product_cat?post=45180"},{"taxonomy":"product_tag","embeddable":true,"href":"https:\/\/paracherkaoui.ma\/index.php\/wp-json\/wp\/v2\/product_tag?post=45180"}],"curies":[{"name":"wp","href":"https:\/\/api.w.org\/{rel}","templated":true}]}}