{"id":45177,"date":"2025-12-12T19:15:01","date_gmt":"2025-12-12T18:15:01","guid":{"rendered":"https:\/\/test.ecbeaute.com\/?post_type=product&#038;p=45177"},"modified":"2025-12-12T19:15:08","modified_gmt":"2025-12-12T18:15:08","slug":"marvis-dentifrice-aquatic-mint-85-ml","status":"publish","type":"product","link":"https:\/\/paracherkaoui.ma\/index.php\/produit\/marvis-dentifrice-aquatic-mint-85-ml\/","title":{"rendered":"MARVIS DENTIFRICE AQUATIC MINT 85 ML"},"content":{"rendered":"<p>Une Fra\u00eecheur Marine Incomparable<br \/>\nLe Marvis Aquatic Mint se distingue par sa saveur exquise de menthe douce et froide, inspir\u00e9e de la fra\u00eecheur marine. Son parfum menthol\u00e9 d\u00e9licat procure une haleine ultra-fra\u00eeche qui dure des heures apr\u00e8s chaque brossage. Ce dentifrice est id\u00e9al pour ceux qui recherchent une sensation de propret\u00e9 intense et un go\u00fbt rafra\u00eechissant tout au long de la journ\u00e9e.<br \/>\nUn Soin d\u2019Exception pour des Dents Plus Blanches<br \/>\nEnrichi en poudres d\u2019alun, le Marvis Dentifrice Aquatic Mint agit par un polissage doux de l\u2019\u00e9mail afin d\u2019\u00e9liminer les taches caus\u00e9es par le tabac, le caf\u00e9, le th\u00e9 et d\u2019autres agents colorants. Il contribue ainsi \u00e0 restaurer l\u2019\u00e9clat naturel des dents et \u00e0 pr\u00e9venir la formation de la plaque dentaire. Son action nettoyante en profondeur permet d\u2019atteindre les zones difficiles d\u2019acc\u00e8s pour un sourire \u00e9clatant de sant\u00e9.<br \/>\nConseils d\u2019Utilisation<br \/>\nAppliquez une petite noisette de dentifrice sur votre brosse \u00e0 dents.<br \/>\nBrossez-vous les dents pendant 2 minutes, matin et soir.<br \/>\nRincez abondamment apr\u00e8s chaque utilisation.<br \/>\n\u00c9vitez d\u2019avaler le produit et ne pas utiliser chez les enfants de moins de 6 ans sans avis m\u00e9dical.<br \/>\nComposition<br \/>\nAluminium Hydroxide, Aqua, Sorbitol, Glycerin, Silica, Aroma, Cellulose Gum, Sodium Laureth Sulfate, Titanium Dioxide, Sodium Lauryl Sulfate, Citric Acid, Sodium Fluoride, Sodium Saccharin, Phenoxyethanol, Imidazolidinyl Urea, Methylparaben, Propylparaben, Ethylparaben, Butylparaben, Eugenol, Limonene.<\/p>\n","protected":false},"excerpt":{"rendered":"<p>Une Fra\u00eecheur Marine Incomparable Le Marvis Aquatic Mint se distingue par sa saveur exquise de menthe douce et froide, inspir\u00e9e<\/p>\n","protected":false},"featured_media":45231,"comment_status":"open","ping_status":"closed","template":"","meta":[],"product_brand":[814],"product_cat":[796],"product_tag":[],"class_list":{"0":"post-45177","1":"product","2":"type-product","3":"status-publish","4":"has-post-thumbnail","6":"product_brand-marvis","7":"product_cat-dentifrices-blanchissants","9":"first","10":"instock","11":"shipping-taxable","12":"purchasable","13":"product-type-simple"},"yoast_head":"<!-- This site is optimized with the Yoast SEO plugin v26.6 - https:\/\/yoast.com\/wordpress\/plugins\/seo\/ -->\r\n<title>MARVIS DENTIFRICE AQUATIC MINT 85 ML - Paracherkaoui.ma<\/title>\r\n<meta name=\"robots\" content=\"index, follow, max-snippet:-1, max-image-preview:large, max-video-preview:-1\" \/>\r\n<link rel=\"canonical\" href=\"https:\/\/paracherkaoui.ma\/index.php\/produit\/marvis-dentifrice-aquatic-mint-85-ml\/\" \/>\r\n<meta property=\"og:locale\" content=\"fr_FR\" \/>\r\n<meta property=\"og:type\" content=\"article\" \/>\r\n<meta property=\"og:title\" content=\"MARVIS DENTIFRICE AQUATIC MINT 85 ML - Paracherkaoui.ma\" \/>\r\n<meta property=\"og:description\" content=\"Une Fra\u00eecheur Marine Incomparable Le Marvis Aquatic Mint se distingue par sa saveur exquise de menthe douce et froide, inspir\u00e9e\" \/>\r\n<meta property=\"og:url\" content=\"https:\/\/paracherkaoui.ma\/index.php\/produit\/marvis-dentifrice-aquatic-mint-85-ml\/\" \/>\r\n<meta property=\"og:site_name\" content=\"Paracherkaoui.ma\" \/>\r\n<meta property=\"article:modified_time\" content=\"2025-12-12T18:15:08+00:00\" \/>\r\n<meta property=\"og:image\" content=\"https:\/\/paracherkaoui.ma\/wp-content\/uploads\/2025\/12\/marvis-marvis-dentifrice-aquatic-mint-85-ml-dentifrices-blanchissants.jpg\" \/>\r\n\t<meta property=\"og:image:width\" content=\"700\" \/>\r\n\t<meta property=\"og:image:height\" content=\"700\" \/>\r\n\t<meta property=\"og:image:type\" content=\"image\/jpeg\" \/>\r\n<meta name=\"twitter:card\" content=\"summary_large_image\" \/>\r\n<meta name=\"twitter:label1\" content=\"Dur\u00e9e de lecture estim\u00e9e\" \/>\n\t<meta name=\"twitter:data1\" content=\"1 minute\" \/>\r\n<script type=\"application\/ld+json\" class=\"yoast-schema-graph\">{\"@context\":\"https:\/\/schema.org\",\"@graph\":[{\"@type\":\"WebPage\",\"@id\":\"https:\/\/paracherkaoui.ma\/index.php\/produit\/marvis-dentifrice-aquatic-mint-85-ml\/\",\"url\":\"https:\/\/paracherkaoui.ma\/index.php\/produit\/marvis-dentifrice-aquatic-mint-85-ml\/\",\"name\":\"MARVIS DENTIFRICE AQUATIC MINT 85 ML - Paracherkaoui.ma\",\"isPartOf\":{\"@id\":\"https:\/\/paracherkaoui.ma\/#website\"},\"primaryImageOfPage\":{\"@id\":\"https:\/\/paracherkaoui.ma\/index.php\/produit\/marvis-dentifrice-aquatic-mint-85-ml\/#primaryimage\"},\"image\":{\"@id\":\"https:\/\/paracherkaoui.ma\/index.php\/produit\/marvis-dentifrice-aquatic-mint-85-ml\/#primaryimage\"},\"thumbnailUrl\":\"https:\/\/paracherkaoui.ma\/wp-content\/uploads\/2025\/12\/marvis-marvis-dentifrice-aquatic-mint-85-ml-dentifrices-blanchissants.jpg\",\"datePublished\":\"2025-12-12T18:15:01+00:00\",\"dateModified\":\"2025-12-12T18:15:08+00:00\",\"breadcrumb\":{\"@id\":\"https:\/\/paracherkaoui.ma\/index.php\/produit\/marvis-dentifrice-aquatic-mint-85-ml\/#breadcrumb\"},\"inLanguage\":\"fr-FR\",\"potentialAction\":[{\"@type\":\"ReadAction\",\"target\":[\"https:\/\/paracherkaoui.ma\/index.php\/produit\/marvis-dentifrice-aquatic-mint-85-ml\/\"]}]},{\"@type\":\"ImageObject\",\"inLanguage\":\"fr-FR\",\"@id\":\"https:\/\/paracherkaoui.ma\/index.php\/produit\/marvis-dentifrice-aquatic-mint-85-ml\/#primaryimage\",\"url\":\"https:\/\/paracherkaoui.ma\/wp-content\/uploads\/2025\/12\/marvis-marvis-dentifrice-aquatic-mint-85-ml-dentifrices-blanchissants.jpg\",\"contentUrl\":\"https:\/\/paracherkaoui.ma\/wp-content\/uploads\/2025\/12\/marvis-marvis-dentifrice-aquatic-mint-85-ml-dentifrices-blanchissants.jpg\",\"width\":700,\"height\":700},{\"@type\":\"BreadcrumbList\",\"@id\":\"https:\/\/paracherkaoui.ma\/index.php\/produit\/marvis-dentifrice-aquatic-mint-85-ml\/#breadcrumb\",\"itemListElement\":[{\"@type\":\"ListItem\",\"position\":1,\"name\":\"Accueil\",\"item\":\"https:\/\/paracherkaoui.ma\/\"},{\"@type\":\"ListItem\",\"position\":2,\"name\":\"Boutique\",\"item\":\"https:\/\/paracherkaoui.ma\/index.php\/boutique\/\"},{\"@type\":\"ListItem\",\"position\":3,\"name\":\"MARVIS DENTIFRICE AQUATIC MINT 85 ML\"}]},{\"@type\":\"WebSite\",\"@id\":\"https:\/\/paracherkaoui.ma\/#website\",\"url\":\"https:\/\/paracherkaoui.ma\/\",\"name\":\"Paracherkaoui.ma\",\"description\":\"Achetez en ligne sur Paracherkaoui.ma\",\"potentialAction\":[{\"@type\":\"SearchAction\",\"target\":{\"@type\":\"EntryPoint\",\"urlTemplate\":\"https:\/\/paracherkaoui.ma\/?s={search_term_string}\"},\"query-input\":{\"@type\":\"PropertyValueSpecification\",\"valueRequired\":true,\"valueName\":\"search_term_string\"}}],\"inLanguage\":\"fr-FR\"}]}<\/script>\r\n<!-- \/ Yoast SEO plugin. -->","yoast_head_json":{"title":"MARVIS DENTIFRICE AQUATIC MINT 85 ML - Paracherkaoui.ma","robots":{"index":"index","follow":"follow","max-snippet":"max-snippet:-1","max-image-preview":"max-image-preview:large","max-video-preview":"max-video-preview:-1"},"canonical":"https:\/\/paracherkaoui.ma\/index.php\/produit\/marvis-dentifrice-aquatic-mint-85-ml\/","og_locale":"fr_FR","og_type":"article","og_title":"MARVIS DENTIFRICE AQUATIC MINT 85 ML - Paracherkaoui.ma","og_description":"Une Fra\u00eecheur Marine Incomparable Le Marvis Aquatic Mint se distingue par sa saveur exquise de menthe douce et froide, inspir\u00e9e","og_url":"https:\/\/paracherkaoui.ma\/index.php\/produit\/marvis-dentifrice-aquatic-mint-85-ml\/","og_site_name":"Paracherkaoui.ma","article_modified_time":"2025-12-12T18:15:08+00:00","og_image":[{"width":700,"height":700,"url":"https:\/\/paracherkaoui.ma\/wp-content\/uploads\/2025\/12\/marvis-marvis-dentifrice-aquatic-mint-85-ml-dentifrices-blanchissants.jpg","type":"image\/jpeg"}],"twitter_card":"summary_large_image","twitter_misc":{"Dur\u00e9e de lecture estim\u00e9e":"1 minute"},"schema":{"@context":"https:\/\/schema.org","@graph":[{"@type":"WebPage","@id":"https:\/\/paracherkaoui.ma\/index.php\/produit\/marvis-dentifrice-aquatic-mint-85-ml\/","url":"https:\/\/paracherkaoui.ma\/index.php\/produit\/marvis-dentifrice-aquatic-mint-85-ml\/","name":"MARVIS DENTIFRICE AQUATIC MINT 85 ML - Paracherkaoui.ma","isPartOf":{"@id":"https:\/\/paracherkaoui.ma\/#website"},"primaryImageOfPage":{"@id":"https:\/\/paracherkaoui.ma\/index.php\/produit\/marvis-dentifrice-aquatic-mint-85-ml\/#primaryimage"},"image":{"@id":"https:\/\/paracherkaoui.ma\/index.php\/produit\/marvis-dentifrice-aquatic-mint-85-ml\/#primaryimage"},"thumbnailUrl":"https:\/\/paracherkaoui.ma\/wp-content\/uploads\/2025\/12\/marvis-marvis-dentifrice-aquatic-mint-85-ml-dentifrices-blanchissants.jpg","datePublished":"2025-12-12T18:15:01+00:00","dateModified":"2025-12-12T18:15:08+00:00","breadcrumb":{"@id":"https:\/\/paracherkaoui.ma\/index.php\/produit\/marvis-dentifrice-aquatic-mint-85-ml\/#breadcrumb"},"inLanguage":"fr-FR","potentialAction":[{"@type":"ReadAction","target":["https:\/\/paracherkaoui.ma\/index.php\/produit\/marvis-dentifrice-aquatic-mint-85-ml\/"]}]},{"@type":"ImageObject","inLanguage":"fr-FR","@id":"https:\/\/paracherkaoui.ma\/index.php\/produit\/marvis-dentifrice-aquatic-mint-85-ml\/#primaryimage","url":"https:\/\/paracherkaoui.ma\/wp-content\/uploads\/2025\/12\/marvis-marvis-dentifrice-aquatic-mint-85-ml-dentifrices-blanchissants.jpg","contentUrl":"https:\/\/paracherkaoui.ma\/wp-content\/uploads\/2025\/12\/marvis-marvis-dentifrice-aquatic-mint-85-ml-dentifrices-blanchissants.jpg","width":700,"height":700},{"@type":"BreadcrumbList","@id":"https:\/\/paracherkaoui.ma\/index.php\/produit\/marvis-dentifrice-aquatic-mint-85-ml\/#breadcrumb","itemListElement":[{"@type":"ListItem","position":1,"name":"Accueil","item":"https:\/\/paracherkaoui.ma\/"},{"@type":"ListItem","position":2,"name":"Boutique","item":"https:\/\/paracherkaoui.ma\/index.php\/boutique\/"},{"@type":"ListItem","position":3,"name":"MARVIS DENTIFRICE AQUATIC MINT 85 ML"}]},{"@type":"WebSite","@id":"https:\/\/paracherkaoui.ma\/#website","url":"https:\/\/paracherkaoui.ma\/","name":"Paracherkaoui.ma","description":"Achetez en ligne sur Paracherkaoui.ma","potentialAction":[{"@type":"SearchAction","target":{"@type":"EntryPoint","urlTemplate":"https:\/\/paracherkaoui.ma\/?s={search_term_string}"},"query-input":{"@type":"PropertyValueSpecification","valueRequired":true,"valueName":"search_term_string"}}],"inLanguage":"fr-FR"}]}},"_links":{"self":[{"href":"https:\/\/paracherkaoui.ma\/index.php\/wp-json\/wp\/v2\/product\/45177","targetHints":{"allow":["GET"]}}],"collection":[{"href":"https:\/\/paracherkaoui.ma\/index.php\/wp-json\/wp\/v2\/product"}],"about":[{"href":"https:\/\/paracherkaoui.ma\/index.php\/wp-json\/wp\/v2\/types\/product"}],"replies":[{"embeddable":true,"href":"https:\/\/paracherkaoui.ma\/index.php\/wp-json\/wp\/v2\/comments?post=45177"}],"version-history":[{"count":1,"href":"https:\/\/paracherkaoui.ma\/index.php\/wp-json\/wp\/v2\/product\/45177\/revisions"}],"predecessor-version":[{"id":45232,"href":"https:\/\/paracherkaoui.ma\/index.php\/wp-json\/wp\/v2\/product\/45177\/revisions\/45232"}],"wp:featuredmedia":[{"embeddable":true,"href":"https:\/\/paracherkaoui.ma\/index.php\/wp-json\/wp\/v2\/media\/45231"}],"wp:attachment":[{"href":"https:\/\/paracherkaoui.ma\/index.php\/wp-json\/wp\/v2\/media?parent=45177"}],"wp:term":[{"taxonomy":"product_brand","embeddable":true,"href":"https:\/\/paracherkaoui.ma\/index.php\/wp-json\/wp\/v2\/product_brand?post=45177"},{"taxonomy":"product_cat","embeddable":true,"href":"https:\/\/paracherkaoui.ma\/index.php\/wp-json\/wp\/v2\/product_cat?post=45177"},{"taxonomy":"product_tag","embeddable":true,"href":"https:\/\/paracherkaoui.ma\/index.php\/wp-json\/wp\/v2\/product_tag?post=45177"}],"curies":[{"name":"wp","href":"https:\/\/api.w.org\/{rel}","templated":true}]}}