{"id":45068,"date":"2025-12-12T19:14:49","date_gmt":"2025-12-12T18:14:49","guid":{"rendered":"https:\/\/test.ecbeaute.com\/?post_type=product&#038;p=45068"},"modified":"2025-12-12T19:14:52","modified_gmt":"2025-12-12T18:14:52","slug":"lansinoh-tire-lait-electrique-compact","status":"publish","type":"product","link":"https:\/\/paracherkaoui.ma\/index.php\/produit\/lansinoh-tire-lait-electrique-compact\/","title":{"rendered":"LANSINOH TIRE LAIT ELECTRIQUE COMPACT"},"content":{"rendered":"<p>Pour votre confort optimal, le tire-lait propose 5 niveaux de succion r\u00e9glables, adapt\u00e9s \u00e0 votre rythme personnel, et 2 phases d&rsquo;expression (stimulation et expression) qui imitent le rythme naturel de b\u00e9b\u00e9 pour une s\u00e9ance efficace. Les t\u00e9terelles ComfortFit en silicone doux, disponibles en plusieurs tailles, assurent un ajustement parfait et confortable, essentiel pour une exp\u00e9rience agr\u00e9able.<br \/>\nPratique \u00e0 utiliser et \u00e0 entretenir, ce mod\u00e8le n\u00e9cessite peu de pi\u00e8ces pour un montage et un nettoyage rapides. De plus, il peut fonctionner sans branchement direct gr\u00e2ce \u00e0 une batterie externe, augmentant ainsi sa polyvalence et sa praticit\u00e9 pour les d\u00e9placements.<br \/>\nGr\u00e2ce \u00e0 sa conception hygi\u00e9nique avanc\u00e9e, le tire-lait Lansinoh Compact \u00e9limine tout risque de contamination crois\u00e9e, assurant une utilisation s\u00fbre et hygi\u00e9nique \u00e0 chaque utilisation.<br \/>\nCONSEIL D\u2019UTILISATION<br \/>\nAssemblez les pi\u00e8ces en suivant les instructions du manuel d&rsquo;utilisation pour un fonctionnement optimal. Choisissez le niveau de succion et la taille des t\u00e9terelles qui conviennent le mieux \u00e0 votre confort et \u00e0 votre efficacit\u00e9 d&rsquo;expression. Assurez vous de nettoyer et st\u00e9riliser les pi\u00e8ces apr\u00e8s chaque utilisation pour maintenir une hygi\u00e8ne irr\u00e9prochable. Utilisez une batterie externe compatible pour une utilisation sans fil lors de vos d\u00e9placements.<\/p>\n","protected":false},"excerpt":{"rendered":"<p>Pour votre confort optimal, le tire-lait propose 5 niveaux de succion r\u00e9glables, adapt\u00e9s \u00e0 votre rythme personnel, et 2 phases<\/p>\n","protected":false},"featured_media":45104,"comment_status":"open","ping_status":"closed","template":"","meta":[],"product_brand":[537],"product_cat":[791],"product_tag":[],"class_list":{"0":"post-45068","1":"product","2":"type-product","3":"status-publish","4":"has-post-thumbnail","6":"product_brand-lansinoh","7":"product_cat-tire-lait","9":"first","10":"instock","11":"sale","12":"shipping-taxable","13":"purchasable","14":"product-type-simple"},"yoast_head":"<!-- This site is optimized with the Yoast SEO plugin v26.6 - https:\/\/yoast.com\/wordpress\/plugins\/seo\/ -->\r\n<title>LANSINOH TIRE LAIT ELECTRIQUE COMPACT - Paracherkaoui.ma<\/title>\r\n<meta name=\"robots\" content=\"index, follow, max-snippet:-1, max-image-preview:large, max-video-preview:-1\" \/>\r\n<link rel=\"canonical\" href=\"https:\/\/paracherkaoui.ma\/index.php\/produit\/lansinoh-tire-lait-electrique-compact\/\" \/>\r\n<meta property=\"og:locale\" content=\"fr_FR\" \/>\r\n<meta property=\"og:type\" content=\"article\" \/>\r\n<meta property=\"og:title\" content=\"LANSINOH TIRE LAIT ELECTRIQUE COMPACT - Paracherkaoui.ma\" \/>\r\n<meta property=\"og:description\" content=\"Pour votre confort optimal, le tire-lait propose 5 niveaux de succion r\u00e9glables, adapt\u00e9s \u00e0 votre rythme personnel, et 2 phases\" \/>\r\n<meta property=\"og:url\" content=\"https:\/\/paracherkaoui.ma\/index.php\/produit\/lansinoh-tire-lait-electrique-compact\/\" \/>\r\n<meta property=\"og:site_name\" content=\"Paracherkaoui.ma\" \/>\r\n<meta property=\"article:modified_time\" content=\"2025-12-12T18:14:52+00:00\" \/>\r\n<meta property=\"og:image\" content=\"https:\/\/paracherkaoui.ma\/wp-content\/uploads\/2025\/12\/lansinoh-lansinoh-tire-lait-electrique-compact-tire-lait-et-accessoires.jpg\" \/>\r\n\t<meta property=\"og:image:width\" content=\"700\" \/>\r\n\t<meta property=\"og:image:height\" content=\"700\" \/>\r\n\t<meta property=\"og:image:type\" content=\"image\/jpeg\" \/>\r\n<meta name=\"twitter:card\" content=\"summary_large_image\" \/>\r\n<meta name=\"twitter:label1\" content=\"Dur\u00e9e de lecture estim\u00e9e\" \/>\n\t<meta name=\"twitter:data1\" content=\"1 minute\" \/>\r\n<script type=\"application\/ld+json\" class=\"yoast-schema-graph\">{\"@context\":\"https:\/\/schema.org\",\"@graph\":[{\"@type\":\"WebPage\",\"@id\":\"https:\/\/paracherkaoui.ma\/index.php\/produit\/lansinoh-tire-lait-electrique-compact\/\",\"url\":\"https:\/\/paracherkaoui.ma\/index.php\/produit\/lansinoh-tire-lait-electrique-compact\/\",\"name\":\"LANSINOH TIRE LAIT ELECTRIQUE COMPACT - Paracherkaoui.ma\",\"isPartOf\":{\"@id\":\"https:\/\/paracherkaoui.ma\/#website\"},\"primaryImageOfPage\":{\"@id\":\"https:\/\/paracherkaoui.ma\/index.php\/produit\/lansinoh-tire-lait-electrique-compact\/#primaryimage\"},\"image\":{\"@id\":\"https:\/\/paracherkaoui.ma\/index.php\/produit\/lansinoh-tire-lait-electrique-compact\/#primaryimage\"},\"thumbnailUrl\":\"https:\/\/paracherkaoui.ma\/wp-content\/uploads\/2025\/12\/lansinoh-lansinoh-tire-lait-electrique-compact-tire-lait-et-accessoires.jpg\",\"datePublished\":\"2025-12-12T18:14:49+00:00\",\"dateModified\":\"2025-12-12T18:14:52+00:00\",\"breadcrumb\":{\"@id\":\"https:\/\/paracherkaoui.ma\/index.php\/produit\/lansinoh-tire-lait-electrique-compact\/#breadcrumb\"},\"inLanguage\":\"fr-FR\",\"potentialAction\":[{\"@type\":\"ReadAction\",\"target\":[\"https:\/\/paracherkaoui.ma\/index.php\/produit\/lansinoh-tire-lait-electrique-compact\/\"]}]},{\"@type\":\"ImageObject\",\"inLanguage\":\"fr-FR\",\"@id\":\"https:\/\/paracherkaoui.ma\/index.php\/produit\/lansinoh-tire-lait-electrique-compact\/#primaryimage\",\"url\":\"https:\/\/paracherkaoui.ma\/wp-content\/uploads\/2025\/12\/lansinoh-lansinoh-tire-lait-electrique-compact-tire-lait-et-accessoires.jpg\",\"contentUrl\":\"https:\/\/paracherkaoui.ma\/wp-content\/uploads\/2025\/12\/lansinoh-lansinoh-tire-lait-electrique-compact-tire-lait-et-accessoires.jpg\",\"width\":700,\"height\":700},{\"@type\":\"BreadcrumbList\",\"@id\":\"https:\/\/paracherkaoui.ma\/index.php\/produit\/lansinoh-tire-lait-electrique-compact\/#breadcrumb\",\"itemListElement\":[{\"@type\":\"ListItem\",\"position\":1,\"name\":\"Accueil\",\"item\":\"https:\/\/paracherkaoui.ma\/\"},{\"@type\":\"ListItem\",\"position\":2,\"name\":\"Boutique\",\"item\":\"https:\/\/paracherkaoui.ma\/index.php\/boutique\/\"},{\"@type\":\"ListItem\",\"position\":3,\"name\":\"LANSINOH TIRE LAIT ELECTRIQUE COMPACT\"}]},{\"@type\":\"WebSite\",\"@id\":\"https:\/\/paracherkaoui.ma\/#website\",\"url\":\"https:\/\/paracherkaoui.ma\/\",\"name\":\"Paracherkaoui.ma\",\"description\":\"Achetez en ligne sur Paracherkaoui.ma\",\"potentialAction\":[{\"@type\":\"SearchAction\",\"target\":{\"@type\":\"EntryPoint\",\"urlTemplate\":\"https:\/\/paracherkaoui.ma\/?s={search_term_string}\"},\"query-input\":{\"@type\":\"PropertyValueSpecification\",\"valueRequired\":true,\"valueName\":\"search_term_string\"}}],\"inLanguage\":\"fr-FR\"}]}<\/script>\r\n<!-- \/ Yoast SEO plugin. -->","yoast_head_json":{"title":"LANSINOH TIRE LAIT ELECTRIQUE COMPACT - Paracherkaoui.ma","robots":{"index":"index","follow":"follow","max-snippet":"max-snippet:-1","max-image-preview":"max-image-preview:large","max-video-preview":"max-video-preview:-1"},"canonical":"https:\/\/paracherkaoui.ma\/index.php\/produit\/lansinoh-tire-lait-electrique-compact\/","og_locale":"fr_FR","og_type":"article","og_title":"LANSINOH TIRE LAIT ELECTRIQUE COMPACT - Paracherkaoui.ma","og_description":"Pour votre confort optimal, le tire-lait propose 5 niveaux de succion r\u00e9glables, adapt\u00e9s \u00e0 votre rythme personnel, et 2 phases","og_url":"https:\/\/paracherkaoui.ma\/index.php\/produit\/lansinoh-tire-lait-electrique-compact\/","og_site_name":"Paracherkaoui.ma","article_modified_time":"2025-12-12T18:14:52+00:00","og_image":[{"width":700,"height":700,"url":"https:\/\/paracherkaoui.ma\/wp-content\/uploads\/2025\/12\/lansinoh-lansinoh-tire-lait-electrique-compact-tire-lait-et-accessoires.jpg","type":"image\/jpeg"}],"twitter_card":"summary_large_image","twitter_misc":{"Dur\u00e9e de lecture estim\u00e9e":"1 minute"},"schema":{"@context":"https:\/\/schema.org","@graph":[{"@type":"WebPage","@id":"https:\/\/paracherkaoui.ma\/index.php\/produit\/lansinoh-tire-lait-electrique-compact\/","url":"https:\/\/paracherkaoui.ma\/index.php\/produit\/lansinoh-tire-lait-electrique-compact\/","name":"LANSINOH TIRE LAIT ELECTRIQUE COMPACT - Paracherkaoui.ma","isPartOf":{"@id":"https:\/\/paracherkaoui.ma\/#website"},"primaryImageOfPage":{"@id":"https:\/\/paracherkaoui.ma\/index.php\/produit\/lansinoh-tire-lait-electrique-compact\/#primaryimage"},"image":{"@id":"https:\/\/paracherkaoui.ma\/index.php\/produit\/lansinoh-tire-lait-electrique-compact\/#primaryimage"},"thumbnailUrl":"https:\/\/paracherkaoui.ma\/wp-content\/uploads\/2025\/12\/lansinoh-lansinoh-tire-lait-electrique-compact-tire-lait-et-accessoires.jpg","datePublished":"2025-12-12T18:14:49+00:00","dateModified":"2025-12-12T18:14:52+00:00","breadcrumb":{"@id":"https:\/\/paracherkaoui.ma\/index.php\/produit\/lansinoh-tire-lait-electrique-compact\/#breadcrumb"},"inLanguage":"fr-FR","potentialAction":[{"@type":"ReadAction","target":["https:\/\/paracherkaoui.ma\/index.php\/produit\/lansinoh-tire-lait-electrique-compact\/"]}]},{"@type":"ImageObject","inLanguage":"fr-FR","@id":"https:\/\/paracherkaoui.ma\/index.php\/produit\/lansinoh-tire-lait-electrique-compact\/#primaryimage","url":"https:\/\/paracherkaoui.ma\/wp-content\/uploads\/2025\/12\/lansinoh-lansinoh-tire-lait-electrique-compact-tire-lait-et-accessoires.jpg","contentUrl":"https:\/\/paracherkaoui.ma\/wp-content\/uploads\/2025\/12\/lansinoh-lansinoh-tire-lait-electrique-compact-tire-lait-et-accessoires.jpg","width":700,"height":700},{"@type":"BreadcrumbList","@id":"https:\/\/paracherkaoui.ma\/index.php\/produit\/lansinoh-tire-lait-electrique-compact\/#breadcrumb","itemListElement":[{"@type":"ListItem","position":1,"name":"Accueil","item":"https:\/\/paracherkaoui.ma\/"},{"@type":"ListItem","position":2,"name":"Boutique","item":"https:\/\/paracherkaoui.ma\/index.php\/boutique\/"},{"@type":"ListItem","position":3,"name":"LANSINOH TIRE LAIT ELECTRIQUE COMPACT"}]},{"@type":"WebSite","@id":"https:\/\/paracherkaoui.ma\/#website","url":"https:\/\/paracherkaoui.ma\/","name":"Paracherkaoui.ma","description":"Achetez en ligne sur Paracherkaoui.ma","potentialAction":[{"@type":"SearchAction","target":{"@type":"EntryPoint","urlTemplate":"https:\/\/paracherkaoui.ma\/?s={search_term_string}"},"query-input":{"@type":"PropertyValueSpecification","valueRequired":true,"valueName":"search_term_string"}}],"inLanguage":"fr-FR"}]}},"_links":{"self":[{"href":"https:\/\/paracherkaoui.ma\/index.php\/wp-json\/wp\/v2\/product\/45068","targetHints":{"allow":["GET"]}}],"collection":[{"href":"https:\/\/paracherkaoui.ma\/index.php\/wp-json\/wp\/v2\/product"}],"about":[{"href":"https:\/\/paracherkaoui.ma\/index.php\/wp-json\/wp\/v2\/types\/product"}],"replies":[{"embeddable":true,"href":"https:\/\/paracherkaoui.ma\/index.php\/wp-json\/wp\/v2\/comments?post=45068"}],"version-history":[{"count":1,"href":"https:\/\/paracherkaoui.ma\/index.php\/wp-json\/wp\/v2\/product\/45068\/revisions"}],"predecessor-version":[{"id":45105,"href":"https:\/\/paracherkaoui.ma\/index.php\/wp-json\/wp\/v2\/product\/45068\/revisions\/45105"}],"wp:featuredmedia":[{"embeddable":true,"href":"https:\/\/paracherkaoui.ma\/index.php\/wp-json\/wp\/v2\/media\/45104"}],"wp:attachment":[{"href":"https:\/\/paracherkaoui.ma\/index.php\/wp-json\/wp\/v2\/media?parent=45068"}],"wp:term":[{"taxonomy":"product_brand","embeddable":true,"href":"https:\/\/paracherkaoui.ma\/index.php\/wp-json\/wp\/v2\/product_brand?post=45068"},{"taxonomy":"product_cat","embeddable":true,"href":"https:\/\/paracherkaoui.ma\/index.php\/wp-json\/wp\/v2\/product_cat?post=45068"},{"taxonomy":"product_tag","embeddable":true,"href":"https:\/\/paracherkaoui.ma\/index.php\/wp-json\/wp\/v2\/product_tag?post=45068"}],"curies":[{"name":"wp","href":"https:\/\/api.w.org\/{rel}","templated":true}]}}