{"id":45067,"date":"2025-12-12T19:14:49","date_gmt":"2025-12-12T18:14:49","guid":{"rendered":"https:\/\/test.ecbeaute.com\/?post_type=product&#038;p=45067"},"modified":"2025-12-12T19:14:52","modified_gmt":"2025-12-12T18:14:52","slug":"medela-solo-tire-lait-electrique-simple","status":"publish","type":"product","link":"https:\/\/paracherkaoui.ma\/index.php\/produit\/medela-solo-tire-lait-electrique-simple\/","title":{"rendered":"MEDELA SOLO TIRE LAIT ELECTRIQUE SIMPLE"},"content":{"rendered":"<p>Intuitif et sans tracas. Solo, le tire-lait facile \u00e0 utiliser. Il ne comporte que quelques pi\u00e8ces, ce qui le rend facile \u00e0 nettoyer et \u00e0 assembler. Avec son interface intuitive \u00e0 4 boutons et 9 r\u00e9glages pr\u00e9programm\u00e9s, ce tire-lait \u00e9lectrique simple est extr\u00eamement facile \u00e0 utiliser.<br \/>\nExprimez o\u00f9 que vous soyez, m\u00eame si aucune prise de courant n&rsquo;est disponible.\u00a0Avec le connecteur de pointe USB de type C inclus sur le tire-lait \u00e9lectrique simple Sol, la pile int\u00e9gr\u00e9e se recharge plus rapidement qu\u2019avec un port micro USB et peut durer jusqu&rsquo;\u00e0 six s\u00e9ances d&rsquo;expression lorsqu\u2019elle est compl\u00e8tement charg\u00e9e.<br \/>\nTechnologie 2-Phase Expression\u00ae.\u00a0Pendant une s\u00e9ance d&rsquo;allaitement, les b\u00e9b\u00e9s d\u00e9butent par des succions courtes et rapides afin de stimuler le r\u00e9flexe d&rsquo;\u00e9jection du lait. Une fois que le lait commence \u00e0 couler, les b\u00e9b\u00e9s adoptent un rythme individuel plus lent. La technologie 2-Phase Expression de Medela imite le rythme naturel de succion des b\u00e9b\u00e9s &#8211; plus rapide pour stimuler le flux de lait, puis plus lent pour fournir un flux de lait optimal.<br \/>\nT\u00e9terelle PersonalFit Flex\u2122.\u00a0Avec un angle d&rsquo;ouverture de 105 degr\u00e9s, un rebord souple et une forme ovale pour un meilleur ajustement, la t\u00e9terelle PersonalFit Flex exerce moins de pression sur vos canaux galactophores que les t\u00e9terelles traditionnelles, pour une exp\u00e9rience d\u2019expression plus efficace et plus confortable. Plus de confort pour vous et jusqu&rsquo;\u00e0 11,8 % plus de lait pour votre b\u00e9b\u00e9 \u2013 cliniquement prouv\u00e9\u00b3.<br \/>\nLe syst\u00e8me ferm\u00e9 emp\u00eache\u00a0le lait maternel de p\u00e9n\u00e9trer dans la tubulure, de d\u00e9border et de s\u2019\u00e9couler dans le m\u00e9canisme du tire-lait. Cela permet de garantir que votre lait exprim\u00e9 reste s\u00e9curitaire et propre, mais \u00e9galement que les composants de votre tire-lait sont prot\u00e9g\u00e9s contre de potentiels dommages.<br \/>\nAdapt\u00e9 \u00e0 vos besoins et \u00e0 votre morphologie1<br \/>\nChaque m\u00e8re est diff\u00e9rente. La forme de vos seins est unique et peut changer au cours de votre parcours d&rsquo;allaitement.<br \/>\nUne expression plus naturelle<br \/>\nLorsque votre b\u00e9b\u00e9 prend le sein, il commence par t\u00e9ter rapidement pour d\u00e9clencher l&rsquo;\u00e9coulement du lait, puis il ralentit le rythme pour se nourrir. La technologie 2-Phase Expression\u00ae de Medela imite ces rythmes instinctifs pour rendre l&rsquo;expression plus naturelle et plus confortable.<br \/>\nFonctionnement simple et utilisation agr\u00e9able<br \/>\nDe conception tr\u00e8s simple, le tire-lait Medela Swing s&#8217;emporte partout. Il s&rsquo;assemble et se d\u00e9monte facilement pour le nettoyage, de sorte que toutes ses pi\u00e8ces peuvent \u00eatre d\u00e9sinfect\u00e9es rapidement.<\/p>\n","protected":false},"excerpt":{"rendered":"<p>Intuitif et sans tracas. Solo, le tire-lait facile \u00e0 utiliser. Il ne comporte que quelques pi\u00e8ces, ce qui le rend<\/p>\n","protected":false},"featured_media":45102,"comment_status":"open","ping_status":"closed","template":"","meta":[],"product_brand":[724],"product_cat":[791],"product_tag":[],"class_list":{"0":"post-45067","1":"product","2":"type-product","3":"status-publish","4":"has-post-thumbnail","6":"product_brand-medela","7":"product_cat-tire-lait","9":"first","10":"instock","11":"sale","12":"shipping-taxable","13":"purchasable","14":"product-type-simple"},"yoast_head":"<!-- This site is optimized with the Yoast SEO plugin v26.6 - https:\/\/yoast.com\/wordpress\/plugins\/seo\/ -->\r\n<title>MEDELA SOLO TIRE LAIT ELECTRIQUE SIMPLE - Paracherkaoui.ma<\/title>\r\n<meta name=\"robots\" content=\"index, follow, max-snippet:-1, max-image-preview:large, max-video-preview:-1\" \/>\r\n<link rel=\"canonical\" href=\"https:\/\/paracherkaoui.ma\/index.php\/produit\/medela-solo-tire-lait-electrique-simple\/\" \/>\r\n<meta property=\"og:locale\" content=\"fr_FR\" \/>\r\n<meta property=\"og:type\" content=\"article\" \/>\r\n<meta property=\"og:title\" content=\"MEDELA SOLO TIRE LAIT ELECTRIQUE SIMPLE - Paracherkaoui.ma\" \/>\r\n<meta property=\"og:description\" content=\"Intuitif et sans tracas. Solo, le tire-lait facile \u00e0 utiliser. Il ne comporte que quelques pi\u00e8ces, ce qui le rend\" \/>\r\n<meta property=\"og:url\" content=\"https:\/\/paracherkaoui.ma\/index.php\/produit\/medela-solo-tire-lait-electrique-simple\/\" \/>\r\n<meta property=\"og:site_name\" content=\"Paracherkaoui.ma\" \/>\r\n<meta property=\"article:modified_time\" content=\"2025-12-12T18:14:52+00:00\" \/>\r\n<meta property=\"og:image\" content=\"https:\/\/paracherkaoui.ma\/wp-content\/uploads\/2025\/12\/medela-solo-tire-lait-electrique-simple.jpg\" \/>\r\n\t<meta property=\"og:image:width\" content=\"700\" \/>\r\n\t<meta property=\"og:image:height\" content=\"700\" \/>\r\n\t<meta property=\"og:image:type\" content=\"image\/jpeg\" \/>\r\n<meta name=\"twitter:card\" content=\"summary_large_image\" \/>\r\n<meta name=\"twitter:label1\" content=\"Dur\u00e9e de lecture estim\u00e9e\" \/>\n\t<meta name=\"twitter:data1\" content=\"2 minutes\" \/>\r\n<script type=\"application\/ld+json\" class=\"yoast-schema-graph\">{\"@context\":\"https:\/\/schema.org\",\"@graph\":[{\"@type\":\"WebPage\",\"@id\":\"https:\/\/paracherkaoui.ma\/index.php\/produit\/medela-solo-tire-lait-electrique-simple\/\",\"url\":\"https:\/\/paracherkaoui.ma\/index.php\/produit\/medela-solo-tire-lait-electrique-simple\/\",\"name\":\"MEDELA SOLO TIRE LAIT ELECTRIQUE SIMPLE - Paracherkaoui.ma\",\"isPartOf\":{\"@id\":\"https:\/\/paracherkaoui.ma\/#website\"},\"primaryImageOfPage\":{\"@id\":\"https:\/\/paracherkaoui.ma\/index.php\/produit\/medela-solo-tire-lait-electrique-simple\/#primaryimage\"},\"image\":{\"@id\":\"https:\/\/paracherkaoui.ma\/index.php\/produit\/medela-solo-tire-lait-electrique-simple\/#primaryimage\"},\"thumbnailUrl\":\"https:\/\/paracherkaoui.ma\/wp-content\/uploads\/2025\/12\/medela-solo-tire-lait-electrique-simple.jpg\",\"datePublished\":\"2025-12-12T18:14:49+00:00\",\"dateModified\":\"2025-12-12T18:14:52+00:00\",\"breadcrumb\":{\"@id\":\"https:\/\/paracherkaoui.ma\/index.php\/produit\/medela-solo-tire-lait-electrique-simple\/#breadcrumb\"},\"inLanguage\":\"fr-FR\",\"potentialAction\":[{\"@type\":\"ReadAction\",\"target\":[\"https:\/\/paracherkaoui.ma\/index.php\/produit\/medela-solo-tire-lait-electrique-simple\/\"]}]},{\"@type\":\"ImageObject\",\"inLanguage\":\"fr-FR\",\"@id\":\"https:\/\/paracherkaoui.ma\/index.php\/produit\/medela-solo-tire-lait-electrique-simple\/#primaryimage\",\"url\":\"https:\/\/paracherkaoui.ma\/wp-content\/uploads\/2025\/12\/medela-solo-tire-lait-electrique-simple.jpg\",\"contentUrl\":\"https:\/\/paracherkaoui.ma\/wp-content\/uploads\/2025\/12\/medela-solo-tire-lait-electrique-simple.jpg\",\"width\":700,\"height\":700},{\"@type\":\"BreadcrumbList\",\"@id\":\"https:\/\/paracherkaoui.ma\/index.php\/produit\/medela-solo-tire-lait-electrique-simple\/#breadcrumb\",\"itemListElement\":[{\"@type\":\"ListItem\",\"position\":1,\"name\":\"Accueil\",\"item\":\"https:\/\/paracherkaoui.ma\/\"},{\"@type\":\"ListItem\",\"position\":2,\"name\":\"Boutique\",\"item\":\"https:\/\/paracherkaoui.ma\/index.php\/boutique\/\"},{\"@type\":\"ListItem\",\"position\":3,\"name\":\"MEDELA SOLO TIRE LAIT ELECTRIQUE SIMPLE\"}]},{\"@type\":\"WebSite\",\"@id\":\"https:\/\/paracherkaoui.ma\/#website\",\"url\":\"https:\/\/paracherkaoui.ma\/\",\"name\":\"Paracherkaoui.ma\",\"description\":\"Achetez en ligne sur Paracherkaoui.ma\",\"potentialAction\":[{\"@type\":\"SearchAction\",\"target\":{\"@type\":\"EntryPoint\",\"urlTemplate\":\"https:\/\/paracherkaoui.ma\/?s={search_term_string}\"},\"query-input\":{\"@type\":\"PropertyValueSpecification\",\"valueRequired\":true,\"valueName\":\"search_term_string\"}}],\"inLanguage\":\"fr-FR\"}]}<\/script>\r\n<!-- \/ Yoast SEO plugin. -->","yoast_head_json":{"title":"MEDELA SOLO TIRE LAIT ELECTRIQUE SIMPLE - Paracherkaoui.ma","robots":{"index":"index","follow":"follow","max-snippet":"max-snippet:-1","max-image-preview":"max-image-preview:large","max-video-preview":"max-video-preview:-1"},"canonical":"https:\/\/paracherkaoui.ma\/index.php\/produit\/medela-solo-tire-lait-electrique-simple\/","og_locale":"fr_FR","og_type":"article","og_title":"MEDELA SOLO TIRE LAIT ELECTRIQUE SIMPLE - Paracherkaoui.ma","og_description":"Intuitif et sans tracas. Solo, le tire-lait facile \u00e0 utiliser. Il ne comporte que quelques pi\u00e8ces, ce qui le rend","og_url":"https:\/\/paracherkaoui.ma\/index.php\/produit\/medela-solo-tire-lait-electrique-simple\/","og_site_name":"Paracherkaoui.ma","article_modified_time":"2025-12-12T18:14:52+00:00","og_image":[{"width":700,"height":700,"url":"https:\/\/paracherkaoui.ma\/wp-content\/uploads\/2025\/12\/medela-solo-tire-lait-electrique-simple.jpg","type":"image\/jpeg"}],"twitter_card":"summary_large_image","twitter_misc":{"Dur\u00e9e de lecture estim\u00e9e":"2 minutes"},"schema":{"@context":"https:\/\/schema.org","@graph":[{"@type":"WebPage","@id":"https:\/\/paracherkaoui.ma\/index.php\/produit\/medela-solo-tire-lait-electrique-simple\/","url":"https:\/\/paracherkaoui.ma\/index.php\/produit\/medela-solo-tire-lait-electrique-simple\/","name":"MEDELA SOLO TIRE LAIT ELECTRIQUE SIMPLE - Paracherkaoui.ma","isPartOf":{"@id":"https:\/\/paracherkaoui.ma\/#website"},"primaryImageOfPage":{"@id":"https:\/\/paracherkaoui.ma\/index.php\/produit\/medela-solo-tire-lait-electrique-simple\/#primaryimage"},"image":{"@id":"https:\/\/paracherkaoui.ma\/index.php\/produit\/medela-solo-tire-lait-electrique-simple\/#primaryimage"},"thumbnailUrl":"https:\/\/paracherkaoui.ma\/wp-content\/uploads\/2025\/12\/medela-solo-tire-lait-electrique-simple.jpg","datePublished":"2025-12-12T18:14:49+00:00","dateModified":"2025-12-12T18:14:52+00:00","breadcrumb":{"@id":"https:\/\/paracherkaoui.ma\/index.php\/produit\/medela-solo-tire-lait-electrique-simple\/#breadcrumb"},"inLanguage":"fr-FR","potentialAction":[{"@type":"ReadAction","target":["https:\/\/paracherkaoui.ma\/index.php\/produit\/medela-solo-tire-lait-electrique-simple\/"]}]},{"@type":"ImageObject","inLanguage":"fr-FR","@id":"https:\/\/paracherkaoui.ma\/index.php\/produit\/medela-solo-tire-lait-electrique-simple\/#primaryimage","url":"https:\/\/paracherkaoui.ma\/wp-content\/uploads\/2025\/12\/medela-solo-tire-lait-electrique-simple.jpg","contentUrl":"https:\/\/paracherkaoui.ma\/wp-content\/uploads\/2025\/12\/medela-solo-tire-lait-electrique-simple.jpg","width":700,"height":700},{"@type":"BreadcrumbList","@id":"https:\/\/paracherkaoui.ma\/index.php\/produit\/medela-solo-tire-lait-electrique-simple\/#breadcrumb","itemListElement":[{"@type":"ListItem","position":1,"name":"Accueil","item":"https:\/\/paracherkaoui.ma\/"},{"@type":"ListItem","position":2,"name":"Boutique","item":"https:\/\/paracherkaoui.ma\/index.php\/boutique\/"},{"@type":"ListItem","position":3,"name":"MEDELA SOLO TIRE LAIT ELECTRIQUE SIMPLE"}]},{"@type":"WebSite","@id":"https:\/\/paracherkaoui.ma\/#website","url":"https:\/\/paracherkaoui.ma\/","name":"Paracherkaoui.ma","description":"Achetez en ligne sur Paracherkaoui.ma","potentialAction":[{"@type":"SearchAction","target":{"@type":"EntryPoint","urlTemplate":"https:\/\/paracherkaoui.ma\/?s={search_term_string}"},"query-input":{"@type":"PropertyValueSpecification","valueRequired":true,"valueName":"search_term_string"}}],"inLanguage":"fr-FR"}]}},"_links":{"self":[{"href":"https:\/\/paracherkaoui.ma\/index.php\/wp-json\/wp\/v2\/product\/45067","targetHints":{"allow":["GET"]}}],"collection":[{"href":"https:\/\/paracherkaoui.ma\/index.php\/wp-json\/wp\/v2\/product"}],"about":[{"href":"https:\/\/paracherkaoui.ma\/index.php\/wp-json\/wp\/v2\/types\/product"}],"replies":[{"embeddable":true,"href":"https:\/\/paracherkaoui.ma\/index.php\/wp-json\/wp\/v2\/comments?post=45067"}],"version-history":[{"count":1,"href":"https:\/\/paracherkaoui.ma\/index.php\/wp-json\/wp\/v2\/product\/45067\/revisions"}],"predecessor-version":[{"id":45103,"href":"https:\/\/paracherkaoui.ma\/index.php\/wp-json\/wp\/v2\/product\/45067\/revisions\/45103"}],"wp:featuredmedia":[{"embeddable":true,"href":"https:\/\/paracherkaoui.ma\/index.php\/wp-json\/wp\/v2\/media\/45102"}],"wp:attachment":[{"href":"https:\/\/paracherkaoui.ma\/index.php\/wp-json\/wp\/v2\/media?parent=45067"}],"wp:term":[{"taxonomy":"product_brand","embeddable":true,"href":"https:\/\/paracherkaoui.ma\/index.php\/wp-json\/wp\/v2\/product_brand?post=45067"},{"taxonomy":"product_cat","embeddable":true,"href":"https:\/\/paracherkaoui.ma\/index.php\/wp-json\/wp\/v2\/product_cat?post=45067"},{"taxonomy":"product_tag","embeddable":true,"href":"https:\/\/paracherkaoui.ma\/index.php\/wp-json\/wp\/v2\/product_tag?post=45067"}],"curies":[{"name":"wp","href":"https:\/\/api.w.org\/{rel}","templated":true}]}}