{"id":44981,"date":"2025-12-12T19:14:36","date_gmt":"2025-12-12T18:14:36","guid":{"rendered":"https:\/\/test.ecbeaute.com\/?post_type=product&#038;p=44981"},"modified":"2025-12-12T19:14:41","modified_gmt":"2025-12-12T18:14:41","slug":"lansinoh-shampoing-et-gel-douche-apaisant-a-la-camomille-250ml","status":"publish","type":"product","link":"https:\/\/paracherkaoui.ma\/index.php\/produit\/lansinoh-shampoing-et-gel-douche-apaisant-a-la-camomille-250ml\/","title":{"rendered":"LANSINOH SHAMPOING ET GEL DOUCHE APAISANT A LA CAMOMILLE 250ML"},"content":{"rendered":"<p>Main dans la main avec M\u00e8re Nature, nous avons cr\u00e9\u00e9 avec amour ce shampoing et gel douche \u00e0 la camomille juste pour vous et votre b\u00e9b\u00e9. Assez doux pour un usage quotidien, il apaisera doucement, laissant la peau de votre tout-petit douce et nourrie<\/p>\n","protected":false},"excerpt":{"rendered":"<p>Main dans la main avec M\u00e8re Nature, nous avons cr\u00e9\u00e9 avec amour ce shampoing et gel douche \u00e0 la camomille<\/p>\n","protected":false},"featured_media":45019,"comment_status":"open","ping_status":"closed","template":"","meta":[],"product_brand":[537],"product_cat":[783],"product_tag":[],"class_list":{"0":"post-44981","1":"product","2":"type-product","3":"status-publish","4":"has-post-thumbnail","6":"product_brand-lansinoh","7":"product_cat-soins-cheveux-visage-et-corps","9":"first","10":"instock","11":"sale","12":"shipping-taxable","13":"purchasable","14":"product-type-simple"},"yoast_head":"<!-- This site is optimized with the Yoast SEO plugin v26.6 - https:\/\/yoast.com\/wordpress\/plugins\/seo\/ -->\r\n<title>LANSINOH SHAMPOING ET GEL DOUCHE APAISANT A LA CAMOMILLE 250ML - Paracherkaoui.ma<\/title>\r\n<meta name=\"robots\" content=\"index, follow, max-snippet:-1, max-image-preview:large, max-video-preview:-1\" \/>\r\n<link rel=\"canonical\" href=\"https:\/\/paracherkaoui.ma\/index.php\/produit\/lansinoh-shampoing-et-gel-douche-apaisant-a-la-camomille-250ml\/\" \/>\r\n<meta property=\"og:locale\" content=\"fr_FR\" \/>\r\n<meta property=\"og:type\" content=\"article\" \/>\r\n<meta property=\"og:title\" content=\"LANSINOH SHAMPOING ET GEL DOUCHE APAISANT A LA CAMOMILLE 250ML - Paracherkaoui.ma\" \/>\r\n<meta property=\"og:description\" content=\"Main dans la main avec M\u00e8re Nature, nous avons cr\u00e9\u00e9 avec amour ce shampoing et gel douche \u00e0 la camomille\" \/>\r\n<meta property=\"og:url\" content=\"https:\/\/paracherkaoui.ma\/index.php\/produit\/lansinoh-shampoing-et-gel-douche-apaisant-a-la-camomille-250ml\/\" \/>\r\n<meta property=\"og:site_name\" content=\"Paracherkaoui.ma\" \/>\r\n<meta property=\"article:modified_time\" content=\"2025-12-12T18:14:41+00:00\" \/>\r\n<meta property=\"og:image\" content=\"https:\/\/paracherkaoui.ma\/wp-content\/uploads\/2025\/12\/lansinoh-lansinoh-shampoing-et-gel-douche-apaisant-a-la-camomille-250ml-visage-corps-cheveux.jpg\" \/>\r\n\t<meta property=\"og:image:width\" content=\"700\" \/>\r\n\t<meta property=\"og:image:height\" content=\"700\" \/>\r\n\t<meta property=\"og:image:type\" content=\"image\/jpeg\" \/>\r\n<meta name=\"twitter:card\" content=\"summary_large_image\" \/>\r\n<script type=\"application\/ld+json\" class=\"yoast-schema-graph\">{\"@context\":\"https:\/\/schema.org\",\"@graph\":[{\"@type\":\"WebPage\",\"@id\":\"https:\/\/paracherkaoui.ma\/index.php\/produit\/lansinoh-shampoing-et-gel-douche-apaisant-a-la-camomille-250ml\/\",\"url\":\"https:\/\/paracherkaoui.ma\/index.php\/produit\/lansinoh-shampoing-et-gel-douche-apaisant-a-la-camomille-250ml\/\",\"name\":\"LANSINOH SHAMPOING ET GEL DOUCHE APAISANT A LA CAMOMILLE 250ML - Paracherkaoui.ma\",\"isPartOf\":{\"@id\":\"https:\/\/paracherkaoui.ma\/#website\"},\"primaryImageOfPage\":{\"@id\":\"https:\/\/paracherkaoui.ma\/index.php\/produit\/lansinoh-shampoing-et-gel-douche-apaisant-a-la-camomille-250ml\/#primaryimage\"},\"image\":{\"@id\":\"https:\/\/paracherkaoui.ma\/index.php\/produit\/lansinoh-shampoing-et-gel-douche-apaisant-a-la-camomille-250ml\/#primaryimage\"},\"thumbnailUrl\":\"https:\/\/paracherkaoui.ma\/wp-content\/uploads\/2025\/12\/lansinoh-lansinoh-shampoing-et-gel-douche-apaisant-a-la-camomille-250ml-visage-corps-cheveux.jpg\",\"datePublished\":\"2025-12-12T18:14:36+00:00\",\"dateModified\":\"2025-12-12T18:14:41+00:00\",\"breadcrumb\":{\"@id\":\"https:\/\/paracherkaoui.ma\/index.php\/produit\/lansinoh-shampoing-et-gel-douche-apaisant-a-la-camomille-250ml\/#breadcrumb\"},\"inLanguage\":\"fr-FR\",\"potentialAction\":[{\"@type\":\"ReadAction\",\"target\":[\"https:\/\/paracherkaoui.ma\/index.php\/produit\/lansinoh-shampoing-et-gel-douche-apaisant-a-la-camomille-250ml\/\"]}]},{\"@type\":\"ImageObject\",\"inLanguage\":\"fr-FR\",\"@id\":\"https:\/\/paracherkaoui.ma\/index.php\/produit\/lansinoh-shampoing-et-gel-douche-apaisant-a-la-camomille-250ml\/#primaryimage\",\"url\":\"https:\/\/paracherkaoui.ma\/wp-content\/uploads\/2025\/12\/lansinoh-lansinoh-shampoing-et-gel-douche-apaisant-a-la-camomille-250ml-visage-corps-cheveux.jpg\",\"contentUrl\":\"https:\/\/paracherkaoui.ma\/wp-content\/uploads\/2025\/12\/lansinoh-lansinoh-shampoing-et-gel-douche-apaisant-a-la-camomille-250ml-visage-corps-cheveux.jpg\",\"width\":700,\"height\":700},{\"@type\":\"BreadcrumbList\",\"@id\":\"https:\/\/paracherkaoui.ma\/index.php\/produit\/lansinoh-shampoing-et-gel-douche-apaisant-a-la-camomille-250ml\/#breadcrumb\",\"itemListElement\":[{\"@type\":\"ListItem\",\"position\":1,\"name\":\"Accueil\",\"item\":\"https:\/\/paracherkaoui.ma\/\"},{\"@type\":\"ListItem\",\"position\":2,\"name\":\"Boutique\",\"item\":\"https:\/\/paracherkaoui.ma\/index.php\/boutique\/\"},{\"@type\":\"ListItem\",\"position\":3,\"name\":\"LANSINOH SHAMPOING ET GEL DOUCHE APAISANT A LA CAMOMILLE 250ML\"}]},{\"@type\":\"WebSite\",\"@id\":\"https:\/\/paracherkaoui.ma\/#website\",\"url\":\"https:\/\/paracherkaoui.ma\/\",\"name\":\"Paracherkaoui.ma\",\"description\":\"Achetez en ligne sur Paracherkaoui.ma\",\"potentialAction\":[{\"@type\":\"SearchAction\",\"target\":{\"@type\":\"EntryPoint\",\"urlTemplate\":\"https:\/\/paracherkaoui.ma\/?s={search_term_string}\"},\"query-input\":{\"@type\":\"PropertyValueSpecification\",\"valueRequired\":true,\"valueName\":\"search_term_string\"}}],\"inLanguage\":\"fr-FR\"}]}<\/script>\r\n<!-- \/ Yoast SEO plugin. -->","yoast_head_json":{"title":"LANSINOH SHAMPOING ET GEL DOUCHE APAISANT A LA CAMOMILLE 250ML - Paracherkaoui.ma","robots":{"index":"index","follow":"follow","max-snippet":"max-snippet:-1","max-image-preview":"max-image-preview:large","max-video-preview":"max-video-preview:-1"},"canonical":"https:\/\/paracherkaoui.ma\/index.php\/produit\/lansinoh-shampoing-et-gel-douche-apaisant-a-la-camomille-250ml\/","og_locale":"fr_FR","og_type":"article","og_title":"LANSINOH SHAMPOING ET GEL DOUCHE APAISANT A LA CAMOMILLE 250ML - Paracherkaoui.ma","og_description":"Main dans la main avec M\u00e8re Nature, nous avons cr\u00e9\u00e9 avec amour ce shampoing et gel douche \u00e0 la camomille","og_url":"https:\/\/paracherkaoui.ma\/index.php\/produit\/lansinoh-shampoing-et-gel-douche-apaisant-a-la-camomille-250ml\/","og_site_name":"Paracherkaoui.ma","article_modified_time":"2025-12-12T18:14:41+00:00","og_image":[{"width":700,"height":700,"url":"https:\/\/paracherkaoui.ma\/wp-content\/uploads\/2025\/12\/lansinoh-lansinoh-shampoing-et-gel-douche-apaisant-a-la-camomille-250ml-visage-corps-cheveux.jpg","type":"image\/jpeg"}],"twitter_card":"summary_large_image","schema":{"@context":"https:\/\/schema.org","@graph":[{"@type":"WebPage","@id":"https:\/\/paracherkaoui.ma\/index.php\/produit\/lansinoh-shampoing-et-gel-douche-apaisant-a-la-camomille-250ml\/","url":"https:\/\/paracherkaoui.ma\/index.php\/produit\/lansinoh-shampoing-et-gel-douche-apaisant-a-la-camomille-250ml\/","name":"LANSINOH SHAMPOING ET GEL DOUCHE APAISANT A LA CAMOMILLE 250ML - Paracherkaoui.ma","isPartOf":{"@id":"https:\/\/paracherkaoui.ma\/#website"},"primaryImageOfPage":{"@id":"https:\/\/paracherkaoui.ma\/index.php\/produit\/lansinoh-shampoing-et-gel-douche-apaisant-a-la-camomille-250ml\/#primaryimage"},"image":{"@id":"https:\/\/paracherkaoui.ma\/index.php\/produit\/lansinoh-shampoing-et-gel-douche-apaisant-a-la-camomille-250ml\/#primaryimage"},"thumbnailUrl":"https:\/\/paracherkaoui.ma\/wp-content\/uploads\/2025\/12\/lansinoh-lansinoh-shampoing-et-gel-douche-apaisant-a-la-camomille-250ml-visage-corps-cheveux.jpg","datePublished":"2025-12-12T18:14:36+00:00","dateModified":"2025-12-12T18:14:41+00:00","breadcrumb":{"@id":"https:\/\/paracherkaoui.ma\/index.php\/produit\/lansinoh-shampoing-et-gel-douche-apaisant-a-la-camomille-250ml\/#breadcrumb"},"inLanguage":"fr-FR","potentialAction":[{"@type":"ReadAction","target":["https:\/\/paracherkaoui.ma\/index.php\/produit\/lansinoh-shampoing-et-gel-douche-apaisant-a-la-camomille-250ml\/"]}]},{"@type":"ImageObject","inLanguage":"fr-FR","@id":"https:\/\/paracherkaoui.ma\/index.php\/produit\/lansinoh-shampoing-et-gel-douche-apaisant-a-la-camomille-250ml\/#primaryimage","url":"https:\/\/paracherkaoui.ma\/wp-content\/uploads\/2025\/12\/lansinoh-lansinoh-shampoing-et-gel-douche-apaisant-a-la-camomille-250ml-visage-corps-cheveux.jpg","contentUrl":"https:\/\/paracherkaoui.ma\/wp-content\/uploads\/2025\/12\/lansinoh-lansinoh-shampoing-et-gel-douche-apaisant-a-la-camomille-250ml-visage-corps-cheveux.jpg","width":700,"height":700},{"@type":"BreadcrumbList","@id":"https:\/\/paracherkaoui.ma\/index.php\/produit\/lansinoh-shampoing-et-gel-douche-apaisant-a-la-camomille-250ml\/#breadcrumb","itemListElement":[{"@type":"ListItem","position":1,"name":"Accueil","item":"https:\/\/paracherkaoui.ma\/"},{"@type":"ListItem","position":2,"name":"Boutique","item":"https:\/\/paracherkaoui.ma\/index.php\/boutique\/"},{"@type":"ListItem","position":3,"name":"LANSINOH SHAMPOING ET GEL DOUCHE APAISANT A LA CAMOMILLE 250ML"}]},{"@type":"WebSite","@id":"https:\/\/paracherkaoui.ma\/#website","url":"https:\/\/paracherkaoui.ma\/","name":"Paracherkaoui.ma","description":"Achetez en ligne sur Paracherkaoui.ma","potentialAction":[{"@type":"SearchAction","target":{"@type":"EntryPoint","urlTemplate":"https:\/\/paracherkaoui.ma\/?s={search_term_string}"},"query-input":{"@type":"PropertyValueSpecification","valueRequired":true,"valueName":"search_term_string"}}],"inLanguage":"fr-FR"}]}},"_links":{"self":[{"href":"https:\/\/paracherkaoui.ma\/index.php\/wp-json\/wp\/v2\/product\/44981","targetHints":{"allow":["GET"]}}],"collection":[{"href":"https:\/\/paracherkaoui.ma\/index.php\/wp-json\/wp\/v2\/product"}],"about":[{"href":"https:\/\/paracherkaoui.ma\/index.php\/wp-json\/wp\/v2\/types\/product"}],"replies":[{"embeddable":true,"href":"https:\/\/paracherkaoui.ma\/index.php\/wp-json\/wp\/v2\/comments?post=44981"}],"version-history":[{"count":1,"href":"https:\/\/paracherkaoui.ma\/index.php\/wp-json\/wp\/v2\/product\/44981\/revisions"}],"predecessor-version":[{"id":45020,"href":"https:\/\/paracherkaoui.ma\/index.php\/wp-json\/wp\/v2\/product\/44981\/revisions\/45020"}],"wp:featuredmedia":[{"embeddable":true,"href":"https:\/\/paracherkaoui.ma\/index.php\/wp-json\/wp\/v2\/media\/45019"}],"wp:attachment":[{"href":"https:\/\/paracherkaoui.ma\/index.php\/wp-json\/wp\/v2\/media?parent=44981"}],"wp:term":[{"taxonomy":"product_brand","embeddable":true,"href":"https:\/\/paracherkaoui.ma\/index.php\/wp-json\/wp\/v2\/product_brand?post=44981"},{"taxonomy":"product_cat","embeddable":true,"href":"https:\/\/paracherkaoui.ma\/index.php\/wp-json\/wp\/v2\/product_cat?post=44981"},{"taxonomy":"product_tag","embeddable":true,"href":"https:\/\/paracherkaoui.ma\/index.php\/wp-json\/wp\/v2\/product_tag?post=44981"}],"curies":[{"name":"wp","href":"https:\/\/api.w.org\/{rel}","templated":true}]}}