{"id":44978,"date":"2025-12-12T19:14:36","date_gmt":"2025-12-12T18:14:36","guid":{"rendered":"https:\/\/test.ecbeaute.com\/?post_type=product&#038;p=44978"},"modified":"2025-12-12T19:14:39","modified_gmt":"2025-12-12T18:14:39","slug":"biarritz-liniment-oleo-calcaire-200ml","status":"publish","type":"product","link":"https:\/\/paracherkaoui.ma\/index.php\/produit\/biarritz-liniment-oleo-calcaire-200ml\/","title":{"rendered":"BIARRITZ LINIMENT OLEO CALCAIRE 200ML"},"content":{"rendered":"<p>Le Liniment ol\u00e9o-calcaire Bio nettoie la peau, la nourrit et cr\u00e9e un film protecteur qui isole le b\u00e9b\u00e9 des agressions ext\u00e9rieures : urine, selles et frottement des couches. Sans parfum et hypoallerg\u00e9nique, il est utilisable d\u00e8s la naissance.FORMULE APAISANTE HAUTE TOL\u00c9RANCE : Elle pr\u00e9vient l\u2019apparition de rougeurs au niveau du si\u00e8ge. Son emploi est donc recommand\u00e9 en cas d\u2019\u00e9ryth\u00e8me fessier. De plus, le pH alcalin du liniment Bio neutralise l\u2019acidit\u00e9 de l\u2019urine pour r\u00e9tablir un pH proche de celui de la peau. COMPOSITION NATURELLE ET BIOLOGIQUE : Formule traditionnelle compos\u00e9e d&rsquo;huile d&rsquo;olive vierge Bio et d\u2019eau de chaux. En compl\u00e9ment, notre actif exclusif Alga-Paisium apaise la peau fragile du nourrisson et pr\u00e9vient les irritations.<br \/>\nConseils d`utilisation:<br \/>\nAgitez le Liniment ol\u00e9o-calcaire avant emploi. Au moment du change, appliquez le Liniment ol\u00e9o-calcaire \u00e0 l\u2019aide d\u2019un coton sur l\u2019\u00e9piderme fessier. Sans rin\u00e7age.<\/p>\n","protected":false},"excerpt":{"rendered":"<p>Le Liniment ol\u00e9o-calcaire Bio nettoie la peau, la nourrit et cr\u00e9e un film protecteur qui isole le b\u00e9b\u00e9 des agressions<\/p>\n","protected":false},"featured_media":45013,"comment_status":"open","ping_status":"closed","template":"","meta":[],"product_brand":[295],"product_cat":[783],"product_tag":[],"class_list":{"0":"post-44978","1":"product","2":"type-product","3":"status-publish","4":"has-post-thumbnail","6":"product_brand-biarritz","7":"product_cat-soins-cheveux-visage-et-corps","9":"first","10":"instock","11":"shipping-taxable","12":"purchasable","13":"product-type-simple"},"yoast_head":"<!-- This site is optimized with the Yoast SEO plugin v26.6 - https:\/\/yoast.com\/wordpress\/plugins\/seo\/ -->\r\n<title>BIARRITZ LINIMENT OLEO CALCAIRE 200ML - Paracherkaoui.ma<\/title>\r\n<meta name=\"robots\" content=\"index, follow, max-snippet:-1, max-image-preview:large, max-video-preview:-1\" \/>\r\n<link rel=\"canonical\" href=\"https:\/\/paracherkaoui.ma\/index.php\/produit\/biarritz-liniment-oleo-calcaire-200ml\/\" \/>\r\n<meta property=\"og:locale\" content=\"fr_FR\" \/>\r\n<meta property=\"og:type\" content=\"article\" \/>\r\n<meta property=\"og:title\" content=\"BIARRITZ LINIMENT OLEO CALCAIRE 200ML - Paracherkaoui.ma\" \/>\r\n<meta property=\"og:description\" content=\"Le Liniment ol\u00e9o-calcaire Bio nettoie la peau, la nourrit et cr\u00e9e un film protecteur qui isole le b\u00e9b\u00e9 des agressions\" \/>\r\n<meta property=\"og:url\" content=\"https:\/\/paracherkaoui.ma\/index.php\/produit\/biarritz-liniment-oleo-calcaire-200ml\/\" \/>\r\n<meta property=\"og:site_name\" content=\"Paracherkaoui.ma\" \/>\r\n<meta property=\"article:modified_time\" content=\"2025-12-12T18:14:39+00:00\" \/>\r\n<meta property=\"og:image\" content=\"https:\/\/paracherkaoui.ma\/wp-content\/uploads\/2025\/12\/biarritz-liniment-oleo-calcaire-200ml.jpg\" \/>\r\n\t<meta property=\"og:image:width\" content=\"700\" \/>\r\n\t<meta property=\"og:image:height\" content=\"700\" \/>\r\n\t<meta property=\"og:image:type\" content=\"image\/jpeg\" \/>\r\n<meta name=\"twitter:card\" content=\"summary_large_image\" \/>\r\n<meta name=\"twitter:label1\" content=\"Dur\u00e9e de lecture estim\u00e9e\" \/>\n\t<meta name=\"twitter:data1\" content=\"1 minute\" \/>\r\n<script type=\"application\/ld+json\" class=\"yoast-schema-graph\">{\"@context\":\"https:\/\/schema.org\",\"@graph\":[{\"@type\":\"WebPage\",\"@id\":\"https:\/\/paracherkaoui.ma\/index.php\/produit\/biarritz-liniment-oleo-calcaire-200ml\/\",\"url\":\"https:\/\/paracherkaoui.ma\/index.php\/produit\/biarritz-liniment-oleo-calcaire-200ml\/\",\"name\":\"BIARRITZ LINIMENT OLEO CALCAIRE 200ML - Paracherkaoui.ma\",\"isPartOf\":{\"@id\":\"https:\/\/paracherkaoui.ma\/#website\"},\"primaryImageOfPage\":{\"@id\":\"https:\/\/paracherkaoui.ma\/index.php\/produit\/biarritz-liniment-oleo-calcaire-200ml\/#primaryimage\"},\"image\":{\"@id\":\"https:\/\/paracherkaoui.ma\/index.php\/produit\/biarritz-liniment-oleo-calcaire-200ml\/#primaryimage\"},\"thumbnailUrl\":\"https:\/\/paracherkaoui.ma\/wp-content\/uploads\/2025\/12\/biarritz-liniment-oleo-calcaire-200ml.jpg\",\"datePublished\":\"2025-12-12T18:14:36+00:00\",\"dateModified\":\"2025-12-12T18:14:39+00:00\",\"breadcrumb\":{\"@id\":\"https:\/\/paracherkaoui.ma\/index.php\/produit\/biarritz-liniment-oleo-calcaire-200ml\/#breadcrumb\"},\"inLanguage\":\"fr-FR\",\"potentialAction\":[{\"@type\":\"ReadAction\",\"target\":[\"https:\/\/paracherkaoui.ma\/index.php\/produit\/biarritz-liniment-oleo-calcaire-200ml\/\"]}]},{\"@type\":\"ImageObject\",\"inLanguage\":\"fr-FR\",\"@id\":\"https:\/\/paracherkaoui.ma\/index.php\/produit\/biarritz-liniment-oleo-calcaire-200ml\/#primaryimage\",\"url\":\"https:\/\/paracherkaoui.ma\/wp-content\/uploads\/2025\/12\/biarritz-liniment-oleo-calcaire-200ml.jpg\",\"contentUrl\":\"https:\/\/paracherkaoui.ma\/wp-content\/uploads\/2025\/12\/biarritz-liniment-oleo-calcaire-200ml.jpg\",\"width\":700,\"height\":700},{\"@type\":\"BreadcrumbList\",\"@id\":\"https:\/\/paracherkaoui.ma\/index.php\/produit\/biarritz-liniment-oleo-calcaire-200ml\/#breadcrumb\",\"itemListElement\":[{\"@type\":\"ListItem\",\"position\":1,\"name\":\"Accueil\",\"item\":\"https:\/\/paracherkaoui.ma\/\"},{\"@type\":\"ListItem\",\"position\":2,\"name\":\"Boutique\",\"item\":\"https:\/\/paracherkaoui.ma\/index.php\/boutique\/\"},{\"@type\":\"ListItem\",\"position\":3,\"name\":\"BIARRITZ LINIMENT OLEO CALCAIRE 200ML\"}]},{\"@type\":\"WebSite\",\"@id\":\"https:\/\/paracherkaoui.ma\/#website\",\"url\":\"https:\/\/paracherkaoui.ma\/\",\"name\":\"Paracherkaoui.ma\",\"description\":\"Achetez en ligne sur Paracherkaoui.ma\",\"potentialAction\":[{\"@type\":\"SearchAction\",\"target\":{\"@type\":\"EntryPoint\",\"urlTemplate\":\"https:\/\/paracherkaoui.ma\/?s={search_term_string}\"},\"query-input\":{\"@type\":\"PropertyValueSpecification\",\"valueRequired\":true,\"valueName\":\"search_term_string\"}}],\"inLanguage\":\"fr-FR\"}]}<\/script>\r\n<!-- \/ Yoast SEO plugin. -->","yoast_head_json":{"title":"BIARRITZ LINIMENT OLEO CALCAIRE 200ML - Paracherkaoui.ma","robots":{"index":"index","follow":"follow","max-snippet":"max-snippet:-1","max-image-preview":"max-image-preview:large","max-video-preview":"max-video-preview:-1"},"canonical":"https:\/\/paracherkaoui.ma\/index.php\/produit\/biarritz-liniment-oleo-calcaire-200ml\/","og_locale":"fr_FR","og_type":"article","og_title":"BIARRITZ LINIMENT OLEO CALCAIRE 200ML - Paracherkaoui.ma","og_description":"Le Liniment ol\u00e9o-calcaire Bio nettoie la peau, la nourrit et cr\u00e9e un film protecteur qui isole le b\u00e9b\u00e9 des agressions","og_url":"https:\/\/paracherkaoui.ma\/index.php\/produit\/biarritz-liniment-oleo-calcaire-200ml\/","og_site_name":"Paracherkaoui.ma","article_modified_time":"2025-12-12T18:14:39+00:00","og_image":[{"width":700,"height":700,"url":"https:\/\/paracherkaoui.ma\/wp-content\/uploads\/2025\/12\/biarritz-liniment-oleo-calcaire-200ml.jpg","type":"image\/jpeg"}],"twitter_card":"summary_large_image","twitter_misc":{"Dur\u00e9e de lecture estim\u00e9e":"1 minute"},"schema":{"@context":"https:\/\/schema.org","@graph":[{"@type":"WebPage","@id":"https:\/\/paracherkaoui.ma\/index.php\/produit\/biarritz-liniment-oleo-calcaire-200ml\/","url":"https:\/\/paracherkaoui.ma\/index.php\/produit\/biarritz-liniment-oleo-calcaire-200ml\/","name":"BIARRITZ LINIMENT OLEO CALCAIRE 200ML - Paracherkaoui.ma","isPartOf":{"@id":"https:\/\/paracherkaoui.ma\/#website"},"primaryImageOfPage":{"@id":"https:\/\/paracherkaoui.ma\/index.php\/produit\/biarritz-liniment-oleo-calcaire-200ml\/#primaryimage"},"image":{"@id":"https:\/\/paracherkaoui.ma\/index.php\/produit\/biarritz-liniment-oleo-calcaire-200ml\/#primaryimage"},"thumbnailUrl":"https:\/\/paracherkaoui.ma\/wp-content\/uploads\/2025\/12\/biarritz-liniment-oleo-calcaire-200ml.jpg","datePublished":"2025-12-12T18:14:36+00:00","dateModified":"2025-12-12T18:14:39+00:00","breadcrumb":{"@id":"https:\/\/paracherkaoui.ma\/index.php\/produit\/biarritz-liniment-oleo-calcaire-200ml\/#breadcrumb"},"inLanguage":"fr-FR","potentialAction":[{"@type":"ReadAction","target":["https:\/\/paracherkaoui.ma\/index.php\/produit\/biarritz-liniment-oleo-calcaire-200ml\/"]}]},{"@type":"ImageObject","inLanguage":"fr-FR","@id":"https:\/\/paracherkaoui.ma\/index.php\/produit\/biarritz-liniment-oleo-calcaire-200ml\/#primaryimage","url":"https:\/\/paracherkaoui.ma\/wp-content\/uploads\/2025\/12\/biarritz-liniment-oleo-calcaire-200ml.jpg","contentUrl":"https:\/\/paracherkaoui.ma\/wp-content\/uploads\/2025\/12\/biarritz-liniment-oleo-calcaire-200ml.jpg","width":700,"height":700},{"@type":"BreadcrumbList","@id":"https:\/\/paracherkaoui.ma\/index.php\/produit\/biarritz-liniment-oleo-calcaire-200ml\/#breadcrumb","itemListElement":[{"@type":"ListItem","position":1,"name":"Accueil","item":"https:\/\/paracherkaoui.ma\/"},{"@type":"ListItem","position":2,"name":"Boutique","item":"https:\/\/paracherkaoui.ma\/index.php\/boutique\/"},{"@type":"ListItem","position":3,"name":"BIARRITZ LINIMENT OLEO CALCAIRE 200ML"}]},{"@type":"WebSite","@id":"https:\/\/paracherkaoui.ma\/#website","url":"https:\/\/paracherkaoui.ma\/","name":"Paracherkaoui.ma","description":"Achetez en ligne sur Paracherkaoui.ma","potentialAction":[{"@type":"SearchAction","target":{"@type":"EntryPoint","urlTemplate":"https:\/\/paracherkaoui.ma\/?s={search_term_string}"},"query-input":{"@type":"PropertyValueSpecification","valueRequired":true,"valueName":"search_term_string"}}],"inLanguage":"fr-FR"}]}},"_links":{"self":[{"href":"https:\/\/paracherkaoui.ma\/index.php\/wp-json\/wp\/v2\/product\/44978","targetHints":{"allow":["GET"]}}],"collection":[{"href":"https:\/\/paracherkaoui.ma\/index.php\/wp-json\/wp\/v2\/product"}],"about":[{"href":"https:\/\/paracherkaoui.ma\/index.php\/wp-json\/wp\/v2\/types\/product"}],"replies":[{"embeddable":true,"href":"https:\/\/paracherkaoui.ma\/index.php\/wp-json\/wp\/v2\/comments?post=44978"}],"version-history":[{"count":1,"href":"https:\/\/paracherkaoui.ma\/index.php\/wp-json\/wp\/v2\/product\/44978\/revisions"}],"predecessor-version":[{"id":45014,"href":"https:\/\/paracherkaoui.ma\/index.php\/wp-json\/wp\/v2\/product\/44978\/revisions\/45014"}],"wp:featuredmedia":[{"embeddable":true,"href":"https:\/\/paracherkaoui.ma\/index.php\/wp-json\/wp\/v2\/media\/45013"}],"wp:attachment":[{"href":"https:\/\/paracherkaoui.ma\/index.php\/wp-json\/wp\/v2\/media?parent=44978"}],"wp:term":[{"taxonomy":"product_brand","embeddable":true,"href":"https:\/\/paracherkaoui.ma\/index.php\/wp-json\/wp\/v2\/product_brand?post=44978"},{"taxonomy":"product_cat","embeddable":true,"href":"https:\/\/paracherkaoui.ma\/index.php\/wp-json\/wp\/v2\/product_cat?post=44978"},{"taxonomy":"product_tag","embeddable":true,"href":"https:\/\/paracherkaoui.ma\/index.php\/wp-json\/wp\/v2\/product_tag?post=44978"}],"curies":[{"name":"wp","href":"https:\/\/api.w.org\/{rel}","templated":true}]}}