{"id":44976,"date":"2025-12-12T19:14:36","date_gmt":"2025-12-12T18:14:36","guid":{"rendered":"https:\/\/test.ecbeaute.com\/?post_type=product&#038;p=44976"},"modified":"2025-12-12T19:14:39","modified_gmt":"2025-12-12T18:14:39","slug":"weleda-bebe-creme-nourissante-visage-au-calendula-50-ml","status":"publish","type":"product","link":"https:\/\/paracherkaoui.ma\/index.php\/produit\/weleda-bebe-creme-nourissante-visage-au-calendula-50-ml\/","title":{"rendered":"WELEDA BEBE CREME NOURISSANTE VISAGE AU CALENDULA 50 ML"},"content":{"rendered":"<p>Hydratation douce pour la peau expos\u00e9e de b\u00e9b\u00e9<br \/>\nLa cr\u00e8me r\u00e9confortante laisse le visage de b\u00e9b\u00e9 doux comme du velours<br \/>\nSoutenez l&rsquo;\u00e9quilibre hydrique de b\u00e9b\u00e9 avec un peu de conseils sur les plantes et la sagesse de la nature<br \/>\nIl y a beaucoup \u00e0 apprendre lorsque b\u00e9b\u00e9 fait face au monde pour la premi\u00e8re fois &#8211; et la peau de b\u00e9b\u00e9 se d\u00e9veloppe aussi. Les peaux tr\u00e8s jeunes sont plus fragiles que les peaux adultes. La peau a besoin de soins affectueux. La cr\u00e8me pour le visage au calendula certifi\u00e9e naturelle par NATRUE comprend un extrait de calendula apaisant qui enveloppe comme une couverture protectrice autour de la peau tendre du visage, tandis que la lanoline et l&rsquo;huile d&rsquo;amande biologique hydratent et prot\u00e8gent. Facile \u00e0 appliquer sur le visage et rapidement absorb\u00e9. Mamans et sages-femmes font confiance \u00e0 Weleda pour apporter l&rsquo;harmonie de la nature aux soins de b\u00e9b\u00e9.Hydratant, apaisant, facilement absorb\u00e9, prot\u00e8ge la peau du dess\u00e8chement. Aide \u00e0 maintenir l&rsquo;\u00e9quilibre hydrique de la peau et la laisse velout\u00e9e. Test\u00e9 dermatologiquement tr\u00e8s doux pour la peau, m\u00eame sur les peaux sensibles et fragiles. Sans conservateurs synth\u00e9tiques, parfums, colorants ou mati\u00e8res premi\u00e8res d\u00e9riv\u00e9es d&rsquo;huiles min\u00e9rales. Convient \u00e9galement aux adultes \u00e0 la peau sensible.<\/p>\n","protected":false},"excerpt":{"rendered":"<p>Hydratation douce pour la peau expos\u00e9e de b\u00e9b\u00e9 La cr\u00e8me r\u00e9confortante laisse le visage de b\u00e9b\u00e9 doux comme du velours<\/p>\n","protected":false},"featured_media":45009,"comment_status":"open","ping_status":"closed","template":"","meta":[],"product_brand":[313],"product_cat":[783],"product_tag":[],"class_list":{"0":"post-44976","1":"product","2":"type-product","3":"status-publish","4":"has-post-thumbnail","6":"product_brand-weleda","7":"product_cat-soins-cheveux-visage-et-corps","9":"first","10":"instock","11":"shipping-taxable","12":"purchasable","13":"product-type-simple"},"yoast_head":"<!-- This site is optimized with the Yoast SEO plugin v26.6 - https:\/\/yoast.com\/wordpress\/plugins\/seo\/ -->\r\n<title>WELEDA BEBE CREME NOURISSANTE VISAGE AU CALENDULA 50 ML - Paracherkaoui.ma<\/title>\r\n<meta name=\"robots\" content=\"index, follow, max-snippet:-1, max-image-preview:large, max-video-preview:-1\" \/>\r\n<link rel=\"canonical\" href=\"https:\/\/paracherkaoui.ma\/index.php\/produit\/weleda-bebe-creme-nourissante-visage-au-calendula-50-ml\/\" \/>\r\n<meta property=\"og:locale\" content=\"fr_FR\" \/>\r\n<meta property=\"og:type\" content=\"article\" \/>\r\n<meta property=\"og:title\" content=\"WELEDA BEBE CREME NOURISSANTE VISAGE AU CALENDULA 50 ML - Paracherkaoui.ma\" \/>\r\n<meta property=\"og:description\" content=\"Hydratation douce pour la peau expos\u00e9e de b\u00e9b\u00e9 La cr\u00e8me r\u00e9confortante laisse le visage de b\u00e9b\u00e9 doux comme du velours\" \/>\r\n<meta property=\"og:url\" content=\"https:\/\/paracherkaoui.ma\/index.php\/produit\/weleda-bebe-creme-nourissante-visage-au-calendula-50-ml\/\" \/>\r\n<meta property=\"og:site_name\" content=\"Paracherkaoui.ma\" \/>\r\n<meta property=\"article:modified_time\" content=\"2025-12-12T18:14:39+00:00\" \/>\r\n<meta property=\"og:image\" content=\"https:\/\/paracherkaoui.ma\/wp-content\/uploads\/2025\/12\/weleda-weleda-bebe-creme-nourissante-visage-au-calendula-50-ml-soins-visage-et-corps.jpg\" \/>\r\n\t<meta property=\"og:image:width\" content=\"700\" \/>\r\n\t<meta property=\"og:image:height\" content=\"700\" \/>\r\n\t<meta property=\"og:image:type\" content=\"image\/jpeg\" \/>\r\n<meta name=\"twitter:card\" content=\"summary_large_image\" \/>\r\n<meta name=\"twitter:label1\" content=\"Dur\u00e9e de lecture estim\u00e9e\" \/>\n\t<meta name=\"twitter:data1\" content=\"1 minute\" \/>\r\n<script type=\"application\/ld+json\" class=\"yoast-schema-graph\">{\"@context\":\"https:\/\/schema.org\",\"@graph\":[{\"@type\":\"WebPage\",\"@id\":\"https:\/\/paracherkaoui.ma\/index.php\/produit\/weleda-bebe-creme-nourissante-visage-au-calendula-50-ml\/\",\"url\":\"https:\/\/paracherkaoui.ma\/index.php\/produit\/weleda-bebe-creme-nourissante-visage-au-calendula-50-ml\/\",\"name\":\"WELEDA BEBE CREME NOURISSANTE VISAGE AU CALENDULA 50 ML - Paracherkaoui.ma\",\"isPartOf\":{\"@id\":\"https:\/\/paracherkaoui.ma\/#website\"},\"primaryImageOfPage\":{\"@id\":\"https:\/\/paracherkaoui.ma\/index.php\/produit\/weleda-bebe-creme-nourissante-visage-au-calendula-50-ml\/#primaryimage\"},\"image\":{\"@id\":\"https:\/\/paracherkaoui.ma\/index.php\/produit\/weleda-bebe-creme-nourissante-visage-au-calendula-50-ml\/#primaryimage\"},\"thumbnailUrl\":\"https:\/\/paracherkaoui.ma\/wp-content\/uploads\/2025\/12\/weleda-weleda-bebe-creme-nourissante-visage-au-calendula-50-ml-soins-visage-et-corps.jpg\",\"datePublished\":\"2025-12-12T18:14:36+00:00\",\"dateModified\":\"2025-12-12T18:14:39+00:00\",\"breadcrumb\":{\"@id\":\"https:\/\/paracherkaoui.ma\/index.php\/produit\/weleda-bebe-creme-nourissante-visage-au-calendula-50-ml\/#breadcrumb\"},\"inLanguage\":\"fr-FR\",\"potentialAction\":[{\"@type\":\"ReadAction\",\"target\":[\"https:\/\/paracherkaoui.ma\/index.php\/produit\/weleda-bebe-creme-nourissante-visage-au-calendula-50-ml\/\"]}]},{\"@type\":\"ImageObject\",\"inLanguage\":\"fr-FR\",\"@id\":\"https:\/\/paracherkaoui.ma\/index.php\/produit\/weleda-bebe-creme-nourissante-visage-au-calendula-50-ml\/#primaryimage\",\"url\":\"https:\/\/paracherkaoui.ma\/wp-content\/uploads\/2025\/12\/weleda-weleda-bebe-creme-nourissante-visage-au-calendula-50-ml-soins-visage-et-corps.jpg\",\"contentUrl\":\"https:\/\/paracherkaoui.ma\/wp-content\/uploads\/2025\/12\/weleda-weleda-bebe-creme-nourissante-visage-au-calendula-50-ml-soins-visage-et-corps.jpg\",\"width\":700,\"height\":700},{\"@type\":\"BreadcrumbList\",\"@id\":\"https:\/\/paracherkaoui.ma\/index.php\/produit\/weleda-bebe-creme-nourissante-visage-au-calendula-50-ml\/#breadcrumb\",\"itemListElement\":[{\"@type\":\"ListItem\",\"position\":1,\"name\":\"Accueil\",\"item\":\"https:\/\/paracherkaoui.ma\/\"},{\"@type\":\"ListItem\",\"position\":2,\"name\":\"Boutique\",\"item\":\"https:\/\/paracherkaoui.ma\/index.php\/boutique\/\"},{\"@type\":\"ListItem\",\"position\":3,\"name\":\"WELEDA BEBE CREME NOURISSANTE VISAGE AU CALENDULA 50 ML\"}]},{\"@type\":\"WebSite\",\"@id\":\"https:\/\/paracherkaoui.ma\/#website\",\"url\":\"https:\/\/paracherkaoui.ma\/\",\"name\":\"Paracherkaoui.ma\",\"description\":\"Achetez en ligne sur Paracherkaoui.ma\",\"potentialAction\":[{\"@type\":\"SearchAction\",\"target\":{\"@type\":\"EntryPoint\",\"urlTemplate\":\"https:\/\/paracherkaoui.ma\/?s={search_term_string}\"},\"query-input\":{\"@type\":\"PropertyValueSpecification\",\"valueRequired\":true,\"valueName\":\"search_term_string\"}}],\"inLanguage\":\"fr-FR\"}]}<\/script>\r\n<!-- \/ Yoast SEO plugin. -->","yoast_head_json":{"title":"WELEDA BEBE CREME NOURISSANTE VISAGE AU CALENDULA 50 ML - Paracherkaoui.ma","robots":{"index":"index","follow":"follow","max-snippet":"max-snippet:-1","max-image-preview":"max-image-preview:large","max-video-preview":"max-video-preview:-1"},"canonical":"https:\/\/paracherkaoui.ma\/index.php\/produit\/weleda-bebe-creme-nourissante-visage-au-calendula-50-ml\/","og_locale":"fr_FR","og_type":"article","og_title":"WELEDA BEBE CREME NOURISSANTE VISAGE AU CALENDULA 50 ML - Paracherkaoui.ma","og_description":"Hydratation douce pour la peau expos\u00e9e de b\u00e9b\u00e9 La cr\u00e8me r\u00e9confortante laisse le visage de b\u00e9b\u00e9 doux comme du velours","og_url":"https:\/\/paracherkaoui.ma\/index.php\/produit\/weleda-bebe-creme-nourissante-visage-au-calendula-50-ml\/","og_site_name":"Paracherkaoui.ma","article_modified_time":"2025-12-12T18:14:39+00:00","og_image":[{"width":700,"height":700,"url":"https:\/\/paracherkaoui.ma\/wp-content\/uploads\/2025\/12\/weleda-weleda-bebe-creme-nourissante-visage-au-calendula-50-ml-soins-visage-et-corps.jpg","type":"image\/jpeg"}],"twitter_card":"summary_large_image","twitter_misc":{"Dur\u00e9e de lecture estim\u00e9e":"1 minute"},"schema":{"@context":"https:\/\/schema.org","@graph":[{"@type":"WebPage","@id":"https:\/\/paracherkaoui.ma\/index.php\/produit\/weleda-bebe-creme-nourissante-visage-au-calendula-50-ml\/","url":"https:\/\/paracherkaoui.ma\/index.php\/produit\/weleda-bebe-creme-nourissante-visage-au-calendula-50-ml\/","name":"WELEDA BEBE CREME NOURISSANTE VISAGE AU CALENDULA 50 ML - Paracherkaoui.ma","isPartOf":{"@id":"https:\/\/paracherkaoui.ma\/#website"},"primaryImageOfPage":{"@id":"https:\/\/paracherkaoui.ma\/index.php\/produit\/weleda-bebe-creme-nourissante-visage-au-calendula-50-ml\/#primaryimage"},"image":{"@id":"https:\/\/paracherkaoui.ma\/index.php\/produit\/weleda-bebe-creme-nourissante-visage-au-calendula-50-ml\/#primaryimage"},"thumbnailUrl":"https:\/\/paracherkaoui.ma\/wp-content\/uploads\/2025\/12\/weleda-weleda-bebe-creme-nourissante-visage-au-calendula-50-ml-soins-visage-et-corps.jpg","datePublished":"2025-12-12T18:14:36+00:00","dateModified":"2025-12-12T18:14:39+00:00","breadcrumb":{"@id":"https:\/\/paracherkaoui.ma\/index.php\/produit\/weleda-bebe-creme-nourissante-visage-au-calendula-50-ml\/#breadcrumb"},"inLanguage":"fr-FR","potentialAction":[{"@type":"ReadAction","target":["https:\/\/paracherkaoui.ma\/index.php\/produit\/weleda-bebe-creme-nourissante-visage-au-calendula-50-ml\/"]}]},{"@type":"ImageObject","inLanguage":"fr-FR","@id":"https:\/\/paracherkaoui.ma\/index.php\/produit\/weleda-bebe-creme-nourissante-visage-au-calendula-50-ml\/#primaryimage","url":"https:\/\/paracherkaoui.ma\/wp-content\/uploads\/2025\/12\/weleda-weleda-bebe-creme-nourissante-visage-au-calendula-50-ml-soins-visage-et-corps.jpg","contentUrl":"https:\/\/paracherkaoui.ma\/wp-content\/uploads\/2025\/12\/weleda-weleda-bebe-creme-nourissante-visage-au-calendula-50-ml-soins-visage-et-corps.jpg","width":700,"height":700},{"@type":"BreadcrumbList","@id":"https:\/\/paracherkaoui.ma\/index.php\/produit\/weleda-bebe-creme-nourissante-visage-au-calendula-50-ml\/#breadcrumb","itemListElement":[{"@type":"ListItem","position":1,"name":"Accueil","item":"https:\/\/paracherkaoui.ma\/"},{"@type":"ListItem","position":2,"name":"Boutique","item":"https:\/\/paracherkaoui.ma\/index.php\/boutique\/"},{"@type":"ListItem","position":3,"name":"WELEDA BEBE CREME NOURISSANTE VISAGE AU CALENDULA 50 ML"}]},{"@type":"WebSite","@id":"https:\/\/paracherkaoui.ma\/#website","url":"https:\/\/paracherkaoui.ma\/","name":"Paracherkaoui.ma","description":"Achetez en ligne sur Paracherkaoui.ma","potentialAction":[{"@type":"SearchAction","target":{"@type":"EntryPoint","urlTemplate":"https:\/\/paracherkaoui.ma\/?s={search_term_string}"},"query-input":{"@type":"PropertyValueSpecification","valueRequired":true,"valueName":"search_term_string"}}],"inLanguage":"fr-FR"}]}},"_links":{"self":[{"href":"https:\/\/paracherkaoui.ma\/index.php\/wp-json\/wp\/v2\/product\/44976","targetHints":{"allow":["GET"]}}],"collection":[{"href":"https:\/\/paracherkaoui.ma\/index.php\/wp-json\/wp\/v2\/product"}],"about":[{"href":"https:\/\/paracherkaoui.ma\/index.php\/wp-json\/wp\/v2\/types\/product"}],"replies":[{"embeddable":true,"href":"https:\/\/paracherkaoui.ma\/index.php\/wp-json\/wp\/v2\/comments?post=44976"}],"version-history":[{"count":1,"href":"https:\/\/paracherkaoui.ma\/index.php\/wp-json\/wp\/v2\/product\/44976\/revisions"}],"predecessor-version":[{"id":45010,"href":"https:\/\/paracherkaoui.ma\/index.php\/wp-json\/wp\/v2\/product\/44976\/revisions\/45010"}],"wp:featuredmedia":[{"embeddable":true,"href":"https:\/\/paracherkaoui.ma\/index.php\/wp-json\/wp\/v2\/media\/45009"}],"wp:attachment":[{"href":"https:\/\/paracherkaoui.ma\/index.php\/wp-json\/wp\/v2\/media?parent=44976"}],"wp:term":[{"taxonomy":"product_brand","embeddable":true,"href":"https:\/\/paracherkaoui.ma\/index.php\/wp-json\/wp\/v2\/product_brand?post=44976"},{"taxonomy":"product_cat","embeddable":true,"href":"https:\/\/paracherkaoui.ma\/index.php\/wp-json\/wp\/v2\/product_cat?post=44976"},{"taxonomy":"product_tag","embeddable":true,"href":"https:\/\/paracherkaoui.ma\/index.php\/wp-json\/wp\/v2\/product_tag?post=44976"}],"curies":[{"name":"wp","href":"https:\/\/api.w.org\/{rel}","templated":true}]}}