{"id":44916,"date":"2025-12-12T19:14:25","date_gmt":"2025-12-12T18:14:25","guid":{"rendered":"https:\/\/test.ecbeaute.com\/?post_type=product&#038;p=44916"},"modified":"2025-12-12T19:14:35","modified_gmt":"2025-12-12T18:14:35","slug":"biarritz-bebe-eau-nettoyante-200-ml","status":"publish","type":"product","link":"https:\/\/paracherkaoui.ma\/index.php\/produit\/biarritz-bebe-eau-nettoyante-200-ml\/","title":{"rendered":"BIARRITZ BEBE EAU NETTOYANTE 200 ML"},"content":{"rendered":"<p>D\u00e9couvrez Biarritz B\u00e9b\u00e9 Eau Nettoyante 200 ml, l&rsquo;alli\u00e9 id\u00e9al pour la peau d\u00e9licate de votre b\u00e9b\u00e9. Certifi\u00e9e bio et compos\u00e9e d&rsquo;une eau micellaire 100% naturelle, cette formule est sp\u00e9cialement con\u00e7ue pour nettoyer tout en douceur sans agresser l\u2019\u00e9piderme fragile de votre tout-petit. Gr\u00e2ce \u00e0 son ingr\u00e9dient phare, l&rsquo;Alga-Paisium, un extrait d&rsquo;algue brune exclusif, elle apaise et prot\u00e8ge la peau tout en \u00e9liminant les impuret\u00e9s.<br \/>\nCette eau nettoyante est id\u00e9ale pour le visage, le corps, les mains et le si\u00e8ge, offrant ainsi une solution compl\u00e8te pour la toilette quotidienne de b\u00e9b\u00e9. Sans rin\u00e7age, sans alcool et sans parfum, elle garantit une tol\u00e9rance maximale, m\u00eame pour les peaux les plus sensibles. Hypoallerg\u00e9nique et test\u00e9e sous contr\u00f4le dermatologique et ophtalmologique, elle assure un confort optimal tout en pr\u00e9servant l&rsquo;\u00e9quilibre naturel de la peau.<br \/>\nAvec Biarritz B\u00e9b\u00e9 Eau Nettoyante, vous pouvez \u00eatre s\u00fbr de faire le bon choix pour la sant\u00e9 et le bien-\u00eatre de votre enfant. La peau reste douce, fra\u00eeche et apais\u00e9e apr\u00e8s chaque utilisation. Offrez \u00e0 votre b\u00e9b\u00e9 un soin nettoyant qui combine naturalit\u00e9 et efficacit\u00e9, sans compromis sur la s\u00e9curit\u00e9 ou le confort.<br \/>\nConseils d&rsquo;utilisation :<br \/>\nImbibez un coton ou une lingette douce d&rsquo;eau nettoyante.<br \/>\nAppliquez d\u00e9licatement sur le visage, le corps, les mains ou le si\u00e8ge de b\u00e9b\u00e9.<br \/>\nComposition :<br \/>\nAqua, Glycerin, Propanediol, Polyglyceryl-4 Caprate, Algae Extract*, Aloe Barbadensis Leaf Juice Powder*, Sodium Levulinate, Sodium Anisate, Citric Acid<\/p>\n","protected":false},"excerpt":{"rendered":"<p>D\u00e9couvrez Biarritz B\u00e9b\u00e9 Eau Nettoyante 200 ml, l&rsquo;alli\u00e9 id\u00e9al pour la peau d\u00e9licate de votre b\u00e9b\u00e9. Certifi\u00e9e bio et compos\u00e9e<\/p>\n","protected":false},"featured_media":44967,"comment_status":"open","ping_status":"closed","template":"","meta":[],"product_brand":[295],"product_cat":[783],"product_tag":[],"class_list":{"0":"post-44916","1":"product","2":"type-product","3":"status-publish","4":"has-post-thumbnail","6":"product_brand-biarritz","7":"product_cat-soins-cheveux-visage-et-corps","9":"first","10":"instock","11":"shipping-taxable","12":"purchasable","13":"product-type-simple"},"yoast_head":"<!-- This site is optimized with the Yoast SEO plugin v26.6 - https:\/\/yoast.com\/wordpress\/plugins\/seo\/ -->\r\n<title>BIARRITZ BEBE EAU NETTOYANTE 200 ML - Paracherkaoui.ma<\/title>\r\n<meta name=\"robots\" content=\"index, follow, max-snippet:-1, max-image-preview:large, max-video-preview:-1\" \/>\r\n<link rel=\"canonical\" href=\"https:\/\/paracherkaoui.ma\/index.php\/produit\/biarritz-bebe-eau-nettoyante-200-ml\/\" \/>\r\n<meta property=\"og:locale\" content=\"fr_FR\" \/>\r\n<meta property=\"og:type\" content=\"article\" \/>\r\n<meta property=\"og:title\" content=\"BIARRITZ BEBE EAU NETTOYANTE 200 ML - Paracherkaoui.ma\" \/>\r\n<meta property=\"og:description\" content=\"D\u00e9couvrez Biarritz B\u00e9b\u00e9 Eau Nettoyante 200 ml, l&rsquo;alli\u00e9 id\u00e9al pour la peau d\u00e9licate de votre b\u00e9b\u00e9. Certifi\u00e9e bio et compos\u00e9e\" \/>\r\n<meta property=\"og:url\" content=\"https:\/\/paracherkaoui.ma\/index.php\/produit\/biarritz-bebe-eau-nettoyante-200-ml\/\" \/>\r\n<meta property=\"og:site_name\" content=\"Paracherkaoui.ma\" \/>\r\n<meta property=\"article:modified_time\" content=\"2025-12-12T18:14:35+00:00\" \/>\r\n<meta property=\"og:image\" content=\"https:\/\/paracherkaoui.ma\/wp-content\/uploads\/2025\/12\/biarritz-bebe-eau-nettoyante-200-ml.jpg\" \/>\r\n\t<meta property=\"og:image:width\" content=\"700\" \/>\r\n\t<meta property=\"og:image:height\" content=\"700\" \/>\r\n\t<meta property=\"og:image:type\" content=\"image\/jpeg\" \/>\r\n<meta name=\"twitter:card\" content=\"summary_large_image\" \/>\r\n<meta name=\"twitter:label1\" content=\"Dur\u00e9e de lecture estim\u00e9e\" \/>\n\t<meta name=\"twitter:data1\" content=\"1 minute\" \/>\r\n<script type=\"application\/ld+json\" class=\"yoast-schema-graph\">{\"@context\":\"https:\/\/schema.org\",\"@graph\":[{\"@type\":\"WebPage\",\"@id\":\"https:\/\/paracherkaoui.ma\/index.php\/produit\/biarritz-bebe-eau-nettoyante-200-ml\/\",\"url\":\"https:\/\/paracherkaoui.ma\/index.php\/produit\/biarritz-bebe-eau-nettoyante-200-ml\/\",\"name\":\"BIARRITZ BEBE EAU NETTOYANTE 200 ML - Paracherkaoui.ma\",\"isPartOf\":{\"@id\":\"https:\/\/paracherkaoui.ma\/#website\"},\"primaryImageOfPage\":{\"@id\":\"https:\/\/paracherkaoui.ma\/index.php\/produit\/biarritz-bebe-eau-nettoyante-200-ml\/#primaryimage\"},\"image\":{\"@id\":\"https:\/\/paracherkaoui.ma\/index.php\/produit\/biarritz-bebe-eau-nettoyante-200-ml\/#primaryimage\"},\"thumbnailUrl\":\"https:\/\/paracherkaoui.ma\/wp-content\/uploads\/2025\/12\/biarritz-bebe-eau-nettoyante-200-ml.jpg\",\"datePublished\":\"2025-12-12T18:14:25+00:00\",\"dateModified\":\"2025-12-12T18:14:35+00:00\",\"breadcrumb\":{\"@id\":\"https:\/\/paracherkaoui.ma\/index.php\/produit\/biarritz-bebe-eau-nettoyante-200-ml\/#breadcrumb\"},\"inLanguage\":\"fr-FR\",\"potentialAction\":[{\"@type\":\"ReadAction\",\"target\":[\"https:\/\/paracherkaoui.ma\/index.php\/produit\/biarritz-bebe-eau-nettoyante-200-ml\/\"]}]},{\"@type\":\"ImageObject\",\"inLanguage\":\"fr-FR\",\"@id\":\"https:\/\/paracherkaoui.ma\/index.php\/produit\/biarritz-bebe-eau-nettoyante-200-ml\/#primaryimage\",\"url\":\"https:\/\/paracherkaoui.ma\/wp-content\/uploads\/2025\/12\/biarritz-bebe-eau-nettoyante-200-ml.jpg\",\"contentUrl\":\"https:\/\/paracherkaoui.ma\/wp-content\/uploads\/2025\/12\/biarritz-bebe-eau-nettoyante-200-ml.jpg\",\"width\":700,\"height\":700},{\"@type\":\"BreadcrumbList\",\"@id\":\"https:\/\/paracherkaoui.ma\/index.php\/produit\/biarritz-bebe-eau-nettoyante-200-ml\/#breadcrumb\",\"itemListElement\":[{\"@type\":\"ListItem\",\"position\":1,\"name\":\"Accueil\",\"item\":\"https:\/\/paracherkaoui.ma\/\"},{\"@type\":\"ListItem\",\"position\":2,\"name\":\"Boutique\",\"item\":\"https:\/\/paracherkaoui.ma\/index.php\/boutique\/\"},{\"@type\":\"ListItem\",\"position\":3,\"name\":\"BIARRITZ BEBE EAU NETTOYANTE 200 ML\"}]},{\"@type\":\"WebSite\",\"@id\":\"https:\/\/paracherkaoui.ma\/#website\",\"url\":\"https:\/\/paracherkaoui.ma\/\",\"name\":\"Paracherkaoui.ma\",\"description\":\"Achetez en ligne sur Paracherkaoui.ma\",\"potentialAction\":[{\"@type\":\"SearchAction\",\"target\":{\"@type\":\"EntryPoint\",\"urlTemplate\":\"https:\/\/paracherkaoui.ma\/?s={search_term_string}\"},\"query-input\":{\"@type\":\"PropertyValueSpecification\",\"valueRequired\":true,\"valueName\":\"search_term_string\"}}],\"inLanguage\":\"fr-FR\"}]}<\/script>\r\n<!-- \/ Yoast SEO plugin. -->","yoast_head_json":{"title":"BIARRITZ BEBE EAU NETTOYANTE 200 ML - Paracherkaoui.ma","robots":{"index":"index","follow":"follow","max-snippet":"max-snippet:-1","max-image-preview":"max-image-preview:large","max-video-preview":"max-video-preview:-1"},"canonical":"https:\/\/paracherkaoui.ma\/index.php\/produit\/biarritz-bebe-eau-nettoyante-200-ml\/","og_locale":"fr_FR","og_type":"article","og_title":"BIARRITZ BEBE EAU NETTOYANTE 200 ML - Paracherkaoui.ma","og_description":"D\u00e9couvrez Biarritz B\u00e9b\u00e9 Eau Nettoyante 200 ml, l&rsquo;alli\u00e9 id\u00e9al pour la peau d\u00e9licate de votre b\u00e9b\u00e9. Certifi\u00e9e bio et compos\u00e9e","og_url":"https:\/\/paracherkaoui.ma\/index.php\/produit\/biarritz-bebe-eau-nettoyante-200-ml\/","og_site_name":"Paracherkaoui.ma","article_modified_time":"2025-12-12T18:14:35+00:00","og_image":[{"width":700,"height":700,"url":"https:\/\/paracherkaoui.ma\/wp-content\/uploads\/2025\/12\/biarritz-bebe-eau-nettoyante-200-ml.jpg","type":"image\/jpeg"}],"twitter_card":"summary_large_image","twitter_misc":{"Dur\u00e9e de lecture estim\u00e9e":"1 minute"},"schema":{"@context":"https:\/\/schema.org","@graph":[{"@type":"WebPage","@id":"https:\/\/paracherkaoui.ma\/index.php\/produit\/biarritz-bebe-eau-nettoyante-200-ml\/","url":"https:\/\/paracherkaoui.ma\/index.php\/produit\/biarritz-bebe-eau-nettoyante-200-ml\/","name":"BIARRITZ BEBE EAU NETTOYANTE 200 ML - Paracherkaoui.ma","isPartOf":{"@id":"https:\/\/paracherkaoui.ma\/#website"},"primaryImageOfPage":{"@id":"https:\/\/paracherkaoui.ma\/index.php\/produit\/biarritz-bebe-eau-nettoyante-200-ml\/#primaryimage"},"image":{"@id":"https:\/\/paracherkaoui.ma\/index.php\/produit\/biarritz-bebe-eau-nettoyante-200-ml\/#primaryimage"},"thumbnailUrl":"https:\/\/paracherkaoui.ma\/wp-content\/uploads\/2025\/12\/biarritz-bebe-eau-nettoyante-200-ml.jpg","datePublished":"2025-12-12T18:14:25+00:00","dateModified":"2025-12-12T18:14:35+00:00","breadcrumb":{"@id":"https:\/\/paracherkaoui.ma\/index.php\/produit\/biarritz-bebe-eau-nettoyante-200-ml\/#breadcrumb"},"inLanguage":"fr-FR","potentialAction":[{"@type":"ReadAction","target":["https:\/\/paracherkaoui.ma\/index.php\/produit\/biarritz-bebe-eau-nettoyante-200-ml\/"]}]},{"@type":"ImageObject","inLanguage":"fr-FR","@id":"https:\/\/paracherkaoui.ma\/index.php\/produit\/biarritz-bebe-eau-nettoyante-200-ml\/#primaryimage","url":"https:\/\/paracherkaoui.ma\/wp-content\/uploads\/2025\/12\/biarritz-bebe-eau-nettoyante-200-ml.jpg","contentUrl":"https:\/\/paracherkaoui.ma\/wp-content\/uploads\/2025\/12\/biarritz-bebe-eau-nettoyante-200-ml.jpg","width":700,"height":700},{"@type":"BreadcrumbList","@id":"https:\/\/paracherkaoui.ma\/index.php\/produit\/biarritz-bebe-eau-nettoyante-200-ml\/#breadcrumb","itemListElement":[{"@type":"ListItem","position":1,"name":"Accueil","item":"https:\/\/paracherkaoui.ma\/"},{"@type":"ListItem","position":2,"name":"Boutique","item":"https:\/\/paracherkaoui.ma\/index.php\/boutique\/"},{"@type":"ListItem","position":3,"name":"BIARRITZ BEBE EAU NETTOYANTE 200 ML"}]},{"@type":"WebSite","@id":"https:\/\/paracherkaoui.ma\/#website","url":"https:\/\/paracherkaoui.ma\/","name":"Paracherkaoui.ma","description":"Achetez en ligne sur Paracherkaoui.ma","potentialAction":[{"@type":"SearchAction","target":{"@type":"EntryPoint","urlTemplate":"https:\/\/paracherkaoui.ma\/?s={search_term_string}"},"query-input":{"@type":"PropertyValueSpecification","valueRequired":true,"valueName":"search_term_string"}}],"inLanguage":"fr-FR"}]}},"_links":{"self":[{"href":"https:\/\/paracherkaoui.ma\/index.php\/wp-json\/wp\/v2\/product\/44916","targetHints":{"allow":["GET"]}}],"collection":[{"href":"https:\/\/paracherkaoui.ma\/index.php\/wp-json\/wp\/v2\/product"}],"about":[{"href":"https:\/\/paracherkaoui.ma\/index.php\/wp-json\/wp\/v2\/types\/product"}],"replies":[{"embeddable":true,"href":"https:\/\/paracherkaoui.ma\/index.php\/wp-json\/wp\/v2\/comments?post=44916"}],"version-history":[{"count":1,"href":"https:\/\/paracherkaoui.ma\/index.php\/wp-json\/wp\/v2\/product\/44916\/revisions"}],"predecessor-version":[{"id":44968,"href":"https:\/\/paracherkaoui.ma\/index.php\/wp-json\/wp\/v2\/product\/44916\/revisions\/44968"}],"wp:featuredmedia":[{"embeddable":true,"href":"https:\/\/paracherkaoui.ma\/index.php\/wp-json\/wp\/v2\/media\/44967"}],"wp:attachment":[{"href":"https:\/\/paracherkaoui.ma\/index.php\/wp-json\/wp\/v2\/media?parent=44916"}],"wp:term":[{"taxonomy":"product_brand","embeddable":true,"href":"https:\/\/paracherkaoui.ma\/index.php\/wp-json\/wp\/v2\/product_brand?post=44916"},{"taxonomy":"product_cat","embeddable":true,"href":"https:\/\/paracherkaoui.ma\/index.php\/wp-json\/wp\/v2\/product_cat?post=44916"},{"taxonomy":"product_tag","embeddable":true,"href":"https:\/\/paracherkaoui.ma\/index.php\/wp-json\/wp\/v2\/product_tag?post=44916"}],"curies":[{"name":"wp","href":"https:\/\/api.w.org\/{rel}","templated":true}]}}