{"id":44909,"date":"2025-12-12T19:14:24","date_gmt":"2025-12-12T18:14:24","guid":{"rendered":"https:\/\/test.ecbeaute.com\/?post_type=product&#038;p=44909"},"modified":"2025-12-12T19:14:33","modified_gmt":"2025-12-12T18:14:33","slug":"weleda-huile-de-massage-vergetures","status":"publish","type":"product","link":"https:\/\/paracherkaoui.ma\/index.php\/produit\/weleda-huile-de-massage-vergetures\/","title":{"rendered":"WELEDA HUILE DE MASSAGE VERGETURES"},"content":{"rendered":"<p>Pendant la grossesse, la peau est soumise \u00e0 rude \u00e9preuve. Les tensions qu&rsquo;elle subit peuvent laisser appara\u00eetre les stries blanches que l&rsquo;on nomme vergetures, et qui sont la cons\u00e9quence de la rupture de fibres \u00e9lastiques au sein du derme.<br \/>\nPour r\u00e9pondre aux besoins sp\u00e9cifiques de la femme enceinte, Weleda a cr\u00e9\u00e9 l&rsquo;Huile de Massage Vergetures \u00e0 base d&rsquo;huiles d&rsquo;amande douce, de jojoba bio et de germe de bl\u00e9 naturellement riche en vitamine E et enrichie en extrait d&rsquo;arnica bio.<br \/>\nAppliqu\u00e9e en massages d\u00e8s le d\u00e9but de la grossesse, l&rsquo;Huile de Massage Vergetures favorise la pr\u00e9vention et la r\u00e9duction des vergetures, en am\u00e9liorant l&rsquo;\u00e9lasticit\u00e9 et la tonicit\u00e9 de la peau. Permet l&rsquo;\u00e9chographie.<br \/>\nPour qui ?<br \/>\n\u2022 Pendant la grossesse pour pr\u00e9venir l&rsquo;apparition des vergetures<br \/>\n\u2022 Pour les femmes pr\u00e9sentant des risques accrus d&rsquo;apparition de vergetures (pubert\u00e9, ob\u00e9sit\u00e9, prise ou perte de poids rapide, m\u00e9nopause&#8230;)<br \/>\n\u2022 Pour les femmes ayant d\u00e9j\u00e0 des vergetures afin de favoriser leur r\u00e9duction<br \/>\nPlus produit<br \/>\n\u2022 Pr\u00e9vient l\u2019apparition des vergetures<br \/>\n\u2022 Favorise la r\u00e9duction des vergetures d\u00e9j\u00e0 install\u00e9es<br \/>\n\u2022 Am\u00e9liore l\u2019\u00e9lasticit\u00e9 et la tonicit\u00e9 de la peau gr\u00e2ce \u00e0 l\u2019extrait d\u2019arnica<br \/>\n\u2022 Peut \u00eatre utilis\u00e9e sur des peaux sensibles ou tr\u00e8s s\u00e8ches<br \/>\n\u2022 Peut \u00eatre utilis\u00e9e sur les seins en cas de tension mammaire pendant la grossesse en massage relaxant<br \/>\n\u2022 Peut \u00eatre utilis\u00e9e pendant l\u2019allaitement (nettoyer les mamelons avec un coton humide avant chaque t\u00e9t\u00e9e)<\/p>\n","protected":false},"excerpt":{"rendered":"<p>Pendant la grossesse, la peau est soumise \u00e0 rude \u00e9preuve. Les tensions qu&rsquo;elle subit peuvent laisser appara\u00eetre les stries blanches<\/p>\n","protected":false},"featured_media":44953,"comment_status":"open","ping_status":"closed","template":"","meta":[],"product_brand":[313],"product_cat":[783],"product_tag":[],"class_list":{"0":"post-44909","1":"product","2":"type-product","3":"status-publish","4":"has-post-thumbnail","6":"product_brand-weleda","7":"product_cat-soins-cheveux-visage-et-corps","9":"first","10":"instock","11":"shipping-taxable","12":"purchasable","13":"product-type-simple"},"yoast_head":"<!-- This site is optimized with the Yoast SEO plugin v26.6 - https:\/\/yoast.com\/wordpress\/plugins\/seo\/ -->\r\n<title>WELEDA HUILE DE MASSAGE VERGETURES - Paracherkaoui.ma<\/title>\r\n<meta name=\"robots\" content=\"index, follow, max-snippet:-1, max-image-preview:large, max-video-preview:-1\" \/>\r\n<link rel=\"canonical\" href=\"https:\/\/paracherkaoui.ma\/index.php\/produit\/weleda-huile-de-massage-vergetures\/\" \/>\r\n<meta property=\"og:locale\" content=\"fr_FR\" \/>\r\n<meta property=\"og:type\" content=\"article\" \/>\r\n<meta property=\"og:title\" content=\"WELEDA HUILE DE MASSAGE VERGETURES - Paracherkaoui.ma\" \/>\r\n<meta property=\"og:description\" content=\"Pendant la grossesse, la peau est soumise \u00e0 rude \u00e9preuve. Les tensions qu&rsquo;elle subit peuvent laisser appara\u00eetre les stries blanches\" \/>\r\n<meta property=\"og:url\" content=\"https:\/\/paracherkaoui.ma\/index.php\/produit\/weleda-huile-de-massage-vergetures\/\" \/>\r\n<meta property=\"og:site_name\" content=\"Paracherkaoui.ma\" \/>\r\n<meta property=\"article:modified_time\" content=\"2025-12-12T18:14:33+00:00\" \/>\r\n<meta property=\"og:image\" content=\"https:\/\/paracherkaoui.ma\/wp-content\/uploads\/2025\/12\/weleda-weleda-huile-de-massage-vergetures-massage.jpg\" \/>\r\n\t<meta property=\"og:image:width\" content=\"700\" \/>\r\n\t<meta property=\"og:image:height\" content=\"700\" \/>\r\n\t<meta property=\"og:image:type\" content=\"image\/jpeg\" \/>\r\n<meta name=\"twitter:card\" content=\"summary_large_image\" \/>\r\n<meta name=\"twitter:label1\" content=\"Dur\u00e9e de lecture estim\u00e9e\" \/>\n\t<meta name=\"twitter:data1\" content=\"1 minute\" \/>\r\n<script type=\"application\/ld+json\" class=\"yoast-schema-graph\">{\"@context\":\"https:\/\/schema.org\",\"@graph\":[{\"@type\":\"WebPage\",\"@id\":\"https:\/\/paracherkaoui.ma\/index.php\/produit\/weleda-huile-de-massage-vergetures\/\",\"url\":\"https:\/\/paracherkaoui.ma\/index.php\/produit\/weleda-huile-de-massage-vergetures\/\",\"name\":\"WELEDA HUILE DE MASSAGE VERGETURES - Paracherkaoui.ma\",\"isPartOf\":{\"@id\":\"https:\/\/paracherkaoui.ma\/#website\"},\"primaryImageOfPage\":{\"@id\":\"https:\/\/paracherkaoui.ma\/index.php\/produit\/weleda-huile-de-massage-vergetures\/#primaryimage\"},\"image\":{\"@id\":\"https:\/\/paracherkaoui.ma\/index.php\/produit\/weleda-huile-de-massage-vergetures\/#primaryimage\"},\"thumbnailUrl\":\"https:\/\/paracherkaoui.ma\/wp-content\/uploads\/2025\/12\/weleda-weleda-huile-de-massage-vergetures-massage.jpg\",\"datePublished\":\"2025-12-12T18:14:24+00:00\",\"dateModified\":\"2025-12-12T18:14:33+00:00\",\"breadcrumb\":{\"@id\":\"https:\/\/paracherkaoui.ma\/index.php\/produit\/weleda-huile-de-massage-vergetures\/#breadcrumb\"},\"inLanguage\":\"fr-FR\",\"potentialAction\":[{\"@type\":\"ReadAction\",\"target\":[\"https:\/\/paracherkaoui.ma\/index.php\/produit\/weleda-huile-de-massage-vergetures\/\"]}]},{\"@type\":\"ImageObject\",\"inLanguage\":\"fr-FR\",\"@id\":\"https:\/\/paracherkaoui.ma\/index.php\/produit\/weleda-huile-de-massage-vergetures\/#primaryimage\",\"url\":\"https:\/\/paracherkaoui.ma\/wp-content\/uploads\/2025\/12\/weleda-weleda-huile-de-massage-vergetures-massage.jpg\",\"contentUrl\":\"https:\/\/paracherkaoui.ma\/wp-content\/uploads\/2025\/12\/weleda-weleda-huile-de-massage-vergetures-massage.jpg\",\"width\":700,\"height\":700},{\"@type\":\"BreadcrumbList\",\"@id\":\"https:\/\/paracherkaoui.ma\/index.php\/produit\/weleda-huile-de-massage-vergetures\/#breadcrumb\",\"itemListElement\":[{\"@type\":\"ListItem\",\"position\":1,\"name\":\"Accueil\",\"item\":\"https:\/\/paracherkaoui.ma\/\"},{\"@type\":\"ListItem\",\"position\":2,\"name\":\"Boutique\",\"item\":\"https:\/\/paracherkaoui.ma\/index.php\/boutique\/\"},{\"@type\":\"ListItem\",\"position\":3,\"name\":\"WELEDA HUILE DE MASSAGE VERGETURES\"}]},{\"@type\":\"WebSite\",\"@id\":\"https:\/\/paracherkaoui.ma\/#website\",\"url\":\"https:\/\/paracherkaoui.ma\/\",\"name\":\"Paracherkaoui.ma\",\"description\":\"Achetez en ligne sur Paracherkaoui.ma\",\"potentialAction\":[{\"@type\":\"SearchAction\",\"target\":{\"@type\":\"EntryPoint\",\"urlTemplate\":\"https:\/\/paracherkaoui.ma\/?s={search_term_string}\"},\"query-input\":{\"@type\":\"PropertyValueSpecification\",\"valueRequired\":true,\"valueName\":\"search_term_string\"}}],\"inLanguage\":\"fr-FR\"}]}<\/script>\r\n<!-- \/ Yoast SEO plugin. -->","yoast_head_json":{"title":"WELEDA HUILE DE MASSAGE VERGETURES - Paracherkaoui.ma","robots":{"index":"index","follow":"follow","max-snippet":"max-snippet:-1","max-image-preview":"max-image-preview:large","max-video-preview":"max-video-preview:-1"},"canonical":"https:\/\/paracherkaoui.ma\/index.php\/produit\/weleda-huile-de-massage-vergetures\/","og_locale":"fr_FR","og_type":"article","og_title":"WELEDA HUILE DE MASSAGE VERGETURES - Paracherkaoui.ma","og_description":"Pendant la grossesse, la peau est soumise \u00e0 rude \u00e9preuve. Les tensions qu&rsquo;elle subit peuvent laisser appara\u00eetre les stries blanches","og_url":"https:\/\/paracherkaoui.ma\/index.php\/produit\/weleda-huile-de-massage-vergetures\/","og_site_name":"Paracherkaoui.ma","article_modified_time":"2025-12-12T18:14:33+00:00","og_image":[{"width":700,"height":700,"url":"https:\/\/paracherkaoui.ma\/wp-content\/uploads\/2025\/12\/weleda-weleda-huile-de-massage-vergetures-massage.jpg","type":"image\/jpeg"}],"twitter_card":"summary_large_image","twitter_misc":{"Dur\u00e9e de lecture estim\u00e9e":"1 minute"},"schema":{"@context":"https:\/\/schema.org","@graph":[{"@type":"WebPage","@id":"https:\/\/paracherkaoui.ma\/index.php\/produit\/weleda-huile-de-massage-vergetures\/","url":"https:\/\/paracherkaoui.ma\/index.php\/produit\/weleda-huile-de-massage-vergetures\/","name":"WELEDA HUILE DE MASSAGE VERGETURES - Paracherkaoui.ma","isPartOf":{"@id":"https:\/\/paracherkaoui.ma\/#website"},"primaryImageOfPage":{"@id":"https:\/\/paracherkaoui.ma\/index.php\/produit\/weleda-huile-de-massage-vergetures\/#primaryimage"},"image":{"@id":"https:\/\/paracherkaoui.ma\/index.php\/produit\/weleda-huile-de-massage-vergetures\/#primaryimage"},"thumbnailUrl":"https:\/\/paracherkaoui.ma\/wp-content\/uploads\/2025\/12\/weleda-weleda-huile-de-massage-vergetures-massage.jpg","datePublished":"2025-12-12T18:14:24+00:00","dateModified":"2025-12-12T18:14:33+00:00","breadcrumb":{"@id":"https:\/\/paracherkaoui.ma\/index.php\/produit\/weleda-huile-de-massage-vergetures\/#breadcrumb"},"inLanguage":"fr-FR","potentialAction":[{"@type":"ReadAction","target":["https:\/\/paracherkaoui.ma\/index.php\/produit\/weleda-huile-de-massage-vergetures\/"]}]},{"@type":"ImageObject","inLanguage":"fr-FR","@id":"https:\/\/paracherkaoui.ma\/index.php\/produit\/weleda-huile-de-massage-vergetures\/#primaryimage","url":"https:\/\/paracherkaoui.ma\/wp-content\/uploads\/2025\/12\/weleda-weleda-huile-de-massage-vergetures-massage.jpg","contentUrl":"https:\/\/paracherkaoui.ma\/wp-content\/uploads\/2025\/12\/weleda-weleda-huile-de-massage-vergetures-massage.jpg","width":700,"height":700},{"@type":"BreadcrumbList","@id":"https:\/\/paracherkaoui.ma\/index.php\/produit\/weleda-huile-de-massage-vergetures\/#breadcrumb","itemListElement":[{"@type":"ListItem","position":1,"name":"Accueil","item":"https:\/\/paracherkaoui.ma\/"},{"@type":"ListItem","position":2,"name":"Boutique","item":"https:\/\/paracherkaoui.ma\/index.php\/boutique\/"},{"@type":"ListItem","position":3,"name":"WELEDA HUILE DE MASSAGE VERGETURES"}]},{"@type":"WebSite","@id":"https:\/\/paracherkaoui.ma\/#website","url":"https:\/\/paracherkaoui.ma\/","name":"Paracherkaoui.ma","description":"Achetez en ligne sur Paracherkaoui.ma","potentialAction":[{"@type":"SearchAction","target":{"@type":"EntryPoint","urlTemplate":"https:\/\/paracherkaoui.ma\/?s={search_term_string}"},"query-input":{"@type":"PropertyValueSpecification","valueRequired":true,"valueName":"search_term_string"}}],"inLanguage":"fr-FR"}]}},"_links":{"self":[{"href":"https:\/\/paracherkaoui.ma\/index.php\/wp-json\/wp\/v2\/product\/44909","targetHints":{"allow":["GET"]}}],"collection":[{"href":"https:\/\/paracherkaoui.ma\/index.php\/wp-json\/wp\/v2\/product"}],"about":[{"href":"https:\/\/paracherkaoui.ma\/index.php\/wp-json\/wp\/v2\/types\/product"}],"replies":[{"embeddable":true,"href":"https:\/\/paracherkaoui.ma\/index.php\/wp-json\/wp\/v2\/comments?post=44909"}],"version-history":[{"count":1,"href":"https:\/\/paracherkaoui.ma\/index.php\/wp-json\/wp\/v2\/product\/44909\/revisions"}],"predecessor-version":[{"id":44954,"href":"https:\/\/paracherkaoui.ma\/index.php\/wp-json\/wp\/v2\/product\/44909\/revisions\/44954"}],"wp:featuredmedia":[{"embeddable":true,"href":"https:\/\/paracherkaoui.ma\/index.php\/wp-json\/wp\/v2\/media\/44953"}],"wp:attachment":[{"href":"https:\/\/paracherkaoui.ma\/index.php\/wp-json\/wp\/v2\/media?parent=44909"}],"wp:term":[{"taxonomy":"product_brand","embeddable":true,"href":"https:\/\/paracherkaoui.ma\/index.php\/wp-json\/wp\/v2\/product_brand?post=44909"},{"taxonomy":"product_cat","embeddable":true,"href":"https:\/\/paracherkaoui.ma\/index.php\/wp-json\/wp\/v2\/product_cat?post=44909"},{"taxonomy":"product_tag","embeddable":true,"href":"https:\/\/paracherkaoui.ma\/index.php\/wp-json\/wp\/v2\/product_tag?post=44909"}],"curies":[{"name":"wp","href":"https:\/\/api.w.org\/{rel}","templated":true}]}}