{"id":44904,"date":"2025-12-12T19:14:24","date_gmt":"2025-12-12T18:14:24","guid":{"rendered":"https:\/\/test.ecbeaute.com\/?post_type=product&#038;p=44904"},"modified":"2025-12-12T19:14:31","modified_gmt":"2025-12-12T18:14:31","slug":"bioderma-abcderm-huile-douceur-relaxante-corps-et-bain-200ml-2","status":"publish","type":"product","link":"https:\/\/paracherkaoui.ma\/index.php\/produit\/bioderma-abcderm-huile-douceur-relaxante-corps-et-bain-200ml-2\/","title":{"rendered":"BIODERMA ABCDERM HUILE DOUCEUR RELAXANTE CORPS ET BAIN 200ML"},"content":{"rendered":"<p>L&rsquo;ABCDerm Huile Douceur est sp\u00e9cialement con\u00e7ue pour renforcer la barri\u00e8re \u00e9pidermique gr\u00e2ce \u00e0 ses huiles v\u00e9g\u00e9tales riches en acides gras essentiels. Elle hydrate intens\u00e9ment la peau tout en la rendant souple et confortable. Cette huile est parfaitement tol\u00e9r\u00e9e par la peau, sans laisser de film gras ni tacher les v\u00eatements, assurant une douceur incomparable d\u00e8s la naissance, sauf pour les nourrissons pr\u00e9matur\u00e9s.<br \/>\nConseils d&rsquo;utilisation :<br \/>\nApr\u00e8s le bain, chauffer l&rsquo;huile dans le creux de la main et appliquer sur la peau par l\u00e9gers massages.S&rsquo;utilise \u00e9galement en versant directement dans l&rsquo;eau du bain pour corriger les effets dess\u00e9chants de l&rsquo;eau calcaire (1 \u00e0 2 doses suffisent).Attention : Peut rendre la baignoire glissante.<\/p>\n","protected":false},"excerpt":{"rendered":"<p>L&rsquo;ABCDerm Huile Douceur est sp\u00e9cialement con\u00e7ue pour renforcer la barri\u00e8re \u00e9pidermique gr\u00e2ce \u00e0 ses huiles v\u00e9g\u00e9tales riches en acides gras<\/p>\n","protected":false},"featured_media":12757,"comment_status":"open","ping_status":"closed","template":"","meta":[],"product_brand":[164],"product_cat":[783],"product_tag":[],"class_list":{"0":"post-44904","1":"product","2":"type-product","3":"status-publish","4":"has-post-thumbnail","6":"product_brand-abcderm","7":"product_cat-soins-cheveux-visage-et-corps","9":"first","10":"instock","11":"sale","12":"shipping-taxable","13":"purchasable","14":"product-type-simple"},"yoast_head":"<!-- This site is optimized with the Yoast SEO plugin v26.6 - https:\/\/yoast.com\/wordpress\/plugins\/seo\/ -->\r\n<title>BIODERMA ABCDERM HUILE DOUCEUR RELAXANTE CORPS ET BAIN 200ML - Paracherkaoui.ma<\/title>\r\n<meta name=\"robots\" content=\"index, follow, max-snippet:-1, max-image-preview:large, max-video-preview:-1\" \/>\r\n<link rel=\"canonical\" href=\"https:\/\/paracherkaoui.ma\/index.php\/produit\/bioderma-abcderm-huile-douceur-relaxante-corps-et-bain-200ml-2\/\" \/>\r\n<meta property=\"og:locale\" content=\"fr_FR\" \/>\r\n<meta property=\"og:type\" content=\"article\" \/>\r\n<meta property=\"og:title\" content=\"BIODERMA ABCDERM HUILE DOUCEUR RELAXANTE CORPS ET BAIN 200ML - Paracherkaoui.ma\" \/>\r\n<meta property=\"og:description\" content=\"L&rsquo;ABCDerm Huile Douceur est sp\u00e9cialement con\u00e7ue pour renforcer la barri\u00e8re \u00e9pidermique gr\u00e2ce \u00e0 ses huiles v\u00e9g\u00e9tales riches en acides gras\" \/>\r\n<meta property=\"og:url\" content=\"https:\/\/paracherkaoui.ma\/index.php\/produit\/bioderma-abcderm-huile-douceur-relaxante-corps-et-bain-200ml-2\/\" \/>\r\n<meta property=\"og:site_name\" content=\"Paracherkaoui.ma\" \/>\r\n<meta property=\"article:modified_time\" content=\"2025-12-12T18:14:31+00:00\" \/>\r\n<meta property=\"og:image\" content=\"https:\/\/paracherkaoui.ma\/wp-content\/uploads\/2025\/12\/bioderma-bioderma-abcderm-huile-douceur-relaxante-corps-et-bain-200ml-bebe-maman.jpg\" \/>\r\n\t<meta property=\"og:image:width\" content=\"700\" \/>\r\n\t<meta property=\"og:image:height\" content=\"700\" \/>\r\n\t<meta property=\"og:image:type\" content=\"image\/jpeg\" \/>\r\n<meta name=\"twitter:card\" content=\"summary_large_image\" \/>\r\n<meta name=\"twitter:label1\" content=\"Dur\u00e9e de lecture estim\u00e9e\" \/>\n\t<meta name=\"twitter:data1\" content=\"1 minute\" \/>\r\n<script type=\"application\/ld+json\" class=\"yoast-schema-graph\">{\"@context\":\"https:\/\/schema.org\",\"@graph\":[{\"@type\":\"WebPage\",\"@id\":\"https:\/\/paracherkaoui.ma\/index.php\/produit\/bioderma-abcderm-huile-douceur-relaxante-corps-et-bain-200ml-2\/\",\"url\":\"https:\/\/paracherkaoui.ma\/index.php\/produit\/bioderma-abcderm-huile-douceur-relaxante-corps-et-bain-200ml-2\/\",\"name\":\"BIODERMA ABCDERM HUILE DOUCEUR RELAXANTE CORPS ET BAIN 200ML - Paracherkaoui.ma\",\"isPartOf\":{\"@id\":\"https:\/\/paracherkaoui.ma\/#website\"},\"primaryImageOfPage\":{\"@id\":\"https:\/\/paracherkaoui.ma\/index.php\/produit\/bioderma-abcderm-huile-douceur-relaxante-corps-et-bain-200ml-2\/#primaryimage\"},\"image\":{\"@id\":\"https:\/\/paracherkaoui.ma\/index.php\/produit\/bioderma-abcderm-huile-douceur-relaxante-corps-et-bain-200ml-2\/#primaryimage\"},\"thumbnailUrl\":\"https:\/\/paracherkaoui.ma\/wp-content\/uploads\/2025\/12\/bioderma-bioderma-abcderm-huile-douceur-relaxante-corps-et-bain-200ml-bebe-maman.jpg\",\"datePublished\":\"2025-12-12T18:14:24+00:00\",\"dateModified\":\"2025-12-12T18:14:31+00:00\",\"breadcrumb\":{\"@id\":\"https:\/\/paracherkaoui.ma\/index.php\/produit\/bioderma-abcderm-huile-douceur-relaxante-corps-et-bain-200ml-2\/#breadcrumb\"},\"inLanguage\":\"fr-FR\",\"potentialAction\":[{\"@type\":\"ReadAction\",\"target\":[\"https:\/\/paracherkaoui.ma\/index.php\/produit\/bioderma-abcderm-huile-douceur-relaxante-corps-et-bain-200ml-2\/\"]}]},{\"@type\":\"ImageObject\",\"inLanguage\":\"fr-FR\",\"@id\":\"https:\/\/paracherkaoui.ma\/index.php\/produit\/bioderma-abcderm-huile-douceur-relaxante-corps-et-bain-200ml-2\/#primaryimage\",\"url\":\"https:\/\/paracherkaoui.ma\/wp-content\/uploads\/2025\/12\/bioderma-bioderma-abcderm-huile-douceur-relaxante-corps-et-bain-200ml-bebe-maman.jpg\",\"contentUrl\":\"https:\/\/paracherkaoui.ma\/wp-content\/uploads\/2025\/12\/bioderma-bioderma-abcderm-huile-douceur-relaxante-corps-et-bain-200ml-bebe-maman.jpg\",\"width\":700,\"height\":700},{\"@type\":\"BreadcrumbList\",\"@id\":\"https:\/\/paracherkaoui.ma\/index.php\/produit\/bioderma-abcderm-huile-douceur-relaxante-corps-et-bain-200ml-2\/#breadcrumb\",\"itemListElement\":[{\"@type\":\"ListItem\",\"position\":1,\"name\":\"Accueil\",\"item\":\"https:\/\/paracherkaoui.ma\/\"},{\"@type\":\"ListItem\",\"position\":2,\"name\":\"Boutique\",\"item\":\"https:\/\/paracherkaoui.ma\/index.php\/boutique\/\"},{\"@type\":\"ListItem\",\"position\":3,\"name\":\"BIODERMA ABCDERM HUILE DOUCEUR RELAXANTE CORPS ET BAIN 200ML\"}]},{\"@type\":\"WebSite\",\"@id\":\"https:\/\/paracherkaoui.ma\/#website\",\"url\":\"https:\/\/paracherkaoui.ma\/\",\"name\":\"Paracherkaoui.ma\",\"description\":\"Achetez en ligne sur Paracherkaoui.ma\",\"potentialAction\":[{\"@type\":\"SearchAction\",\"target\":{\"@type\":\"EntryPoint\",\"urlTemplate\":\"https:\/\/paracherkaoui.ma\/?s={search_term_string}\"},\"query-input\":{\"@type\":\"PropertyValueSpecification\",\"valueRequired\":true,\"valueName\":\"search_term_string\"}}],\"inLanguage\":\"fr-FR\"}]}<\/script>\r\n<!-- \/ Yoast SEO plugin. -->","yoast_head_json":{"title":"BIODERMA ABCDERM HUILE DOUCEUR RELAXANTE CORPS ET BAIN 200ML - Paracherkaoui.ma","robots":{"index":"index","follow":"follow","max-snippet":"max-snippet:-1","max-image-preview":"max-image-preview:large","max-video-preview":"max-video-preview:-1"},"canonical":"https:\/\/paracherkaoui.ma\/index.php\/produit\/bioderma-abcderm-huile-douceur-relaxante-corps-et-bain-200ml-2\/","og_locale":"fr_FR","og_type":"article","og_title":"BIODERMA ABCDERM HUILE DOUCEUR RELAXANTE CORPS ET BAIN 200ML - Paracherkaoui.ma","og_description":"L&rsquo;ABCDerm Huile Douceur est sp\u00e9cialement con\u00e7ue pour renforcer la barri\u00e8re \u00e9pidermique gr\u00e2ce \u00e0 ses huiles v\u00e9g\u00e9tales riches en acides gras","og_url":"https:\/\/paracherkaoui.ma\/index.php\/produit\/bioderma-abcderm-huile-douceur-relaxante-corps-et-bain-200ml-2\/","og_site_name":"Paracherkaoui.ma","article_modified_time":"2025-12-12T18:14:31+00:00","og_image":[{"width":700,"height":700,"url":"https:\/\/paracherkaoui.ma\/wp-content\/uploads\/2025\/12\/bioderma-bioderma-abcderm-huile-douceur-relaxante-corps-et-bain-200ml-bebe-maman.jpg","type":"image\/jpeg"}],"twitter_card":"summary_large_image","twitter_misc":{"Dur\u00e9e de lecture estim\u00e9e":"1 minute"},"schema":{"@context":"https:\/\/schema.org","@graph":[{"@type":"WebPage","@id":"https:\/\/paracherkaoui.ma\/index.php\/produit\/bioderma-abcderm-huile-douceur-relaxante-corps-et-bain-200ml-2\/","url":"https:\/\/paracherkaoui.ma\/index.php\/produit\/bioderma-abcderm-huile-douceur-relaxante-corps-et-bain-200ml-2\/","name":"BIODERMA ABCDERM HUILE DOUCEUR RELAXANTE CORPS ET BAIN 200ML - Paracherkaoui.ma","isPartOf":{"@id":"https:\/\/paracherkaoui.ma\/#website"},"primaryImageOfPage":{"@id":"https:\/\/paracherkaoui.ma\/index.php\/produit\/bioderma-abcderm-huile-douceur-relaxante-corps-et-bain-200ml-2\/#primaryimage"},"image":{"@id":"https:\/\/paracherkaoui.ma\/index.php\/produit\/bioderma-abcderm-huile-douceur-relaxante-corps-et-bain-200ml-2\/#primaryimage"},"thumbnailUrl":"https:\/\/paracherkaoui.ma\/wp-content\/uploads\/2025\/12\/bioderma-bioderma-abcderm-huile-douceur-relaxante-corps-et-bain-200ml-bebe-maman.jpg","datePublished":"2025-12-12T18:14:24+00:00","dateModified":"2025-12-12T18:14:31+00:00","breadcrumb":{"@id":"https:\/\/paracherkaoui.ma\/index.php\/produit\/bioderma-abcderm-huile-douceur-relaxante-corps-et-bain-200ml-2\/#breadcrumb"},"inLanguage":"fr-FR","potentialAction":[{"@type":"ReadAction","target":["https:\/\/paracherkaoui.ma\/index.php\/produit\/bioderma-abcderm-huile-douceur-relaxante-corps-et-bain-200ml-2\/"]}]},{"@type":"ImageObject","inLanguage":"fr-FR","@id":"https:\/\/paracherkaoui.ma\/index.php\/produit\/bioderma-abcderm-huile-douceur-relaxante-corps-et-bain-200ml-2\/#primaryimage","url":"https:\/\/paracherkaoui.ma\/wp-content\/uploads\/2025\/12\/bioderma-bioderma-abcderm-huile-douceur-relaxante-corps-et-bain-200ml-bebe-maman.jpg","contentUrl":"https:\/\/paracherkaoui.ma\/wp-content\/uploads\/2025\/12\/bioderma-bioderma-abcderm-huile-douceur-relaxante-corps-et-bain-200ml-bebe-maman.jpg","width":700,"height":700},{"@type":"BreadcrumbList","@id":"https:\/\/paracherkaoui.ma\/index.php\/produit\/bioderma-abcderm-huile-douceur-relaxante-corps-et-bain-200ml-2\/#breadcrumb","itemListElement":[{"@type":"ListItem","position":1,"name":"Accueil","item":"https:\/\/paracherkaoui.ma\/"},{"@type":"ListItem","position":2,"name":"Boutique","item":"https:\/\/paracherkaoui.ma\/index.php\/boutique\/"},{"@type":"ListItem","position":3,"name":"BIODERMA ABCDERM HUILE DOUCEUR RELAXANTE CORPS ET BAIN 200ML"}]},{"@type":"WebSite","@id":"https:\/\/paracherkaoui.ma\/#website","url":"https:\/\/paracherkaoui.ma\/","name":"Paracherkaoui.ma","description":"Achetez en ligne sur Paracherkaoui.ma","potentialAction":[{"@type":"SearchAction","target":{"@type":"EntryPoint","urlTemplate":"https:\/\/paracherkaoui.ma\/?s={search_term_string}"},"query-input":{"@type":"PropertyValueSpecification","valueRequired":true,"valueName":"search_term_string"}}],"inLanguage":"fr-FR"}]}},"_links":{"self":[{"href":"https:\/\/paracherkaoui.ma\/index.php\/wp-json\/wp\/v2\/product\/44904","targetHints":{"allow":["GET"]}}],"collection":[{"href":"https:\/\/paracherkaoui.ma\/index.php\/wp-json\/wp\/v2\/product"}],"about":[{"href":"https:\/\/paracherkaoui.ma\/index.php\/wp-json\/wp\/v2\/types\/product"}],"replies":[{"embeddable":true,"href":"https:\/\/paracherkaoui.ma\/index.php\/wp-json\/wp\/v2\/comments?post=44904"}],"version-history":[{"count":1,"href":"https:\/\/paracherkaoui.ma\/index.php\/wp-json\/wp\/v2\/product\/44904\/revisions"}],"predecessor-version":[{"id":44944,"href":"https:\/\/paracherkaoui.ma\/index.php\/wp-json\/wp\/v2\/product\/44904\/revisions\/44944"}],"wp:featuredmedia":[{"embeddable":true,"href":"https:\/\/paracherkaoui.ma\/index.php\/wp-json\/wp\/v2\/media\/12757"}],"wp:attachment":[{"href":"https:\/\/paracherkaoui.ma\/index.php\/wp-json\/wp\/v2\/media?parent=44904"}],"wp:term":[{"taxonomy":"product_brand","embeddable":true,"href":"https:\/\/paracherkaoui.ma\/index.php\/wp-json\/wp\/v2\/product_brand?post=44904"},{"taxonomy":"product_cat","embeddable":true,"href":"https:\/\/paracherkaoui.ma\/index.php\/wp-json\/wp\/v2\/product_cat?post=44904"},{"taxonomy":"product_tag","embeddable":true,"href":"https:\/\/paracherkaoui.ma\/index.php\/wp-json\/wp\/v2\/product_tag?post=44904"}],"curies":[{"name":"wp","href":"https:\/\/api.w.org\/{rel}","templated":true}]}}