{"id":44902,"date":"2025-12-12T19:14:24","date_gmt":"2025-12-12T18:14:24","guid":{"rendered":"https:\/\/test.ecbeaute.com\/?post_type=product&#038;p=44902"},"modified":"2025-12-12T19:14:30","modified_gmt":"2025-12-12T18:14:30","slug":"weleda-huile-de-massage-du-perinee-50-ml","status":"publish","type":"product","link":"https:\/\/paracherkaoui.ma\/index.php\/produit\/weleda-huile-de-massage-du-perinee-50-ml\/","title":{"rendered":"WELEDA HUILE DE MASSAGE DU PERINEE 50 ML"},"content":{"rendered":"<p>Fabriqu\u00e9e par la marque Weleda, il s&rsquo;agit d&rsquo;une huile, permettant de faire un massage doux. Comme son nom l&rsquo;indique, elle s&rsquo;applique principalement sur les parties p\u00e9rin\u00e9ales, depuis la 37e semaine de la grossesse. Elle consiste \u00e0 une combinaison d&rsquo;huiles essentielles et d&rsquo;huiles v\u00e9g\u00e9tales, notamment de bl\u00e9 et d&rsquo;amande douce. Elles sont toutes d&rsquo;<br \/>\norigine v\u00e9g\u00e9tale et naturelle<br \/>\n.<br \/>\nL&rsquo;usage de cette huile de massage permet de profiter de plusieurs vertus. Elle aide les femmes enceintes \u00e0 se pr\u00e9parer pour le grand moment attendu.<br \/>\nUne excellente ressource de pr\u00e9paration des muscles pour les femmes enceintes<br \/>\nCette huile de massage permet aux futures m\u00e8res d&rsquo;entretenir leurs muscles pelviens durant leur p\u00e9riode de grossesse. Elle constitue une excellente ressource de pr\u00e9paration \u00e0 l&rsquo;accouchement\u00a0pour cette zone corporelle, gr\u00e2ce \u00e0 un massage r\u00e9gulier. Cela leur offre les meilleures chances de r\u00e9agir correctement lors du jour J.<br \/>\nEn effet, l&rsquo;utilisation de cette huile de massage offre aux femmes enceintes la possibilit\u00e9 de disposer d&rsquo;un moment de relaxation. Cela leur contribue au travail des exercices de respiration que la sage-femme leur enseigne. Toutefois, il s&rsquo;agit de la principale pr\u00e9paration \u00e0 l&rsquo;accouchement. Cela aide \u00e0 la prise de conscience du corps ainsi que des muscles, intervenant durant la pouss\u00e9e.<br \/>\nId\u00e9ale pour le soin de la peau<br \/>\nOutre une excellente ressource pour le massage des muscles, cette huile consiste davantage \u00e0 un excellent soin pour la peau p\u00e9rin\u00e9ale. C&rsquo;est en raison de sa puissante propri\u00e9t\u00e9 hydratante, permettant de favoriser l&rsquo;assouplissement des tissus cutan\u00e9s. Elle participe \u00e9galement \u00e0 l&rsquo;optimisation de leur \u00e9lasticit\u00e9 et \u00e0 la r\u00e9duction significative des risques de d\u00e9chirure du p\u00e9rin\u00e9e.<br \/>\nIl en va de m\u00eame pour l\u2019\u00e9pisiotomie, car il s&rsquo;agit d&rsquo;un ph\u00e9nom\u00e8ne courant lors de l&rsquo;accouchement. Par ailleurs, l&rsquo;huile convient \u00e0 tous les types de peau, en raison de sa physiologie.<\/p>\n","protected":false},"excerpt":{"rendered":"<p>Fabriqu\u00e9e par la marque Weleda, il s&rsquo;agit d&rsquo;une huile, permettant de faire un massage doux. Comme son nom l&rsquo;indique, elle<\/p>\n","protected":false},"featured_media":44940,"comment_status":"open","ping_status":"closed","template":"","meta":[],"product_brand":[313],"product_cat":[783],"product_tag":[],"class_list":{"0":"post-44902","1":"product","2":"type-product","3":"status-publish","4":"has-post-thumbnail","6":"product_brand-weleda","7":"product_cat-soins-cheveux-visage-et-corps","9":"first","10":"instock","11":"shipping-taxable","12":"purchasable","13":"product-type-simple"},"yoast_head":"<!-- This site is optimized with the Yoast SEO plugin v26.6 - https:\/\/yoast.com\/wordpress\/plugins\/seo\/ -->\r\n<title>WELEDA HUILE DE MASSAGE DU PERINEE 50 ML - Paracherkaoui.ma<\/title>\r\n<meta name=\"robots\" content=\"index, follow, max-snippet:-1, max-image-preview:large, max-video-preview:-1\" \/>\r\n<link rel=\"canonical\" href=\"https:\/\/paracherkaoui.ma\/index.php\/produit\/weleda-huile-de-massage-du-perinee-50-ml\/\" \/>\r\n<meta property=\"og:locale\" content=\"fr_FR\" \/>\r\n<meta property=\"og:type\" content=\"article\" \/>\r\n<meta property=\"og:title\" content=\"WELEDA HUILE DE MASSAGE DU PERINEE 50 ML - Paracherkaoui.ma\" \/>\r\n<meta property=\"og:description\" content=\"Fabriqu\u00e9e par la marque Weleda, il s&rsquo;agit d&rsquo;une huile, permettant de faire un massage doux. Comme son nom l&rsquo;indique, elle\" \/>\r\n<meta property=\"og:url\" content=\"https:\/\/paracherkaoui.ma\/index.php\/produit\/weleda-huile-de-massage-du-perinee-50-ml\/\" \/>\r\n<meta property=\"og:site_name\" content=\"Paracherkaoui.ma\" \/>\r\n<meta property=\"article:modified_time\" content=\"2025-12-12T18:14:30+00:00\" \/>\r\n<meta property=\"og:image\" content=\"https:\/\/paracherkaoui.ma\/wp-content\/uploads\/2025\/12\/weleda-weleda-huile-de-massage-du-perinee-50-ml-soins-cheveux-visage-et-corps.jpg\" \/>\r\n\t<meta property=\"og:image:width\" content=\"700\" \/>\r\n\t<meta property=\"og:image:height\" content=\"700\" \/>\r\n\t<meta property=\"og:image:type\" content=\"image\/jpeg\" \/>\r\n<meta name=\"twitter:card\" content=\"summary_large_image\" \/>\r\n<meta name=\"twitter:label1\" content=\"Dur\u00e9e de lecture estim\u00e9e\" \/>\n\t<meta name=\"twitter:data1\" content=\"2 minutes\" \/>\r\n<script type=\"application\/ld+json\" class=\"yoast-schema-graph\">{\"@context\":\"https:\/\/schema.org\",\"@graph\":[{\"@type\":\"WebPage\",\"@id\":\"https:\/\/paracherkaoui.ma\/index.php\/produit\/weleda-huile-de-massage-du-perinee-50-ml\/\",\"url\":\"https:\/\/paracherkaoui.ma\/index.php\/produit\/weleda-huile-de-massage-du-perinee-50-ml\/\",\"name\":\"WELEDA HUILE DE MASSAGE DU PERINEE 50 ML - Paracherkaoui.ma\",\"isPartOf\":{\"@id\":\"https:\/\/paracherkaoui.ma\/#website\"},\"primaryImageOfPage\":{\"@id\":\"https:\/\/paracherkaoui.ma\/index.php\/produit\/weleda-huile-de-massage-du-perinee-50-ml\/#primaryimage\"},\"image\":{\"@id\":\"https:\/\/paracherkaoui.ma\/index.php\/produit\/weleda-huile-de-massage-du-perinee-50-ml\/#primaryimage\"},\"thumbnailUrl\":\"https:\/\/paracherkaoui.ma\/wp-content\/uploads\/2025\/12\/weleda-weleda-huile-de-massage-du-perinee-50-ml-soins-cheveux-visage-et-corps.jpg\",\"datePublished\":\"2025-12-12T18:14:24+00:00\",\"dateModified\":\"2025-12-12T18:14:30+00:00\",\"breadcrumb\":{\"@id\":\"https:\/\/paracherkaoui.ma\/index.php\/produit\/weleda-huile-de-massage-du-perinee-50-ml\/#breadcrumb\"},\"inLanguage\":\"fr-FR\",\"potentialAction\":[{\"@type\":\"ReadAction\",\"target\":[\"https:\/\/paracherkaoui.ma\/index.php\/produit\/weleda-huile-de-massage-du-perinee-50-ml\/\"]}]},{\"@type\":\"ImageObject\",\"inLanguage\":\"fr-FR\",\"@id\":\"https:\/\/paracherkaoui.ma\/index.php\/produit\/weleda-huile-de-massage-du-perinee-50-ml\/#primaryimage\",\"url\":\"https:\/\/paracherkaoui.ma\/wp-content\/uploads\/2025\/12\/weleda-weleda-huile-de-massage-du-perinee-50-ml-soins-cheveux-visage-et-corps.jpg\",\"contentUrl\":\"https:\/\/paracherkaoui.ma\/wp-content\/uploads\/2025\/12\/weleda-weleda-huile-de-massage-du-perinee-50-ml-soins-cheveux-visage-et-corps.jpg\",\"width\":700,\"height\":700},{\"@type\":\"BreadcrumbList\",\"@id\":\"https:\/\/paracherkaoui.ma\/index.php\/produit\/weleda-huile-de-massage-du-perinee-50-ml\/#breadcrumb\",\"itemListElement\":[{\"@type\":\"ListItem\",\"position\":1,\"name\":\"Accueil\",\"item\":\"https:\/\/paracherkaoui.ma\/\"},{\"@type\":\"ListItem\",\"position\":2,\"name\":\"Boutique\",\"item\":\"https:\/\/paracherkaoui.ma\/index.php\/boutique\/\"},{\"@type\":\"ListItem\",\"position\":3,\"name\":\"WELEDA HUILE DE MASSAGE DU PERINEE 50 ML\"}]},{\"@type\":\"WebSite\",\"@id\":\"https:\/\/paracherkaoui.ma\/#website\",\"url\":\"https:\/\/paracherkaoui.ma\/\",\"name\":\"Paracherkaoui.ma\",\"description\":\"Achetez en ligne sur Paracherkaoui.ma\",\"potentialAction\":[{\"@type\":\"SearchAction\",\"target\":{\"@type\":\"EntryPoint\",\"urlTemplate\":\"https:\/\/paracherkaoui.ma\/?s={search_term_string}\"},\"query-input\":{\"@type\":\"PropertyValueSpecification\",\"valueRequired\":true,\"valueName\":\"search_term_string\"}}],\"inLanguage\":\"fr-FR\"}]}<\/script>\r\n<!-- \/ Yoast SEO plugin. -->","yoast_head_json":{"title":"WELEDA HUILE DE MASSAGE DU PERINEE 50 ML - Paracherkaoui.ma","robots":{"index":"index","follow":"follow","max-snippet":"max-snippet:-1","max-image-preview":"max-image-preview:large","max-video-preview":"max-video-preview:-1"},"canonical":"https:\/\/paracherkaoui.ma\/index.php\/produit\/weleda-huile-de-massage-du-perinee-50-ml\/","og_locale":"fr_FR","og_type":"article","og_title":"WELEDA HUILE DE MASSAGE DU PERINEE 50 ML - Paracherkaoui.ma","og_description":"Fabriqu\u00e9e par la marque Weleda, il s&rsquo;agit d&rsquo;une huile, permettant de faire un massage doux. Comme son nom l&rsquo;indique, elle","og_url":"https:\/\/paracherkaoui.ma\/index.php\/produit\/weleda-huile-de-massage-du-perinee-50-ml\/","og_site_name":"Paracherkaoui.ma","article_modified_time":"2025-12-12T18:14:30+00:00","og_image":[{"width":700,"height":700,"url":"https:\/\/paracherkaoui.ma\/wp-content\/uploads\/2025\/12\/weleda-weleda-huile-de-massage-du-perinee-50-ml-soins-cheveux-visage-et-corps.jpg","type":"image\/jpeg"}],"twitter_card":"summary_large_image","twitter_misc":{"Dur\u00e9e de lecture estim\u00e9e":"2 minutes"},"schema":{"@context":"https:\/\/schema.org","@graph":[{"@type":"WebPage","@id":"https:\/\/paracherkaoui.ma\/index.php\/produit\/weleda-huile-de-massage-du-perinee-50-ml\/","url":"https:\/\/paracherkaoui.ma\/index.php\/produit\/weleda-huile-de-massage-du-perinee-50-ml\/","name":"WELEDA HUILE DE MASSAGE DU PERINEE 50 ML - Paracherkaoui.ma","isPartOf":{"@id":"https:\/\/paracherkaoui.ma\/#website"},"primaryImageOfPage":{"@id":"https:\/\/paracherkaoui.ma\/index.php\/produit\/weleda-huile-de-massage-du-perinee-50-ml\/#primaryimage"},"image":{"@id":"https:\/\/paracherkaoui.ma\/index.php\/produit\/weleda-huile-de-massage-du-perinee-50-ml\/#primaryimage"},"thumbnailUrl":"https:\/\/paracherkaoui.ma\/wp-content\/uploads\/2025\/12\/weleda-weleda-huile-de-massage-du-perinee-50-ml-soins-cheveux-visage-et-corps.jpg","datePublished":"2025-12-12T18:14:24+00:00","dateModified":"2025-12-12T18:14:30+00:00","breadcrumb":{"@id":"https:\/\/paracherkaoui.ma\/index.php\/produit\/weleda-huile-de-massage-du-perinee-50-ml\/#breadcrumb"},"inLanguage":"fr-FR","potentialAction":[{"@type":"ReadAction","target":["https:\/\/paracherkaoui.ma\/index.php\/produit\/weleda-huile-de-massage-du-perinee-50-ml\/"]}]},{"@type":"ImageObject","inLanguage":"fr-FR","@id":"https:\/\/paracherkaoui.ma\/index.php\/produit\/weleda-huile-de-massage-du-perinee-50-ml\/#primaryimage","url":"https:\/\/paracherkaoui.ma\/wp-content\/uploads\/2025\/12\/weleda-weleda-huile-de-massage-du-perinee-50-ml-soins-cheveux-visage-et-corps.jpg","contentUrl":"https:\/\/paracherkaoui.ma\/wp-content\/uploads\/2025\/12\/weleda-weleda-huile-de-massage-du-perinee-50-ml-soins-cheveux-visage-et-corps.jpg","width":700,"height":700},{"@type":"BreadcrumbList","@id":"https:\/\/paracherkaoui.ma\/index.php\/produit\/weleda-huile-de-massage-du-perinee-50-ml\/#breadcrumb","itemListElement":[{"@type":"ListItem","position":1,"name":"Accueil","item":"https:\/\/paracherkaoui.ma\/"},{"@type":"ListItem","position":2,"name":"Boutique","item":"https:\/\/paracherkaoui.ma\/index.php\/boutique\/"},{"@type":"ListItem","position":3,"name":"WELEDA HUILE DE MASSAGE DU PERINEE 50 ML"}]},{"@type":"WebSite","@id":"https:\/\/paracherkaoui.ma\/#website","url":"https:\/\/paracherkaoui.ma\/","name":"Paracherkaoui.ma","description":"Achetez en ligne sur Paracherkaoui.ma","potentialAction":[{"@type":"SearchAction","target":{"@type":"EntryPoint","urlTemplate":"https:\/\/paracherkaoui.ma\/?s={search_term_string}"},"query-input":{"@type":"PropertyValueSpecification","valueRequired":true,"valueName":"search_term_string"}}],"inLanguage":"fr-FR"}]}},"_links":{"self":[{"href":"https:\/\/paracherkaoui.ma\/index.php\/wp-json\/wp\/v2\/product\/44902","targetHints":{"allow":["GET"]}}],"collection":[{"href":"https:\/\/paracherkaoui.ma\/index.php\/wp-json\/wp\/v2\/product"}],"about":[{"href":"https:\/\/paracherkaoui.ma\/index.php\/wp-json\/wp\/v2\/types\/product"}],"replies":[{"embeddable":true,"href":"https:\/\/paracherkaoui.ma\/index.php\/wp-json\/wp\/v2\/comments?post=44902"}],"version-history":[{"count":1,"href":"https:\/\/paracherkaoui.ma\/index.php\/wp-json\/wp\/v2\/product\/44902\/revisions"}],"predecessor-version":[{"id":44941,"href":"https:\/\/paracherkaoui.ma\/index.php\/wp-json\/wp\/v2\/product\/44902\/revisions\/44941"}],"wp:featuredmedia":[{"embeddable":true,"href":"https:\/\/paracherkaoui.ma\/index.php\/wp-json\/wp\/v2\/media\/44940"}],"wp:attachment":[{"href":"https:\/\/paracherkaoui.ma\/index.php\/wp-json\/wp\/v2\/media?parent=44902"}],"wp:term":[{"taxonomy":"product_brand","embeddable":true,"href":"https:\/\/paracherkaoui.ma\/index.php\/wp-json\/wp\/v2\/product_brand?post=44902"},{"taxonomy":"product_cat","embeddable":true,"href":"https:\/\/paracherkaoui.ma\/index.php\/wp-json\/wp\/v2\/product_cat?post=44902"},{"taxonomy":"product_tag","embeddable":true,"href":"https:\/\/paracherkaoui.ma\/index.php\/wp-json\/wp\/v2\/product_tag?post=44902"}],"curies":[{"name":"wp","href":"https:\/\/api.w.org\/{rel}","templated":true}]}}