{"id":44901,"date":"2025-12-12T19:14:24","date_gmt":"2025-12-12T18:14:24","guid":{"rendered":"https:\/\/test.ecbeaute.com\/?post_type=product&#038;p=44901"},"modified":"2025-12-12T19:14:30","modified_gmt":"2025-12-12T18:14:30","slug":"dr-browns-brosse-peigne-doux-et-securitaire","status":"publish","type":"product","link":"https:\/\/paracherkaoui.ma\/index.php\/produit\/dr-browns-brosse-peigne-doux-et-securitaire\/","title":{"rendered":"DR BROWNS BROSSE + PEIGNE DOUX ET SECURITAIRE"},"content":{"rendered":"<p>La brosse et le peigne pour b\u00e9b\u00e9 doux et s\u00fbrs Dr. Brown&rsquo;s\u2122 sont con\u00e7us pour toutes les \u00e9tapes de la croissance des cheveux de b\u00e9b\u00e9. Les poils doux et apaisants sont doux pour la t\u00eate de b\u00e9b\u00e9 mais suffisamment robustes pour brosser tous les types de cheveux, qu&rsquo;ils soient fins, \u00e9pais, boucl\u00e9s ou raides.<br \/>\nPoils doux<br \/>\nPeigne arrondi s\u00fbr<br \/>\nAide \u00e0 pr\u00e9venir les cro\u00fbtes de lait<\/p>\n","protected":false},"excerpt":{"rendered":"<p>La brosse et le peigne pour b\u00e9b\u00e9 doux et s\u00fbrs Dr. Brown&rsquo;s\u2122 sont con\u00e7us pour toutes les \u00e9tapes de la<\/p>\n","protected":false},"featured_media":44938,"comment_status":"open","ping_status":"closed","template":"","meta":[],"product_brand":[740],"product_cat":[783],"product_tag":[],"class_list":{"0":"post-44901","1":"product","2":"type-product","3":"status-publish","4":"has-post-thumbnail","6":"product_brand-dr-browns","7":"product_cat-soins-cheveux-visage-et-corps","9":"first","10":"instock","11":"sale","12":"shipping-taxable","13":"purchasable","14":"product-type-simple"},"yoast_head":"<!-- This site is optimized with the Yoast SEO plugin v26.6 - https:\/\/yoast.com\/wordpress\/plugins\/seo\/ -->\r\n<title>DR BROWNS BROSSE + PEIGNE DOUX ET SECURITAIRE - Paracherkaoui.ma<\/title>\r\n<meta name=\"robots\" content=\"index, follow, max-snippet:-1, max-image-preview:large, max-video-preview:-1\" \/>\r\n<link rel=\"canonical\" href=\"https:\/\/paracherkaoui.ma\/index.php\/produit\/dr-browns-brosse-peigne-doux-et-securitaire\/\" \/>\r\n<meta property=\"og:locale\" content=\"fr_FR\" \/>\r\n<meta property=\"og:type\" content=\"article\" \/>\r\n<meta property=\"og:title\" content=\"DR BROWNS BROSSE + PEIGNE DOUX ET SECURITAIRE - Paracherkaoui.ma\" \/>\r\n<meta property=\"og:description\" content=\"La brosse et le peigne pour b\u00e9b\u00e9 doux et s\u00fbrs Dr. Brown&rsquo;s\u2122 sont con\u00e7us pour toutes les \u00e9tapes de la\" \/>\r\n<meta property=\"og:url\" content=\"https:\/\/paracherkaoui.ma\/index.php\/produit\/dr-browns-brosse-peigne-doux-et-securitaire\/\" \/>\r\n<meta property=\"og:site_name\" content=\"Paracherkaoui.ma\" \/>\r\n<meta property=\"article:modified_time\" content=\"2025-12-12T18:14:30+00:00\" \/>\r\n<meta property=\"og:image\" content=\"https:\/\/paracherkaoui.ma\/wp-content\/uploads\/2025\/12\/dr-browns-dr-browns-brosse-peigne-doux-et-securitaire-accessoires.jpg\" \/>\r\n\t<meta property=\"og:image:width\" content=\"700\" \/>\r\n\t<meta property=\"og:image:height\" content=\"700\" \/>\r\n\t<meta property=\"og:image:type\" content=\"image\/jpeg\" \/>\r\n<meta name=\"twitter:card\" content=\"summary_large_image\" \/>\r\n<script type=\"application\/ld+json\" class=\"yoast-schema-graph\">{\"@context\":\"https:\/\/schema.org\",\"@graph\":[{\"@type\":\"WebPage\",\"@id\":\"https:\/\/paracherkaoui.ma\/index.php\/produit\/dr-browns-brosse-peigne-doux-et-securitaire\/\",\"url\":\"https:\/\/paracherkaoui.ma\/index.php\/produit\/dr-browns-brosse-peigne-doux-et-securitaire\/\",\"name\":\"DR BROWNS BROSSE + PEIGNE DOUX ET SECURITAIRE - Paracherkaoui.ma\",\"isPartOf\":{\"@id\":\"https:\/\/paracherkaoui.ma\/#website\"},\"primaryImageOfPage\":{\"@id\":\"https:\/\/paracherkaoui.ma\/index.php\/produit\/dr-browns-brosse-peigne-doux-et-securitaire\/#primaryimage\"},\"image\":{\"@id\":\"https:\/\/paracherkaoui.ma\/index.php\/produit\/dr-browns-brosse-peigne-doux-et-securitaire\/#primaryimage\"},\"thumbnailUrl\":\"https:\/\/paracherkaoui.ma\/wp-content\/uploads\/2025\/12\/dr-browns-dr-browns-brosse-peigne-doux-et-securitaire-accessoires.jpg\",\"datePublished\":\"2025-12-12T18:14:24+00:00\",\"dateModified\":\"2025-12-12T18:14:30+00:00\",\"breadcrumb\":{\"@id\":\"https:\/\/paracherkaoui.ma\/index.php\/produit\/dr-browns-brosse-peigne-doux-et-securitaire\/#breadcrumb\"},\"inLanguage\":\"fr-FR\",\"potentialAction\":[{\"@type\":\"ReadAction\",\"target\":[\"https:\/\/paracherkaoui.ma\/index.php\/produit\/dr-browns-brosse-peigne-doux-et-securitaire\/\"]}]},{\"@type\":\"ImageObject\",\"inLanguage\":\"fr-FR\",\"@id\":\"https:\/\/paracherkaoui.ma\/index.php\/produit\/dr-browns-brosse-peigne-doux-et-securitaire\/#primaryimage\",\"url\":\"https:\/\/paracherkaoui.ma\/wp-content\/uploads\/2025\/12\/dr-browns-dr-browns-brosse-peigne-doux-et-securitaire-accessoires.jpg\",\"contentUrl\":\"https:\/\/paracherkaoui.ma\/wp-content\/uploads\/2025\/12\/dr-browns-dr-browns-brosse-peigne-doux-et-securitaire-accessoires.jpg\",\"width\":700,\"height\":700},{\"@type\":\"BreadcrumbList\",\"@id\":\"https:\/\/paracherkaoui.ma\/index.php\/produit\/dr-browns-brosse-peigne-doux-et-securitaire\/#breadcrumb\",\"itemListElement\":[{\"@type\":\"ListItem\",\"position\":1,\"name\":\"Accueil\",\"item\":\"https:\/\/paracherkaoui.ma\/\"},{\"@type\":\"ListItem\",\"position\":2,\"name\":\"Boutique\",\"item\":\"https:\/\/paracherkaoui.ma\/index.php\/boutique\/\"},{\"@type\":\"ListItem\",\"position\":3,\"name\":\"DR BROWNS BROSSE + PEIGNE DOUX ET SECURITAIRE\"}]},{\"@type\":\"WebSite\",\"@id\":\"https:\/\/paracherkaoui.ma\/#website\",\"url\":\"https:\/\/paracherkaoui.ma\/\",\"name\":\"Paracherkaoui.ma\",\"description\":\"Achetez en ligne sur Paracherkaoui.ma\",\"potentialAction\":[{\"@type\":\"SearchAction\",\"target\":{\"@type\":\"EntryPoint\",\"urlTemplate\":\"https:\/\/paracherkaoui.ma\/?s={search_term_string}\"},\"query-input\":{\"@type\":\"PropertyValueSpecification\",\"valueRequired\":true,\"valueName\":\"search_term_string\"}}],\"inLanguage\":\"fr-FR\"}]}<\/script>\r\n<!-- \/ Yoast SEO plugin. -->","yoast_head_json":{"title":"DR BROWNS BROSSE + PEIGNE DOUX ET SECURITAIRE - Paracherkaoui.ma","robots":{"index":"index","follow":"follow","max-snippet":"max-snippet:-1","max-image-preview":"max-image-preview:large","max-video-preview":"max-video-preview:-1"},"canonical":"https:\/\/paracherkaoui.ma\/index.php\/produit\/dr-browns-brosse-peigne-doux-et-securitaire\/","og_locale":"fr_FR","og_type":"article","og_title":"DR BROWNS BROSSE + PEIGNE DOUX ET SECURITAIRE - Paracherkaoui.ma","og_description":"La brosse et le peigne pour b\u00e9b\u00e9 doux et s\u00fbrs Dr. Brown&rsquo;s\u2122 sont con\u00e7us pour toutes les \u00e9tapes de la","og_url":"https:\/\/paracherkaoui.ma\/index.php\/produit\/dr-browns-brosse-peigne-doux-et-securitaire\/","og_site_name":"Paracherkaoui.ma","article_modified_time":"2025-12-12T18:14:30+00:00","og_image":[{"width":700,"height":700,"url":"https:\/\/paracherkaoui.ma\/wp-content\/uploads\/2025\/12\/dr-browns-dr-browns-brosse-peigne-doux-et-securitaire-accessoires.jpg","type":"image\/jpeg"}],"twitter_card":"summary_large_image","schema":{"@context":"https:\/\/schema.org","@graph":[{"@type":"WebPage","@id":"https:\/\/paracherkaoui.ma\/index.php\/produit\/dr-browns-brosse-peigne-doux-et-securitaire\/","url":"https:\/\/paracherkaoui.ma\/index.php\/produit\/dr-browns-brosse-peigne-doux-et-securitaire\/","name":"DR BROWNS BROSSE + PEIGNE DOUX ET SECURITAIRE - Paracherkaoui.ma","isPartOf":{"@id":"https:\/\/paracherkaoui.ma\/#website"},"primaryImageOfPage":{"@id":"https:\/\/paracherkaoui.ma\/index.php\/produit\/dr-browns-brosse-peigne-doux-et-securitaire\/#primaryimage"},"image":{"@id":"https:\/\/paracherkaoui.ma\/index.php\/produit\/dr-browns-brosse-peigne-doux-et-securitaire\/#primaryimage"},"thumbnailUrl":"https:\/\/paracherkaoui.ma\/wp-content\/uploads\/2025\/12\/dr-browns-dr-browns-brosse-peigne-doux-et-securitaire-accessoires.jpg","datePublished":"2025-12-12T18:14:24+00:00","dateModified":"2025-12-12T18:14:30+00:00","breadcrumb":{"@id":"https:\/\/paracherkaoui.ma\/index.php\/produit\/dr-browns-brosse-peigne-doux-et-securitaire\/#breadcrumb"},"inLanguage":"fr-FR","potentialAction":[{"@type":"ReadAction","target":["https:\/\/paracherkaoui.ma\/index.php\/produit\/dr-browns-brosse-peigne-doux-et-securitaire\/"]}]},{"@type":"ImageObject","inLanguage":"fr-FR","@id":"https:\/\/paracherkaoui.ma\/index.php\/produit\/dr-browns-brosse-peigne-doux-et-securitaire\/#primaryimage","url":"https:\/\/paracherkaoui.ma\/wp-content\/uploads\/2025\/12\/dr-browns-dr-browns-brosse-peigne-doux-et-securitaire-accessoires.jpg","contentUrl":"https:\/\/paracherkaoui.ma\/wp-content\/uploads\/2025\/12\/dr-browns-dr-browns-brosse-peigne-doux-et-securitaire-accessoires.jpg","width":700,"height":700},{"@type":"BreadcrumbList","@id":"https:\/\/paracherkaoui.ma\/index.php\/produit\/dr-browns-brosse-peigne-doux-et-securitaire\/#breadcrumb","itemListElement":[{"@type":"ListItem","position":1,"name":"Accueil","item":"https:\/\/paracherkaoui.ma\/"},{"@type":"ListItem","position":2,"name":"Boutique","item":"https:\/\/paracherkaoui.ma\/index.php\/boutique\/"},{"@type":"ListItem","position":3,"name":"DR BROWNS BROSSE + PEIGNE DOUX ET SECURITAIRE"}]},{"@type":"WebSite","@id":"https:\/\/paracherkaoui.ma\/#website","url":"https:\/\/paracherkaoui.ma\/","name":"Paracherkaoui.ma","description":"Achetez en ligne sur Paracherkaoui.ma","potentialAction":[{"@type":"SearchAction","target":{"@type":"EntryPoint","urlTemplate":"https:\/\/paracherkaoui.ma\/?s={search_term_string}"},"query-input":{"@type":"PropertyValueSpecification","valueRequired":true,"valueName":"search_term_string"}}],"inLanguage":"fr-FR"}]}},"_links":{"self":[{"href":"https:\/\/paracherkaoui.ma\/index.php\/wp-json\/wp\/v2\/product\/44901","targetHints":{"allow":["GET"]}}],"collection":[{"href":"https:\/\/paracherkaoui.ma\/index.php\/wp-json\/wp\/v2\/product"}],"about":[{"href":"https:\/\/paracherkaoui.ma\/index.php\/wp-json\/wp\/v2\/types\/product"}],"replies":[{"embeddable":true,"href":"https:\/\/paracherkaoui.ma\/index.php\/wp-json\/wp\/v2\/comments?post=44901"}],"version-history":[{"count":1,"href":"https:\/\/paracherkaoui.ma\/index.php\/wp-json\/wp\/v2\/product\/44901\/revisions"}],"predecessor-version":[{"id":44939,"href":"https:\/\/paracherkaoui.ma\/index.php\/wp-json\/wp\/v2\/product\/44901\/revisions\/44939"}],"wp:featuredmedia":[{"embeddable":true,"href":"https:\/\/paracherkaoui.ma\/index.php\/wp-json\/wp\/v2\/media\/44938"}],"wp:attachment":[{"href":"https:\/\/paracherkaoui.ma\/index.php\/wp-json\/wp\/v2\/media?parent=44901"}],"wp:term":[{"taxonomy":"product_brand","embeddable":true,"href":"https:\/\/paracherkaoui.ma\/index.php\/wp-json\/wp\/v2\/product_brand?post=44901"},{"taxonomy":"product_cat","embeddable":true,"href":"https:\/\/paracherkaoui.ma\/index.php\/wp-json\/wp\/v2\/product_cat?post=44901"},{"taxonomy":"product_tag","embeddable":true,"href":"https:\/\/paracherkaoui.ma\/index.php\/wp-json\/wp\/v2\/product_tag?post=44901"}],"curies":[{"name":"wp","href":"https:\/\/api.w.org\/{rel}","templated":true}]}}