{"id":44900,"date":"2025-12-12T19:14:24","date_gmt":"2025-12-12T18:14:24","guid":{"rendered":"https:\/\/test.ecbeaute.com\/?post_type=product&#038;p=44900"},"modified":"2025-12-12T19:14:29","modified_gmt":"2025-12-12T18:14:29","slug":"bebe-confort-brosse-et-peigne-avec-miroir-0-mois","status":"publish","type":"product","link":"https:\/\/paracherkaoui.ma\/index.php\/produit\/bebe-confort-brosse-et-peigne-avec-miroir-0-mois\/","title":{"rendered":"BEBE CONFORT BROSSE ET PEIGNE AVEC MIROIR 0 MOIS +"},"content":{"rendered":"<p>Cette magnifique brosse \u00e0 cheveux pour b\u00e9b\u00e9 paper boat en nylon avec miroir int\u00e9gr\u00e9 au dos et peigne aux dents arrondies de la marque b\u00e9b\u00e9 confort sont un ensemble de\u00a0soins capillaires\u00a0pour peigner avec douceur les cheveux des tout-petits.<br \/>\nCette brosse en nylon b\u00e9b\u00e9 confort tr\u00e8s rigide ne s&rsquo;ab\u00eeme pas rapidement, ce qui permet une plus longue long\u00e9vit\u00e9\u00a0et une meilleure efficacit\u00e9\u00a0en terme de brossage et aussi de\u00a0coiffage pour les enfants.<br \/>\nUn compl\u00e9ment indispensable qui ne peut manquer dans la trousse de toilette de votre b\u00e9b\u00e9.<br \/>\nC&rsquo;est le cadeau de naissance utile par excellente !<\/p>\n","protected":false},"excerpt":{"rendered":"<p>Cette magnifique brosse \u00e0 cheveux pour b\u00e9b\u00e9 paper boat en nylon avec miroir int\u00e9gr\u00e9 au dos et peigne aux dents<\/p>\n","protected":false},"featured_media":44936,"comment_status":"open","ping_status":"closed","template":"","meta":[],"product_brand":[721],"product_cat":[783],"product_tag":[],"class_list":{"0":"post-44900","1":"product","2":"type-product","3":"status-publish","4":"has-post-thumbnail","6":"product_brand-bebe-confort","7":"product_cat-soins-cheveux-visage-et-corps","9":"first","10":"instock","11":"sale","12":"shipping-taxable","13":"purchasable","14":"product-type-simple"},"yoast_head":"<!-- This site is optimized with the Yoast SEO plugin v26.6 - https:\/\/yoast.com\/wordpress\/plugins\/seo\/ -->\r\n<title>BEBE CONFORT BROSSE ET PEIGNE AVEC MIROIR 0 MOIS + - Paracherkaoui.ma<\/title>\r\n<meta name=\"robots\" content=\"index, follow, max-snippet:-1, max-image-preview:large, max-video-preview:-1\" \/>\r\n<link rel=\"canonical\" href=\"https:\/\/paracherkaoui.ma\/index.php\/produit\/bebe-confort-brosse-et-peigne-avec-miroir-0-mois\/\" \/>\r\n<meta property=\"og:locale\" content=\"fr_FR\" \/>\r\n<meta property=\"og:type\" content=\"article\" \/>\r\n<meta property=\"og:title\" content=\"BEBE CONFORT BROSSE ET PEIGNE AVEC MIROIR 0 MOIS + - Paracherkaoui.ma\" \/>\r\n<meta property=\"og:description\" content=\"Cette magnifique brosse \u00e0 cheveux pour b\u00e9b\u00e9 paper boat en nylon avec miroir int\u00e9gr\u00e9 au dos et peigne aux dents\" \/>\r\n<meta property=\"og:url\" content=\"https:\/\/paracherkaoui.ma\/index.php\/produit\/bebe-confort-brosse-et-peigne-avec-miroir-0-mois\/\" \/>\r\n<meta property=\"og:site_name\" content=\"Paracherkaoui.ma\" \/>\r\n<meta property=\"article:modified_time\" content=\"2025-12-12T18:14:29+00:00\" \/>\r\n<meta property=\"og:image\" content=\"https:\/\/paracherkaoui.ma\/wp-content\/uploads\/2025\/12\/bebe-confort-bebe-confort-brosse-et-peigne-avec-miroir-0-mois-accessoires.jpg\" \/>\r\n\t<meta property=\"og:image:width\" content=\"700\" \/>\r\n\t<meta property=\"og:image:height\" content=\"700\" \/>\r\n\t<meta property=\"og:image:type\" content=\"image\/jpeg\" \/>\r\n<meta name=\"twitter:card\" content=\"summary_large_image\" \/>\r\n<meta name=\"twitter:label1\" content=\"Dur\u00e9e de lecture estim\u00e9e\" \/>\n\t<meta name=\"twitter:data1\" content=\"1 minute\" \/>\r\n<script type=\"application\/ld+json\" class=\"yoast-schema-graph\">{\"@context\":\"https:\/\/schema.org\",\"@graph\":[{\"@type\":\"WebPage\",\"@id\":\"https:\/\/paracherkaoui.ma\/index.php\/produit\/bebe-confort-brosse-et-peigne-avec-miroir-0-mois\/\",\"url\":\"https:\/\/paracherkaoui.ma\/index.php\/produit\/bebe-confort-brosse-et-peigne-avec-miroir-0-mois\/\",\"name\":\"BEBE CONFORT BROSSE ET PEIGNE AVEC MIROIR 0 MOIS + - Paracherkaoui.ma\",\"isPartOf\":{\"@id\":\"https:\/\/paracherkaoui.ma\/#website\"},\"primaryImageOfPage\":{\"@id\":\"https:\/\/paracherkaoui.ma\/index.php\/produit\/bebe-confort-brosse-et-peigne-avec-miroir-0-mois\/#primaryimage\"},\"image\":{\"@id\":\"https:\/\/paracherkaoui.ma\/index.php\/produit\/bebe-confort-brosse-et-peigne-avec-miroir-0-mois\/#primaryimage\"},\"thumbnailUrl\":\"https:\/\/paracherkaoui.ma\/wp-content\/uploads\/2025\/12\/bebe-confort-bebe-confort-brosse-et-peigne-avec-miroir-0-mois-accessoires.jpg\",\"datePublished\":\"2025-12-12T18:14:24+00:00\",\"dateModified\":\"2025-12-12T18:14:29+00:00\",\"breadcrumb\":{\"@id\":\"https:\/\/paracherkaoui.ma\/index.php\/produit\/bebe-confort-brosse-et-peigne-avec-miroir-0-mois\/#breadcrumb\"},\"inLanguage\":\"fr-FR\",\"potentialAction\":[{\"@type\":\"ReadAction\",\"target\":[\"https:\/\/paracherkaoui.ma\/index.php\/produit\/bebe-confort-brosse-et-peigne-avec-miroir-0-mois\/\"]}]},{\"@type\":\"ImageObject\",\"inLanguage\":\"fr-FR\",\"@id\":\"https:\/\/paracherkaoui.ma\/index.php\/produit\/bebe-confort-brosse-et-peigne-avec-miroir-0-mois\/#primaryimage\",\"url\":\"https:\/\/paracherkaoui.ma\/wp-content\/uploads\/2025\/12\/bebe-confort-bebe-confort-brosse-et-peigne-avec-miroir-0-mois-accessoires.jpg\",\"contentUrl\":\"https:\/\/paracherkaoui.ma\/wp-content\/uploads\/2025\/12\/bebe-confort-bebe-confort-brosse-et-peigne-avec-miroir-0-mois-accessoires.jpg\",\"width\":700,\"height\":700},{\"@type\":\"BreadcrumbList\",\"@id\":\"https:\/\/paracherkaoui.ma\/index.php\/produit\/bebe-confort-brosse-et-peigne-avec-miroir-0-mois\/#breadcrumb\",\"itemListElement\":[{\"@type\":\"ListItem\",\"position\":1,\"name\":\"Accueil\",\"item\":\"https:\/\/paracherkaoui.ma\/\"},{\"@type\":\"ListItem\",\"position\":2,\"name\":\"Boutique\",\"item\":\"https:\/\/paracherkaoui.ma\/index.php\/boutique\/\"},{\"@type\":\"ListItem\",\"position\":3,\"name\":\"BEBE CONFORT BROSSE ET PEIGNE AVEC MIROIR 0 MOIS +\"}]},{\"@type\":\"WebSite\",\"@id\":\"https:\/\/paracherkaoui.ma\/#website\",\"url\":\"https:\/\/paracherkaoui.ma\/\",\"name\":\"Paracherkaoui.ma\",\"description\":\"Achetez en ligne sur Paracherkaoui.ma\",\"potentialAction\":[{\"@type\":\"SearchAction\",\"target\":{\"@type\":\"EntryPoint\",\"urlTemplate\":\"https:\/\/paracherkaoui.ma\/?s={search_term_string}\"},\"query-input\":{\"@type\":\"PropertyValueSpecification\",\"valueRequired\":true,\"valueName\":\"search_term_string\"}}],\"inLanguage\":\"fr-FR\"}]}<\/script>\r\n<!-- \/ Yoast SEO plugin. -->","yoast_head_json":{"title":"BEBE CONFORT BROSSE ET PEIGNE AVEC MIROIR 0 MOIS + - Paracherkaoui.ma","robots":{"index":"index","follow":"follow","max-snippet":"max-snippet:-1","max-image-preview":"max-image-preview:large","max-video-preview":"max-video-preview:-1"},"canonical":"https:\/\/paracherkaoui.ma\/index.php\/produit\/bebe-confort-brosse-et-peigne-avec-miroir-0-mois\/","og_locale":"fr_FR","og_type":"article","og_title":"BEBE CONFORT BROSSE ET PEIGNE AVEC MIROIR 0 MOIS + - Paracherkaoui.ma","og_description":"Cette magnifique brosse \u00e0 cheveux pour b\u00e9b\u00e9 paper boat en nylon avec miroir int\u00e9gr\u00e9 au dos et peigne aux dents","og_url":"https:\/\/paracherkaoui.ma\/index.php\/produit\/bebe-confort-brosse-et-peigne-avec-miroir-0-mois\/","og_site_name":"Paracherkaoui.ma","article_modified_time":"2025-12-12T18:14:29+00:00","og_image":[{"width":700,"height":700,"url":"https:\/\/paracherkaoui.ma\/wp-content\/uploads\/2025\/12\/bebe-confort-bebe-confort-brosse-et-peigne-avec-miroir-0-mois-accessoires.jpg","type":"image\/jpeg"}],"twitter_card":"summary_large_image","twitter_misc":{"Dur\u00e9e de lecture estim\u00e9e":"1 minute"},"schema":{"@context":"https:\/\/schema.org","@graph":[{"@type":"WebPage","@id":"https:\/\/paracherkaoui.ma\/index.php\/produit\/bebe-confort-brosse-et-peigne-avec-miroir-0-mois\/","url":"https:\/\/paracherkaoui.ma\/index.php\/produit\/bebe-confort-brosse-et-peigne-avec-miroir-0-mois\/","name":"BEBE CONFORT BROSSE ET PEIGNE AVEC MIROIR 0 MOIS + - Paracherkaoui.ma","isPartOf":{"@id":"https:\/\/paracherkaoui.ma\/#website"},"primaryImageOfPage":{"@id":"https:\/\/paracherkaoui.ma\/index.php\/produit\/bebe-confort-brosse-et-peigne-avec-miroir-0-mois\/#primaryimage"},"image":{"@id":"https:\/\/paracherkaoui.ma\/index.php\/produit\/bebe-confort-brosse-et-peigne-avec-miroir-0-mois\/#primaryimage"},"thumbnailUrl":"https:\/\/paracherkaoui.ma\/wp-content\/uploads\/2025\/12\/bebe-confort-bebe-confort-brosse-et-peigne-avec-miroir-0-mois-accessoires.jpg","datePublished":"2025-12-12T18:14:24+00:00","dateModified":"2025-12-12T18:14:29+00:00","breadcrumb":{"@id":"https:\/\/paracherkaoui.ma\/index.php\/produit\/bebe-confort-brosse-et-peigne-avec-miroir-0-mois\/#breadcrumb"},"inLanguage":"fr-FR","potentialAction":[{"@type":"ReadAction","target":["https:\/\/paracherkaoui.ma\/index.php\/produit\/bebe-confort-brosse-et-peigne-avec-miroir-0-mois\/"]}]},{"@type":"ImageObject","inLanguage":"fr-FR","@id":"https:\/\/paracherkaoui.ma\/index.php\/produit\/bebe-confort-brosse-et-peigne-avec-miroir-0-mois\/#primaryimage","url":"https:\/\/paracherkaoui.ma\/wp-content\/uploads\/2025\/12\/bebe-confort-bebe-confort-brosse-et-peigne-avec-miroir-0-mois-accessoires.jpg","contentUrl":"https:\/\/paracherkaoui.ma\/wp-content\/uploads\/2025\/12\/bebe-confort-bebe-confort-brosse-et-peigne-avec-miroir-0-mois-accessoires.jpg","width":700,"height":700},{"@type":"BreadcrumbList","@id":"https:\/\/paracherkaoui.ma\/index.php\/produit\/bebe-confort-brosse-et-peigne-avec-miroir-0-mois\/#breadcrumb","itemListElement":[{"@type":"ListItem","position":1,"name":"Accueil","item":"https:\/\/paracherkaoui.ma\/"},{"@type":"ListItem","position":2,"name":"Boutique","item":"https:\/\/paracherkaoui.ma\/index.php\/boutique\/"},{"@type":"ListItem","position":3,"name":"BEBE CONFORT BROSSE ET PEIGNE AVEC MIROIR 0 MOIS +"}]},{"@type":"WebSite","@id":"https:\/\/paracherkaoui.ma\/#website","url":"https:\/\/paracherkaoui.ma\/","name":"Paracherkaoui.ma","description":"Achetez en ligne sur Paracherkaoui.ma","potentialAction":[{"@type":"SearchAction","target":{"@type":"EntryPoint","urlTemplate":"https:\/\/paracherkaoui.ma\/?s={search_term_string}"},"query-input":{"@type":"PropertyValueSpecification","valueRequired":true,"valueName":"search_term_string"}}],"inLanguage":"fr-FR"}]}},"_links":{"self":[{"href":"https:\/\/paracherkaoui.ma\/index.php\/wp-json\/wp\/v2\/product\/44900","targetHints":{"allow":["GET"]}}],"collection":[{"href":"https:\/\/paracherkaoui.ma\/index.php\/wp-json\/wp\/v2\/product"}],"about":[{"href":"https:\/\/paracherkaoui.ma\/index.php\/wp-json\/wp\/v2\/types\/product"}],"replies":[{"embeddable":true,"href":"https:\/\/paracherkaoui.ma\/index.php\/wp-json\/wp\/v2\/comments?post=44900"}],"version-history":[{"count":1,"href":"https:\/\/paracherkaoui.ma\/index.php\/wp-json\/wp\/v2\/product\/44900\/revisions"}],"predecessor-version":[{"id":44937,"href":"https:\/\/paracherkaoui.ma\/index.php\/wp-json\/wp\/v2\/product\/44900\/revisions\/44937"}],"wp:featuredmedia":[{"embeddable":true,"href":"https:\/\/paracherkaoui.ma\/index.php\/wp-json\/wp\/v2\/media\/44936"}],"wp:attachment":[{"href":"https:\/\/paracherkaoui.ma\/index.php\/wp-json\/wp\/v2\/media?parent=44900"}],"wp:term":[{"taxonomy":"product_brand","embeddable":true,"href":"https:\/\/paracherkaoui.ma\/index.php\/wp-json\/wp\/v2\/product_brand?post=44900"},{"taxonomy":"product_cat","embeddable":true,"href":"https:\/\/paracherkaoui.ma\/index.php\/wp-json\/wp\/v2\/product_cat?post=44900"},{"taxonomy":"product_tag","embeddable":true,"href":"https:\/\/paracherkaoui.ma\/index.php\/wp-json\/wp\/v2\/product_tag?post=44900"}],"curies":[{"name":"wp","href":"https:\/\/api.w.org\/{rel}","templated":true}]}}