{"id":44894,"date":"2025-12-12T19:14:23","date_gmt":"2025-12-12T18:14:23","guid":{"rendered":"https:\/\/test.ecbeaute.com\/?post_type=product&#038;p=44894"},"modified":"2025-12-12T19:14:26","modified_gmt":"2025-12-12T18:14:26","slug":"klorane-bebe-eau-fraiche-parfumee-au-calendula-500-ml-2","status":"publish","type":"product","link":"https:\/\/paracherkaoui.ma\/index.php\/produit\/klorane-bebe-eau-fraiche-parfumee-au-calendula-500-ml-2\/","title":{"rendered":"KLORANE BEBE EAU FRAICHE PARFUMEE AU CALENDULA 500 ML"},"content":{"rendered":"<p>L&rsquo;Eau fra\u00eeche parfum\u00e9e Klorane facilite le coiffage, parfume et rafra\u00eechit le corps et les cheveux de b\u00e9b\u00e9. Sa formule \u00e0 97 % naturelle enrichie en agents naturels et fleurs de Calendula issues de culture BIO apaise la peau et respecte son \u00e9quilibre, tout en \u00e9liminant les petites salissures. Sans rin\u00e7age, ce spray pratique et nomade \u00e0 excellente tol\u00e9rance p\u00e9diatrique se vaporise plusieurs fois par jour. R\u00e9confortante, elle finalise la toilette dans une brume de tendresse en apportant souplesse et confort \u00e0 l&rsquo;\u00e9piderme sensible de b\u00e9b\u00e9, pour une peau encore plus douce et des cheveux soyeux.<br \/>\nLes bienfaits :<br \/>\nRafra\u00eechit : cette brume l\u00e9g\u00e8re et parfum\u00e9e est id\u00e9ale pour rafra\u00eechir b\u00e9b\u00e9, lors des voyages ou pendant de fortes chaleurs.<br \/>\nD\u00e9m\u00eale : appliqu\u00e9e sur les cheveux fins, elle facilite le moment d\u00e9licat du coiffage.<br \/>\nParfume : enveloppe corps et cheveux d&rsquo;un parfum tendre qui favorise la relaxation et le bien-\u00eatre de b\u00e9b\u00e9<br \/>\nConseils d&rsquo;utilisation:<br \/>\nAppliquer sur un coton ou vaporiser directement sur le corps ou les cheveux.<\/p>\n","protected":false},"excerpt":{"rendered":"<p>L&rsquo;Eau fra\u00eeche parfum\u00e9e Klorane facilite le coiffage, parfume et rafra\u00eechit le corps et les cheveux de b\u00e9b\u00e9. Sa formule \u00e0<\/p>\n","protected":false},"featured_media":12755,"comment_status":"open","ping_status":"closed","template":"","meta":[],"product_brand":[145],"product_cat":[783],"product_tag":[],"class_list":{"0":"post-44894","1":"product","2":"type-product","3":"status-publish","4":"has-post-thumbnail","6":"product_brand-klorane","7":"product_cat-soins-cheveux-visage-et-corps","9":"first","10":"instock","11":"sale","12":"shipping-taxable","13":"purchasable","14":"product-type-simple"},"yoast_head":"<!-- This site is optimized with the Yoast SEO plugin v26.6 - https:\/\/yoast.com\/wordpress\/plugins\/seo\/ -->\r\n<title>KLORANE BEBE EAU FRAICHE PARFUMEE AU CALENDULA 500 ML - Paracherkaoui.ma<\/title>\r\n<meta name=\"robots\" content=\"index, follow, max-snippet:-1, max-image-preview:large, max-video-preview:-1\" \/>\r\n<link rel=\"canonical\" href=\"https:\/\/paracherkaoui.ma\/index.php\/produit\/klorane-bebe-eau-fraiche-parfumee-au-calendula-500-ml-2\/\" \/>\r\n<meta property=\"og:locale\" content=\"fr_FR\" \/>\r\n<meta property=\"og:type\" content=\"article\" \/>\r\n<meta property=\"og:title\" content=\"KLORANE BEBE EAU FRAICHE PARFUMEE AU CALENDULA 500 ML - Paracherkaoui.ma\" \/>\r\n<meta property=\"og:description\" content=\"L&rsquo;Eau fra\u00eeche parfum\u00e9e Klorane facilite le coiffage, parfume et rafra\u00eechit le corps et les cheveux de b\u00e9b\u00e9. Sa formule \u00e0\" \/>\r\n<meta property=\"og:url\" content=\"https:\/\/paracherkaoui.ma\/index.php\/produit\/klorane-bebe-eau-fraiche-parfumee-au-calendula-500-ml-2\/\" \/>\r\n<meta property=\"og:site_name\" content=\"Paracherkaoui.ma\" \/>\r\n<meta property=\"article:modified_time\" content=\"2025-12-12T18:14:26+00:00\" \/>\r\n<meta property=\"og:image\" content=\"https:\/\/paracherkaoui.ma\/wp-content\/uploads\/2025\/12\/klorane-klorane-bebe-eau-fraiche-parfumee-au-calendula-500-ml-soins-cheveux-visage-et-corps.jpg\" \/>\r\n\t<meta property=\"og:image:width\" content=\"700\" \/>\r\n\t<meta property=\"og:image:height\" content=\"700\" \/>\r\n\t<meta property=\"og:image:type\" content=\"image\/jpeg\" \/>\r\n<meta name=\"twitter:card\" content=\"summary_large_image\" \/>\r\n<meta name=\"twitter:label1\" content=\"Dur\u00e9e de lecture estim\u00e9e\" \/>\n\t<meta name=\"twitter:data1\" content=\"1 minute\" \/>\r\n<script type=\"application\/ld+json\" class=\"yoast-schema-graph\">{\"@context\":\"https:\/\/schema.org\",\"@graph\":[{\"@type\":\"WebPage\",\"@id\":\"https:\/\/paracherkaoui.ma\/index.php\/produit\/klorane-bebe-eau-fraiche-parfumee-au-calendula-500-ml-2\/\",\"url\":\"https:\/\/paracherkaoui.ma\/index.php\/produit\/klorane-bebe-eau-fraiche-parfumee-au-calendula-500-ml-2\/\",\"name\":\"KLORANE BEBE EAU FRAICHE PARFUMEE AU CALENDULA 500 ML - Paracherkaoui.ma\",\"isPartOf\":{\"@id\":\"https:\/\/paracherkaoui.ma\/#website\"},\"primaryImageOfPage\":{\"@id\":\"https:\/\/paracherkaoui.ma\/index.php\/produit\/klorane-bebe-eau-fraiche-parfumee-au-calendula-500-ml-2\/#primaryimage\"},\"image\":{\"@id\":\"https:\/\/paracherkaoui.ma\/index.php\/produit\/klorane-bebe-eau-fraiche-parfumee-au-calendula-500-ml-2\/#primaryimage\"},\"thumbnailUrl\":\"https:\/\/paracherkaoui.ma\/wp-content\/uploads\/2025\/12\/klorane-klorane-bebe-eau-fraiche-parfumee-au-calendula-500-ml-soins-cheveux-visage-et-corps.jpg\",\"datePublished\":\"2025-12-12T18:14:23+00:00\",\"dateModified\":\"2025-12-12T18:14:26+00:00\",\"breadcrumb\":{\"@id\":\"https:\/\/paracherkaoui.ma\/index.php\/produit\/klorane-bebe-eau-fraiche-parfumee-au-calendula-500-ml-2\/#breadcrumb\"},\"inLanguage\":\"fr-FR\",\"potentialAction\":[{\"@type\":\"ReadAction\",\"target\":[\"https:\/\/paracherkaoui.ma\/index.php\/produit\/klorane-bebe-eau-fraiche-parfumee-au-calendula-500-ml-2\/\"]}]},{\"@type\":\"ImageObject\",\"inLanguage\":\"fr-FR\",\"@id\":\"https:\/\/paracherkaoui.ma\/index.php\/produit\/klorane-bebe-eau-fraiche-parfumee-au-calendula-500-ml-2\/#primaryimage\",\"url\":\"https:\/\/paracherkaoui.ma\/wp-content\/uploads\/2025\/12\/klorane-klorane-bebe-eau-fraiche-parfumee-au-calendula-500-ml-soins-cheveux-visage-et-corps.jpg\",\"contentUrl\":\"https:\/\/paracherkaoui.ma\/wp-content\/uploads\/2025\/12\/klorane-klorane-bebe-eau-fraiche-parfumee-au-calendula-500-ml-soins-cheveux-visage-et-corps.jpg\",\"width\":700,\"height\":700},{\"@type\":\"BreadcrumbList\",\"@id\":\"https:\/\/paracherkaoui.ma\/index.php\/produit\/klorane-bebe-eau-fraiche-parfumee-au-calendula-500-ml-2\/#breadcrumb\",\"itemListElement\":[{\"@type\":\"ListItem\",\"position\":1,\"name\":\"Accueil\",\"item\":\"https:\/\/paracherkaoui.ma\/\"},{\"@type\":\"ListItem\",\"position\":2,\"name\":\"Boutique\",\"item\":\"https:\/\/paracherkaoui.ma\/index.php\/boutique\/\"},{\"@type\":\"ListItem\",\"position\":3,\"name\":\"KLORANE BEBE EAU FRAICHE PARFUMEE AU CALENDULA 500 ML\"}]},{\"@type\":\"WebSite\",\"@id\":\"https:\/\/paracherkaoui.ma\/#website\",\"url\":\"https:\/\/paracherkaoui.ma\/\",\"name\":\"Paracherkaoui.ma\",\"description\":\"Achetez en ligne sur Paracherkaoui.ma\",\"potentialAction\":[{\"@type\":\"SearchAction\",\"target\":{\"@type\":\"EntryPoint\",\"urlTemplate\":\"https:\/\/paracherkaoui.ma\/?s={search_term_string}\"},\"query-input\":{\"@type\":\"PropertyValueSpecification\",\"valueRequired\":true,\"valueName\":\"search_term_string\"}}],\"inLanguage\":\"fr-FR\"}]}<\/script>\r\n<!-- \/ Yoast SEO plugin. -->","yoast_head_json":{"title":"KLORANE BEBE EAU FRAICHE PARFUMEE AU CALENDULA 500 ML - Paracherkaoui.ma","robots":{"index":"index","follow":"follow","max-snippet":"max-snippet:-1","max-image-preview":"max-image-preview:large","max-video-preview":"max-video-preview:-1"},"canonical":"https:\/\/paracherkaoui.ma\/index.php\/produit\/klorane-bebe-eau-fraiche-parfumee-au-calendula-500-ml-2\/","og_locale":"fr_FR","og_type":"article","og_title":"KLORANE BEBE EAU FRAICHE PARFUMEE AU CALENDULA 500 ML - Paracherkaoui.ma","og_description":"L&rsquo;Eau fra\u00eeche parfum\u00e9e Klorane facilite le coiffage, parfume et rafra\u00eechit le corps et les cheveux de b\u00e9b\u00e9. Sa formule \u00e0","og_url":"https:\/\/paracherkaoui.ma\/index.php\/produit\/klorane-bebe-eau-fraiche-parfumee-au-calendula-500-ml-2\/","og_site_name":"Paracherkaoui.ma","article_modified_time":"2025-12-12T18:14:26+00:00","og_image":[{"width":700,"height":700,"url":"https:\/\/paracherkaoui.ma\/wp-content\/uploads\/2025\/12\/klorane-klorane-bebe-eau-fraiche-parfumee-au-calendula-500-ml-soins-cheveux-visage-et-corps.jpg","type":"image\/jpeg"}],"twitter_card":"summary_large_image","twitter_misc":{"Dur\u00e9e de lecture estim\u00e9e":"1 minute"},"schema":{"@context":"https:\/\/schema.org","@graph":[{"@type":"WebPage","@id":"https:\/\/paracherkaoui.ma\/index.php\/produit\/klorane-bebe-eau-fraiche-parfumee-au-calendula-500-ml-2\/","url":"https:\/\/paracherkaoui.ma\/index.php\/produit\/klorane-bebe-eau-fraiche-parfumee-au-calendula-500-ml-2\/","name":"KLORANE BEBE EAU FRAICHE PARFUMEE AU CALENDULA 500 ML - Paracherkaoui.ma","isPartOf":{"@id":"https:\/\/paracherkaoui.ma\/#website"},"primaryImageOfPage":{"@id":"https:\/\/paracherkaoui.ma\/index.php\/produit\/klorane-bebe-eau-fraiche-parfumee-au-calendula-500-ml-2\/#primaryimage"},"image":{"@id":"https:\/\/paracherkaoui.ma\/index.php\/produit\/klorane-bebe-eau-fraiche-parfumee-au-calendula-500-ml-2\/#primaryimage"},"thumbnailUrl":"https:\/\/paracherkaoui.ma\/wp-content\/uploads\/2025\/12\/klorane-klorane-bebe-eau-fraiche-parfumee-au-calendula-500-ml-soins-cheveux-visage-et-corps.jpg","datePublished":"2025-12-12T18:14:23+00:00","dateModified":"2025-12-12T18:14:26+00:00","breadcrumb":{"@id":"https:\/\/paracherkaoui.ma\/index.php\/produit\/klorane-bebe-eau-fraiche-parfumee-au-calendula-500-ml-2\/#breadcrumb"},"inLanguage":"fr-FR","potentialAction":[{"@type":"ReadAction","target":["https:\/\/paracherkaoui.ma\/index.php\/produit\/klorane-bebe-eau-fraiche-parfumee-au-calendula-500-ml-2\/"]}]},{"@type":"ImageObject","inLanguage":"fr-FR","@id":"https:\/\/paracherkaoui.ma\/index.php\/produit\/klorane-bebe-eau-fraiche-parfumee-au-calendula-500-ml-2\/#primaryimage","url":"https:\/\/paracherkaoui.ma\/wp-content\/uploads\/2025\/12\/klorane-klorane-bebe-eau-fraiche-parfumee-au-calendula-500-ml-soins-cheveux-visage-et-corps.jpg","contentUrl":"https:\/\/paracherkaoui.ma\/wp-content\/uploads\/2025\/12\/klorane-klorane-bebe-eau-fraiche-parfumee-au-calendula-500-ml-soins-cheveux-visage-et-corps.jpg","width":700,"height":700},{"@type":"BreadcrumbList","@id":"https:\/\/paracherkaoui.ma\/index.php\/produit\/klorane-bebe-eau-fraiche-parfumee-au-calendula-500-ml-2\/#breadcrumb","itemListElement":[{"@type":"ListItem","position":1,"name":"Accueil","item":"https:\/\/paracherkaoui.ma\/"},{"@type":"ListItem","position":2,"name":"Boutique","item":"https:\/\/paracherkaoui.ma\/index.php\/boutique\/"},{"@type":"ListItem","position":3,"name":"KLORANE BEBE EAU FRAICHE PARFUMEE AU CALENDULA 500 ML"}]},{"@type":"WebSite","@id":"https:\/\/paracherkaoui.ma\/#website","url":"https:\/\/paracherkaoui.ma\/","name":"Paracherkaoui.ma","description":"Achetez en ligne sur Paracherkaoui.ma","potentialAction":[{"@type":"SearchAction","target":{"@type":"EntryPoint","urlTemplate":"https:\/\/paracherkaoui.ma\/?s={search_term_string}"},"query-input":{"@type":"PropertyValueSpecification","valueRequired":true,"valueName":"search_term_string"}}],"inLanguage":"fr-FR"}]}},"_links":{"self":[{"href":"https:\/\/paracherkaoui.ma\/index.php\/wp-json\/wp\/v2\/product\/44894","targetHints":{"allow":["GET"]}}],"collection":[{"href":"https:\/\/paracherkaoui.ma\/index.php\/wp-json\/wp\/v2\/product"}],"about":[{"href":"https:\/\/paracherkaoui.ma\/index.php\/wp-json\/wp\/v2\/types\/product"}],"replies":[{"embeddable":true,"href":"https:\/\/paracherkaoui.ma\/index.php\/wp-json\/wp\/v2\/comments?post=44894"}],"version-history":[{"count":1,"href":"https:\/\/paracherkaoui.ma\/index.php\/wp-json\/wp\/v2\/product\/44894\/revisions"}],"predecessor-version":[{"id":44926,"href":"https:\/\/paracherkaoui.ma\/index.php\/wp-json\/wp\/v2\/product\/44894\/revisions\/44926"}],"wp:featuredmedia":[{"embeddable":true,"href":"https:\/\/paracherkaoui.ma\/index.php\/wp-json\/wp\/v2\/media\/12755"}],"wp:attachment":[{"href":"https:\/\/paracherkaoui.ma\/index.php\/wp-json\/wp\/v2\/media?parent=44894"}],"wp:term":[{"taxonomy":"product_brand","embeddable":true,"href":"https:\/\/paracherkaoui.ma\/index.php\/wp-json\/wp\/v2\/product_brand?post=44894"},{"taxonomy":"product_cat","embeddable":true,"href":"https:\/\/paracherkaoui.ma\/index.php\/wp-json\/wp\/v2\/product_cat?post=44894"},{"taxonomy":"product_tag","embeddable":true,"href":"https:\/\/paracherkaoui.ma\/index.php\/wp-json\/wp\/v2\/product_tag?post=44894"}],"curies":[{"name":"wp","href":"https:\/\/api.w.org\/{rel}","templated":true}]}}