{"id":44891,"date":"2025-12-12T19:14:23","date_gmt":"2025-12-12T18:14:23","guid":{"rendered":"https:\/\/test.ecbeaute.com\/?post_type=product&#038;p=44891"},"modified":"2025-12-12T19:14:26","modified_gmt":"2025-12-12T18:14:26","slug":"mustela-lait-hydratant-apaisant-peau-tres-sensible-tube-200-ml","status":"publish","type":"product","link":"https:\/\/paracherkaoui.ma\/index.php\/produit\/mustela-lait-hydratant-apaisant-peau-tres-sensible-tube-200-ml\/","title":{"rendered":"MUSTELA LAIT HYDRATANT APAISANT PEAU TRES SENSIBLE TUBE 200 ML"},"content":{"rendered":"<p>Mustela propose la premi\u00e8re gamme compl\u00e8te de soins et d\u2019hygi\u00e8ne, sans parfum con\u00e7ue pour apaiser les peaux tr\u00e8s sensibles des b\u00e9b\u00e9s et enfants d\u00e8s la naissance.<br \/>\nFormul\u00e9s avec des actifs naturels brevet\u00e9s, ces soins aux textures fluides et \u00e0 l\u2019effet seconde peau protecteur, hydratent et prot\u00e8gent la barri\u00e8re cutan\u00e9e, apaisent en aidant \u00e0 limiter les signes de r\u00e9activit\u00e9 de la peau.<br \/>\nMustela Lait Hydratant Apaisant\u00a0:<br \/>\n&#8211; Hydrate imm\u00e9diatement et durablement la peau de b\u00e9b\u00e9.<br \/>\n&#8211; Apaise b\u00e9b\u00e9 les petites rougeurs visibles, les sensations de picotements et de tiraillements des peaux tr\u00e8s sensibles.<br \/>\n&#8211; Texture l\u00e9g\u00e8re et douce adapt\u00e9e au soin du corps de b\u00e9b\u00e9<br \/>\n&#8211; Laisse la peau de b\u00e9b\u00e9 douce et souple.<br \/>\n&#8211; Effet seconde peau protecteur<br \/>\nActifs naturels brevet\u00e9s :<br \/>\n&#8211; Pers\u00e9ose d&rsquo;avocat : prot\u00e8ge la barri\u00e8re cutan\u00e9e, hydrate et pr\u00e9serve la richesse cellulaire de la peau.<br \/>\n&#8211; Schizandra : apaise et aide \u00e0 limiter les signes de r\u00e9activit\u00e9 de la peau.<br \/>\nHypoallerg\u00e9nique<br \/>\nHaute tol\u00e9rance<br \/>\nSans savon<\/p>\n","protected":false},"excerpt":{"rendered":"<p>Mustela propose la premi\u00e8re gamme compl\u00e8te de soins et d\u2019hygi\u00e8ne, sans parfum con\u00e7ue pour apaiser les peaux tr\u00e8s sensibles des<\/p>\n","protected":false},"featured_media":44921,"comment_status":"open","ping_status":"closed","template":"","meta":[],"product_brand":[687],"product_cat":[783],"product_tag":[],"class_list":{"0":"post-44891","1":"product","2":"type-product","3":"status-publish","4":"has-post-thumbnail","6":"product_brand-mustela","7":"product_cat-soins-cheveux-visage-et-corps","9":"first","10":"instock","11":"sale","12":"shipping-taxable","13":"purchasable","14":"product-type-simple"},"yoast_head":"<!-- This site is optimized with the Yoast SEO plugin v26.6 - https:\/\/yoast.com\/wordpress\/plugins\/seo\/ -->\r\n<title>MUSTELA LAIT HYDRATANT APAISANT PEAU TRES SENSIBLE TUBE 200 ML - Paracherkaoui.ma<\/title>\r\n<meta name=\"robots\" content=\"index, follow, max-snippet:-1, max-image-preview:large, max-video-preview:-1\" \/>\r\n<link rel=\"canonical\" href=\"https:\/\/paracherkaoui.ma\/index.php\/produit\/mustela-lait-hydratant-apaisant-peau-tres-sensible-tube-200-ml\/\" \/>\r\n<meta property=\"og:locale\" content=\"fr_FR\" \/>\r\n<meta property=\"og:type\" content=\"article\" \/>\r\n<meta property=\"og:title\" content=\"MUSTELA LAIT HYDRATANT APAISANT PEAU TRES SENSIBLE TUBE 200 ML - Paracherkaoui.ma\" \/>\r\n<meta property=\"og:description\" content=\"Mustela propose la premi\u00e8re gamme compl\u00e8te de soins et d\u2019hygi\u00e8ne, sans parfum con\u00e7ue pour apaiser les peaux tr\u00e8s sensibles des\" \/>\r\n<meta property=\"og:url\" content=\"https:\/\/paracherkaoui.ma\/index.php\/produit\/mustela-lait-hydratant-apaisant-peau-tres-sensible-tube-200-ml\/\" \/>\r\n<meta property=\"og:site_name\" content=\"Paracherkaoui.ma\" \/>\r\n<meta property=\"article:modified_time\" content=\"2025-12-12T18:14:26+00:00\" \/>\r\n<meta property=\"og:image\" content=\"https:\/\/paracherkaoui.ma\/wp-content\/uploads\/2025\/12\/mustela-mustela-lait-hydratant-apaisant-peau-tres-sensible-tube-200-ml-soins-cheveux-visage-et-corps.jpg\" \/>\r\n\t<meta property=\"og:image:width\" content=\"700\" \/>\r\n\t<meta property=\"og:image:height\" content=\"700\" \/>\r\n\t<meta property=\"og:image:type\" content=\"image\/jpeg\" \/>\r\n<meta name=\"twitter:card\" content=\"summary_large_image\" \/>\r\n<meta name=\"twitter:label1\" content=\"Dur\u00e9e de lecture estim\u00e9e\" \/>\n\t<meta name=\"twitter:data1\" content=\"1 minute\" \/>\r\n<script type=\"application\/ld+json\" class=\"yoast-schema-graph\">{\"@context\":\"https:\/\/schema.org\",\"@graph\":[{\"@type\":\"WebPage\",\"@id\":\"https:\/\/paracherkaoui.ma\/index.php\/produit\/mustela-lait-hydratant-apaisant-peau-tres-sensible-tube-200-ml\/\",\"url\":\"https:\/\/paracherkaoui.ma\/index.php\/produit\/mustela-lait-hydratant-apaisant-peau-tres-sensible-tube-200-ml\/\",\"name\":\"MUSTELA LAIT HYDRATANT APAISANT PEAU TRES SENSIBLE TUBE 200 ML - Paracherkaoui.ma\",\"isPartOf\":{\"@id\":\"https:\/\/paracherkaoui.ma\/#website\"},\"primaryImageOfPage\":{\"@id\":\"https:\/\/paracherkaoui.ma\/index.php\/produit\/mustela-lait-hydratant-apaisant-peau-tres-sensible-tube-200-ml\/#primaryimage\"},\"image\":{\"@id\":\"https:\/\/paracherkaoui.ma\/index.php\/produit\/mustela-lait-hydratant-apaisant-peau-tres-sensible-tube-200-ml\/#primaryimage\"},\"thumbnailUrl\":\"https:\/\/paracherkaoui.ma\/wp-content\/uploads\/2025\/12\/mustela-mustela-lait-hydratant-apaisant-peau-tres-sensible-tube-200-ml-soins-cheveux-visage-et-corps.jpg\",\"datePublished\":\"2025-12-12T18:14:23+00:00\",\"dateModified\":\"2025-12-12T18:14:26+00:00\",\"breadcrumb\":{\"@id\":\"https:\/\/paracherkaoui.ma\/index.php\/produit\/mustela-lait-hydratant-apaisant-peau-tres-sensible-tube-200-ml\/#breadcrumb\"},\"inLanguage\":\"fr-FR\",\"potentialAction\":[{\"@type\":\"ReadAction\",\"target\":[\"https:\/\/paracherkaoui.ma\/index.php\/produit\/mustela-lait-hydratant-apaisant-peau-tres-sensible-tube-200-ml\/\"]}]},{\"@type\":\"ImageObject\",\"inLanguage\":\"fr-FR\",\"@id\":\"https:\/\/paracherkaoui.ma\/index.php\/produit\/mustela-lait-hydratant-apaisant-peau-tres-sensible-tube-200-ml\/#primaryimage\",\"url\":\"https:\/\/paracherkaoui.ma\/wp-content\/uploads\/2025\/12\/mustela-mustela-lait-hydratant-apaisant-peau-tres-sensible-tube-200-ml-soins-cheveux-visage-et-corps.jpg\",\"contentUrl\":\"https:\/\/paracherkaoui.ma\/wp-content\/uploads\/2025\/12\/mustela-mustela-lait-hydratant-apaisant-peau-tres-sensible-tube-200-ml-soins-cheveux-visage-et-corps.jpg\",\"width\":700,\"height\":700},{\"@type\":\"BreadcrumbList\",\"@id\":\"https:\/\/paracherkaoui.ma\/index.php\/produit\/mustela-lait-hydratant-apaisant-peau-tres-sensible-tube-200-ml\/#breadcrumb\",\"itemListElement\":[{\"@type\":\"ListItem\",\"position\":1,\"name\":\"Accueil\",\"item\":\"https:\/\/paracherkaoui.ma\/\"},{\"@type\":\"ListItem\",\"position\":2,\"name\":\"Boutique\",\"item\":\"https:\/\/paracherkaoui.ma\/index.php\/boutique\/\"},{\"@type\":\"ListItem\",\"position\":3,\"name\":\"MUSTELA LAIT HYDRATANT APAISANT PEAU TRES SENSIBLE TUBE 200 ML\"}]},{\"@type\":\"WebSite\",\"@id\":\"https:\/\/paracherkaoui.ma\/#website\",\"url\":\"https:\/\/paracherkaoui.ma\/\",\"name\":\"Paracherkaoui.ma\",\"description\":\"Achetez en ligne sur Paracherkaoui.ma\",\"potentialAction\":[{\"@type\":\"SearchAction\",\"target\":{\"@type\":\"EntryPoint\",\"urlTemplate\":\"https:\/\/paracherkaoui.ma\/?s={search_term_string}\"},\"query-input\":{\"@type\":\"PropertyValueSpecification\",\"valueRequired\":true,\"valueName\":\"search_term_string\"}}],\"inLanguage\":\"fr-FR\"}]}<\/script>\r\n<!-- \/ Yoast SEO plugin. -->","yoast_head_json":{"title":"MUSTELA LAIT HYDRATANT APAISANT PEAU TRES SENSIBLE TUBE 200 ML - Paracherkaoui.ma","robots":{"index":"index","follow":"follow","max-snippet":"max-snippet:-1","max-image-preview":"max-image-preview:large","max-video-preview":"max-video-preview:-1"},"canonical":"https:\/\/paracherkaoui.ma\/index.php\/produit\/mustela-lait-hydratant-apaisant-peau-tres-sensible-tube-200-ml\/","og_locale":"fr_FR","og_type":"article","og_title":"MUSTELA LAIT HYDRATANT APAISANT PEAU TRES SENSIBLE TUBE 200 ML - Paracherkaoui.ma","og_description":"Mustela propose la premi\u00e8re gamme compl\u00e8te de soins et d\u2019hygi\u00e8ne, sans parfum con\u00e7ue pour apaiser les peaux tr\u00e8s sensibles des","og_url":"https:\/\/paracherkaoui.ma\/index.php\/produit\/mustela-lait-hydratant-apaisant-peau-tres-sensible-tube-200-ml\/","og_site_name":"Paracherkaoui.ma","article_modified_time":"2025-12-12T18:14:26+00:00","og_image":[{"width":700,"height":700,"url":"https:\/\/paracherkaoui.ma\/wp-content\/uploads\/2025\/12\/mustela-mustela-lait-hydratant-apaisant-peau-tres-sensible-tube-200-ml-soins-cheveux-visage-et-corps.jpg","type":"image\/jpeg"}],"twitter_card":"summary_large_image","twitter_misc":{"Dur\u00e9e de lecture estim\u00e9e":"1 minute"},"schema":{"@context":"https:\/\/schema.org","@graph":[{"@type":"WebPage","@id":"https:\/\/paracherkaoui.ma\/index.php\/produit\/mustela-lait-hydratant-apaisant-peau-tres-sensible-tube-200-ml\/","url":"https:\/\/paracherkaoui.ma\/index.php\/produit\/mustela-lait-hydratant-apaisant-peau-tres-sensible-tube-200-ml\/","name":"MUSTELA LAIT HYDRATANT APAISANT PEAU TRES SENSIBLE TUBE 200 ML - Paracherkaoui.ma","isPartOf":{"@id":"https:\/\/paracherkaoui.ma\/#website"},"primaryImageOfPage":{"@id":"https:\/\/paracherkaoui.ma\/index.php\/produit\/mustela-lait-hydratant-apaisant-peau-tres-sensible-tube-200-ml\/#primaryimage"},"image":{"@id":"https:\/\/paracherkaoui.ma\/index.php\/produit\/mustela-lait-hydratant-apaisant-peau-tres-sensible-tube-200-ml\/#primaryimage"},"thumbnailUrl":"https:\/\/paracherkaoui.ma\/wp-content\/uploads\/2025\/12\/mustela-mustela-lait-hydratant-apaisant-peau-tres-sensible-tube-200-ml-soins-cheveux-visage-et-corps.jpg","datePublished":"2025-12-12T18:14:23+00:00","dateModified":"2025-12-12T18:14:26+00:00","breadcrumb":{"@id":"https:\/\/paracherkaoui.ma\/index.php\/produit\/mustela-lait-hydratant-apaisant-peau-tres-sensible-tube-200-ml\/#breadcrumb"},"inLanguage":"fr-FR","potentialAction":[{"@type":"ReadAction","target":["https:\/\/paracherkaoui.ma\/index.php\/produit\/mustela-lait-hydratant-apaisant-peau-tres-sensible-tube-200-ml\/"]}]},{"@type":"ImageObject","inLanguage":"fr-FR","@id":"https:\/\/paracherkaoui.ma\/index.php\/produit\/mustela-lait-hydratant-apaisant-peau-tres-sensible-tube-200-ml\/#primaryimage","url":"https:\/\/paracherkaoui.ma\/wp-content\/uploads\/2025\/12\/mustela-mustela-lait-hydratant-apaisant-peau-tres-sensible-tube-200-ml-soins-cheveux-visage-et-corps.jpg","contentUrl":"https:\/\/paracherkaoui.ma\/wp-content\/uploads\/2025\/12\/mustela-mustela-lait-hydratant-apaisant-peau-tres-sensible-tube-200-ml-soins-cheveux-visage-et-corps.jpg","width":700,"height":700},{"@type":"BreadcrumbList","@id":"https:\/\/paracherkaoui.ma\/index.php\/produit\/mustela-lait-hydratant-apaisant-peau-tres-sensible-tube-200-ml\/#breadcrumb","itemListElement":[{"@type":"ListItem","position":1,"name":"Accueil","item":"https:\/\/paracherkaoui.ma\/"},{"@type":"ListItem","position":2,"name":"Boutique","item":"https:\/\/paracherkaoui.ma\/index.php\/boutique\/"},{"@type":"ListItem","position":3,"name":"MUSTELA LAIT HYDRATANT APAISANT PEAU TRES SENSIBLE TUBE 200 ML"}]},{"@type":"WebSite","@id":"https:\/\/paracherkaoui.ma\/#website","url":"https:\/\/paracherkaoui.ma\/","name":"Paracherkaoui.ma","description":"Achetez en ligne sur Paracherkaoui.ma","potentialAction":[{"@type":"SearchAction","target":{"@type":"EntryPoint","urlTemplate":"https:\/\/paracherkaoui.ma\/?s={search_term_string}"},"query-input":{"@type":"PropertyValueSpecification","valueRequired":true,"valueName":"search_term_string"}}],"inLanguage":"fr-FR"}]}},"_links":{"self":[{"href":"https:\/\/paracherkaoui.ma\/index.php\/wp-json\/wp\/v2\/product\/44891","targetHints":{"allow":["GET"]}}],"collection":[{"href":"https:\/\/paracherkaoui.ma\/index.php\/wp-json\/wp\/v2\/product"}],"about":[{"href":"https:\/\/paracherkaoui.ma\/index.php\/wp-json\/wp\/v2\/types\/product"}],"replies":[{"embeddable":true,"href":"https:\/\/paracherkaoui.ma\/index.php\/wp-json\/wp\/v2\/comments?post=44891"}],"version-history":[{"count":1,"href":"https:\/\/paracherkaoui.ma\/index.php\/wp-json\/wp\/v2\/product\/44891\/revisions"}],"predecessor-version":[{"id":44922,"href":"https:\/\/paracherkaoui.ma\/index.php\/wp-json\/wp\/v2\/product\/44891\/revisions\/44922"}],"wp:featuredmedia":[{"embeddable":true,"href":"https:\/\/paracherkaoui.ma\/index.php\/wp-json\/wp\/v2\/media\/44921"}],"wp:attachment":[{"href":"https:\/\/paracherkaoui.ma\/index.php\/wp-json\/wp\/v2\/media?parent=44891"}],"wp:term":[{"taxonomy":"product_brand","embeddable":true,"href":"https:\/\/paracherkaoui.ma\/index.php\/wp-json\/wp\/v2\/product_brand?post=44891"},{"taxonomy":"product_cat","embeddable":true,"href":"https:\/\/paracherkaoui.ma\/index.php\/wp-json\/wp\/v2\/product_cat?post=44891"},{"taxonomy":"product_tag","embeddable":true,"href":"https:\/\/paracherkaoui.ma\/index.php\/wp-json\/wp\/v2\/product_tag?post=44891"}],"curies":[{"name":"wp","href":"https:\/\/api.w.org\/{rel}","templated":true}]}}