{"id":44889,"date":"2025-12-12T19:14:23","date_gmt":"2025-12-12T18:14:23","guid":{"rendered":"https:\/\/test.ecbeaute.com\/?post_type=product&#038;p=44889"},"modified":"2025-12-12T19:14:25","modified_gmt":"2025-12-12T18:14:25","slug":"puressentiel-anti-pique-roller-repulsif-bebe-30-ml-2","status":"publish","type":"product","link":"https:\/\/paracherkaoui.ma\/index.php\/produit\/puressentiel-anti-pique-roller-repulsif-bebe-30-ml-2\/","title":{"rendered":"PURESSENTIEL ANTI PIQUE ROLLER REPULSIF BEBE 30 ML"},"content":{"rendered":"<p>Le Roller R\u00e9pulsif B\u00e9b\u00e9 Anti-Pique est un anti-moustique con\u00e7u sp\u00e9cialement pour les tout petits \u00e0 partir de 6 mois. Il offre une protection efficace\u00b2 contre les moustiques dont le moustique tigre et autres insectes piqueurs comme les phl\u00e9botomes et les tiques.<br \/>\nGr\u00e2ce \u00e0 son actif puissant 100% d&rsquo;origine v\u00e9g\u00e9tale d\u00e9riv\u00e9 de l&rsquo;huile essentielle d&rsquo;Eucalyptus citronn\u00e9, le roller r\u00e9pulsif b\u00e9b\u00e9 est sans insectifuge neurotoxique, sans conservateur et sans parfum de synth\u00e8se.<br \/>\nTest\u00e9 sous contr\u00f4le p\u00e9diatrique et dermatologique, il convient aux peaux sensibles et aux femmes enceintes et allaitant.<br \/>\nConseils d&rsquo;utilisation:<br \/>\nBien agiter avant emploi. B\u00e9b\u00e9 : Appliquer en \u00e9vitant le visage et les parties du corps qui pourraient \u00eatre en contact avec sa bouche (mains et pieds).<\/p>\n","protected":false},"excerpt":{"rendered":"<p>Le Roller R\u00e9pulsif B\u00e9b\u00e9 Anti-Pique est un anti-moustique con\u00e7u sp\u00e9cialement pour les tout petits \u00e0 partir de 6 mois. Il<\/p>\n","protected":false},"featured_media":43064,"comment_status":"open","ping_status":"closed","template":"","meta":[],"product_brand":[204],"product_cat":[783],"product_tag":[],"class_list":{"0":"post-44889","1":"product","2":"type-product","3":"status-publish","4":"has-post-thumbnail","6":"product_brand-puressentiel","7":"product_cat-soins-cheveux-visage-et-corps","9":"first","10":"instock","11":"sale","12":"shipping-taxable","13":"purchasable","14":"product-type-simple"},"yoast_head":"<!-- This site is optimized with the Yoast SEO plugin v26.6 - https:\/\/yoast.com\/wordpress\/plugins\/seo\/ -->\r\n<title>PURESSENTIEL ANTI PIQUE ROLLER REPULSIF BEBE 30 ML - Paracherkaoui.ma<\/title>\r\n<meta name=\"robots\" content=\"index, follow, max-snippet:-1, max-image-preview:large, max-video-preview:-1\" \/>\r\n<link rel=\"canonical\" href=\"https:\/\/paracherkaoui.ma\/index.php\/produit\/puressentiel-anti-pique-roller-repulsif-bebe-30-ml-2\/\" \/>\r\n<meta property=\"og:locale\" content=\"fr_FR\" \/>\r\n<meta property=\"og:type\" content=\"article\" \/>\r\n<meta property=\"og:title\" content=\"PURESSENTIEL ANTI PIQUE ROLLER REPULSIF BEBE 30 ML - Paracherkaoui.ma\" \/>\r\n<meta property=\"og:description\" content=\"Le Roller R\u00e9pulsif B\u00e9b\u00e9 Anti-Pique est un anti-moustique con\u00e7u sp\u00e9cialement pour les tout petits \u00e0 partir de 6 mois. Il\" \/>\r\n<meta property=\"og:url\" content=\"https:\/\/paracherkaoui.ma\/index.php\/produit\/puressentiel-anti-pique-roller-repulsif-bebe-30-ml-2\/\" \/>\r\n<meta property=\"og:site_name\" content=\"Paracherkaoui.ma\" \/>\r\n<meta property=\"article:modified_time\" content=\"2025-12-12T18:14:25+00:00\" \/>\r\n<meta property=\"og:image\" content=\"https:\/\/paracherkaoui.ma\/wp-content\/uploads\/2025\/12\/puressentiel-puressentiel-anti-pique-roller-repulsif-bebe-30-ml-soins-visage-et-corps.jpg\" \/>\r\n\t<meta property=\"og:image:width\" content=\"700\" \/>\r\n\t<meta property=\"og:image:height\" content=\"700\" \/>\r\n\t<meta property=\"og:image:type\" content=\"image\/jpeg\" \/>\r\n<meta name=\"twitter:card\" content=\"summary_large_image\" \/>\r\n<meta name=\"twitter:label1\" content=\"Dur\u00e9e de lecture estim\u00e9e\" \/>\n\t<meta name=\"twitter:data1\" content=\"1 minute\" \/>\r\n<script type=\"application\/ld+json\" class=\"yoast-schema-graph\">{\"@context\":\"https:\/\/schema.org\",\"@graph\":[{\"@type\":\"WebPage\",\"@id\":\"https:\/\/paracherkaoui.ma\/index.php\/produit\/puressentiel-anti-pique-roller-repulsif-bebe-30-ml-2\/\",\"url\":\"https:\/\/paracherkaoui.ma\/index.php\/produit\/puressentiel-anti-pique-roller-repulsif-bebe-30-ml-2\/\",\"name\":\"PURESSENTIEL ANTI PIQUE ROLLER REPULSIF BEBE 30 ML - Paracherkaoui.ma\",\"isPartOf\":{\"@id\":\"https:\/\/paracherkaoui.ma\/#website\"},\"primaryImageOfPage\":{\"@id\":\"https:\/\/paracherkaoui.ma\/index.php\/produit\/puressentiel-anti-pique-roller-repulsif-bebe-30-ml-2\/#primaryimage\"},\"image\":{\"@id\":\"https:\/\/paracherkaoui.ma\/index.php\/produit\/puressentiel-anti-pique-roller-repulsif-bebe-30-ml-2\/#primaryimage\"},\"thumbnailUrl\":\"https:\/\/paracherkaoui.ma\/wp-content\/uploads\/2025\/12\/puressentiel-puressentiel-anti-pique-roller-repulsif-bebe-30-ml-soins-visage-et-corps.jpg\",\"datePublished\":\"2025-12-12T18:14:23+00:00\",\"dateModified\":\"2025-12-12T18:14:25+00:00\",\"breadcrumb\":{\"@id\":\"https:\/\/paracherkaoui.ma\/index.php\/produit\/puressentiel-anti-pique-roller-repulsif-bebe-30-ml-2\/#breadcrumb\"},\"inLanguage\":\"fr-FR\",\"potentialAction\":[{\"@type\":\"ReadAction\",\"target\":[\"https:\/\/paracherkaoui.ma\/index.php\/produit\/puressentiel-anti-pique-roller-repulsif-bebe-30-ml-2\/\"]}]},{\"@type\":\"ImageObject\",\"inLanguage\":\"fr-FR\",\"@id\":\"https:\/\/paracherkaoui.ma\/index.php\/produit\/puressentiel-anti-pique-roller-repulsif-bebe-30-ml-2\/#primaryimage\",\"url\":\"https:\/\/paracherkaoui.ma\/wp-content\/uploads\/2025\/12\/puressentiel-puressentiel-anti-pique-roller-repulsif-bebe-30-ml-soins-visage-et-corps.jpg\",\"contentUrl\":\"https:\/\/paracherkaoui.ma\/wp-content\/uploads\/2025\/12\/puressentiel-puressentiel-anti-pique-roller-repulsif-bebe-30-ml-soins-visage-et-corps.jpg\",\"width\":700,\"height\":700},{\"@type\":\"BreadcrumbList\",\"@id\":\"https:\/\/paracherkaoui.ma\/index.php\/produit\/puressentiel-anti-pique-roller-repulsif-bebe-30-ml-2\/#breadcrumb\",\"itemListElement\":[{\"@type\":\"ListItem\",\"position\":1,\"name\":\"Accueil\",\"item\":\"https:\/\/paracherkaoui.ma\/\"},{\"@type\":\"ListItem\",\"position\":2,\"name\":\"Boutique\",\"item\":\"https:\/\/paracherkaoui.ma\/index.php\/boutique\/\"},{\"@type\":\"ListItem\",\"position\":3,\"name\":\"PURESSENTIEL ANTI PIQUE ROLLER REPULSIF BEBE 30 ML\"}]},{\"@type\":\"WebSite\",\"@id\":\"https:\/\/paracherkaoui.ma\/#website\",\"url\":\"https:\/\/paracherkaoui.ma\/\",\"name\":\"Paracherkaoui.ma\",\"description\":\"Achetez en ligne sur Paracherkaoui.ma\",\"potentialAction\":[{\"@type\":\"SearchAction\",\"target\":{\"@type\":\"EntryPoint\",\"urlTemplate\":\"https:\/\/paracherkaoui.ma\/?s={search_term_string}\"},\"query-input\":{\"@type\":\"PropertyValueSpecification\",\"valueRequired\":true,\"valueName\":\"search_term_string\"}}],\"inLanguage\":\"fr-FR\"}]}<\/script>\r\n<!-- \/ Yoast SEO plugin. -->","yoast_head_json":{"title":"PURESSENTIEL ANTI PIQUE ROLLER REPULSIF BEBE 30 ML - Paracherkaoui.ma","robots":{"index":"index","follow":"follow","max-snippet":"max-snippet:-1","max-image-preview":"max-image-preview:large","max-video-preview":"max-video-preview:-1"},"canonical":"https:\/\/paracherkaoui.ma\/index.php\/produit\/puressentiel-anti-pique-roller-repulsif-bebe-30-ml-2\/","og_locale":"fr_FR","og_type":"article","og_title":"PURESSENTIEL ANTI PIQUE ROLLER REPULSIF BEBE 30 ML - Paracherkaoui.ma","og_description":"Le Roller R\u00e9pulsif B\u00e9b\u00e9 Anti-Pique est un anti-moustique con\u00e7u sp\u00e9cialement pour les tout petits \u00e0 partir de 6 mois. Il","og_url":"https:\/\/paracherkaoui.ma\/index.php\/produit\/puressentiel-anti-pique-roller-repulsif-bebe-30-ml-2\/","og_site_name":"Paracherkaoui.ma","article_modified_time":"2025-12-12T18:14:25+00:00","og_image":[{"width":700,"height":700,"url":"https:\/\/paracherkaoui.ma\/wp-content\/uploads\/2025\/12\/puressentiel-puressentiel-anti-pique-roller-repulsif-bebe-30-ml-soins-visage-et-corps.jpg","type":"image\/jpeg"}],"twitter_card":"summary_large_image","twitter_misc":{"Dur\u00e9e de lecture estim\u00e9e":"1 minute"},"schema":{"@context":"https:\/\/schema.org","@graph":[{"@type":"WebPage","@id":"https:\/\/paracherkaoui.ma\/index.php\/produit\/puressentiel-anti-pique-roller-repulsif-bebe-30-ml-2\/","url":"https:\/\/paracherkaoui.ma\/index.php\/produit\/puressentiel-anti-pique-roller-repulsif-bebe-30-ml-2\/","name":"PURESSENTIEL ANTI PIQUE ROLLER REPULSIF BEBE 30 ML - Paracherkaoui.ma","isPartOf":{"@id":"https:\/\/paracherkaoui.ma\/#website"},"primaryImageOfPage":{"@id":"https:\/\/paracherkaoui.ma\/index.php\/produit\/puressentiel-anti-pique-roller-repulsif-bebe-30-ml-2\/#primaryimage"},"image":{"@id":"https:\/\/paracherkaoui.ma\/index.php\/produit\/puressentiel-anti-pique-roller-repulsif-bebe-30-ml-2\/#primaryimage"},"thumbnailUrl":"https:\/\/paracherkaoui.ma\/wp-content\/uploads\/2025\/12\/puressentiel-puressentiel-anti-pique-roller-repulsif-bebe-30-ml-soins-visage-et-corps.jpg","datePublished":"2025-12-12T18:14:23+00:00","dateModified":"2025-12-12T18:14:25+00:00","breadcrumb":{"@id":"https:\/\/paracherkaoui.ma\/index.php\/produit\/puressentiel-anti-pique-roller-repulsif-bebe-30-ml-2\/#breadcrumb"},"inLanguage":"fr-FR","potentialAction":[{"@type":"ReadAction","target":["https:\/\/paracherkaoui.ma\/index.php\/produit\/puressentiel-anti-pique-roller-repulsif-bebe-30-ml-2\/"]}]},{"@type":"ImageObject","inLanguage":"fr-FR","@id":"https:\/\/paracherkaoui.ma\/index.php\/produit\/puressentiel-anti-pique-roller-repulsif-bebe-30-ml-2\/#primaryimage","url":"https:\/\/paracherkaoui.ma\/wp-content\/uploads\/2025\/12\/puressentiel-puressentiel-anti-pique-roller-repulsif-bebe-30-ml-soins-visage-et-corps.jpg","contentUrl":"https:\/\/paracherkaoui.ma\/wp-content\/uploads\/2025\/12\/puressentiel-puressentiel-anti-pique-roller-repulsif-bebe-30-ml-soins-visage-et-corps.jpg","width":700,"height":700},{"@type":"BreadcrumbList","@id":"https:\/\/paracherkaoui.ma\/index.php\/produit\/puressentiel-anti-pique-roller-repulsif-bebe-30-ml-2\/#breadcrumb","itemListElement":[{"@type":"ListItem","position":1,"name":"Accueil","item":"https:\/\/paracherkaoui.ma\/"},{"@type":"ListItem","position":2,"name":"Boutique","item":"https:\/\/paracherkaoui.ma\/index.php\/boutique\/"},{"@type":"ListItem","position":3,"name":"PURESSENTIEL ANTI PIQUE ROLLER REPULSIF BEBE 30 ML"}]},{"@type":"WebSite","@id":"https:\/\/paracherkaoui.ma\/#website","url":"https:\/\/paracherkaoui.ma\/","name":"Paracherkaoui.ma","description":"Achetez en ligne sur Paracherkaoui.ma","potentialAction":[{"@type":"SearchAction","target":{"@type":"EntryPoint","urlTemplate":"https:\/\/paracherkaoui.ma\/?s={search_term_string}"},"query-input":{"@type":"PropertyValueSpecification","valueRequired":true,"valueName":"search_term_string"}}],"inLanguage":"fr-FR"}]}},"_links":{"self":[{"href":"https:\/\/paracherkaoui.ma\/index.php\/wp-json\/wp\/v2\/product\/44889","targetHints":{"allow":["GET"]}}],"collection":[{"href":"https:\/\/paracherkaoui.ma\/index.php\/wp-json\/wp\/v2\/product"}],"about":[{"href":"https:\/\/paracherkaoui.ma\/index.php\/wp-json\/wp\/v2\/types\/product"}],"replies":[{"embeddable":true,"href":"https:\/\/paracherkaoui.ma\/index.php\/wp-json\/wp\/v2\/comments?post=44889"}],"version-history":[{"count":1,"href":"https:\/\/paracherkaoui.ma\/index.php\/wp-json\/wp\/v2\/product\/44889\/revisions"}],"predecessor-version":[{"id":44919,"href":"https:\/\/paracherkaoui.ma\/index.php\/wp-json\/wp\/v2\/product\/44889\/revisions\/44919"}],"wp:featuredmedia":[{"embeddable":true,"href":"https:\/\/paracherkaoui.ma\/index.php\/wp-json\/wp\/v2\/media\/43064"}],"wp:attachment":[{"href":"https:\/\/paracherkaoui.ma\/index.php\/wp-json\/wp\/v2\/media?parent=44889"}],"wp:term":[{"taxonomy":"product_brand","embeddable":true,"href":"https:\/\/paracherkaoui.ma\/index.php\/wp-json\/wp\/v2\/product_brand?post=44889"},{"taxonomy":"product_cat","embeddable":true,"href":"https:\/\/paracherkaoui.ma\/index.php\/wp-json\/wp\/v2\/product_cat?post=44889"},{"taxonomy":"product_tag","embeddable":true,"href":"https:\/\/paracherkaoui.ma\/index.php\/wp-json\/wp\/v2\/product_tag?post=44889"}],"curies":[{"name":"wp","href":"https:\/\/api.w.org\/{rel}","templated":true}]}}