{"id":44828,"date":"2025-12-12T19:14:16","date_gmt":"2025-12-12T18:14:16","guid":{"rendered":"https:\/\/test.ecbeaute.com\/?post_type=product&#038;p=44828"},"modified":"2025-12-12T19:14:21","modified_gmt":"2025-12-12T18:14:21","slug":"puressentiel-sommeil-detente-baume-de-massage-bb","status":"publish","type":"product","link":"https:\/\/paracherkaoui.ma\/index.php\/produit\/puressentiel-sommeil-detente-baume-de-massage-bb\/","title":{"rendered":"PURESSENTIEL SOMMEIL DETENTE BAUME DE MASSAGE BB"},"content":{"rendered":"<p>Description:<br \/>\nLa texture fondante de ce baume, enrichie en huiles v\u00e9g\u00e9tales hydratantes et nourrissantes (Amande douce, Olive, Macadamia, p\u00e9pins de Raisin) permet un massage tout en douceur. Elle laisse la peau des b\u00e9b\u00e9s douce et hydrat\u00e9e.Sa composition en huiles essentielles bio (Lavande vraie, Orange et Marjolaine) et son extrait naturel de Camomille matricaire d\u00e9gagent des effluves aromatiques calmants et relaxants, favorisant la d\u00e9tente, le r\u00e9confort et lesommeil du b\u00e9b\u00e9. Ce baume de massage est id\u00e9al pour d\u00e9tendre et pr\u00e9parer les tout-petits d\u00e8s 6 mois au repos<\/p>\n","protected":false},"excerpt":{"rendered":"<p>Description: La texture fondante de ce baume, enrichie en huiles v\u00e9g\u00e9tales hydratantes et nourrissantes (Amande douce, Olive, Macadamia, p\u00e9pins de<\/p>\n","protected":false},"featured_media":44875,"comment_status":"open","ping_status":"closed","template":"","meta":[],"product_brand":[204],"product_cat":[783],"product_tag":[],"class_list":{"0":"post-44828","1":"product","2":"type-product","3":"status-publish","4":"has-post-thumbnail","6":"product_brand-puressentiel","7":"product_cat-soins-cheveux-visage-et-corps","9":"first","10":"instock","11":"sale","12":"shipping-taxable","13":"purchasable","14":"product-type-simple"},"yoast_head":"<!-- This site is optimized with the Yoast SEO plugin v26.6 - https:\/\/yoast.com\/wordpress\/plugins\/seo\/ -->\r\n<title>PURESSENTIEL SOMMEIL DETENTE BAUME DE MASSAGE BB - Paracherkaoui.ma<\/title>\r\n<meta name=\"robots\" content=\"index, follow, max-snippet:-1, max-image-preview:large, max-video-preview:-1\" \/>\r\n<link rel=\"canonical\" href=\"https:\/\/paracherkaoui.ma\/index.php\/produit\/puressentiel-sommeil-detente-baume-de-massage-bb\/\" \/>\r\n<meta property=\"og:locale\" content=\"fr_FR\" \/>\r\n<meta property=\"og:type\" content=\"article\" \/>\r\n<meta property=\"og:title\" content=\"PURESSENTIEL SOMMEIL DETENTE BAUME DE MASSAGE BB - Paracherkaoui.ma\" \/>\r\n<meta property=\"og:description\" content=\"Description: La texture fondante de ce baume, enrichie en huiles v\u00e9g\u00e9tales hydratantes et nourrissantes (Amande douce, Olive, Macadamia, p\u00e9pins de\" \/>\r\n<meta property=\"og:url\" content=\"https:\/\/paracherkaoui.ma\/index.php\/produit\/puressentiel-sommeil-detente-baume-de-massage-bb\/\" \/>\r\n<meta property=\"og:site_name\" content=\"Paracherkaoui.ma\" \/>\r\n<meta property=\"article:modified_time\" content=\"2025-12-12T18:14:21+00:00\" \/>\r\n<meta property=\"og:image\" content=\"https:\/\/paracherkaoui.ma\/wp-content\/uploads\/2025\/12\/puressentiel-sommeil-detente-baume-de-massage-bb.jpg\" \/>\r\n\t<meta property=\"og:image:width\" content=\"700\" \/>\r\n\t<meta property=\"og:image:height\" content=\"700\" \/>\r\n\t<meta property=\"og:image:type\" content=\"image\/jpeg\" \/>\r\n<meta name=\"twitter:card\" content=\"summary_large_image\" \/>\r\n<meta name=\"twitter:label1\" content=\"Dur\u00e9e de lecture estim\u00e9e\" \/>\n\t<meta name=\"twitter:data1\" content=\"1 minute\" \/>\r\n<script type=\"application\/ld+json\" class=\"yoast-schema-graph\">{\"@context\":\"https:\/\/schema.org\",\"@graph\":[{\"@type\":\"WebPage\",\"@id\":\"https:\/\/paracherkaoui.ma\/index.php\/produit\/puressentiel-sommeil-detente-baume-de-massage-bb\/\",\"url\":\"https:\/\/paracherkaoui.ma\/index.php\/produit\/puressentiel-sommeil-detente-baume-de-massage-bb\/\",\"name\":\"PURESSENTIEL SOMMEIL DETENTE BAUME DE MASSAGE BB - Paracherkaoui.ma\",\"isPartOf\":{\"@id\":\"https:\/\/paracherkaoui.ma\/#website\"},\"primaryImageOfPage\":{\"@id\":\"https:\/\/paracherkaoui.ma\/index.php\/produit\/puressentiel-sommeil-detente-baume-de-massage-bb\/#primaryimage\"},\"image\":{\"@id\":\"https:\/\/paracherkaoui.ma\/index.php\/produit\/puressentiel-sommeil-detente-baume-de-massage-bb\/#primaryimage\"},\"thumbnailUrl\":\"https:\/\/paracherkaoui.ma\/wp-content\/uploads\/2025\/12\/puressentiel-sommeil-detente-baume-de-massage-bb.jpg\",\"datePublished\":\"2025-12-12T18:14:16+00:00\",\"dateModified\":\"2025-12-12T18:14:21+00:00\",\"breadcrumb\":{\"@id\":\"https:\/\/paracherkaoui.ma\/index.php\/produit\/puressentiel-sommeil-detente-baume-de-massage-bb\/#breadcrumb\"},\"inLanguage\":\"fr-FR\",\"potentialAction\":[{\"@type\":\"ReadAction\",\"target\":[\"https:\/\/paracherkaoui.ma\/index.php\/produit\/puressentiel-sommeil-detente-baume-de-massage-bb\/\"]}]},{\"@type\":\"ImageObject\",\"inLanguage\":\"fr-FR\",\"@id\":\"https:\/\/paracherkaoui.ma\/index.php\/produit\/puressentiel-sommeil-detente-baume-de-massage-bb\/#primaryimage\",\"url\":\"https:\/\/paracherkaoui.ma\/wp-content\/uploads\/2025\/12\/puressentiel-sommeil-detente-baume-de-massage-bb.jpg\",\"contentUrl\":\"https:\/\/paracherkaoui.ma\/wp-content\/uploads\/2025\/12\/puressentiel-sommeil-detente-baume-de-massage-bb.jpg\",\"width\":700,\"height\":700},{\"@type\":\"BreadcrumbList\",\"@id\":\"https:\/\/paracherkaoui.ma\/index.php\/produit\/puressentiel-sommeil-detente-baume-de-massage-bb\/#breadcrumb\",\"itemListElement\":[{\"@type\":\"ListItem\",\"position\":1,\"name\":\"Accueil\",\"item\":\"https:\/\/paracherkaoui.ma\/\"},{\"@type\":\"ListItem\",\"position\":2,\"name\":\"Boutique\",\"item\":\"https:\/\/paracherkaoui.ma\/index.php\/boutique\/\"},{\"@type\":\"ListItem\",\"position\":3,\"name\":\"PURESSENTIEL SOMMEIL DETENTE BAUME DE MASSAGE BB\"}]},{\"@type\":\"WebSite\",\"@id\":\"https:\/\/paracherkaoui.ma\/#website\",\"url\":\"https:\/\/paracherkaoui.ma\/\",\"name\":\"Paracherkaoui.ma\",\"description\":\"Achetez en ligne sur Paracherkaoui.ma\",\"potentialAction\":[{\"@type\":\"SearchAction\",\"target\":{\"@type\":\"EntryPoint\",\"urlTemplate\":\"https:\/\/paracherkaoui.ma\/?s={search_term_string}\"},\"query-input\":{\"@type\":\"PropertyValueSpecification\",\"valueRequired\":true,\"valueName\":\"search_term_string\"}}],\"inLanguage\":\"fr-FR\"}]}<\/script>\r\n<!-- \/ Yoast SEO plugin. -->","yoast_head_json":{"title":"PURESSENTIEL SOMMEIL DETENTE BAUME DE MASSAGE BB - Paracherkaoui.ma","robots":{"index":"index","follow":"follow","max-snippet":"max-snippet:-1","max-image-preview":"max-image-preview:large","max-video-preview":"max-video-preview:-1"},"canonical":"https:\/\/paracherkaoui.ma\/index.php\/produit\/puressentiel-sommeil-detente-baume-de-massage-bb\/","og_locale":"fr_FR","og_type":"article","og_title":"PURESSENTIEL SOMMEIL DETENTE BAUME DE MASSAGE BB - Paracherkaoui.ma","og_description":"Description: La texture fondante de ce baume, enrichie en huiles v\u00e9g\u00e9tales hydratantes et nourrissantes (Amande douce, Olive, Macadamia, p\u00e9pins de","og_url":"https:\/\/paracherkaoui.ma\/index.php\/produit\/puressentiel-sommeil-detente-baume-de-massage-bb\/","og_site_name":"Paracherkaoui.ma","article_modified_time":"2025-12-12T18:14:21+00:00","og_image":[{"width":700,"height":700,"url":"https:\/\/paracherkaoui.ma\/wp-content\/uploads\/2025\/12\/puressentiel-sommeil-detente-baume-de-massage-bb.jpg","type":"image\/jpeg"}],"twitter_card":"summary_large_image","twitter_misc":{"Dur\u00e9e de lecture estim\u00e9e":"1 minute"},"schema":{"@context":"https:\/\/schema.org","@graph":[{"@type":"WebPage","@id":"https:\/\/paracherkaoui.ma\/index.php\/produit\/puressentiel-sommeil-detente-baume-de-massage-bb\/","url":"https:\/\/paracherkaoui.ma\/index.php\/produit\/puressentiel-sommeil-detente-baume-de-massage-bb\/","name":"PURESSENTIEL SOMMEIL DETENTE BAUME DE MASSAGE BB - Paracherkaoui.ma","isPartOf":{"@id":"https:\/\/paracherkaoui.ma\/#website"},"primaryImageOfPage":{"@id":"https:\/\/paracherkaoui.ma\/index.php\/produit\/puressentiel-sommeil-detente-baume-de-massage-bb\/#primaryimage"},"image":{"@id":"https:\/\/paracherkaoui.ma\/index.php\/produit\/puressentiel-sommeil-detente-baume-de-massage-bb\/#primaryimage"},"thumbnailUrl":"https:\/\/paracherkaoui.ma\/wp-content\/uploads\/2025\/12\/puressentiel-sommeil-detente-baume-de-massage-bb.jpg","datePublished":"2025-12-12T18:14:16+00:00","dateModified":"2025-12-12T18:14:21+00:00","breadcrumb":{"@id":"https:\/\/paracherkaoui.ma\/index.php\/produit\/puressentiel-sommeil-detente-baume-de-massage-bb\/#breadcrumb"},"inLanguage":"fr-FR","potentialAction":[{"@type":"ReadAction","target":["https:\/\/paracherkaoui.ma\/index.php\/produit\/puressentiel-sommeil-detente-baume-de-massage-bb\/"]}]},{"@type":"ImageObject","inLanguage":"fr-FR","@id":"https:\/\/paracherkaoui.ma\/index.php\/produit\/puressentiel-sommeil-detente-baume-de-massage-bb\/#primaryimage","url":"https:\/\/paracherkaoui.ma\/wp-content\/uploads\/2025\/12\/puressentiel-sommeil-detente-baume-de-massage-bb.jpg","contentUrl":"https:\/\/paracherkaoui.ma\/wp-content\/uploads\/2025\/12\/puressentiel-sommeil-detente-baume-de-massage-bb.jpg","width":700,"height":700},{"@type":"BreadcrumbList","@id":"https:\/\/paracherkaoui.ma\/index.php\/produit\/puressentiel-sommeil-detente-baume-de-massage-bb\/#breadcrumb","itemListElement":[{"@type":"ListItem","position":1,"name":"Accueil","item":"https:\/\/paracherkaoui.ma\/"},{"@type":"ListItem","position":2,"name":"Boutique","item":"https:\/\/paracherkaoui.ma\/index.php\/boutique\/"},{"@type":"ListItem","position":3,"name":"PURESSENTIEL SOMMEIL DETENTE BAUME DE MASSAGE BB"}]},{"@type":"WebSite","@id":"https:\/\/paracherkaoui.ma\/#website","url":"https:\/\/paracherkaoui.ma\/","name":"Paracherkaoui.ma","description":"Achetez en ligne sur Paracherkaoui.ma","potentialAction":[{"@type":"SearchAction","target":{"@type":"EntryPoint","urlTemplate":"https:\/\/paracherkaoui.ma\/?s={search_term_string}"},"query-input":{"@type":"PropertyValueSpecification","valueRequired":true,"valueName":"search_term_string"}}],"inLanguage":"fr-FR"}]}},"_links":{"self":[{"href":"https:\/\/paracherkaoui.ma\/index.php\/wp-json\/wp\/v2\/product\/44828","targetHints":{"allow":["GET"]}}],"collection":[{"href":"https:\/\/paracherkaoui.ma\/index.php\/wp-json\/wp\/v2\/product"}],"about":[{"href":"https:\/\/paracherkaoui.ma\/index.php\/wp-json\/wp\/v2\/types\/product"}],"replies":[{"embeddable":true,"href":"https:\/\/paracherkaoui.ma\/index.php\/wp-json\/wp\/v2\/comments?post=44828"}],"version-history":[{"count":1,"href":"https:\/\/paracherkaoui.ma\/index.php\/wp-json\/wp\/v2\/product\/44828\/revisions"}],"predecessor-version":[{"id":44876,"href":"https:\/\/paracherkaoui.ma\/index.php\/wp-json\/wp\/v2\/product\/44828\/revisions\/44876"}],"wp:featuredmedia":[{"embeddable":true,"href":"https:\/\/paracherkaoui.ma\/index.php\/wp-json\/wp\/v2\/media\/44875"}],"wp:attachment":[{"href":"https:\/\/paracherkaoui.ma\/index.php\/wp-json\/wp\/v2\/media?parent=44828"}],"wp:term":[{"taxonomy":"product_brand","embeddable":true,"href":"https:\/\/paracherkaoui.ma\/index.php\/wp-json\/wp\/v2\/product_brand?post=44828"},{"taxonomy":"product_cat","embeddable":true,"href":"https:\/\/paracherkaoui.ma\/index.php\/wp-json\/wp\/v2\/product_cat?post=44828"},{"taxonomy":"product_tag","embeddable":true,"href":"https:\/\/paracherkaoui.ma\/index.php\/wp-json\/wp\/v2\/product_tag?post=44828"}],"curies":[{"name":"wp","href":"https:\/\/api.w.org\/{rel}","templated":true}]}}