{"id":44811,"date":"2025-12-12T19:14:15","date_gmt":"2025-12-12T18:14:15","guid":{"rendered":"https:\/\/test.ecbeaute.com\/?post_type=product&#038;p=44811"},"modified":"2025-12-12T19:14:18","modified_gmt":"2025-12-12T18:14:18","slug":"begobano-eponge-savonneuse-bebe-25-unites","status":"publish","type":"product","link":"https:\/\/paracherkaoui.ma\/index.php\/produit\/begobano-eponge-savonneuse-bebe-25-unites\/","title":{"rendered":"BEGOBANO EPONGE SAVONNEUSE BEBE 25 UNITES"},"content":{"rendered":"<p>Les \u00e9ponges savonneuses Begobano Baby Bano sont disponibles en paquet de 25 unit\u00e9s. Sp\u00e9cialement con\u00e7ues pour la peau d\u00e9licate des b\u00e9b\u00e9s, ces \u00e9ponges offrent une solution douce et s\u00fbre pour le bain de votre enfant. En raison de leur format pratique et de leur texture d\u00e9licate, ces \u00e9ponges facilitent de mani\u00e8re efficace et en toute douceur le nettoyage de la peau sensible des tout-petits.<\/p>\n","protected":false},"excerpt":{"rendered":"<p>Les \u00e9ponges savonneuses Begobano Baby Bano sont disponibles en paquet de 25 unit\u00e9s. Sp\u00e9cialement con\u00e7ues pour la peau d\u00e9licate des<\/p>\n","protected":false},"featured_media":44844,"comment_status":"open","ping_status":"closed","template":"","meta":[],"product_brand":[326],"product_cat":[783],"product_tag":[],"class_list":{"0":"post-44811","1":"product","2":"type-product","3":"status-publish","4":"has-post-thumbnail","6":"product_brand-begobano","7":"product_cat-soins-cheveux-visage-et-corps","9":"first","10":"instock","11":"shipping-taxable","12":"purchasable","13":"product-type-simple"},"yoast_head":"<!-- This site is optimized with the Yoast SEO plugin v26.6 - https:\/\/yoast.com\/wordpress\/plugins\/seo\/ -->\r\n<title>BEGOBANO EPONGE SAVONNEUSE BEBE 25 UNITES - Paracherkaoui.ma<\/title>\r\n<meta name=\"robots\" content=\"index, follow, max-snippet:-1, max-image-preview:large, max-video-preview:-1\" \/>\r\n<link rel=\"canonical\" href=\"https:\/\/paracherkaoui.ma\/index.php\/produit\/begobano-eponge-savonneuse-bebe-25-unites\/\" \/>\r\n<meta property=\"og:locale\" content=\"fr_FR\" \/>\r\n<meta property=\"og:type\" content=\"article\" \/>\r\n<meta property=\"og:title\" content=\"BEGOBANO EPONGE SAVONNEUSE BEBE 25 UNITES - Paracherkaoui.ma\" \/>\r\n<meta property=\"og:description\" content=\"Les \u00e9ponges savonneuses Begobano Baby Bano sont disponibles en paquet de 25 unit\u00e9s. Sp\u00e9cialement con\u00e7ues pour la peau d\u00e9licate des\" \/>\r\n<meta property=\"og:url\" content=\"https:\/\/paracherkaoui.ma\/index.php\/produit\/begobano-eponge-savonneuse-bebe-25-unites\/\" \/>\r\n<meta property=\"og:site_name\" content=\"Paracherkaoui.ma\" \/>\r\n<meta property=\"article:modified_time\" content=\"2025-12-12T18:14:18+00:00\" \/>\r\n<meta property=\"og:image\" content=\"https:\/\/paracherkaoui.ma\/wp-content\/uploads\/2025\/12\/begobano-begobano-eponge-savonneuse-bebe-25-unites-soins-visage-et-corps.jpg\" \/>\r\n\t<meta property=\"og:image:width\" content=\"700\" \/>\r\n\t<meta property=\"og:image:height\" content=\"700\" \/>\r\n\t<meta property=\"og:image:type\" content=\"image\/jpeg\" \/>\r\n<meta name=\"twitter:card\" content=\"summary_large_image\" \/>\r\n<script type=\"application\/ld+json\" class=\"yoast-schema-graph\">{\"@context\":\"https:\/\/schema.org\",\"@graph\":[{\"@type\":\"WebPage\",\"@id\":\"https:\/\/paracherkaoui.ma\/index.php\/produit\/begobano-eponge-savonneuse-bebe-25-unites\/\",\"url\":\"https:\/\/paracherkaoui.ma\/index.php\/produit\/begobano-eponge-savonneuse-bebe-25-unites\/\",\"name\":\"BEGOBANO EPONGE SAVONNEUSE BEBE 25 UNITES - Paracherkaoui.ma\",\"isPartOf\":{\"@id\":\"https:\/\/paracherkaoui.ma\/#website\"},\"primaryImageOfPage\":{\"@id\":\"https:\/\/paracherkaoui.ma\/index.php\/produit\/begobano-eponge-savonneuse-bebe-25-unites\/#primaryimage\"},\"image\":{\"@id\":\"https:\/\/paracherkaoui.ma\/index.php\/produit\/begobano-eponge-savonneuse-bebe-25-unites\/#primaryimage\"},\"thumbnailUrl\":\"https:\/\/paracherkaoui.ma\/wp-content\/uploads\/2025\/12\/begobano-begobano-eponge-savonneuse-bebe-25-unites-soins-visage-et-corps.jpg\",\"datePublished\":\"2025-12-12T18:14:15+00:00\",\"dateModified\":\"2025-12-12T18:14:18+00:00\",\"breadcrumb\":{\"@id\":\"https:\/\/paracherkaoui.ma\/index.php\/produit\/begobano-eponge-savonneuse-bebe-25-unites\/#breadcrumb\"},\"inLanguage\":\"fr-FR\",\"potentialAction\":[{\"@type\":\"ReadAction\",\"target\":[\"https:\/\/paracherkaoui.ma\/index.php\/produit\/begobano-eponge-savonneuse-bebe-25-unites\/\"]}]},{\"@type\":\"ImageObject\",\"inLanguage\":\"fr-FR\",\"@id\":\"https:\/\/paracherkaoui.ma\/index.php\/produit\/begobano-eponge-savonneuse-bebe-25-unites\/#primaryimage\",\"url\":\"https:\/\/paracherkaoui.ma\/wp-content\/uploads\/2025\/12\/begobano-begobano-eponge-savonneuse-bebe-25-unites-soins-visage-et-corps.jpg\",\"contentUrl\":\"https:\/\/paracherkaoui.ma\/wp-content\/uploads\/2025\/12\/begobano-begobano-eponge-savonneuse-bebe-25-unites-soins-visage-et-corps.jpg\",\"width\":700,\"height\":700},{\"@type\":\"BreadcrumbList\",\"@id\":\"https:\/\/paracherkaoui.ma\/index.php\/produit\/begobano-eponge-savonneuse-bebe-25-unites\/#breadcrumb\",\"itemListElement\":[{\"@type\":\"ListItem\",\"position\":1,\"name\":\"Accueil\",\"item\":\"https:\/\/paracherkaoui.ma\/\"},{\"@type\":\"ListItem\",\"position\":2,\"name\":\"Boutique\",\"item\":\"https:\/\/paracherkaoui.ma\/index.php\/boutique\/\"},{\"@type\":\"ListItem\",\"position\":3,\"name\":\"BEGOBANO EPONGE SAVONNEUSE BEBE 25 UNITES\"}]},{\"@type\":\"WebSite\",\"@id\":\"https:\/\/paracherkaoui.ma\/#website\",\"url\":\"https:\/\/paracherkaoui.ma\/\",\"name\":\"Paracherkaoui.ma\",\"description\":\"Achetez en ligne sur Paracherkaoui.ma\",\"potentialAction\":[{\"@type\":\"SearchAction\",\"target\":{\"@type\":\"EntryPoint\",\"urlTemplate\":\"https:\/\/paracherkaoui.ma\/?s={search_term_string}\"},\"query-input\":{\"@type\":\"PropertyValueSpecification\",\"valueRequired\":true,\"valueName\":\"search_term_string\"}}],\"inLanguage\":\"fr-FR\"}]}<\/script>\r\n<!-- \/ Yoast SEO plugin. -->","yoast_head_json":{"title":"BEGOBANO EPONGE SAVONNEUSE BEBE 25 UNITES - Paracherkaoui.ma","robots":{"index":"index","follow":"follow","max-snippet":"max-snippet:-1","max-image-preview":"max-image-preview:large","max-video-preview":"max-video-preview:-1"},"canonical":"https:\/\/paracherkaoui.ma\/index.php\/produit\/begobano-eponge-savonneuse-bebe-25-unites\/","og_locale":"fr_FR","og_type":"article","og_title":"BEGOBANO EPONGE SAVONNEUSE BEBE 25 UNITES - Paracherkaoui.ma","og_description":"Les \u00e9ponges savonneuses Begobano Baby Bano sont disponibles en paquet de 25 unit\u00e9s. Sp\u00e9cialement con\u00e7ues pour la peau d\u00e9licate des","og_url":"https:\/\/paracherkaoui.ma\/index.php\/produit\/begobano-eponge-savonneuse-bebe-25-unites\/","og_site_name":"Paracherkaoui.ma","article_modified_time":"2025-12-12T18:14:18+00:00","og_image":[{"width":700,"height":700,"url":"https:\/\/paracherkaoui.ma\/wp-content\/uploads\/2025\/12\/begobano-begobano-eponge-savonneuse-bebe-25-unites-soins-visage-et-corps.jpg","type":"image\/jpeg"}],"twitter_card":"summary_large_image","schema":{"@context":"https:\/\/schema.org","@graph":[{"@type":"WebPage","@id":"https:\/\/paracherkaoui.ma\/index.php\/produit\/begobano-eponge-savonneuse-bebe-25-unites\/","url":"https:\/\/paracherkaoui.ma\/index.php\/produit\/begobano-eponge-savonneuse-bebe-25-unites\/","name":"BEGOBANO EPONGE SAVONNEUSE BEBE 25 UNITES - Paracherkaoui.ma","isPartOf":{"@id":"https:\/\/paracherkaoui.ma\/#website"},"primaryImageOfPage":{"@id":"https:\/\/paracherkaoui.ma\/index.php\/produit\/begobano-eponge-savonneuse-bebe-25-unites\/#primaryimage"},"image":{"@id":"https:\/\/paracherkaoui.ma\/index.php\/produit\/begobano-eponge-savonneuse-bebe-25-unites\/#primaryimage"},"thumbnailUrl":"https:\/\/paracherkaoui.ma\/wp-content\/uploads\/2025\/12\/begobano-begobano-eponge-savonneuse-bebe-25-unites-soins-visage-et-corps.jpg","datePublished":"2025-12-12T18:14:15+00:00","dateModified":"2025-12-12T18:14:18+00:00","breadcrumb":{"@id":"https:\/\/paracherkaoui.ma\/index.php\/produit\/begobano-eponge-savonneuse-bebe-25-unites\/#breadcrumb"},"inLanguage":"fr-FR","potentialAction":[{"@type":"ReadAction","target":["https:\/\/paracherkaoui.ma\/index.php\/produit\/begobano-eponge-savonneuse-bebe-25-unites\/"]}]},{"@type":"ImageObject","inLanguage":"fr-FR","@id":"https:\/\/paracherkaoui.ma\/index.php\/produit\/begobano-eponge-savonneuse-bebe-25-unites\/#primaryimage","url":"https:\/\/paracherkaoui.ma\/wp-content\/uploads\/2025\/12\/begobano-begobano-eponge-savonneuse-bebe-25-unites-soins-visage-et-corps.jpg","contentUrl":"https:\/\/paracherkaoui.ma\/wp-content\/uploads\/2025\/12\/begobano-begobano-eponge-savonneuse-bebe-25-unites-soins-visage-et-corps.jpg","width":700,"height":700},{"@type":"BreadcrumbList","@id":"https:\/\/paracherkaoui.ma\/index.php\/produit\/begobano-eponge-savonneuse-bebe-25-unites\/#breadcrumb","itemListElement":[{"@type":"ListItem","position":1,"name":"Accueil","item":"https:\/\/paracherkaoui.ma\/"},{"@type":"ListItem","position":2,"name":"Boutique","item":"https:\/\/paracherkaoui.ma\/index.php\/boutique\/"},{"@type":"ListItem","position":3,"name":"BEGOBANO EPONGE SAVONNEUSE BEBE 25 UNITES"}]},{"@type":"WebSite","@id":"https:\/\/paracherkaoui.ma\/#website","url":"https:\/\/paracherkaoui.ma\/","name":"Paracherkaoui.ma","description":"Achetez en ligne sur Paracherkaoui.ma","potentialAction":[{"@type":"SearchAction","target":{"@type":"EntryPoint","urlTemplate":"https:\/\/paracherkaoui.ma\/?s={search_term_string}"},"query-input":{"@type":"PropertyValueSpecification","valueRequired":true,"valueName":"search_term_string"}}],"inLanguage":"fr-FR"}]}},"_links":{"self":[{"href":"https:\/\/paracherkaoui.ma\/index.php\/wp-json\/wp\/v2\/product\/44811","targetHints":{"allow":["GET"]}}],"collection":[{"href":"https:\/\/paracherkaoui.ma\/index.php\/wp-json\/wp\/v2\/product"}],"about":[{"href":"https:\/\/paracherkaoui.ma\/index.php\/wp-json\/wp\/v2\/types\/product"}],"replies":[{"embeddable":true,"href":"https:\/\/paracherkaoui.ma\/index.php\/wp-json\/wp\/v2\/comments?post=44811"}],"version-history":[{"count":1,"href":"https:\/\/paracherkaoui.ma\/index.php\/wp-json\/wp\/v2\/product\/44811\/revisions"}],"predecessor-version":[{"id":44845,"href":"https:\/\/paracherkaoui.ma\/index.php\/wp-json\/wp\/v2\/product\/44811\/revisions\/44845"}],"wp:featuredmedia":[{"embeddable":true,"href":"https:\/\/paracherkaoui.ma\/index.php\/wp-json\/wp\/v2\/media\/44844"}],"wp:attachment":[{"href":"https:\/\/paracherkaoui.ma\/index.php\/wp-json\/wp\/v2\/media?parent=44811"}],"wp:term":[{"taxonomy":"product_brand","embeddable":true,"href":"https:\/\/paracherkaoui.ma\/index.php\/wp-json\/wp\/v2\/product_brand?post=44811"},{"taxonomy":"product_cat","embeddable":true,"href":"https:\/\/paracherkaoui.ma\/index.php\/wp-json\/wp\/v2\/product_cat?post=44811"},{"taxonomy":"product_tag","embeddable":true,"href":"https:\/\/paracherkaoui.ma\/index.php\/wp-json\/wp\/v2\/product_tag?post=44811"}],"curies":[{"name":"wp","href":"https:\/\/api.w.org\/{rel}","templated":true}]}}