{"id":44810,"date":"2025-12-12T19:14:15","date_gmt":"2025-12-12T18:14:15","guid":{"rendered":"https:\/\/test.ecbeaute.com\/?post_type=product&#038;p=44810"},"modified":"2025-12-12T19:14:17","modified_gmt":"2025-12-12T18:14:17","slug":"bioderma-abcderm-cold-cream-creme-de-corps-nourrissante-200-ml-2","status":"publish","type":"product","link":"https:\/\/paracherkaoui.ma\/index.php\/produit\/bioderma-abcderm-cold-cream-creme-de-corps-nourrissante-200-ml-2\/","title":{"rendered":"BIODERMA ABCDERM COLD CREAM CREME DE CORPS NOURRISSANTE 200 ML"},"content":{"rendered":"<p>D\u00e9couvrez la cr\u00e8me ultime pour r\u00e9conforter et prot\u00e9ger les peaux normales \u00e0 s\u00e8ches fragilis\u00e9es par les agressions ext\u00e9rieures. Cette cr\u00e8me est formul\u00e9e \u00e0 base d\u2019actifs dermatologiques surgraissants, riches en acides gras essentiels, qui contribuent \u00e0 r\u00e9tablir la fonction barri\u00e8re \u00e9pidermique alt\u00e9r\u00e9e et \u00e0 mieux retenir l\u2019eau dans la peau.<br \/>\nL&rsquo;innovation de cette cr\u00e8me r\u00e9side dans sa texture onctueuse et non grasse, une \u00e9mulsion huile dans eau qui p\u00e9n\u00e8tre rapidement sans laisser de film gras. Cette formulation unique permet de diminuer durablement les sensations de dess\u00e8chement, d\u2019inconfort et de tiraillement, offrant ainsi une hydratation intense et un confort imm\u00e9diat.<br \/>\nLes acides gras essentiels contenus dans cette cr\u00e8me jouent un r\u00f4le crucial dans la restauration de la barri\u00e8re cutan\u00e9e. Ils renforcent la protection naturelle de la peau contre les agressions ext\u00e9rieures telles que le vent, le froid, l\u2019eau calcaire et le chauffage. Votre peau retrouve douceur et souplesse, tout en \u00e9tant prot\u00e9g\u00e9e des facteurs environnementaux qui la fragilisent.<br \/>\nUtilis\u00e9e r\u00e9guli\u00e8rement, cette cr\u00e8me assure une hydratation optimale, redonnant vie aux peaux normales \u00e0 s\u00e8ches. Enrichie en actifs surgraissants, elle nourrit en profondeur, laissant votre peau \u00e9clatante de sant\u00e9 et pleine de vitalit\u00e9.<br \/>\nConseils d&rsquo;utilisation :<br \/>\nAppliquez une noisette de cr\u00e8me sur votre visage et votre cou, matin et soir, massez d\u00e9licatement en effectuant des mouvements circulaires pour favoriser l&rsquo;absorption des actifs nourrissants.<\/p>\n","protected":false},"excerpt":{"rendered":"<p>D\u00e9couvrez la cr\u00e8me ultime pour r\u00e9conforter et prot\u00e9ger les peaux normales \u00e0 s\u00e8ches fragilis\u00e9es par les agressions ext\u00e9rieures. Cette cr\u00e8me<\/p>\n","protected":false},"featured_media":12751,"comment_status":"open","ping_status":"closed","template":"","meta":[],"product_brand":[164],"product_cat":[783],"product_tag":[],"class_list":{"0":"post-44810","1":"product","2":"type-product","3":"status-publish","4":"has-post-thumbnail","6":"product_brand-abcderm","7":"product_cat-soins-cheveux-visage-et-corps","9":"first","10":"instock","11":"sale","12":"shipping-taxable","13":"purchasable","14":"product-type-simple"},"yoast_head":"<!-- This site is optimized with the Yoast SEO plugin v26.6 - https:\/\/yoast.com\/wordpress\/plugins\/seo\/ -->\r\n<title>BIODERMA ABCDERM COLD CREAM CREME DE CORPS NOURRISSANTE 200 ML - Paracherkaoui.ma<\/title>\r\n<meta name=\"robots\" content=\"index, follow, max-snippet:-1, max-image-preview:large, max-video-preview:-1\" \/>\r\n<link rel=\"canonical\" href=\"https:\/\/paracherkaoui.ma\/index.php\/produit\/bioderma-abcderm-cold-cream-creme-de-corps-nourrissante-200-ml-2\/\" \/>\r\n<meta property=\"og:locale\" content=\"fr_FR\" \/>\r\n<meta property=\"og:type\" content=\"article\" \/>\r\n<meta property=\"og:title\" content=\"BIODERMA ABCDERM COLD CREAM CREME DE CORPS NOURRISSANTE 200 ML - Paracherkaoui.ma\" \/>\r\n<meta property=\"og:description\" content=\"D\u00e9couvrez la cr\u00e8me ultime pour r\u00e9conforter et prot\u00e9ger les peaux normales \u00e0 s\u00e8ches fragilis\u00e9es par les agressions ext\u00e9rieures. Cette cr\u00e8me\" \/>\r\n<meta property=\"og:url\" content=\"https:\/\/paracherkaoui.ma\/index.php\/produit\/bioderma-abcderm-cold-cream-creme-de-corps-nourrissante-200-ml-2\/\" \/>\r\n<meta property=\"og:site_name\" content=\"Paracherkaoui.ma\" \/>\r\n<meta property=\"article:modified_time\" content=\"2025-12-12T18:14:17+00:00\" \/>\r\n<meta property=\"og:image\" content=\"https:\/\/paracherkaoui.ma\/wp-content\/uploads\/2025\/12\/abcderm-bioderma-abcderm-cold-cream-creme-de-corps-nourrissante-200-ml-soins-cheveux-visage-et-corps.jpg\" \/>\r\n\t<meta property=\"og:image:width\" content=\"700\" \/>\r\n\t<meta property=\"og:image:height\" content=\"700\" \/>\r\n\t<meta property=\"og:image:type\" content=\"image\/jpeg\" \/>\r\n<meta name=\"twitter:card\" content=\"summary_large_image\" \/>\r\n<meta name=\"twitter:label1\" content=\"Dur\u00e9e de lecture estim\u00e9e\" \/>\n\t<meta name=\"twitter:data1\" content=\"1 minute\" \/>\r\n<script type=\"application\/ld+json\" class=\"yoast-schema-graph\">{\"@context\":\"https:\/\/schema.org\",\"@graph\":[{\"@type\":\"WebPage\",\"@id\":\"https:\/\/paracherkaoui.ma\/index.php\/produit\/bioderma-abcderm-cold-cream-creme-de-corps-nourrissante-200-ml-2\/\",\"url\":\"https:\/\/paracherkaoui.ma\/index.php\/produit\/bioderma-abcderm-cold-cream-creme-de-corps-nourrissante-200-ml-2\/\",\"name\":\"BIODERMA ABCDERM COLD CREAM CREME DE CORPS NOURRISSANTE 200 ML - Paracherkaoui.ma\",\"isPartOf\":{\"@id\":\"https:\/\/paracherkaoui.ma\/#website\"},\"primaryImageOfPage\":{\"@id\":\"https:\/\/paracherkaoui.ma\/index.php\/produit\/bioderma-abcderm-cold-cream-creme-de-corps-nourrissante-200-ml-2\/#primaryimage\"},\"image\":{\"@id\":\"https:\/\/paracherkaoui.ma\/index.php\/produit\/bioderma-abcderm-cold-cream-creme-de-corps-nourrissante-200-ml-2\/#primaryimage\"},\"thumbnailUrl\":\"https:\/\/paracherkaoui.ma\/wp-content\/uploads\/2025\/12\/abcderm-bioderma-abcderm-cold-cream-creme-de-corps-nourrissante-200-ml-soins-cheveux-visage-et-corps.jpg\",\"datePublished\":\"2025-12-12T18:14:15+00:00\",\"dateModified\":\"2025-12-12T18:14:17+00:00\",\"breadcrumb\":{\"@id\":\"https:\/\/paracherkaoui.ma\/index.php\/produit\/bioderma-abcderm-cold-cream-creme-de-corps-nourrissante-200-ml-2\/#breadcrumb\"},\"inLanguage\":\"fr-FR\",\"potentialAction\":[{\"@type\":\"ReadAction\",\"target\":[\"https:\/\/paracherkaoui.ma\/index.php\/produit\/bioderma-abcderm-cold-cream-creme-de-corps-nourrissante-200-ml-2\/\"]}]},{\"@type\":\"ImageObject\",\"inLanguage\":\"fr-FR\",\"@id\":\"https:\/\/paracherkaoui.ma\/index.php\/produit\/bioderma-abcderm-cold-cream-creme-de-corps-nourrissante-200-ml-2\/#primaryimage\",\"url\":\"https:\/\/paracherkaoui.ma\/wp-content\/uploads\/2025\/12\/abcderm-bioderma-abcderm-cold-cream-creme-de-corps-nourrissante-200-ml-soins-cheveux-visage-et-corps.jpg\",\"contentUrl\":\"https:\/\/paracherkaoui.ma\/wp-content\/uploads\/2025\/12\/abcderm-bioderma-abcderm-cold-cream-creme-de-corps-nourrissante-200-ml-soins-cheveux-visage-et-corps.jpg\",\"width\":700,\"height\":700},{\"@type\":\"BreadcrumbList\",\"@id\":\"https:\/\/paracherkaoui.ma\/index.php\/produit\/bioderma-abcderm-cold-cream-creme-de-corps-nourrissante-200-ml-2\/#breadcrumb\",\"itemListElement\":[{\"@type\":\"ListItem\",\"position\":1,\"name\":\"Accueil\",\"item\":\"https:\/\/paracherkaoui.ma\/\"},{\"@type\":\"ListItem\",\"position\":2,\"name\":\"Boutique\",\"item\":\"https:\/\/paracherkaoui.ma\/index.php\/boutique\/\"},{\"@type\":\"ListItem\",\"position\":3,\"name\":\"BIODERMA ABCDERM COLD CREAM CREME DE CORPS NOURRISSANTE 200 ML\"}]},{\"@type\":\"WebSite\",\"@id\":\"https:\/\/paracherkaoui.ma\/#website\",\"url\":\"https:\/\/paracherkaoui.ma\/\",\"name\":\"Paracherkaoui.ma\",\"description\":\"Achetez en ligne sur Paracherkaoui.ma\",\"potentialAction\":[{\"@type\":\"SearchAction\",\"target\":{\"@type\":\"EntryPoint\",\"urlTemplate\":\"https:\/\/paracherkaoui.ma\/?s={search_term_string}\"},\"query-input\":{\"@type\":\"PropertyValueSpecification\",\"valueRequired\":true,\"valueName\":\"search_term_string\"}}],\"inLanguage\":\"fr-FR\"}]}<\/script>\r\n<!-- \/ Yoast SEO plugin. -->","yoast_head_json":{"title":"BIODERMA ABCDERM COLD CREAM CREME DE CORPS NOURRISSANTE 200 ML - Paracherkaoui.ma","robots":{"index":"index","follow":"follow","max-snippet":"max-snippet:-1","max-image-preview":"max-image-preview:large","max-video-preview":"max-video-preview:-1"},"canonical":"https:\/\/paracherkaoui.ma\/index.php\/produit\/bioderma-abcderm-cold-cream-creme-de-corps-nourrissante-200-ml-2\/","og_locale":"fr_FR","og_type":"article","og_title":"BIODERMA ABCDERM COLD CREAM CREME DE CORPS NOURRISSANTE 200 ML - Paracherkaoui.ma","og_description":"D\u00e9couvrez la cr\u00e8me ultime pour r\u00e9conforter et prot\u00e9ger les peaux normales \u00e0 s\u00e8ches fragilis\u00e9es par les agressions ext\u00e9rieures. Cette cr\u00e8me","og_url":"https:\/\/paracherkaoui.ma\/index.php\/produit\/bioderma-abcderm-cold-cream-creme-de-corps-nourrissante-200-ml-2\/","og_site_name":"Paracherkaoui.ma","article_modified_time":"2025-12-12T18:14:17+00:00","og_image":[{"width":700,"height":700,"url":"https:\/\/paracherkaoui.ma\/wp-content\/uploads\/2025\/12\/abcderm-bioderma-abcderm-cold-cream-creme-de-corps-nourrissante-200-ml-soins-cheveux-visage-et-corps.jpg","type":"image\/jpeg"}],"twitter_card":"summary_large_image","twitter_misc":{"Dur\u00e9e de lecture estim\u00e9e":"1 minute"},"schema":{"@context":"https:\/\/schema.org","@graph":[{"@type":"WebPage","@id":"https:\/\/paracherkaoui.ma\/index.php\/produit\/bioderma-abcderm-cold-cream-creme-de-corps-nourrissante-200-ml-2\/","url":"https:\/\/paracherkaoui.ma\/index.php\/produit\/bioderma-abcderm-cold-cream-creme-de-corps-nourrissante-200-ml-2\/","name":"BIODERMA ABCDERM COLD CREAM CREME DE CORPS NOURRISSANTE 200 ML - Paracherkaoui.ma","isPartOf":{"@id":"https:\/\/paracherkaoui.ma\/#website"},"primaryImageOfPage":{"@id":"https:\/\/paracherkaoui.ma\/index.php\/produit\/bioderma-abcderm-cold-cream-creme-de-corps-nourrissante-200-ml-2\/#primaryimage"},"image":{"@id":"https:\/\/paracherkaoui.ma\/index.php\/produit\/bioderma-abcderm-cold-cream-creme-de-corps-nourrissante-200-ml-2\/#primaryimage"},"thumbnailUrl":"https:\/\/paracherkaoui.ma\/wp-content\/uploads\/2025\/12\/abcderm-bioderma-abcderm-cold-cream-creme-de-corps-nourrissante-200-ml-soins-cheveux-visage-et-corps.jpg","datePublished":"2025-12-12T18:14:15+00:00","dateModified":"2025-12-12T18:14:17+00:00","breadcrumb":{"@id":"https:\/\/paracherkaoui.ma\/index.php\/produit\/bioderma-abcderm-cold-cream-creme-de-corps-nourrissante-200-ml-2\/#breadcrumb"},"inLanguage":"fr-FR","potentialAction":[{"@type":"ReadAction","target":["https:\/\/paracherkaoui.ma\/index.php\/produit\/bioderma-abcderm-cold-cream-creme-de-corps-nourrissante-200-ml-2\/"]}]},{"@type":"ImageObject","inLanguage":"fr-FR","@id":"https:\/\/paracherkaoui.ma\/index.php\/produit\/bioderma-abcderm-cold-cream-creme-de-corps-nourrissante-200-ml-2\/#primaryimage","url":"https:\/\/paracherkaoui.ma\/wp-content\/uploads\/2025\/12\/abcderm-bioderma-abcderm-cold-cream-creme-de-corps-nourrissante-200-ml-soins-cheveux-visage-et-corps.jpg","contentUrl":"https:\/\/paracherkaoui.ma\/wp-content\/uploads\/2025\/12\/abcderm-bioderma-abcderm-cold-cream-creme-de-corps-nourrissante-200-ml-soins-cheveux-visage-et-corps.jpg","width":700,"height":700},{"@type":"BreadcrumbList","@id":"https:\/\/paracherkaoui.ma\/index.php\/produit\/bioderma-abcderm-cold-cream-creme-de-corps-nourrissante-200-ml-2\/#breadcrumb","itemListElement":[{"@type":"ListItem","position":1,"name":"Accueil","item":"https:\/\/paracherkaoui.ma\/"},{"@type":"ListItem","position":2,"name":"Boutique","item":"https:\/\/paracherkaoui.ma\/index.php\/boutique\/"},{"@type":"ListItem","position":3,"name":"BIODERMA ABCDERM COLD CREAM CREME DE CORPS NOURRISSANTE 200 ML"}]},{"@type":"WebSite","@id":"https:\/\/paracherkaoui.ma\/#website","url":"https:\/\/paracherkaoui.ma\/","name":"Paracherkaoui.ma","description":"Achetez en ligne sur Paracherkaoui.ma","potentialAction":[{"@type":"SearchAction","target":{"@type":"EntryPoint","urlTemplate":"https:\/\/paracherkaoui.ma\/?s={search_term_string}"},"query-input":{"@type":"PropertyValueSpecification","valueRequired":true,"valueName":"search_term_string"}}],"inLanguage":"fr-FR"}]}},"_links":{"self":[{"href":"https:\/\/paracherkaoui.ma\/index.php\/wp-json\/wp\/v2\/product\/44810","targetHints":{"allow":["GET"]}}],"collection":[{"href":"https:\/\/paracherkaoui.ma\/index.php\/wp-json\/wp\/v2\/product"}],"about":[{"href":"https:\/\/paracherkaoui.ma\/index.php\/wp-json\/wp\/v2\/types\/product"}],"replies":[{"embeddable":true,"href":"https:\/\/paracherkaoui.ma\/index.php\/wp-json\/wp\/v2\/comments?post=44810"}],"version-history":[{"count":1,"href":"https:\/\/paracherkaoui.ma\/index.php\/wp-json\/wp\/v2\/product\/44810\/revisions"}],"predecessor-version":[{"id":44843,"href":"https:\/\/paracherkaoui.ma\/index.php\/wp-json\/wp\/v2\/product\/44810\/revisions\/44843"}],"wp:featuredmedia":[{"embeddable":true,"href":"https:\/\/paracherkaoui.ma\/index.php\/wp-json\/wp\/v2\/media\/12751"}],"wp:attachment":[{"href":"https:\/\/paracherkaoui.ma\/index.php\/wp-json\/wp\/v2\/media?parent=44810"}],"wp:term":[{"taxonomy":"product_brand","embeddable":true,"href":"https:\/\/paracherkaoui.ma\/index.php\/wp-json\/wp\/v2\/product_brand?post=44810"},{"taxonomy":"product_cat","embeddable":true,"href":"https:\/\/paracherkaoui.ma\/index.php\/wp-json\/wp\/v2\/product_cat?post=44810"},{"taxonomy":"product_tag","embeddable":true,"href":"https:\/\/paracherkaoui.ma\/index.php\/wp-json\/wp\/v2\/product_tag?post=44810"}],"curies":[{"name":"wp","href":"https:\/\/api.w.org\/{rel}","templated":true}]}}