{"id":44745,"date":"2025-12-12T19:14:06","date_gmt":"2025-12-12T18:14:06","guid":{"rendered":"https:\/\/test.ecbeaute.com\/?post_type=product&#038;p=44745"},"modified":"2025-12-12T19:14:14","modified_gmt":"2025-12-12T18:14:14","slug":"bebe-confort-eponge-baleine","status":"publish","type":"product","link":"https:\/\/paracherkaoui.ma\/index.php\/produit\/bebe-confort-eponge-baleine\/","title":{"rendered":"BEBE CONFORT EPONGE BALEINE"},"content":{"rendered":"<p>Description:<br \/>\nDouce et tr\u00e8s absorbante, l\u2019\u00e9ponge B\u00e9b\u00e9 Confort prendra soin de la peau d\u00e9licate de votre b\u00e9b\u00e9 d\u00e8s la naissance. Apr\u00e8s utilisation, rincer et laisser s\u00e9cher.L\u2019\u00e9ponge est lavable \u00e0 90\u00b0C.<\/p>\n","protected":false},"excerpt":{"rendered":"<p>Description: Douce et tr\u00e8s absorbante, l\u2019\u00e9ponge B\u00e9b\u00e9 Confort prendra soin de la peau d\u00e9licate de votre b\u00e9b\u00e9 d\u00e8s la naissance.<\/p>\n","protected":false},"featured_media":44794,"comment_status":"open","ping_status":"closed","template":"","meta":[],"product_brand":[721],"product_cat":[783],"product_tag":[],"class_list":{"0":"post-44745","1":"product","2":"type-product","3":"status-publish","4":"has-post-thumbnail","6":"product_brand-bebe-confort","7":"product_cat-soins-cheveux-visage-et-corps","9":"first","10":"instock","11":"sale","12":"shipping-taxable","13":"purchasable","14":"product-type-simple"},"yoast_head":"<!-- This site is optimized with the Yoast SEO plugin v26.6 - https:\/\/yoast.com\/wordpress\/plugins\/seo\/ -->\r\n<title>BEBE CONFORT EPONGE BALEINE - Paracherkaoui.ma<\/title>\r\n<meta name=\"robots\" content=\"index, follow, max-snippet:-1, max-image-preview:large, max-video-preview:-1\" \/>\r\n<link rel=\"canonical\" href=\"https:\/\/paracherkaoui.ma\/index.php\/produit\/bebe-confort-eponge-baleine\/\" \/>\r\n<meta property=\"og:locale\" content=\"fr_FR\" \/>\r\n<meta property=\"og:type\" content=\"article\" \/>\r\n<meta property=\"og:title\" content=\"BEBE CONFORT EPONGE BALEINE - Paracherkaoui.ma\" \/>\r\n<meta property=\"og:description\" content=\"Description: Douce et tr\u00e8s absorbante, l\u2019\u00e9ponge B\u00e9b\u00e9 Confort prendra soin de la peau d\u00e9licate de votre b\u00e9b\u00e9 d\u00e8s la naissance.\" \/>\r\n<meta property=\"og:url\" content=\"https:\/\/paracherkaoui.ma\/index.php\/produit\/bebe-confort-eponge-baleine\/\" \/>\r\n<meta property=\"og:site_name\" content=\"Paracherkaoui.ma\" \/>\r\n<meta property=\"article:modified_time\" content=\"2025-12-12T18:14:14+00:00\" \/>\r\n<meta property=\"og:image\" content=\"https:\/\/paracherkaoui.ma\/wp-content\/uploads\/2025\/12\/bebe-confort-bebe-confort-eponge-baleine-materiel.jpg\" \/>\r\n\t<meta property=\"og:image:width\" content=\"700\" \/>\r\n\t<meta property=\"og:image:height\" content=\"700\" \/>\r\n\t<meta property=\"og:image:type\" content=\"image\/jpeg\" \/>\r\n<meta name=\"twitter:card\" content=\"summary_large_image\" \/>\r\n<script type=\"application\/ld+json\" class=\"yoast-schema-graph\">{\"@context\":\"https:\/\/schema.org\",\"@graph\":[{\"@type\":\"WebPage\",\"@id\":\"https:\/\/paracherkaoui.ma\/index.php\/produit\/bebe-confort-eponge-baleine\/\",\"url\":\"https:\/\/paracherkaoui.ma\/index.php\/produit\/bebe-confort-eponge-baleine\/\",\"name\":\"BEBE CONFORT EPONGE BALEINE - Paracherkaoui.ma\",\"isPartOf\":{\"@id\":\"https:\/\/paracherkaoui.ma\/#website\"},\"primaryImageOfPage\":{\"@id\":\"https:\/\/paracherkaoui.ma\/index.php\/produit\/bebe-confort-eponge-baleine\/#primaryimage\"},\"image\":{\"@id\":\"https:\/\/paracherkaoui.ma\/index.php\/produit\/bebe-confort-eponge-baleine\/#primaryimage\"},\"thumbnailUrl\":\"https:\/\/paracherkaoui.ma\/wp-content\/uploads\/2025\/12\/bebe-confort-bebe-confort-eponge-baleine-materiel.jpg\",\"datePublished\":\"2025-12-12T18:14:06+00:00\",\"dateModified\":\"2025-12-12T18:14:14+00:00\",\"breadcrumb\":{\"@id\":\"https:\/\/paracherkaoui.ma\/index.php\/produit\/bebe-confort-eponge-baleine\/#breadcrumb\"},\"inLanguage\":\"fr-FR\",\"potentialAction\":[{\"@type\":\"ReadAction\",\"target\":[\"https:\/\/paracherkaoui.ma\/index.php\/produit\/bebe-confort-eponge-baleine\/\"]}]},{\"@type\":\"ImageObject\",\"inLanguage\":\"fr-FR\",\"@id\":\"https:\/\/paracherkaoui.ma\/index.php\/produit\/bebe-confort-eponge-baleine\/#primaryimage\",\"url\":\"https:\/\/paracherkaoui.ma\/wp-content\/uploads\/2025\/12\/bebe-confort-bebe-confort-eponge-baleine-materiel.jpg\",\"contentUrl\":\"https:\/\/paracherkaoui.ma\/wp-content\/uploads\/2025\/12\/bebe-confort-bebe-confort-eponge-baleine-materiel.jpg\",\"width\":700,\"height\":700},{\"@type\":\"BreadcrumbList\",\"@id\":\"https:\/\/paracherkaoui.ma\/index.php\/produit\/bebe-confort-eponge-baleine\/#breadcrumb\",\"itemListElement\":[{\"@type\":\"ListItem\",\"position\":1,\"name\":\"Accueil\",\"item\":\"https:\/\/paracherkaoui.ma\/\"},{\"@type\":\"ListItem\",\"position\":2,\"name\":\"Boutique\",\"item\":\"https:\/\/paracherkaoui.ma\/index.php\/boutique\/\"},{\"@type\":\"ListItem\",\"position\":3,\"name\":\"BEBE CONFORT EPONGE BALEINE\"}]},{\"@type\":\"WebSite\",\"@id\":\"https:\/\/paracherkaoui.ma\/#website\",\"url\":\"https:\/\/paracherkaoui.ma\/\",\"name\":\"Paracherkaoui.ma\",\"description\":\"Achetez en ligne sur Paracherkaoui.ma\",\"potentialAction\":[{\"@type\":\"SearchAction\",\"target\":{\"@type\":\"EntryPoint\",\"urlTemplate\":\"https:\/\/paracherkaoui.ma\/?s={search_term_string}\"},\"query-input\":{\"@type\":\"PropertyValueSpecification\",\"valueRequired\":true,\"valueName\":\"search_term_string\"}}],\"inLanguage\":\"fr-FR\"}]}<\/script>\r\n<!-- \/ Yoast SEO plugin. -->","yoast_head_json":{"title":"BEBE CONFORT EPONGE BALEINE - Paracherkaoui.ma","robots":{"index":"index","follow":"follow","max-snippet":"max-snippet:-1","max-image-preview":"max-image-preview:large","max-video-preview":"max-video-preview:-1"},"canonical":"https:\/\/paracherkaoui.ma\/index.php\/produit\/bebe-confort-eponge-baleine\/","og_locale":"fr_FR","og_type":"article","og_title":"BEBE CONFORT EPONGE BALEINE - Paracherkaoui.ma","og_description":"Description: Douce et tr\u00e8s absorbante, l\u2019\u00e9ponge B\u00e9b\u00e9 Confort prendra soin de la peau d\u00e9licate de votre b\u00e9b\u00e9 d\u00e8s la naissance.","og_url":"https:\/\/paracherkaoui.ma\/index.php\/produit\/bebe-confort-eponge-baleine\/","og_site_name":"Paracherkaoui.ma","article_modified_time":"2025-12-12T18:14:14+00:00","og_image":[{"width":700,"height":700,"url":"https:\/\/paracherkaoui.ma\/wp-content\/uploads\/2025\/12\/bebe-confort-bebe-confort-eponge-baleine-materiel.jpg","type":"image\/jpeg"}],"twitter_card":"summary_large_image","schema":{"@context":"https:\/\/schema.org","@graph":[{"@type":"WebPage","@id":"https:\/\/paracherkaoui.ma\/index.php\/produit\/bebe-confort-eponge-baleine\/","url":"https:\/\/paracherkaoui.ma\/index.php\/produit\/bebe-confort-eponge-baleine\/","name":"BEBE CONFORT EPONGE BALEINE - Paracherkaoui.ma","isPartOf":{"@id":"https:\/\/paracherkaoui.ma\/#website"},"primaryImageOfPage":{"@id":"https:\/\/paracherkaoui.ma\/index.php\/produit\/bebe-confort-eponge-baleine\/#primaryimage"},"image":{"@id":"https:\/\/paracherkaoui.ma\/index.php\/produit\/bebe-confort-eponge-baleine\/#primaryimage"},"thumbnailUrl":"https:\/\/paracherkaoui.ma\/wp-content\/uploads\/2025\/12\/bebe-confort-bebe-confort-eponge-baleine-materiel.jpg","datePublished":"2025-12-12T18:14:06+00:00","dateModified":"2025-12-12T18:14:14+00:00","breadcrumb":{"@id":"https:\/\/paracherkaoui.ma\/index.php\/produit\/bebe-confort-eponge-baleine\/#breadcrumb"},"inLanguage":"fr-FR","potentialAction":[{"@type":"ReadAction","target":["https:\/\/paracherkaoui.ma\/index.php\/produit\/bebe-confort-eponge-baleine\/"]}]},{"@type":"ImageObject","inLanguage":"fr-FR","@id":"https:\/\/paracherkaoui.ma\/index.php\/produit\/bebe-confort-eponge-baleine\/#primaryimage","url":"https:\/\/paracherkaoui.ma\/wp-content\/uploads\/2025\/12\/bebe-confort-bebe-confort-eponge-baleine-materiel.jpg","contentUrl":"https:\/\/paracherkaoui.ma\/wp-content\/uploads\/2025\/12\/bebe-confort-bebe-confort-eponge-baleine-materiel.jpg","width":700,"height":700},{"@type":"BreadcrumbList","@id":"https:\/\/paracherkaoui.ma\/index.php\/produit\/bebe-confort-eponge-baleine\/#breadcrumb","itemListElement":[{"@type":"ListItem","position":1,"name":"Accueil","item":"https:\/\/paracherkaoui.ma\/"},{"@type":"ListItem","position":2,"name":"Boutique","item":"https:\/\/paracherkaoui.ma\/index.php\/boutique\/"},{"@type":"ListItem","position":3,"name":"BEBE CONFORT EPONGE BALEINE"}]},{"@type":"WebSite","@id":"https:\/\/paracherkaoui.ma\/#website","url":"https:\/\/paracherkaoui.ma\/","name":"Paracherkaoui.ma","description":"Achetez en ligne sur Paracherkaoui.ma","potentialAction":[{"@type":"SearchAction","target":{"@type":"EntryPoint","urlTemplate":"https:\/\/paracherkaoui.ma\/?s={search_term_string}"},"query-input":{"@type":"PropertyValueSpecification","valueRequired":true,"valueName":"search_term_string"}}],"inLanguage":"fr-FR"}]}},"_links":{"self":[{"href":"https:\/\/paracherkaoui.ma\/index.php\/wp-json\/wp\/v2\/product\/44745","targetHints":{"allow":["GET"]}}],"collection":[{"href":"https:\/\/paracherkaoui.ma\/index.php\/wp-json\/wp\/v2\/product"}],"about":[{"href":"https:\/\/paracherkaoui.ma\/index.php\/wp-json\/wp\/v2\/types\/product"}],"replies":[{"embeddable":true,"href":"https:\/\/paracherkaoui.ma\/index.php\/wp-json\/wp\/v2\/comments?post=44745"}],"version-history":[{"count":1,"href":"https:\/\/paracherkaoui.ma\/index.php\/wp-json\/wp\/v2\/product\/44745\/revisions"}],"predecessor-version":[{"id":44795,"href":"https:\/\/paracherkaoui.ma\/index.php\/wp-json\/wp\/v2\/product\/44745\/revisions\/44795"}],"wp:featuredmedia":[{"embeddable":true,"href":"https:\/\/paracherkaoui.ma\/index.php\/wp-json\/wp\/v2\/media\/44794"}],"wp:attachment":[{"href":"https:\/\/paracherkaoui.ma\/index.php\/wp-json\/wp\/v2\/media?parent=44745"}],"wp:term":[{"taxonomy":"product_brand","embeddable":true,"href":"https:\/\/paracherkaoui.ma\/index.php\/wp-json\/wp\/v2\/product_brand?post=44745"},{"taxonomy":"product_cat","embeddable":true,"href":"https:\/\/paracherkaoui.ma\/index.php\/wp-json\/wp\/v2\/product_cat?post=44745"},{"taxonomy":"product_tag","embeddable":true,"href":"https:\/\/paracherkaoui.ma\/index.php\/wp-json\/wp\/v2\/product_tag?post=44745"}],"curies":[{"name":"wp","href":"https:\/\/api.w.org\/{rel}","templated":true}]}}