{"id":44742,"date":"2025-12-12T19:14:05","date_gmt":"2025-12-12T18:14:05","guid":{"rendered":"https:\/\/test.ecbeaute.com\/?post_type=product&#038;p=44742"},"modified":"2025-12-12T19:14:13","modified_gmt":"2025-12-12T18:14:13","slug":"bioderma-abcderm-lait-nutri-protecteur-200-ml-2","status":"publish","type":"product","link":"https:\/\/paracherkaoui.ma\/index.php\/produit\/bioderma-abcderm-lait-nutri-protecteur-200-ml-2\/","title":{"rendered":"BIODERMA ABCDERM LAIT NUTRI PROTECTEUR 200 ML"},"content":{"rendered":"<p>ABCDerm Hydratant est le choix parfait pour les peaux normales \u00e0 s\u00e8ches, voire potentiellement atopiques de b\u00e9b\u00e9. Ce lait nourrissant est sp\u00e9cialement formul\u00e9 pour hydrater en profondeur tout en respectant la sensibilit\u00e9 de la peau d\u00e9licate de votre enfant. Sa formule douce et efficace aide \u00e0 prot\u00e9ger contre la s\u00e9cheresse cutan\u00e9e et \u00e0 maintenir une hydratation optimale tout au long de la journ\u00e9e. ABCDerm Hydratant est un indispensable pour une peau douce et confortable.<br \/>\nConseils d&rsquo;Utilisation :<br \/>\nAppliquer g\u00e9n\u00e9reusement sur une peau propre et s\u00e8che et masser d\u00e9licatement jusqu&rsquo;\u00e0 absorption compl\u00e8te.<\/p>\n","protected":false},"excerpt":{"rendered":"<p>ABCDerm Hydratant est le choix parfait pour les peaux normales \u00e0 s\u00e8ches, voire potentiellement atopiques de b\u00e9b\u00e9. Ce lait nourrissant<\/p>\n","protected":false},"featured_media":12747,"comment_status":"open","ping_status":"closed","template":"","meta":[],"product_brand":[164],"product_cat":[783],"product_tag":[],"class_list":{"0":"post-44742","1":"product","2":"type-product","3":"status-publish","4":"has-post-thumbnail","6":"product_brand-abcderm","7":"product_cat-soins-cheveux-visage-et-corps","9":"first","10":"instock","11":"sale","12":"shipping-taxable","13":"purchasable","14":"product-type-simple"},"yoast_head":"<!-- This site is optimized with the Yoast SEO plugin v26.6 - https:\/\/yoast.com\/wordpress\/plugins\/seo\/ -->\r\n<title>BIODERMA ABCDERM LAIT NUTRI PROTECTEUR 200 ML - Paracherkaoui.ma<\/title>\r\n<meta name=\"robots\" content=\"index, follow, max-snippet:-1, max-image-preview:large, max-video-preview:-1\" \/>\r\n<link rel=\"canonical\" href=\"https:\/\/paracherkaoui.ma\/index.php\/produit\/bioderma-abcderm-lait-nutri-protecteur-200-ml-2\/\" \/>\r\n<meta property=\"og:locale\" content=\"fr_FR\" \/>\r\n<meta property=\"og:type\" content=\"article\" \/>\r\n<meta property=\"og:title\" content=\"BIODERMA ABCDERM LAIT NUTRI PROTECTEUR 200 ML - Paracherkaoui.ma\" \/>\r\n<meta property=\"og:description\" content=\"ABCDerm Hydratant est le choix parfait pour les peaux normales \u00e0 s\u00e8ches, voire potentiellement atopiques de b\u00e9b\u00e9. Ce lait nourrissant\" \/>\r\n<meta property=\"og:url\" content=\"https:\/\/paracherkaoui.ma\/index.php\/produit\/bioderma-abcderm-lait-nutri-protecteur-200-ml-2\/\" \/>\r\n<meta property=\"og:site_name\" content=\"Paracherkaoui.ma\" \/>\r\n<meta property=\"article:modified_time\" content=\"2025-12-12T18:14:13+00:00\" \/>\r\n<meta property=\"og:image\" content=\"https:\/\/paracherkaoui.ma\/wp-content\/uploads\/2025\/12\/abcderm-bioderma-abcderm-lait-nutri-protecteur-200-ml-soins-visage-et-corps.jpg\" \/>\r\n\t<meta property=\"og:image:width\" content=\"700\" \/>\r\n\t<meta property=\"og:image:height\" content=\"700\" \/>\r\n\t<meta property=\"og:image:type\" content=\"image\/jpeg\" \/>\r\n<meta name=\"twitter:card\" content=\"summary_large_image\" \/>\r\n<meta name=\"twitter:label1\" content=\"Dur\u00e9e de lecture estim\u00e9e\" \/>\n\t<meta name=\"twitter:data1\" content=\"1 minute\" \/>\r\n<script type=\"application\/ld+json\" class=\"yoast-schema-graph\">{\"@context\":\"https:\/\/schema.org\",\"@graph\":[{\"@type\":\"WebPage\",\"@id\":\"https:\/\/paracherkaoui.ma\/index.php\/produit\/bioderma-abcderm-lait-nutri-protecteur-200-ml-2\/\",\"url\":\"https:\/\/paracherkaoui.ma\/index.php\/produit\/bioderma-abcderm-lait-nutri-protecteur-200-ml-2\/\",\"name\":\"BIODERMA ABCDERM LAIT NUTRI PROTECTEUR 200 ML - Paracherkaoui.ma\",\"isPartOf\":{\"@id\":\"https:\/\/paracherkaoui.ma\/#website\"},\"primaryImageOfPage\":{\"@id\":\"https:\/\/paracherkaoui.ma\/index.php\/produit\/bioderma-abcderm-lait-nutri-protecteur-200-ml-2\/#primaryimage\"},\"image\":{\"@id\":\"https:\/\/paracherkaoui.ma\/index.php\/produit\/bioderma-abcderm-lait-nutri-protecteur-200-ml-2\/#primaryimage\"},\"thumbnailUrl\":\"https:\/\/paracherkaoui.ma\/wp-content\/uploads\/2025\/12\/abcderm-bioderma-abcderm-lait-nutri-protecteur-200-ml-soins-visage-et-corps.jpg\",\"datePublished\":\"2025-12-12T18:14:05+00:00\",\"dateModified\":\"2025-12-12T18:14:13+00:00\",\"breadcrumb\":{\"@id\":\"https:\/\/paracherkaoui.ma\/index.php\/produit\/bioderma-abcderm-lait-nutri-protecteur-200-ml-2\/#breadcrumb\"},\"inLanguage\":\"fr-FR\",\"potentialAction\":[{\"@type\":\"ReadAction\",\"target\":[\"https:\/\/paracherkaoui.ma\/index.php\/produit\/bioderma-abcderm-lait-nutri-protecteur-200-ml-2\/\"]}]},{\"@type\":\"ImageObject\",\"inLanguage\":\"fr-FR\",\"@id\":\"https:\/\/paracherkaoui.ma\/index.php\/produit\/bioderma-abcderm-lait-nutri-protecteur-200-ml-2\/#primaryimage\",\"url\":\"https:\/\/paracherkaoui.ma\/wp-content\/uploads\/2025\/12\/abcderm-bioderma-abcderm-lait-nutri-protecteur-200-ml-soins-visage-et-corps.jpg\",\"contentUrl\":\"https:\/\/paracherkaoui.ma\/wp-content\/uploads\/2025\/12\/abcderm-bioderma-abcderm-lait-nutri-protecteur-200-ml-soins-visage-et-corps.jpg\",\"width\":700,\"height\":700},{\"@type\":\"BreadcrumbList\",\"@id\":\"https:\/\/paracherkaoui.ma\/index.php\/produit\/bioderma-abcderm-lait-nutri-protecteur-200-ml-2\/#breadcrumb\",\"itemListElement\":[{\"@type\":\"ListItem\",\"position\":1,\"name\":\"Accueil\",\"item\":\"https:\/\/paracherkaoui.ma\/\"},{\"@type\":\"ListItem\",\"position\":2,\"name\":\"Boutique\",\"item\":\"https:\/\/paracherkaoui.ma\/index.php\/boutique\/\"},{\"@type\":\"ListItem\",\"position\":3,\"name\":\"BIODERMA ABCDERM LAIT NUTRI PROTECTEUR 200 ML\"}]},{\"@type\":\"WebSite\",\"@id\":\"https:\/\/paracherkaoui.ma\/#website\",\"url\":\"https:\/\/paracherkaoui.ma\/\",\"name\":\"Paracherkaoui.ma\",\"description\":\"Achetez en ligne sur Paracherkaoui.ma\",\"potentialAction\":[{\"@type\":\"SearchAction\",\"target\":{\"@type\":\"EntryPoint\",\"urlTemplate\":\"https:\/\/paracherkaoui.ma\/?s={search_term_string}\"},\"query-input\":{\"@type\":\"PropertyValueSpecification\",\"valueRequired\":true,\"valueName\":\"search_term_string\"}}],\"inLanguage\":\"fr-FR\"}]}<\/script>\r\n<!-- \/ Yoast SEO plugin. -->","yoast_head_json":{"title":"BIODERMA ABCDERM LAIT NUTRI PROTECTEUR 200 ML - Paracherkaoui.ma","robots":{"index":"index","follow":"follow","max-snippet":"max-snippet:-1","max-image-preview":"max-image-preview:large","max-video-preview":"max-video-preview:-1"},"canonical":"https:\/\/paracherkaoui.ma\/index.php\/produit\/bioderma-abcderm-lait-nutri-protecteur-200-ml-2\/","og_locale":"fr_FR","og_type":"article","og_title":"BIODERMA ABCDERM LAIT NUTRI PROTECTEUR 200 ML - Paracherkaoui.ma","og_description":"ABCDerm Hydratant est le choix parfait pour les peaux normales \u00e0 s\u00e8ches, voire potentiellement atopiques de b\u00e9b\u00e9. Ce lait nourrissant","og_url":"https:\/\/paracherkaoui.ma\/index.php\/produit\/bioderma-abcderm-lait-nutri-protecteur-200-ml-2\/","og_site_name":"Paracherkaoui.ma","article_modified_time":"2025-12-12T18:14:13+00:00","og_image":[{"width":700,"height":700,"url":"https:\/\/paracherkaoui.ma\/wp-content\/uploads\/2025\/12\/abcderm-bioderma-abcderm-lait-nutri-protecteur-200-ml-soins-visage-et-corps.jpg","type":"image\/jpeg"}],"twitter_card":"summary_large_image","twitter_misc":{"Dur\u00e9e de lecture estim\u00e9e":"1 minute"},"schema":{"@context":"https:\/\/schema.org","@graph":[{"@type":"WebPage","@id":"https:\/\/paracherkaoui.ma\/index.php\/produit\/bioderma-abcderm-lait-nutri-protecteur-200-ml-2\/","url":"https:\/\/paracherkaoui.ma\/index.php\/produit\/bioderma-abcderm-lait-nutri-protecteur-200-ml-2\/","name":"BIODERMA ABCDERM LAIT NUTRI PROTECTEUR 200 ML - Paracherkaoui.ma","isPartOf":{"@id":"https:\/\/paracherkaoui.ma\/#website"},"primaryImageOfPage":{"@id":"https:\/\/paracherkaoui.ma\/index.php\/produit\/bioderma-abcderm-lait-nutri-protecteur-200-ml-2\/#primaryimage"},"image":{"@id":"https:\/\/paracherkaoui.ma\/index.php\/produit\/bioderma-abcderm-lait-nutri-protecteur-200-ml-2\/#primaryimage"},"thumbnailUrl":"https:\/\/paracherkaoui.ma\/wp-content\/uploads\/2025\/12\/abcderm-bioderma-abcderm-lait-nutri-protecteur-200-ml-soins-visage-et-corps.jpg","datePublished":"2025-12-12T18:14:05+00:00","dateModified":"2025-12-12T18:14:13+00:00","breadcrumb":{"@id":"https:\/\/paracherkaoui.ma\/index.php\/produit\/bioderma-abcderm-lait-nutri-protecteur-200-ml-2\/#breadcrumb"},"inLanguage":"fr-FR","potentialAction":[{"@type":"ReadAction","target":["https:\/\/paracherkaoui.ma\/index.php\/produit\/bioderma-abcderm-lait-nutri-protecteur-200-ml-2\/"]}]},{"@type":"ImageObject","inLanguage":"fr-FR","@id":"https:\/\/paracherkaoui.ma\/index.php\/produit\/bioderma-abcderm-lait-nutri-protecteur-200-ml-2\/#primaryimage","url":"https:\/\/paracherkaoui.ma\/wp-content\/uploads\/2025\/12\/abcderm-bioderma-abcderm-lait-nutri-protecteur-200-ml-soins-visage-et-corps.jpg","contentUrl":"https:\/\/paracherkaoui.ma\/wp-content\/uploads\/2025\/12\/abcderm-bioderma-abcderm-lait-nutri-protecteur-200-ml-soins-visage-et-corps.jpg","width":700,"height":700},{"@type":"BreadcrumbList","@id":"https:\/\/paracherkaoui.ma\/index.php\/produit\/bioderma-abcderm-lait-nutri-protecteur-200-ml-2\/#breadcrumb","itemListElement":[{"@type":"ListItem","position":1,"name":"Accueil","item":"https:\/\/paracherkaoui.ma\/"},{"@type":"ListItem","position":2,"name":"Boutique","item":"https:\/\/paracherkaoui.ma\/index.php\/boutique\/"},{"@type":"ListItem","position":3,"name":"BIODERMA ABCDERM LAIT NUTRI PROTECTEUR 200 ML"}]},{"@type":"WebSite","@id":"https:\/\/paracherkaoui.ma\/#website","url":"https:\/\/paracherkaoui.ma\/","name":"Paracherkaoui.ma","description":"Achetez en ligne sur Paracherkaoui.ma","potentialAction":[{"@type":"SearchAction","target":{"@type":"EntryPoint","urlTemplate":"https:\/\/paracherkaoui.ma\/?s={search_term_string}"},"query-input":{"@type":"PropertyValueSpecification","valueRequired":true,"valueName":"search_term_string"}}],"inLanguage":"fr-FR"}]}},"_links":{"self":[{"href":"https:\/\/paracherkaoui.ma\/index.php\/wp-json\/wp\/v2\/product\/44742","targetHints":{"allow":["GET"]}}],"collection":[{"href":"https:\/\/paracherkaoui.ma\/index.php\/wp-json\/wp\/v2\/product"}],"about":[{"href":"https:\/\/paracherkaoui.ma\/index.php\/wp-json\/wp\/v2\/types\/product"}],"replies":[{"embeddable":true,"href":"https:\/\/paracherkaoui.ma\/index.php\/wp-json\/wp\/v2\/comments?post=44742"}],"version-history":[{"count":1,"href":"https:\/\/paracherkaoui.ma\/index.php\/wp-json\/wp\/v2\/product\/44742\/revisions"}],"predecessor-version":[{"id":44790,"href":"https:\/\/paracherkaoui.ma\/index.php\/wp-json\/wp\/v2\/product\/44742\/revisions\/44790"}],"wp:featuredmedia":[{"embeddable":true,"href":"https:\/\/paracherkaoui.ma\/index.php\/wp-json\/wp\/v2\/media\/12747"}],"wp:attachment":[{"href":"https:\/\/paracherkaoui.ma\/index.php\/wp-json\/wp\/v2\/media?parent=44742"}],"wp:term":[{"taxonomy":"product_brand","embeddable":true,"href":"https:\/\/paracherkaoui.ma\/index.php\/wp-json\/wp\/v2\/product_brand?post=44742"},{"taxonomy":"product_cat","embeddable":true,"href":"https:\/\/paracherkaoui.ma\/index.php\/wp-json\/wp\/v2\/product_cat?post=44742"},{"taxonomy":"product_tag","embeddable":true,"href":"https:\/\/paracherkaoui.ma\/index.php\/wp-json\/wp\/v2\/product_tag?post=44742"}],"curies":[{"name":"wp","href":"https:\/\/api.w.org\/{rel}","templated":true}]}}