{"id":44740,"date":"2025-12-12T19:14:05","date_gmt":"2025-12-12T18:14:05","guid":{"rendered":"https:\/\/test.ecbeaute.com\/?post_type=product&#038;p=44740"},"modified":"2025-12-12T19:14:13","modified_gmt":"2025-12-12T18:14:13","slug":"lansinoh-efb-lotion-hydratante-a-la-lavande-250ml","status":"publish","type":"product","link":"https:\/\/paracherkaoui.ma\/index.php\/produit\/lansinoh-efb-lotion-hydratante-a-la-lavande-250ml\/","title":{"rendered":"LANSINOH EFB LOTION HYDRATANTE A LA LAVANDE 250ML"},"content":{"rendered":"<p>Lansinoh EFB Lotion Corporelle \u2013 Lavande 250ml La lotion corporelle Lansinoh est con\u00e7u pour hydrater d\u00e9licatement vos petits, tout en les apaisant gr\u00e2ce \u00e0 la Lavande. Le produit id\u00e9al pour une hydratation quotidienne des nourrissons et des jeunes enfants. Gr\u00e2ce \u00e0 sa formule enrichie en Lavande et en Aloe Vera, le lotion corporelle Lansinoh est apaisante, hydratante et protectrice. Un m\u00e9lange doux pour les peaux sensibles de b\u00e9b\u00e9. Les lotions corporelles Lansinoh ont un m\u00e9lange unique d\u2019ingr\u00e9dients biologiques et naturels, sont approuv\u00e9es dermatologiquement, et ne contiennent aucun parfum ni colorant artificiel. La lotion corporelle Lansinoh est compos\u00e9e \u00e0 99,2% d\u2019ingr\u00e9dients d\u2019origine naturelle et certifi\u00e9e biologique par Ecocert Greenlife.<\/p>\n","protected":false},"excerpt":{"rendered":"<p>Lansinoh EFB Lotion Corporelle \u2013 Lavande 250ml La lotion corporelle Lansinoh est con\u00e7u pour hydrater d\u00e9licatement vos petits, tout en<\/p>\n","protected":false},"featured_media":44786,"comment_status":"open","ping_status":"closed","template":"","meta":[],"product_brand":[537],"product_cat":[783],"product_tag":[],"class_list":{"0":"post-44740","1":"product","2":"type-product","3":"status-publish","4":"has-post-thumbnail","6":"product_brand-lansinoh","7":"product_cat-soins-cheveux-visage-et-corps","9":"first","10":"instock","11":"sale","12":"shipping-taxable","13":"purchasable","14":"product-type-simple"},"yoast_head":"<!-- This site is optimized with the Yoast SEO plugin v26.6 - https:\/\/yoast.com\/wordpress\/plugins\/seo\/ -->\r\n<title>LANSINOH EFB LOTION HYDRATANTE A LA LAVANDE 250ML - Paracherkaoui.ma<\/title>\r\n<meta name=\"robots\" content=\"index, follow, max-snippet:-1, max-image-preview:large, max-video-preview:-1\" \/>\r\n<link rel=\"canonical\" href=\"https:\/\/paracherkaoui.ma\/index.php\/produit\/lansinoh-efb-lotion-hydratante-a-la-lavande-250ml\/\" \/>\r\n<meta property=\"og:locale\" content=\"fr_FR\" \/>\r\n<meta property=\"og:type\" content=\"article\" \/>\r\n<meta property=\"og:title\" content=\"LANSINOH EFB LOTION HYDRATANTE A LA LAVANDE 250ML - Paracherkaoui.ma\" \/>\r\n<meta property=\"og:description\" content=\"Lansinoh EFB Lotion Corporelle \u2013 Lavande 250ml La lotion corporelle Lansinoh est con\u00e7u pour hydrater d\u00e9licatement vos petits, tout en\" \/>\r\n<meta property=\"og:url\" content=\"https:\/\/paracherkaoui.ma\/index.php\/produit\/lansinoh-efb-lotion-hydratante-a-la-lavande-250ml\/\" \/>\r\n<meta property=\"og:site_name\" content=\"Paracherkaoui.ma\" \/>\r\n<meta property=\"article:modified_time\" content=\"2025-12-12T18:14:13+00:00\" \/>\r\n<meta property=\"og:image\" content=\"https:\/\/paracherkaoui.ma\/wp-content\/uploads\/2025\/12\/lansinoh-lansinoh-efb-lotion-hydratante-a-la-lavande-250ml-soins-corps.jpg\" \/>\r\n\t<meta property=\"og:image:width\" content=\"700\" \/>\r\n\t<meta property=\"og:image:height\" content=\"700\" \/>\r\n\t<meta property=\"og:image:type\" content=\"image\/jpeg\" \/>\r\n<meta name=\"twitter:card\" content=\"summary_large_image\" \/>\r\n<meta name=\"twitter:label1\" content=\"Dur\u00e9e de lecture estim\u00e9e\" \/>\n\t<meta name=\"twitter:data1\" content=\"1 minute\" \/>\r\n<script type=\"application\/ld+json\" class=\"yoast-schema-graph\">{\"@context\":\"https:\/\/schema.org\",\"@graph\":[{\"@type\":\"WebPage\",\"@id\":\"https:\/\/paracherkaoui.ma\/index.php\/produit\/lansinoh-efb-lotion-hydratante-a-la-lavande-250ml\/\",\"url\":\"https:\/\/paracherkaoui.ma\/index.php\/produit\/lansinoh-efb-lotion-hydratante-a-la-lavande-250ml\/\",\"name\":\"LANSINOH EFB LOTION HYDRATANTE A LA LAVANDE 250ML - Paracherkaoui.ma\",\"isPartOf\":{\"@id\":\"https:\/\/paracherkaoui.ma\/#website\"},\"primaryImageOfPage\":{\"@id\":\"https:\/\/paracherkaoui.ma\/index.php\/produit\/lansinoh-efb-lotion-hydratante-a-la-lavande-250ml\/#primaryimage\"},\"image\":{\"@id\":\"https:\/\/paracherkaoui.ma\/index.php\/produit\/lansinoh-efb-lotion-hydratante-a-la-lavande-250ml\/#primaryimage\"},\"thumbnailUrl\":\"https:\/\/paracherkaoui.ma\/wp-content\/uploads\/2025\/12\/lansinoh-lansinoh-efb-lotion-hydratante-a-la-lavande-250ml-soins-corps.jpg\",\"datePublished\":\"2025-12-12T18:14:05+00:00\",\"dateModified\":\"2025-12-12T18:14:13+00:00\",\"breadcrumb\":{\"@id\":\"https:\/\/paracherkaoui.ma\/index.php\/produit\/lansinoh-efb-lotion-hydratante-a-la-lavande-250ml\/#breadcrumb\"},\"inLanguage\":\"fr-FR\",\"potentialAction\":[{\"@type\":\"ReadAction\",\"target\":[\"https:\/\/paracherkaoui.ma\/index.php\/produit\/lansinoh-efb-lotion-hydratante-a-la-lavande-250ml\/\"]}]},{\"@type\":\"ImageObject\",\"inLanguage\":\"fr-FR\",\"@id\":\"https:\/\/paracherkaoui.ma\/index.php\/produit\/lansinoh-efb-lotion-hydratante-a-la-lavande-250ml\/#primaryimage\",\"url\":\"https:\/\/paracherkaoui.ma\/wp-content\/uploads\/2025\/12\/lansinoh-lansinoh-efb-lotion-hydratante-a-la-lavande-250ml-soins-corps.jpg\",\"contentUrl\":\"https:\/\/paracherkaoui.ma\/wp-content\/uploads\/2025\/12\/lansinoh-lansinoh-efb-lotion-hydratante-a-la-lavande-250ml-soins-corps.jpg\",\"width\":700,\"height\":700},{\"@type\":\"BreadcrumbList\",\"@id\":\"https:\/\/paracherkaoui.ma\/index.php\/produit\/lansinoh-efb-lotion-hydratante-a-la-lavande-250ml\/#breadcrumb\",\"itemListElement\":[{\"@type\":\"ListItem\",\"position\":1,\"name\":\"Accueil\",\"item\":\"https:\/\/paracherkaoui.ma\/\"},{\"@type\":\"ListItem\",\"position\":2,\"name\":\"Boutique\",\"item\":\"https:\/\/paracherkaoui.ma\/index.php\/boutique\/\"},{\"@type\":\"ListItem\",\"position\":3,\"name\":\"LANSINOH EFB LOTION HYDRATANTE A LA LAVANDE 250ML\"}]},{\"@type\":\"WebSite\",\"@id\":\"https:\/\/paracherkaoui.ma\/#website\",\"url\":\"https:\/\/paracherkaoui.ma\/\",\"name\":\"Paracherkaoui.ma\",\"description\":\"Achetez en ligne sur Paracherkaoui.ma\",\"potentialAction\":[{\"@type\":\"SearchAction\",\"target\":{\"@type\":\"EntryPoint\",\"urlTemplate\":\"https:\/\/paracherkaoui.ma\/?s={search_term_string}\"},\"query-input\":{\"@type\":\"PropertyValueSpecification\",\"valueRequired\":true,\"valueName\":\"search_term_string\"}}],\"inLanguage\":\"fr-FR\"}]}<\/script>\r\n<!-- \/ Yoast SEO plugin. -->","yoast_head_json":{"title":"LANSINOH EFB LOTION HYDRATANTE A LA LAVANDE 250ML - Paracherkaoui.ma","robots":{"index":"index","follow":"follow","max-snippet":"max-snippet:-1","max-image-preview":"max-image-preview:large","max-video-preview":"max-video-preview:-1"},"canonical":"https:\/\/paracherkaoui.ma\/index.php\/produit\/lansinoh-efb-lotion-hydratante-a-la-lavande-250ml\/","og_locale":"fr_FR","og_type":"article","og_title":"LANSINOH EFB LOTION HYDRATANTE A LA LAVANDE 250ML - Paracherkaoui.ma","og_description":"Lansinoh EFB Lotion Corporelle \u2013 Lavande 250ml La lotion corporelle Lansinoh est con\u00e7u pour hydrater d\u00e9licatement vos petits, tout en","og_url":"https:\/\/paracherkaoui.ma\/index.php\/produit\/lansinoh-efb-lotion-hydratante-a-la-lavande-250ml\/","og_site_name":"Paracherkaoui.ma","article_modified_time":"2025-12-12T18:14:13+00:00","og_image":[{"width":700,"height":700,"url":"https:\/\/paracherkaoui.ma\/wp-content\/uploads\/2025\/12\/lansinoh-lansinoh-efb-lotion-hydratante-a-la-lavande-250ml-soins-corps.jpg","type":"image\/jpeg"}],"twitter_card":"summary_large_image","twitter_misc":{"Dur\u00e9e de lecture estim\u00e9e":"1 minute"},"schema":{"@context":"https:\/\/schema.org","@graph":[{"@type":"WebPage","@id":"https:\/\/paracherkaoui.ma\/index.php\/produit\/lansinoh-efb-lotion-hydratante-a-la-lavande-250ml\/","url":"https:\/\/paracherkaoui.ma\/index.php\/produit\/lansinoh-efb-lotion-hydratante-a-la-lavande-250ml\/","name":"LANSINOH EFB LOTION HYDRATANTE A LA LAVANDE 250ML - Paracherkaoui.ma","isPartOf":{"@id":"https:\/\/paracherkaoui.ma\/#website"},"primaryImageOfPage":{"@id":"https:\/\/paracherkaoui.ma\/index.php\/produit\/lansinoh-efb-lotion-hydratante-a-la-lavande-250ml\/#primaryimage"},"image":{"@id":"https:\/\/paracherkaoui.ma\/index.php\/produit\/lansinoh-efb-lotion-hydratante-a-la-lavande-250ml\/#primaryimage"},"thumbnailUrl":"https:\/\/paracherkaoui.ma\/wp-content\/uploads\/2025\/12\/lansinoh-lansinoh-efb-lotion-hydratante-a-la-lavande-250ml-soins-corps.jpg","datePublished":"2025-12-12T18:14:05+00:00","dateModified":"2025-12-12T18:14:13+00:00","breadcrumb":{"@id":"https:\/\/paracherkaoui.ma\/index.php\/produit\/lansinoh-efb-lotion-hydratante-a-la-lavande-250ml\/#breadcrumb"},"inLanguage":"fr-FR","potentialAction":[{"@type":"ReadAction","target":["https:\/\/paracherkaoui.ma\/index.php\/produit\/lansinoh-efb-lotion-hydratante-a-la-lavande-250ml\/"]}]},{"@type":"ImageObject","inLanguage":"fr-FR","@id":"https:\/\/paracherkaoui.ma\/index.php\/produit\/lansinoh-efb-lotion-hydratante-a-la-lavande-250ml\/#primaryimage","url":"https:\/\/paracherkaoui.ma\/wp-content\/uploads\/2025\/12\/lansinoh-lansinoh-efb-lotion-hydratante-a-la-lavande-250ml-soins-corps.jpg","contentUrl":"https:\/\/paracherkaoui.ma\/wp-content\/uploads\/2025\/12\/lansinoh-lansinoh-efb-lotion-hydratante-a-la-lavande-250ml-soins-corps.jpg","width":700,"height":700},{"@type":"BreadcrumbList","@id":"https:\/\/paracherkaoui.ma\/index.php\/produit\/lansinoh-efb-lotion-hydratante-a-la-lavande-250ml\/#breadcrumb","itemListElement":[{"@type":"ListItem","position":1,"name":"Accueil","item":"https:\/\/paracherkaoui.ma\/"},{"@type":"ListItem","position":2,"name":"Boutique","item":"https:\/\/paracherkaoui.ma\/index.php\/boutique\/"},{"@type":"ListItem","position":3,"name":"LANSINOH EFB LOTION HYDRATANTE A LA LAVANDE 250ML"}]},{"@type":"WebSite","@id":"https:\/\/paracherkaoui.ma\/#website","url":"https:\/\/paracherkaoui.ma\/","name":"Paracherkaoui.ma","description":"Achetez en ligne sur Paracherkaoui.ma","potentialAction":[{"@type":"SearchAction","target":{"@type":"EntryPoint","urlTemplate":"https:\/\/paracherkaoui.ma\/?s={search_term_string}"},"query-input":{"@type":"PropertyValueSpecification","valueRequired":true,"valueName":"search_term_string"}}],"inLanguage":"fr-FR"}]}},"_links":{"self":[{"href":"https:\/\/paracherkaoui.ma\/index.php\/wp-json\/wp\/v2\/product\/44740","targetHints":{"allow":["GET"]}}],"collection":[{"href":"https:\/\/paracherkaoui.ma\/index.php\/wp-json\/wp\/v2\/product"}],"about":[{"href":"https:\/\/paracherkaoui.ma\/index.php\/wp-json\/wp\/v2\/types\/product"}],"replies":[{"embeddable":true,"href":"https:\/\/paracherkaoui.ma\/index.php\/wp-json\/wp\/v2\/comments?post=44740"}],"version-history":[{"count":1,"href":"https:\/\/paracherkaoui.ma\/index.php\/wp-json\/wp\/v2\/product\/44740\/revisions"}],"predecessor-version":[{"id":44787,"href":"https:\/\/paracherkaoui.ma\/index.php\/wp-json\/wp\/v2\/product\/44740\/revisions\/44787"}],"wp:featuredmedia":[{"embeddable":true,"href":"https:\/\/paracherkaoui.ma\/index.php\/wp-json\/wp\/v2\/media\/44786"}],"wp:attachment":[{"href":"https:\/\/paracherkaoui.ma\/index.php\/wp-json\/wp\/v2\/media?parent=44740"}],"wp:term":[{"taxonomy":"product_brand","embeddable":true,"href":"https:\/\/paracherkaoui.ma\/index.php\/wp-json\/wp\/v2\/product_brand?post=44740"},{"taxonomy":"product_cat","embeddable":true,"href":"https:\/\/paracherkaoui.ma\/index.php\/wp-json\/wp\/v2\/product_cat?post=44740"},{"taxonomy":"product_tag","embeddable":true,"href":"https:\/\/paracherkaoui.ma\/index.php\/wp-json\/wp\/v2\/product_tag?post=44740"}],"curies":[{"name":"wp","href":"https:\/\/api.w.org\/{rel}","templated":true}]}}