{"id":44727,"date":"2025-12-12T19:14:05","date_gmt":"2025-12-12T18:14:05","guid":{"rendered":"https:\/\/test.ecbeaute.com\/?post_type=product&#038;p=44727"},"modified":"2025-12-12T19:14:08","modified_gmt":"2025-12-12T18:14:08","slug":"mustela-stelatopia-creme-bio-300ml","status":"publish","type":"product","link":"https:\/\/paracherkaoui.ma\/index.php\/produit\/mustela-stelatopia-creme-bio-300ml\/","title":{"rendered":"MUSTELA STELATOPIA+ CREME BIO 300ML"},"content":{"rendered":"<p>Votre famille a la peau extr\u00eamement s\u00e8che, voire atopique ? Adoptez notre Cr\u00e8me relipidante anti-grattage Stelatopia +, certifi\u00e9e Bio. Elle r\u00e9pare et nourrit la peau, et convient d\u00e8s la naissance* et pour tous les membres de la famille.<br \/>\nGr\u00e2ce \u00e0 son complexe d\u2019actifs brevet\u00e9s, l\u2019Ol\u00e9odistillat de Tournesol bio et le pr\u00e9biotique, Bio\u00e9colia\u00ae, elle diminue instantan\u00e9ment les rougeurs, et a un effet anti-r\u00e9cidive en limitant les pics de s\u00e9cheresse.<br \/>\nLa Cr\u00e8me relipidante anti-grattage Stelatopia +, renforce et r\u00e9\u00e9quilibre la barri\u00e8re cutan\u00e9e pour redonner aux peaux tr\u00e8s s\u00e8ches \u00e0 atopiques leur capacit\u00e9 naturelle de d\u00e9fense. R\u00e9sultat : les rougeurs et les irritations diminuent imm\u00e9diatement et durablement.<br \/>\nCertifi\u00e9e Bio, sa formule vegan** et sans parfum est compos\u00e9e de 99% d&rsquo;ingr\u00e9dients d&rsquo;origine naturelle.<br \/>\n*B\u00e9b\u00e9s sortis de n\u00e9onatologie.<br \/>\n**Formule sans ingr\u00e9dient d&rsquo;origine animale.<br \/>\nComment l&rsquo;utiliser :<br \/>\nPratique, son format pompe permet de ne pas perdre une goutte du produit.<br \/>\n\u00c9tape 1: Appuyer sur la pompe 2 \u00e0 4 fois, et verser au creux de la main.<br \/>\n\u00c9tape 2: Appliquer quotidiennement, 2 fois par jour, sur peau propre et s\u00e8che du corps.<\/p>\n","protected":false},"excerpt":{"rendered":"<p>Votre famille a la peau extr\u00eamement s\u00e8che, voire atopique ? Adoptez notre Cr\u00e8me relipidante anti-grattage Stelatopia +, certifi\u00e9e Bio. Elle<\/p>\n","protected":false},"featured_media":44763,"comment_status":"open","ping_status":"closed","template":"","meta":[],"product_brand":[687],"product_cat":[783],"product_tag":[],"class_list":{"0":"post-44727","1":"product","2":"type-product","3":"status-publish","4":"has-post-thumbnail","6":"product_brand-mustela","7":"product_cat-soins-cheveux-visage-et-corps","9":"first","10":"instock","11":"sale","12":"shipping-taxable","13":"purchasable","14":"product-type-simple"},"yoast_head":"<!-- This site is optimized with the Yoast SEO plugin v26.6 - https:\/\/yoast.com\/wordpress\/plugins\/seo\/ -->\r\n<title>MUSTELA STELATOPIA+ CREME BIO 300ML - Paracherkaoui.ma<\/title>\r\n<meta name=\"robots\" content=\"index, follow, max-snippet:-1, max-image-preview:large, max-video-preview:-1\" \/>\r\n<link rel=\"canonical\" href=\"https:\/\/paracherkaoui.ma\/index.php\/produit\/mustela-stelatopia-creme-bio-300ml\/\" \/>\r\n<meta property=\"og:locale\" content=\"fr_FR\" \/>\r\n<meta property=\"og:type\" content=\"article\" \/>\r\n<meta property=\"og:title\" content=\"MUSTELA STELATOPIA+ CREME BIO 300ML - Paracherkaoui.ma\" \/>\r\n<meta property=\"og:description\" content=\"Votre famille a la peau extr\u00eamement s\u00e8che, voire atopique ? Adoptez notre Cr\u00e8me relipidante anti-grattage Stelatopia +, certifi\u00e9e Bio. Elle\" \/>\r\n<meta property=\"og:url\" content=\"https:\/\/paracherkaoui.ma\/index.php\/produit\/mustela-stelatopia-creme-bio-300ml\/\" \/>\r\n<meta property=\"og:site_name\" content=\"Paracherkaoui.ma\" \/>\r\n<meta property=\"article:modified_time\" content=\"2025-12-12T18:14:08+00:00\" \/>\r\n<meta property=\"og:image\" content=\"https:\/\/paracherkaoui.ma\/wp-content\/uploads\/2025\/12\/mustela-stelatopia-creme-bio-300ml.jpg\" \/>\r\n\t<meta property=\"og:image:width\" content=\"700\" \/>\r\n\t<meta property=\"og:image:height\" content=\"700\" \/>\r\n\t<meta property=\"og:image:type\" content=\"image\/jpeg\" \/>\r\n<meta name=\"twitter:card\" content=\"summary_large_image\" \/>\r\n<meta name=\"twitter:label1\" content=\"Dur\u00e9e de lecture estim\u00e9e\" \/>\n\t<meta name=\"twitter:data1\" content=\"1 minute\" \/>\r\n<script type=\"application\/ld+json\" class=\"yoast-schema-graph\">{\"@context\":\"https:\/\/schema.org\",\"@graph\":[{\"@type\":\"WebPage\",\"@id\":\"https:\/\/paracherkaoui.ma\/index.php\/produit\/mustela-stelatopia-creme-bio-300ml\/\",\"url\":\"https:\/\/paracherkaoui.ma\/index.php\/produit\/mustela-stelatopia-creme-bio-300ml\/\",\"name\":\"MUSTELA STELATOPIA+ CREME BIO 300ML - Paracherkaoui.ma\",\"isPartOf\":{\"@id\":\"https:\/\/paracherkaoui.ma\/#website\"},\"primaryImageOfPage\":{\"@id\":\"https:\/\/paracherkaoui.ma\/index.php\/produit\/mustela-stelatopia-creme-bio-300ml\/#primaryimage\"},\"image\":{\"@id\":\"https:\/\/paracherkaoui.ma\/index.php\/produit\/mustela-stelatopia-creme-bio-300ml\/#primaryimage\"},\"thumbnailUrl\":\"https:\/\/paracherkaoui.ma\/wp-content\/uploads\/2025\/12\/mustela-stelatopia-creme-bio-300ml.jpg\",\"datePublished\":\"2025-12-12T18:14:05+00:00\",\"dateModified\":\"2025-12-12T18:14:08+00:00\",\"breadcrumb\":{\"@id\":\"https:\/\/paracherkaoui.ma\/index.php\/produit\/mustela-stelatopia-creme-bio-300ml\/#breadcrumb\"},\"inLanguage\":\"fr-FR\",\"potentialAction\":[{\"@type\":\"ReadAction\",\"target\":[\"https:\/\/paracherkaoui.ma\/index.php\/produit\/mustela-stelatopia-creme-bio-300ml\/\"]}]},{\"@type\":\"ImageObject\",\"inLanguage\":\"fr-FR\",\"@id\":\"https:\/\/paracherkaoui.ma\/index.php\/produit\/mustela-stelatopia-creme-bio-300ml\/#primaryimage\",\"url\":\"https:\/\/paracherkaoui.ma\/wp-content\/uploads\/2025\/12\/mustela-stelatopia-creme-bio-300ml.jpg\",\"contentUrl\":\"https:\/\/paracherkaoui.ma\/wp-content\/uploads\/2025\/12\/mustela-stelatopia-creme-bio-300ml.jpg\",\"width\":700,\"height\":700},{\"@type\":\"BreadcrumbList\",\"@id\":\"https:\/\/paracherkaoui.ma\/index.php\/produit\/mustela-stelatopia-creme-bio-300ml\/#breadcrumb\",\"itemListElement\":[{\"@type\":\"ListItem\",\"position\":1,\"name\":\"Accueil\",\"item\":\"https:\/\/paracherkaoui.ma\/\"},{\"@type\":\"ListItem\",\"position\":2,\"name\":\"Boutique\",\"item\":\"https:\/\/paracherkaoui.ma\/index.php\/boutique\/\"},{\"@type\":\"ListItem\",\"position\":3,\"name\":\"MUSTELA STELATOPIA+ CREME BIO 300ML\"}]},{\"@type\":\"WebSite\",\"@id\":\"https:\/\/paracherkaoui.ma\/#website\",\"url\":\"https:\/\/paracherkaoui.ma\/\",\"name\":\"Paracherkaoui.ma\",\"description\":\"Achetez en ligne sur Paracherkaoui.ma\",\"potentialAction\":[{\"@type\":\"SearchAction\",\"target\":{\"@type\":\"EntryPoint\",\"urlTemplate\":\"https:\/\/paracherkaoui.ma\/?s={search_term_string}\"},\"query-input\":{\"@type\":\"PropertyValueSpecification\",\"valueRequired\":true,\"valueName\":\"search_term_string\"}}],\"inLanguage\":\"fr-FR\"}]}<\/script>\r\n<!-- \/ Yoast SEO plugin. -->","yoast_head_json":{"title":"MUSTELA STELATOPIA+ CREME BIO 300ML - Paracherkaoui.ma","robots":{"index":"index","follow":"follow","max-snippet":"max-snippet:-1","max-image-preview":"max-image-preview:large","max-video-preview":"max-video-preview:-1"},"canonical":"https:\/\/paracherkaoui.ma\/index.php\/produit\/mustela-stelatopia-creme-bio-300ml\/","og_locale":"fr_FR","og_type":"article","og_title":"MUSTELA STELATOPIA+ CREME BIO 300ML - Paracherkaoui.ma","og_description":"Votre famille a la peau extr\u00eamement s\u00e8che, voire atopique ? Adoptez notre Cr\u00e8me relipidante anti-grattage Stelatopia +, certifi\u00e9e Bio. Elle","og_url":"https:\/\/paracherkaoui.ma\/index.php\/produit\/mustela-stelatopia-creme-bio-300ml\/","og_site_name":"Paracherkaoui.ma","article_modified_time":"2025-12-12T18:14:08+00:00","og_image":[{"width":700,"height":700,"url":"https:\/\/paracherkaoui.ma\/wp-content\/uploads\/2025\/12\/mustela-stelatopia-creme-bio-300ml.jpg","type":"image\/jpeg"}],"twitter_card":"summary_large_image","twitter_misc":{"Dur\u00e9e de lecture estim\u00e9e":"1 minute"},"schema":{"@context":"https:\/\/schema.org","@graph":[{"@type":"WebPage","@id":"https:\/\/paracherkaoui.ma\/index.php\/produit\/mustela-stelatopia-creme-bio-300ml\/","url":"https:\/\/paracherkaoui.ma\/index.php\/produit\/mustela-stelatopia-creme-bio-300ml\/","name":"MUSTELA STELATOPIA+ CREME BIO 300ML - Paracherkaoui.ma","isPartOf":{"@id":"https:\/\/paracherkaoui.ma\/#website"},"primaryImageOfPage":{"@id":"https:\/\/paracherkaoui.ma\/index.php\/produit\/mustela-stelatopia-creme-bio-300ml\/#primaryimage"},"image":{"@id":"https:\/\/paracherkaoui.ma\/index.php\/produit\/mustela-stelatopia-creme-bio-300ml\/#primaryimage"},"thumbnailUrl":"https:\/\/paracherkaoui.ma\/wp-content\/uploads\/2025\/12\/mustela-stelatopia-creme-bio-300ml.jpg","datePublished":"2025-12-12T18:14:05+00:00","dateModified":"2025-12-12T18:14:08+00:00","breadcrumb":{"@id":"https:\/\/paracherkaoui.ma\/index.php\/produit\/mustela-stelatopia-creme-bio-300ml\/#breadcrumb"},"inLanguage":"fr-FR","potentialAction":[{"@type":"ReadAction","target":["https:\/\/paracherkaoui.ma\/index.php\/produit\/mustela-stelatopia-creme-bio-300ml\/"]}]},{"@type":"ImageObject","inLanguage":"fr-FR","@id":"https:\/\/paracherkaoui.ma\/index.php\/produit\/mustela-stelatopia-creme-bio-300ml\/#primaryimage","url":"https:\/\/paracherkaoui.ma\/wp-content\/uploads\/2025\/12\/mustela-stelatopia-creme-bio-300ml.jpg","contentUrl":"https:\/\/paracherkaoui.ma\/wp-content\/uploads\/2025\/12\/mustela-stelatopia-creme-bio-300ml.jpg","width":700,"height":700},{"@type":"BreadcrumbList","@id":"https:\/\/paracherkaoui.ma\/index.php\/produit\/mustela-stelatopia-creme-bio-300ml\/#breadcrumb","itemListElement":[{"@type":"ListItem","position":1,"name":"Accueil","item":"https:\/\/paracherkaoui.ma\/"},{"@type":"ListItem","position":2,"name":"Boutique","item":"https:\/\/paracherkaoui.ma\/index.php\/boutique\/"},{"@type":"ListItem","position":3,"name":"MUSTELA STELATOPIA+ CREME BIO 300ML"}]},{"@type":"WebSite","@id":"https:\/\/paracherkaoui.ma\/#website","url":"https:\/\/paracherkaoui.ma\/","name":"Paracherkaoui.ma","description":"Achetez en ligne sur Paracherkaoui.ma","potentialAction":[{"@type":"SearchAction","target":{"@type":"EntryPoint","urlTemplate":"https:\/\/paracherkaoui.ma\/?s={search_term_string}"},"query-input":{"@type":"PropertyValueSpecification","valueRequired":true,"valueName":"search_term_string"}}],"inLanguage":"fr-FR"}]}},"_links":{"self":[{"href":"https:\/\/paracherkaoui.ma\/index.php\/wp-json\/wp\/v2\/product\/44727","targetHints":{"allow":["GET"]}}],"collection":[{"href":"https:\/\/paracherkaoui.ma\/index.php\/wp-json\/wp\/v2\/product"}],"about":[{"href":"https:\/\/paracherkaoui.ma\/index.php\/wp-json\/wp\/v2\/types\/product"}],"replies":[{"embeddable":true,"href":"https:\/\/paracherkaoui.ma\/index.php\/wp-json\/wp\/v2\/comments?post=44727"}],"version-history":[{"count":1,"href":"https:\/\/paracherkaoui.ma\/index.php\/wp-json\/wp\/v2\/product\/44727\/revisions"}],"predecessor-version":[{"id":44764,"href":"https:\/\/paracherkaoui.ma\/index.php\/wp-json\/wp\/v2\/product\/44727\/revisions\/44764"}],"wp:featuredmedia":[{"embeddable":true,"href":"https:\/\/paracherkaoui.ma\/index.php\/wp-json\/wp\/v2\/media\/44763"}],"wp:attachment":[{"href":"https:\/\/paracherkaoui.ma\/index.php\/wp-json\/wp\/v2\/media?parent=44727"}],"wp:term":[{"taxonomy":"product_brand","embeddable":true,"href":"https:\/\/paracherkaoui.ma\/index.php\/wp-json\/wp\/v2\/product_brand?post=44727"},{"taxonomy":"product_cat","embeddable":true,"href":"https:\/\/paracherkaoui.ma\/index.php\/wp-json\/wp\/v2\/product_cat?post=44727"},{"taxonomy":"product_tag","embeddable":true,"href":"https:\/\/paracherkaoui.ma\/index.php\/wp-json\/wp\/v2\/product_tag?post=44727"}],"curies":[{"name":"wp","href":"https:\/\/api.w.org\/{rel}","templated":true}]}}