{"id":44616,"date":"2025-12-12T19:13:32","date_gmt":"2025-12-12T18:13:32","guid":{"rendered":"https:\/\/test.ecbeaute.com\/?post_type=product&#038;p=44616"},"modified":"2025-12-12T19:13:37","modified_gmt":"2025-12-12T18:13:37","slug":"isdin-nutratopic-pro-amp-creme-protectrice-visage-50-ml-5","status":"publish","type":"product","link":"https:\/\/paracherkaoui.ma\/index.php\/produit\/isdin-nutratopic-pro-amp-creme-protectrice-visage-50-ml-5\/","title":{"rendered":"ISDIN NUTRATOPIC PRO AMP CREME PROTECTRICE VISAGE 50 ML"},"content":{"rendered":"<p>Une double protection active pour la peau atopique<br \/>\nLa cr\u00e8me Nutratopic\u00a0Pro-AMP est sp\u00e9cialement formul\u00e9e pour renforcer le syst\u00e8me de d\u00e9fense naturel de la peau. Gr\u00e2ce \u00e0 l&rsquo;action de la L-isoleucine, elle stimule la production de peptides antimicrobiens (AMP), constituant ainsi la premi\u00e8re ligne de d\u00e9fense contre les agents externes. Cette double protection active aide \u00e0 combattre efficacement les signes de la dermatite atopique.<br \/>\nRestauration et hydratation profonde de la barri\u00e8re cutan\u00e9e<br \/>\nEn plus de renforcer les d\u00e9fenses naturelles, cette cr\u00e8me restaure la barri\u00e8re cutan\u00e9e alt\u00e9r\u00e9e par la dermatite atopique. Elle hydrate en profondeur, apportant confort et souplesse \u00e0 la peau. Les ingr\u00e9dients tels que le beurre de karit\u00e9, la glyc\u00e9rine et le squalane contribuent \u00e0 nourrir intens\u00e9ment la peau, r\u00e9duisant ainsi la s\u00e9cheresse et la desquamation.<br \/>\nApaisement des d\u00e9mangeaisons et r\u00e9duction des rougeurs<br \/>\nLes d\u00e9mangeaisons sont l&rsquo;un des sympt\u00f4mes les plus g\u00eanants de la dermatite atopique. La cr\u00e8me Nutratopic Pro-AMP calme efficacement ces sensations gr\u00e2ce \u00e0 sa composition enrichie en glycine et en c\u00e9ramides, qui apaisent les irritations et r\u00e9duisent les rougeurs. De plus, sa texture l\u00e9g\u00e8re est rapidement absorb\u00e9e, procurant un soulagement imm\u00e9diat sans laisser de film gras.<br \/>\nFormule adapt\u00e9e aux peaux sensibles des enfants<br \/>\nCon\u00e7ue sans conservateurs ni parfums, cette cr\u00e8me est id\u00e9ale pour les peaux sensibles des enfants d\u00e8s l&rsquo;\u00e2ge de 5 mois. Elle minimise les risques d&rsquo;irritation et d&rsquo;allergies, offrant une tol\u00e9rance optimale pour une utilisation quotidienne.<br \/>\nConseils d&rsquo;utilisation<br \/>\nPour obtenir des r\u00e9sultats optimaux, il est recommand\u00e9 d&rsquo;appliquer la cr\u00e8me Nutratopic Pro-AMP deux fois par jour sur le visage propre et sec de l&rsquo;enfant. Cette routine permet de contr\u00f4ler les sympt\u00f4mes de la dermatite atopique et de maintenir les bienfaits obtenus pendant les p\u00e9riodes de r\u00e9mission.<br \/>\nComposition<br \/>\nAQUA (WATER), BETAINE, BUTYROSPERMUM PARKII BUTTER, CAPRYLIC\/CAPRIC TRIGLYCERIDE, CARBOMER (CARBOXYPOLIMETILEN), CERAMIDE 3, CETYL ALCOHOL, GLYCERIN, GLYCINE, HYDROGENATED LECITHIN, ISOCETYL ALCOHOL, ISOLEUCINE, SODIUM HYDROXIDE, STEARYL ALCOHOL.<\/p>\n","protected":false},"excerpt":{"rendered":"<p>Une double protection active pour la peau atopique La cr\u00e8me Nutratopic\u00a0Pro-AMP est sp\u00e9cialement formul\u00e9e pour renforcer le syst\u00e8me de d\u00e9fense<\/p>\n","protected":false},"featured_media":11284,"comment_status":"open","ping_status":"closed","template":"","meta":[],"product_brand":[135],"product_cat":[783],"product_tag":[],"class_list":{"0":"post-44616","1":"product","2":"type-product","3":"status-publish","4":"has-post-thumbnail","6":"product_brand-isdin","7":"product_cat-soins-cheveux-visage-et-corps","9":"first","10":"instock","11":"sale","12":"shipping-taxable","13":"purchasable","14":"product-type-simple"},"yoast_head":"<!-- This site is optimized with the Yoast SEO plugin v26.6 - https:\/\/yoast.com\/wordpress\/plugins\/seo\/ -->\r\n<title>ISDIN NUTRATOPIC PRO AMP CREME PROTECTRICE VISAGE 50 ML - Paracherkaoui.ma<\/title>\r\n<meta name=\"robots\" content=\"index, follow, max-snippet:-1, max-image-preview:large, max-video-preview:-1\" \/>\r\n<link rel=\"canonical\" href=\"https:\/\/paracherkaoui.ma\/index.php\/produit\/isdin-nutratopic-pro-amp-creme-protectrice-visage-50-ml-5\/\" \/>\r\n<meta property=\"og:locale\" content=\"fr_FR\" \/>\r\n<meta property=\"og:type\" content=\"article\" \/>\r\n<meta property=\"og:title\" content=\"ISDIN NUTRATOPIC PRO AMP CREME PROTECTRICE VISAGE 50 ML - Paracherkaoui.ma\" \/>\r\n<meta property=\"og:description\" content=\"Une double protection active pour la peau atopique La cr\u00e8me Nutratopic\u00a0Pro-AMP est sp\u00e9cialement formul\u00e9e pour renforcer le syst\u00e8me de d\u00e9fense\" \/>\r\n<meta property=\"og:url\" content=\"https:\/\/paracherkaoui.ma\/index.php\/produit\/isdin-nutratopic-pro-amp-creme-protectrice-visage-50-ml-5\/\" \/>\r\n<meta property=\"og:site_name\" content=\"Paracherkaoui.ma\" \/>\r\n<meta property=\"article:modified_time\" content=\"2025-12-12T18:13:37+00:00\" \/>\r\n<meta property=\"og:image\" content=\"https:\/\/paracherkaoui.ma\/wp-content\/uploads\/2025\/12\/isdin-isdin-nutratopic-pro-amp-creme-protectrice-visage-50-ml-soins-cheveux-visage-et-corps.jpg\" \/>\r\n\t<meta property=\"og:image:width\" content=\"700\" \/>\r\n\t<meta property=\"og:image:height\" content=\"700\" \/>\r\n\t<meta property=\"og:image:type\" content=\"image\/jpeg\" \/>\r\n<meta name=\"twitter:card\" content=\"summary_large_image\" \/>\r\n<meta name=\"twitter:label1\" content=\"Dur\u00e9e de lecture estim\u00e9e\" \/>\n\t<meta name=\"twitter:data1\" content=\"2 minutes\" \/>\r\n<script type=\"application\/ld+json\" class=\"yoast-schema-graph\">{\"@context\":\"https:\/\/schema.org\",\"@graph\":[{\"@type\":\"WebPage\",\"@id\":\"https:\/\/paracherkaoui.ma\/index.php\/produit\/isdin-nutratopic-pro-amp-creme-protectrice-visage-50-ml-5\/\",\"url\":\"https:\/\/paracherkaoui.ma\/index.php\/produit\/isdin-nutratopic-pro-amp-creme-protectrice-visage-50-ml-5\/\",\"name\":\"ISDIN NUTRATOPIC PRO AMP CREME PROTECTRICE VISAGE 50 ML - Paracherkaoui.ma\",\"isPartOf\":{\"@id\":\"https:\/\/paracherkaoui.ma\/#website\"},\"primaryImageOfPage\":{\"@id\":\"https:\/\/paracherkaoui.ma\/index.php\/produit\/isdin-nutratopic-pro-amp-creme-protectrice-visage-50-ml-5\/#primaryimage\"},\"image\":{\"@id\":\"https:\/\/paracherkaoui.ma\/index.php\/produit\/isdin-nutratopic-pro-amp-creme-protectrice-visage-50-ml-5\/#primaryimage\"},\"thumbnailUrl\":\"https:\/\/paracherkaoui.ma\/wp-content\/uploads\/2025\/12\/isdin-isdin-nutratopic-pro-amp-creme-protectrice-visage-50-ml-soins-cheveux-visage-et-corps.jpg\",\"datePublished\":\"2025-12-12T18:13:32+00:00\",\"dateModified\":\"2025-12-12T18:13:37+00:00\",\"breadcrumb\":{\"@id\":\"https:\/\/paracherkaoui.ma\/index.php\/produit\/isdin-nutratopic-pro-amp-creme-protectrice-visage-50-ml-5\/#breadcrumb\"},\"inLanguage\":\"fr-FR\",\"potentialAction\":[{\"@type\":\"ReadAction\",\"target\":[\"https:\/\/paracherkaoui.ma\/index.php\/produit\/isdin-nutratopic-pro-amp-creme-protectrice-visage-50-ml-5\/\"]}]},{\"@type\":\"ImageObject\",\"inLanguage\":\"fr-FR\",\"@id\":\"https:\/\/paracherkaoui.ma\/index.php\/produit\/isdin-nutratopic-pro-amp-creme-protectrice-visage-50-ml-5\/#primaryimage\",\"url\":\"https:\/\/paracherkaoui.ma\/wp-content\/uploads\/2025\/12\/isdin-isdin-nutratopic-pro-amp-creme-protectrice-visage-50-ml-soins-cheveux-visage-et-corps.jpg\",\"contentUrl\":\"https:\/\/paracherkaoui.ma\/wp-content\/uploads\/2025\/12\/isdin-isdin-nutratopic-pro-amp-creme-protectrice-visage-50-ml-soins-cheveux-visage-et-corps.jpg\",\"width\":700,\"height\":700},{\"@type\":\"BreadcrumbList\",\"@id\":\"https:\/\/paracherkaoui.ma\/index.php\/produit\/isdin-nutratopic-pro-amp-creme-protectrice-visage-50-ml-5\/#breadcrumb\",\"itemListElement\":[{\"@type\":\"ListItem\",\"position\":1,\"name\":\"Accueil\",\"item\":\"https:\/\/paracherkaoui.ma\/\"},{\"@type\":\"ListItem\",\"position\":2,\"name\":\"Boutique\",\"item\":\"https:\/\/paracherkaoui.ma\/index.php\/boutique\/\"},{\"@type\":\"ListItem\",\"position\":3,\"name\":\"ISDIN NUTRATOPIC PRO AMP CREME PROTECTRICE VISAGE 50 ML\"}]},{\"@type\":\"WebSite\",\"@id\":\"https:\/\/paracherkaoui.ma\/#website\",\"url\":\"https:\/\/paracherkaoui.ma\/\",\"name\":\"Paracherkaoui.ma\",\"description\":\"Achetez en ligne sur Paracherkaoui.ma\",\"potentialAction\":[{\"@type\":\"SearchAction\",\"target\":{\"@type\":\"EntryPoint\",\"urlTemplate\":\"https:\/\/paracherkaoui.ma\/?s={search_term_string}\"},\"query-input\":{\"@type\":\"PropertyValueSpecification\",\"valueRequired\":true,\"valueName\":\"search_term_string\"}}],\"inLanguage\":\"fr-FR\"}]}<\/script>\r\n<!-- \/ Yoast SEO plugin. -->","yoast_head_json":{"title":"ISDIN NUTRATOPIC PRO AMP CREME PROTECTRICE VISAGE 50 ML - Paracherkaoui.ma","robots":{"index":"index","follow":"follow","max-snippet":"max-snippet:-1","max-image-preview":"max-image-preview:large","max-video-preview":"max-video-preview:-1"},"canonical":"https:\/\/paracherkaoui.ma\/index.php\/produit\/isdin-nutratopic-pro-amp-creme-protectrice-visage-50-ml-5\/","og_locale":"fr_FR","og_type":"article","og_title":"ISDIN NUTRATOPIC PRO AMP CREME PROTECTRICE VISAGE 50 ML - Paracherkaoui.ma","og_description":"Une double protection active pour la peau atopique La cr\u00e8me Nutratopic\u00a0Pro-AMP est sp\u00e9cialement formul\u00e9e pour renforcer le syst\u00e8me de d\u00e9fense","og_url":"https:\/\/paracherkaoui.ma\/index.php\/produit\/isdin-nutratopic-pro-amp-creme-protectrice-visage-50-ml-5\/","og_site_name":"Paracherkaoui.ma","article_modified_time":"2025-12-12T18:13:37+00:00","og_image":[{"width":700,"height":700,"url":"https:\/\/paracherkaoui.ma\/wp-content\/uploads\/2025\/12\/isdin-isdin-nutratopic-pro-amp-creme-protectrice-visage-50-ml-soins-cheveux-visage-et-corps.jpg","type":"image\/jpeg"}],"twitter_card":"summary_large_image","twitter_misc":{"Dur\u00e9e de lecture estim\u00e9e":"2 minutes"},"schema":{"@context":"https:\/\/schema.org","@graph":[{"@type":"WebPage","@id":"https:\/\/paracherkaoui.ma\/index.php\/produit\/isdin-nutratopic-pro-amp-creme-protectrice-visage-50-ml-5\/","url":"https:\/\/paracherkaoui.ma\/index.php\/produit\/isdin-nutratopic-pro-amp-creme-protectrice-visage-50-ml-5\/","name":"ISDIN NUTRATOPIC PRO AMP CREME PROTECTRICE VISAGE 50 ML - Paracherkaoui.ma","isPartOf":{"@id":"https:\/\/paracherkaoui.ma\/#website"},"primaryImageOfPage":{"@id":"https:\/\/paracherkaoui.ma\/index.php\/produit\/isdin-nutratopic-pro-amp-creme-protectrice-visage-50-ml-5\/#primaryimage"},"image":{"@id":"https:\/\/paracherkaoui.ma\/index.php\/produit\/isdin-nutratopic-pro-amp-creme-protectrice-visage-50-ml-5\/#primaryimage"},"thumbnailUrl":"https:\/\/paracherkaoui.ma\/wp-content\/uploads\/2025\/12\/isdin-isdin-nutratopic-pro-amp-creme-protectrice-visage-50-ml-soins-cheveux-visage-et-corps.jpg","datePublished":"2025-12-12T18:13:32+00:00","dateModified":"2025-12-12T18:13:37+00:00","breadcrumb":{"@id":"https:\/\/paracherkaoui.ma\/index.php\/produit\/isdin-nutratopic-pro-amp-creme-protectrice-visage-50-ml-5\/#breadcrumb"},"inLanguage":"fr-FR","potentialAction":[{"@type":"ReadAction","target":["https:\/\/paracherkaoui.ma\/index.php\/produit\/isdin-nutratopic-pro-amp-creme-protectrice-visage-50-ml-5\/"]}]},{"@type":"ImageObject","inLanguage":"fr-FR","@id":"https:\/\/paracherkaoui.ma\/index.php\/produit\/isdin-nutratopic-pro-amp-creme-protectrice-visage-50-ml-5\/#primaryimage","url":"https:\/\/paracherkaoui.ma\/wp-content\/uploads\/2025\/12\/isdin-isdin-nutratopic-pro-amp-creme-protectrice-visage-50-ml-soins-cheveux-visage-et-corps.jpg","contentUrl":"https:\/\/paracherkaoui.ma\/wp-content\/uploads\/2025\/12\/isdin-isdin-nutratopic-pro-amp-creme-protectrice-visage-50-ml-soins-cheveux-visage-et-corps.jpg","width":700,"height":700},{"@type":"BreadcrumbList","@id":"https:\/\/paracherkaoui.ma\/index.php\/produit\/isdin-nutratopic-pro-amp-creme-protectrice-visage-50-ml-5\/#breadcrumb","itemListElement":[{"@type":"ListItem","position":1,"name":"Accueil","item":"https:\/\/paracherkaoui.ma\/"},{"@type":"ListItem","position":2,"name":"Boutique","item":"https:\/\/paracherkaoui.ma\/index.php\/boutique\/"},{"@type":"ListItem","position":3,"name":"ISDIN NUTRATOPIC PRO AMP CREME PROTECTRICE VISAGE 50 ML"}]},{"@type":"WebSite","@id":"https:\/\/paracherkaoui.ma\/#website","url":"https:\/\/paracherkaoui.ma\/","name":"Paracherkaoui.ma","description":"Achetez en ligne sur Paracherkaoui.ma","potentialAction":[{"@type":"SearchAction","target":{"@type":"EntryPoint","urlTemplate":"https:\/\/paracherkaoui.ma\/?s={search_term_string}"},"query-input":{"@type":"PropertyValueSpecification","valueRequired":true,"valueName":"search_term_string"}}],"inLanguage":"fr-FR"}]}},"_links":{"self":[{"href":"https:\/\/paracherkaoui.ma\/index.php\/wp-json\/wp\/v2\/product\/44616","targetHints":{"allow":["GET"]}}],"collection":[{"href":"https:\/\/paracherkaoui.ma\/index.php\/wp-json\/wp\/v2\/product"}],"about":[{"href":"https:\/\/paracherkaoui.ma\/index.php\/wp-json\/wp\/v2\/types\/product"}],"replies":[{"embeddable":true,"href":"https:\/\/paracherkaoui.ma\/index.php\/wp-json\/wp\/v2\/comments?post=44616"}],"version-history":[{"count":1,"href":"https:\/\/paracherkaoui.ma\/index.php\/wp-json\/wp\/v2\/product\/44616\/revisions"}],"predecessor-version":[{"id":44662,"href":"https:\/\/paracherkaoui.ma\/index.php\/wp-json\/wp\/v2\/product\/44616\/revisions\/44662"}],"wp:featuredmedia":[{"embeddable":true,"href":"https:\/\/paracherkaoui.ma\/index.php\/wp-json\/wp\/v2\/media\/11284"}],"wp:attachment":[{"href":"https:\/\/paracherkaoui.ma\/index.php\/wp-json\/wp\/v2\/media?parent=44616"}],"wp:term":[{"taxonomy":"product_brand","embeddable":true,"href":"https:\/\/paracherkaoui.ma\/index.php\/wp-json\/wp\/v2\/product_brand?post=44616"},{"taxonomy":"product_cat","embeddable":true,"href":"https:\/\/paracherkaoui.ma\/index.php\/wp-json\/wp\/v2\/product_cat?post=44616"},{"taxonomy":"product_tag","embeddable":true,"href":"https:\/\/paracherkaoui.ma\/index.php\/wp-json\/wp\/v2\/product_tag?post=44616"}],"curies":[{"name":"wp","href":"https:\/\/api.w.org\/{rel}","templated":true}]}}