{"id":44614,"date":"2025-12-12T19:13:32","date_gmt":"2025-12-12T18:13:32","guid":{"rendered":"https:\/\/test.ecbeaute.com\/?post_type=product&#038;p=44614"},"modified":"2025-12-12T19:13:37","modified_gmt":"2025-12-12T18:13:37","slug":"klorane-bebe-creme-nutritive-cold-creme-40-ml-2","status":"publish","type":"product","link":"https:\/\/paracherkaoui.ma\/index.php\/produit\/klorane-bebe-creme-nutritive-cold-creme-40-ml-2\/","title":{"rendered":"KLORANE BEBE CREME NUTRITIVE COLD CREME 40 ML"},"content":{"rendered":"<p>La Cr\u00e8me nutritive Klorane B\u00e9b\u00e9 au Cold Cream nourrit intens\u00e9ment, apaise et prot\u00e8ge les peaux s\u00e8ches des nourrissons d\u00e8s la naissance. Sa formule onctueuse d&rsquo;origine naturelle r\u00e9unit des fleurs de Calendula issues de culture BIO, de l&rsquo;huile de carthame relipidante et du Cold Cream Klorane nourrissant, pour prot\u00e9ger et hydrater en profondeur les peaux sensibles. La texture velout\u00e9e et non collante est test\u00e9e sous contr\u00f4le p\u00e9diatrique et s&rsquo;applique \u00e9galement sur les cro\u00fbtes de lait. La peau de b\u00e9b\u00e9 est calm\u00e9e, respect\u00e9e et intens\u00e9ment nourrie, dans un relaxant parfum fleuri.96% d&rsquo;ingr\u00e9dients d&rsquo;origine naturelle<br \/>\nLes bienfaits :<br \/>\nNourrissante : apporte une nutrition intense et durable aux peaux les plus sensibles, pour prot\u00e9ger l&rsquo;\u00e9piderme des agressions ext\u00e9rieures.<br \/>\nApaisante : la Cr\u00e8me riche apaise les tiraillements et inconforts li\u00e9s \u00e0 la s\u00e9cheresse cutan\u00e9e.<br \/>\nEfficace : r\u00e9pond aux probl\u00e8mes de peau caract\u00e9ristiques des nourrissons, comme les rougeurs, d\u00e9mangeaisons, zones de s\u00e9cheresse et autres ger\u00e7ures<br \/>\nConseils d&rsquo;utilisation:<br \/>\nAppliquer sur une peau propre et s\u00e8che. Pour les cro\u00fbtes de lait, appliquer le soir, puis effectuer un shampoing doux le lendemain.<\/p>\n","protected":false},"excerpt":{"rendered":"<p>La Cr\u00e8me nutritive Klorane B\u00e9b\u00e9 au Cold Cream nourrit intens\u00e9ment, apaise et prot\u00e8ge les peaux s\u00e8ches des nourrissons d\u00e8s la<\/p>\n","protected":false},"featured_media":12689,"comment_status":"open","ping_status":"closed","template":"","meta":[],"product_brand":[145],"product_cat":[783],"product_tag":[],"class_list":{"0":"post-44614","1":"product","2":"type-product","3":"status-publish","4":"has-post-thumbnail","6":"product_brand-klorane","7":"product_cat-soins-cheveux-visage-et-corps","9":"first","10":"instock","11":"sale","12":"shipping-taxable","13":"purchasable","14":"product-type-simple"},"yoast_head":"<!-- This site is optimized with the Yoast SEO plugin v26.6 - https:\/\/yoast.com\/wordpress\/plugins\/seo\/ -->\r\n<title>KLORANE BEBE CREME NUTRITIVE COLD CREME 40 ML - Paracherkaoui.ma<\/title>\r\n<meta name=\"robots\" content=\"index, follow, max-snippet:-1, max-image-preview:large, max-video-preview:-1\" \/>\r\n<link rel=\"canonical\" href=\"https:\/\/paracherkaoui.ma\/index.php\/produit\/klorane-bebe-creme-nutritive-cold-creme-40-ml-2\/\" \/>\r\n<meta property=\"og:locale\" content=\"fr_FR\" \/>\r\n<meta property=\"og:type\" content=\"article\" \/>\r\n<meta property=\"og:title\" content=\"KLORANE BEBE CREME NUTRITIVE COLD CREME 40 ML - Paracherkaoui.ma\" \/>\r\n<meta property=\"og:description\" content=\"La Cr\u00e8me nutritive Klorane B\u00e9b\u00e9 au Cold Cream nourrit intens\u00e9ment, apaise et prot\u00e8ge les peaux s\u00e8ches des nourrissons d\u00e8s la\" \/>\r\n<meta property=\"og:url\" content=\"https:\/\/paracherkaoui.ma\/index.php\/produit\/klorane-bebe-creme-nutritive-cold-creme-40-ml-2\/\" \/>\r\n<meta property=\"og:site_name\" content=\"Paracherkaoui.ma\" \/>\r\n<meta property=\"article:modified_time\" content=\"2025-12-12T18:13:37+00:00\" \/>\r\n<meta property=\"og:image\" content=\"https:\/\/paracherkaoui.ma\/wp-content\/uploads\/2025\/12\/klorane-klorane-bebe-creme-nutritive-cold-creme-40-ml-soins-visage-et-corps.jpg\" \/>\r\n\t<meta property=\"og:image:width\" content=\"700\" \/>\r\n\t<meta property=\"og:image:height\" content=\"700\" \/>\r\n\t<meta property=\"og:image:type\" content=\"image\/jpeg\" \/>\r\n<meta name=\"twitter:card\" content=\"summary_large_image\" \/>\r\n<meta name=\"twitter:label1\" content=\"Dur\u00e9e de lecture estim\u00e9e\" \/>\n\t<meta name=\"twitter:data1\" content=\"1 minute\" \/>\r\n<script type=\"application\/ld+json\" class=\"yoast-schema-graph\">{\"@context\":\"https:\/\/schema.org\",\"@graph\":[{\"@type\":\"WebPage\",\"@id\":\"https:\/\/paracherkaoui.ma\/index.php\/produit\/klorane-bebe-creme-nutritive-cold-creme-40-ml-2\/\",\"url\":\"https:\/\/paracherkaoui.ma\/index.php\/produit\/klorane-bebe-creme-nutritive-cold-creme-40-ml-2\/\",\"name\":\"KLORANE BEBE CREME NUTRITIVE COLD CREME 40 ML - Paracherkaoui.ma\",\"isPartOf\":{\"@id\":\"https:\/\/paracherkaoui.ma\/#website\"},\"primaryImageOfPage\":{\"@id\":\"https:\/\/paracherkaoui.ma\/index.php\/produit\/klorane-bebe-creme-nutritive-cold-creme-40-ml-2\/#primaryimage\"},\"image\":{\"@id\":\"https:\/\/paracherkaoui.ma\/index.php\/produit\/klorane-bebe-creme-nutritive-cold-creme-40-ml-2\/#primaryimage\"},\"thumbnailUrl\":\"https:\/\/paracherkaoui.ma\/wp-content\/uploads\/2025\/12\/klorane-klorane-bebe-creme-nutritive-cold-creme-40-ml-soins-visage-et-corps.jpg\",\"datePublished\":\"2025-12-12T18:13:32+00:00\",\"dateModified\":\"2025-12-12T18:13:37+00:00\",\"breadcrumb\":{\"@id\":\"https:\/\/paracherkaoui.ma\/index.php\/produit\/klorane-bebe-creme-nutritive-cold-creme-40-ml-2\/#breadcrumb\"},\"inLanguage\":\"fr-FR\",\"potentialAction\":[{\"@type\":\"ReadAction\",\"target\":[\"https:\/\/paracherkaoui.ma\/index.php\/produit\/klorane-bebe-creme-nutritive-cold-creme-40-ml-2\/\"]}]},{\"@type\":\"ImageObject\",\"inLanguage\":\"fr-FR\",\"@id\":\"https:\/\/paracherkaoui.ma\/index.php\/produit\/klorane-bebe-creme-nutritive-cold-creme-40-ml-2\/#primaryimage\",\"url\":\"https:\/\/paracherkaoui.ma\/wp-content\/uploads\/2025\/12\/klorane-klorane-bebe-creme-nutritive-cold-creme-40-ml-soins-visage-et-corps.jpg\",\"contentUrl\":\"https:\/\/paracherkaoui.ma\/wp-content\/uploads\/2025\/12\/klorane-klorane-bebe-creme-nutritive-cold-creme-40-ml-soins-visage-et-corps.jpg\",\"width\":700,\"height\":700},{\"@type\":\"BreadcrumbList\",\"@id\":\"https:\/\/paracherkaoui.ma\/index.php\/produit\/klorane-bebe-creme-nutritive-cold-creme-40-ml-2\/#breadcrumb\",\"itemListElement\":[{\"@type\":\"ListItem\",\"position\":1,\"name\":\"Accueil\",\"item\":\"https:\/\/paracherkaoui.ma\/\"},{\"@type\":\"ListItem\",\"position\":2,\"name\":\"Boutique\",\"item\":\"https:\/\/paracherkaoui.ma\/index.php\/boutique\/\"},{\"@type\":\"ListItem\",\"position\":3,\"name\":\"KLORANE BEBE CREME NUTRITIVE COLD CREME 40 ML\"}]},{\"@type\":\"WebSite\",\"@id\":\"https:\/\/paracherkaoui.ma\/#website\",\"url\":\"https:\/\/paracherkaoui.ma\/\",\"name\":\"Paracherkaoui.ma\",\"description\":\"Achetez en ligne sur Paracherkaoui.ma\",\"potentialAction\":[{\"@type\":\"SearchAction\",\"target\":{\"@type\":\"EntryPoint\",\"urlTemplate\":\"https:\/\/paracherkaoui.ma\/?s={search_term_string}\"},\"query-input\":{\"@type\":\"PropertyValueSpecification\",\"valueRequired\":true,\"valueName\":\"search_term_string\"}}],\"inLanguage\":\"fr-FR\"}]}<\/script>\r\n<!-- \/ Yoast SEO plugin. -->","yoast_head_json":{"title":"KLORANE BEBE CREME NUTRITIVE COLD CREME 40 ML - Paracherkaoui.ma","robots":{"index":"index","follow":"follow","max-snippet":"max-snippet:-1","max-image-preview":"max-image-preview:large","max-video-preview":"max-video-preview:-1"},"canonical":"https:\/\/paracherkaoui.ma\/index.php\/produit\/klorane-bebe-creme-nutritive-cold-creme-40-ml-2\/","og_locale":"fr_FR","og_type":"article","og_title":"KLORANE BEBE CREME NUTRITIVE COLD CREME 40 ML - Paracherkaoui.ma","og_description":"La Cr\u00e8me nutritive Klorane B\u00e9b\u00e9 au Cold Cream nourrit intens\u00e9ment, apaise et prot\u00e8ge les peaux s\u00e8ches des nourrissons d\u00e8s la","og_url":"https:\/\/paracherkaoui.ma\/index.php\/produit\/klorane-bebe-creme-nutritive-cold-creme-40-ml-2\/","og_site_name":"Paracherkaoui.ma","article_modified_time":"2025-12-12T18:13:37+00:00","og_image":[{"width":700,"height":700,"url":"https:\/\/paracherkaoui.ma\/wp-content\/uploads\/2025\/12\/klorane-klorane-bebe-creme-nutritive-cold-creme-40-ml-soins-visage-et-corps.jpg","type":"image\/jpeg"}],"twitter_card":"summary_large_image","twitter_misc":{"Dur\u00e9e de lecture estim\u00e9e":"1 minute"},"schema":{"@context":"https:\/\/schema.org","@graph":[{"@type":"WebPage","@id":"https:\/\/paracherkaoui.ma\/index.php\/produit\/klorane-bebe-creme-nutritive-cold-creme-40-ml-2\/","url":"https:\/\/paracherkaoui.ma\/index.php\/produit\/klorane-bebe-creme-nutritive-cold-creme-40-ml-2\/","name":"KLORANE BEBE CREME NUTRITIVE COLD CREME 40 ML - Paracherkaoui.ma","isPartOf":{"@id":"https:\/\/paracherkaoui.ma\/#website"},"primaryImageOfPage":{"@id":"https:\/\/paracherkaoui.ma\/index.php\/produit\/klorane-bebe-creme-nutritive-cold-creme-40-ml-2\/#primaryimage"},"image":{"@id":"https:\/\/paracherkaoui.ma\/index.php\/produit\/klorane-bebe-creme-nutritive-cold-creme-40-ml-2\/#primaryimage"},"thumbnailUrl":"https:\/\/paracherkaoui.ma\/wp-content\/uploads\/2025\/12\/klorane-klorane-bebe-creme-nutritive-cold-creme-40-ml-soins-visage-et-corps.jpg","datePublished":"2025-12-12T18:13:32+00:00","dateModified":"2025-12-12T18:13:37+00:00","breadcrumb":{"@id":"https:\/\/paracherkaoui.ma\/index.php\/produit\/klorane-bebe-creme-nutritive-cold-creme-40-ml-2\/#breadcrumb"},"inLanguage":"fr-FR","potentialAction":[{"@type":"ReadAction","target":["https:\/\/paracherkaoui.ma\/index.php\/produit\/klorane-bebe-creme-nutritive-cold-creme-40-ml-2\/"]}]},{"@type":"ImageObject","inLanguage":"fr-FR","@id":"https:\/\/paracherkaoui.ma\/index.php\/produit\/klorane-bebe-creme-nutritive-cold-creme-40-ml-2\/#primaryimage","url":"https:\/\/paracherkaoui.ma\/wp-content\/uploads\/2025\/12\/klorane-klorane-bebe-creme-nutritive-cold-creme-40-ml-soins-visage-et-corps.jpg","contentUrl":"https:\/\/paracherkaoui.ma\/wp-content\/uploads\/2025\/12\/klorane-klorane-bebe-creme-nutritive-cold-creme-40-ml-soins-visage-et-corps.jpg","width":700,"height":700},{"@type":"BreadcrumbList","@id":"https:\/\/paracherkaoui.ma\/index.php\/produit\/klorane-bebe-creme-nutritive-cold-creme-40-ml-2\/#breadcrumb","itemListElement":[{"@type":"ListItem","position":1,"name":"Accueil","item":"https:\/\/paracherkaoui.ma\/"},{"@type":"ListItem","position":2,"name":"Boutique","item":"https:\/\/paracherkaoui.ma\/index.php\/boutique\/"},{"@type":"ListItem","position":3,"name":"KLORANE BEBE CREME NUTRITIVE COLD CREME 40 ML"}]},{"@type":"WebSite","@id":"https:\/\/paracherkaoui.ma\/#website","url":"https:\/\/paracherkaoui.ma\/","name":"Paracherkaoui.ma","description":"Achetez en ligne sur Paracherkaoui.ma","potentialAction":[{"@type":"SearchAction","target":{"@type":"EntryPoint","urlTemplate":"https:\/\/paracherkaoui.ma\/?s={search_term_string}"},"query-input":{"@type":"PropertyValueSpecification","valueRequired":true,"valueName":"search_term_string"}}],"inLanguage":"fr-FR"}]}},"_links":{"self":[{"href":"https:\/\/paracherkaoui.ma\/index.php\/wp-json\/wp\/v2\/product\/44614","targetHints":{"allow":["GET"]}}],"collection":[{"href":"https:\/\/paracherkaoui.ma\/index.php\/wp-json\/wp\/v2\/product"}],"about":[{"href":"https:\/\/paracherkaoui.ma\/index.php\/wp-json\/wp\/v2\/types\/product"}],"replies":[{"embeddable":true,"href":"https:\/\/paracherkaoui.ma\/index.php\/wp-json\/wp\/v2\/comments?post=44614"}],"version-history":[{"count":1,"href":"https:\/\/paracherkaoui.ma\/index.php\/wp-json\/wp\/v2\/product\/44614\/revisions"}],"predecessor-version":[{"id":44659,"href":"https:\/\/paracherkaoui.ma\/index.php\/wp-json\/wp\/v2\/product\/44614\/revisions\/44659"}],"wp:featuredmedia":[{"embeddable":true,"href":"https:\/\/paracherkaoui.ma\/index.php\/wp-json\/wp\/v2\/media\/12689"}],"wp:attachment":[{"href":"https:\/\/paracherkaoui.ma\/index.php\/wp-json\/wp\/v2\/media?parent=44614"}],"wp:term":[{"taxonomy":"product_brand","embeddable":true,"href":"https:\/\/paracherkaoui.ma\/index.php\/wp-json\/wp\/v2\/product_brand?post=44614"},{"taxonomy":"product_cat","embeddable":true,"href":"https:\/\/paracherkaoui.ma\/index.php\/wp-json\/wp\/v2\/product_cat?post=44614"},{"taxonomy":"product_tag","embeddable":true,"href":"https:\/\/paracherkaoui.ma\/index.php\/wp-json\/wp\/v2\/product_tag?post=44614"}],"curies":[{"name":"wp","href":"https:\/\/api.w.org\/{rel}","templated":true}]}}