{"id":44612,"date":"2025-12-12T19:13:32","date_gmt":"2025-12-12T18:13:32","guid":{"rendered":"https:\/\/test.ecbeaute.com\/?post_type=product&#038;p=44612"},"modified":"2025-12-12T19:13:36","modified_gmt":"2025-12-12T18:13:36","slug":"mustela-shampooing-mousse-nourrisson-150-ml","status":"publish","type":"product","link":"https:\/\/paracherkaoui.ma\/index.php\/produit\/mustela-shampooing-mousse-nourrisson-150-ml\/","title":{"rendered":"MUSTELA SHAMPOOING MOUSSE NOURRISSON 150 ML"},"content":{"rendered":"<p>Description:<br \/>\nLe Shampoing mousse nourrisson est id\u00e9al au quotidien pour laver le cuir chevelu et aider \u00e0 \u00e9liminer les cro\u00fbtes de lait. Il aide \u00e0 limiter leur r\u00e9apparition.Sa formule sans parfum et haute tol\u00e9rance est compos\u00e9e de 99% d\u2019ingr\u00e9dients d\u2019origine naturelle. Il peut \u00eatre utilis\u00e9 d\u00e8s la naissance.<br \/>\nConseils d&rsquo;utilisation:<br \/>\nApr\u00e8s avoir laiss\u00e9 agir toute la nuit le soin cro\u00fbtes de lait Mustela sur le cuir chevelu, appliquer et masser d\u00e9licatement une dose de shampoing sur les cheveux mouill\u00e9s.<\/p>\n","protected":false},"excerpt":{"rendered":"<p>Description: Le Shampoing mousse nourrisson est id\u00e9al au quotidien pour laver le cuir chevelu et aider \u00e0 \u00e9liminer les cro\u00fbtes<\/p>\n","protected":false},"featured_media":44655,"comment_status":"open","ping_status":"closed","template":"","meta":[],"product_brand":[687],"product_cat":[783],"product_tag":[],"class_list":{"0":"post-44612","1":"product","2":"type-product","3":"status-publish","4":"has-post-thumbnail","6":"product_brand-mustela","7":"product_cat-soins-cheveux-visage-et-corps","9":"first","10":"instock","11":"sale","12":"shipping-taxable","13":"purchasable","14":"product-type-simple"},"yoast_head":"<!-- This site is optimized with the Yoast SEO plugin v26.6 - https:\/\/yoast.com\/wordpress\/plugins\/seo\/ -->\r\n<title>MUSTELA SHAMPOOING MOUSSE NOURRISSON 150 ML - Paracherkaoui.ma<\/title>\r\n<meta name=\"robots\" content=\"index, follow, max-snippet:-1, max-image-preview:large, max-video-preview:-1\" \/>\r\n<link rel=\"canonical\" href=\"https:\/\/paracherkaoui.ma\/index.php\/produit\/mustela-shampooing-mousse-nourrisson-150-ml\/\" \/>\r\n<meta property=\"og:locale\" content=\"fr_FR\" \/>\r\n<meta property=\"og:type\" content=\"article\" \/>\r\n<meta property=\"og:title\" content=\"MUSTELA SHAMPOOING MOUSSE NOURRISSON 150 ML - Paracherkaoui.ma\" \/>\r\n<meta property=\"og:description\" content=\"Description: Le Shampoing mousse nourrisson est id\u00e9al au quotidien pour laver le cuir chevelu et aider \u00e0 \u00e9liminer les cro\u00fbtes\" \/>\r\n<meta property=\"og:url\" content=\"https:\/\/paracherkaoui.ma\/index.php\/produit\/mustela-shampooing-mousse-nourrisson-150-ml\/\" \/>\r\n<meta property=\"og:site_name\" content=\"Paracherkaoui.ma\" \/>\r\n<meta property=\"article:modified_time\" content=\"2025-12-12T18:13:36+00:00\" \/>\r\n<meta property=\"og:image\" content=\"https:\/\/paracherkaoui.ma\/wp-content\/uploads\/2025\/12\/mustela-mustela-shampooing-mousse-nourrisson-150-ml-soins-cheveux-visage-et-corps.jpg\" \/>\r\n\t<meta property=\"og:image:width\" content=\"700\" \/>\r\n\t<meta property=\"og:image:height\" content=\"700\" \/>\r\n\t<meta property=\"og:image:type\" content=\"image\/jpeg\" \/>\r\n<meta name=\"twitter:card\" content=\"summary_large_image\" \/>\r\n<script type=\"application\/ld+json\" class=\"yoast-schema-graph\">{\"@context\":\"https:\/\/schema.org\",\"@graph\":[{\"@type\":\"WebPage\",\"@id\":\"https:\/\/paracherkaoui.ma\/index.php\/produit\/mustela-shampooing-mousse-nourrisson-150-ml\/\",\"url\":\"https:\/\/paracherkaoui.ma\/index.php\/produit\/mustela-shampooing-mousse-nourrisson-150-ml\/\",\"name\":\"MUSTELA SHAMPOOING MOUSSE NOURRISSON 150 ML - Paracherkaoui.ma\",\"isPartOf\":{\"@id\":\"https:\/\/paracherkaoui.ma\/#website\"},\"primaryImageOfPage\":{\"@id\":\"https:\/\/paracherkaoui.ma\/index.php\/produit\/mustela-shampooing-mousse-nourrisson-150-ml\/#primaryimage\"},\"image\":{\"@id\":\"https:\/\/paracherkaoui.ma\/index.php\/produit\/mustela-shampooing-mousse-nourrisson-150-ml\/#primaryimage\"},\"thumbnailUrl\":\"https:\/\/paracherkaoui.ma\/wp-content\/uploads\/2025\/12\/mustela-mustela-shampooing-mousse-nourrisson-150-ml-soins-cheveux-visage-et-corps.jpg\",\"datePublished\":\"2025-12-12T18:13:32+00:00\",\"dateModified\":\"2025-12-12T18:13:36+00:00\",\"breadcrumb\":{\"@id\":\"https:\/\/paracherkaoui.ma\/index.php\/produit\/mustela-shampooing-mousse-nourrisson-150-ml\/#breadcrumb\"},\"inLanguage\":\"fr-FR\",\"potentialAction\":[{\"@type\":\"ReadAction\",\"target\":[\"https:\/\/paracherkaoui.ma\/index.php\/produit\/mustela-shampooing-mousse-nourrisson-150-ml\/\"]}]},{\"@type\":\"ImageObject\",\"inLanguage\":\"fr-FR\",\"@id\":\"https:\/\/paracherkaoui.ma\/index.php\/produit\/mustela-shampooing-mousse-nourrisson-150-ml\/#primaryimage\",\"url\":\"https:\/\/paracherkaoui.ma\/wp-content\/uploads\/2025\/12\/mustela-mustela-shampooing-mousse-nourrisson-150-ml-soins-cheveux-visage-et-corps.jpg\",\"contentUrl\":\"https:\/\/paracherkaoui.ma\/wp-content\/uploads\/2025\/12\/mustela-mustela-shampooing-mousse-nourrisson-150-ml-soins-cheveux-visage-et-corps.jpg\",\"width\":700,\"height\":700},{\"@type\":\"BreadcrumbList\",\"@id\":\"https:\/\/paracherkaoui.ma\/index.php\/produit\/mustela-shampooing-mousse-nourrisson-150-ml\/#breadcrumb\",\"itemListElement\":[{\"@type\":\"ListItem\",\"position\":1,\"name\":\"Accueil\",\"item\":\"https:\/\/paracherkaoui.ma\/\"},{\"@type\":\"ListItem\",\"position\":2,\"name\":\"Boutique\",\"item\":\"https:\/\/paracherkaoui.ma\/index.php\/boutique\/\"},{\"@type\":\"ListItem\",\"position\":3,\"name\":\"MUSTELA SHAMPOOING MOUSSE NOURRISSON 150 ML\"}]},{\"@type\":\"WebSite\",\"@id\":\"https:\/\/paracherkaoui.ma\/#website\",\"url\":\"https:\/\/paracherkaoui.ma\/\",\"name\":\"Paracherkaoui.ma\",\"description\":\"Achetez en ligne sur Paracherkaoui.ma\",\"potentialAction\":[{\"@type\":\"SearchAction\",\"target\":{\"@type\":\"EntryPoint\",\"urlTemplate\":\"https:\/\/paracherkaoui.ma\/?s={search_term_string}\"},\"query-input\":{\"@type\":\"PropertyValueSpecification\",\"valueRequired\":true,\"valueName\":\"search_term_string\"}}],\"inLanguage\":\"fr-FR\"}]}<\/script>\r\n<!-- \/ Yoast SEO plugin. -->","yoast_head_json":{"title":"MUSTELA SHAMPOOING MOUSSE NOURRISSON 150 ML - Paracherkaoui.ma","robots":{"index":"index","follow":"follow","max-snippet":"max-snippet:-1","max-image-preview":"max-image-preview:large","max-video-preview":"max-video-preview:-1"},"canonical":"https:\/\/paracherkaoui.ma\/index.php\/produit\/mustela-shampooing-mousse-nourrisson-150-ml\/","og_locale":"fr_FR","og_type":"article","og_title":"MUSTELA SHAMPOOING MOUSSE NOURRISSON 150 ML - Paracherkaoui.ma","og_description":"Description: Le Shampoing mousse nourrisson est id\u00e9al au quotidien pour laver le cuir chevelu et aider \u00e0 \u00e9liminer les cro\u00fbtes","og_url":"https:\/\/paracherkaoui.ma\/index.php\/produit\/mustela-shampooing-mousse-nourrisson-150-ml\/","og_site_name":"Paracherkaoui.ma","article_modified_time":"2025-12-12T18:13:36+00:00","og_image":[{"width":700,"height":700,"url":"https:\/\/paracherkaoui.ma\/wp-content\/uploads\/2025\/12\/mustela-mustela-shampooing-mousse-nourrisson-150-ml-soins-cheveux-visage-et-corps.jpg","type":"image\/jpeg"}],"twitter_card":"summary_large_image","schema":{"@context":"https:\/\/schema.org","@graph":[{"@type":"WebPage","@id":"https:\/\/paracherkaoui.ma\/index.php\/produit\/mustela-shampooing-mousse-nourrisson-150-ml\/","url":"https:\/\/paracherkaoui.ma\/index.php\/produit\/mustela-shampooing-mousse-nourrisson-150-ml\/","name":"MUSTELA SHAMPOOING MOUSSE NOURRISSON 150 ML - Paracherkaoui.ma","isPartOf":{"@id":"https:\/\/paracherkaoui.ma\/#website"},"primaryImageOfPage":{"@id":"https:\/\/paracherkaoui.ma\/index.php\/produit\/mustela-shampooing-mousse-nourrisson-150-ml\/#primaryimage"},"image":{"@id":"https:\/\/paracherkaoui.ma\/index.php\/produit\/mustela-shampooing-mousse-nourrisson-150-ml\/#primaryimage"},"thumbnailUrl":"https:\/\/paracherkaoui.ma\/wp-content\/uploads\/2025\/12\/mustela-mustela-shampooing-mousse-nourrisson-150-ml-soins-cheveux-visage-et-corps.jpg","datePublished":"2025-12-12T18:13:32+00:00","dateModified":"2025-12-12T18:13:36+00:00","breadcrumb":{"@id":"https:\/\/paracherkaoui.ma\/index.php\/produit\/mustela-shampooing-mousse-nourrisson-150-ml\/#breadcrumb"},"inLanguage":"fr-FR","potentialAction":[{"@type":"ReadAction","target":["https:\/\/paracherkaoui.ma\/index.php\/produit\/mustela-shampooing-mousse-nourrisson-150-ml\/"]}]},{"@type":"ImageObject","inLanguage":"fr-FR","@id":"https:\/\/paracherkaoui.ma\/index.php\/produit\/mustela-shampooing-mousse-nourrisson-150-ml\/#primaryimage","url":"https:\/\/paracherkaoui.ma\/wp-content\/uploads\/2025\/12\/mustela-mustela-shampooing-mousse-nourrisson-150-ml-soins-cheveux-visage-et-corps.jpg","contentUrl":"https:\/\/paracherkaoui.ma\/wp-content\/uploads\/2025\/12\/mustela-mustela-shampooing-mousse-nourrisson-150-ml-soins-cheveux-visage-et-corps.jpg","width":700,"height":700},{"@type":"BreadcrumbList","@id":"https:\/\/paracherkaoui.ma\/index.php\/produit\/mustela-shampooing-mousse-nourrisson-150-ml\/#breadcrumb","itemListElement":[{"@type":"ListItem","position":1,"name":"Accueil","item":"https:\/\/paracherkaoui.ma\/"},{"@type":"ListItem","position":2,"name":"Boutique","item":"https:\/\/paracherkaoui.ma\/index.php\/boutique\/"},{"@type":"ListItem","position":3,"name":"MUSTELA SHAMPOOING MOUSSE NOURRISSON 150 ML"}]},{"@type":"WebSite","@id":"https:\/\/paracherkaoui.ma\/#website","url":"https:\/\/paracherkaoui.ma\/","name":"Paracherkaoui.ma","description":"Achetez en ligne sur Paracherkaoui.ma","potentialAction":[{"@type":"SearchAction","target":{"@type":"EntryPoint","urlTemplate":"https:\/\/paracherkaoui.ma\/?s={search_term_string}"},"query-input":{"@type":"PropertyValueSpecification","valueRequired":true,"valueName":"search_term_string"}}],"inLanguage":"fr-FR"}]}},"_links":{"self":[{"href":"https:\/\/paracherkaoui.ma\/index.php\/wp-json\/wp\/v2\/product\/44612","targetHints":{"allow":["GET"]}}],"collection":[{"href":"https:\/\/paracherkaoui.ma\/index.php\/wp-json\/wp\/v2\/product"}],"about":[{"href":"https:\/\/paracherkaoui.ma\/index.php\/wp-json\/wp\/v2\/types\/product"}],"replies":[{"embeddable":true,"href":"https:\/\/paracherkaoui.ma\/index.php\/wp-json\/wp\/v2\/comments?post=44612"}],"version-history":[{"count":1,"href":"https:\/\/paracherkaoui.ma\/index.php\/wp-json\/wp\/v2\/product\/44612\/revisions"}],"predecessor-version":[{"id":44656,"href":"https:\/\/paracherkaoui.ma\/index.php\/wp-json\/wp\/v2\/product\/44612\/revisions\/44656"}],"wp:featuredmedia":[{"embeddable":true,"href":"https:\/\/paracherkaoui.ma\/index.php\/wp-json\/wp\/v2\/media\/44655"}],"wp:attachment":[{"href":"https:\/\/paracherkaoui.ma\/index.php\/wp-json\/wp\/v2\/media?parent=44612"}],"wp:term":[{"taxonomy":"product_brand","embeddable":true,"href":"https:\/\/paracherkaoui.ma\/index.php\/wp-json\/wp\/v2\/product_brand?post=44612"},{"taxonomy":"product_cat","embeddable":true,"href":"https:\/\/paracherkaoui.ma\/index.php\/wp-json\/wp\/v2\/product_cat?post=44612"},{"taxonomy":"product_tag","embeddable":true,"href":"https:\/\/paracherkaoui.ma\/index.php\/wp-json\/wp\/v2\/product_tag?post=44612"}],"curies":[{"name":"wp","href":"https:\/\/api.w.org\/{rel}","templated":true}]}}