{"id":44606,"date":"2025-12-12T19:13:32","date_gmt":"2025-12-12T18:13:32","guid":{"rendered":"https:\/\/test.ecbeaute.com\/?post_type=product&#038;p=44606"},"modified":"2025-12-12T19:13:35","modified_gmt":"2025-12-12T18:13:35","slug":"mustela-huile-de-massage-bebe-100-ml","status":"publish","type":"product","link":"https:\/\/paracherkaoui.ma\/index.php\/produit\/mustela-huile-de-massage-bebe-100-ml\/","title":{"rendered":"MUSTELA HUILE DE MASSAGE BEBE 100 ML"},"content":{"rendered":"<p>D\u00e9scription :<br \/>\nMustela huile de massage b\u00e9b\u00e9 110ml<br \/>\nSp\u00e9cifiquement formul\u00e9e pour une utilisation d\u00e8s la naissance, l\u2019Huile de massage Mustela B\u00e9b\u00e9 est id\u00e9ale pour partager en toute s\u00e9curit\u00e9 des moments de tendresse et de d\u00e9tente avec votre b\u00e9b\u00e9 tout en prenant soin de sa peau :<br \/>\nHautement sensorielle, elle facilite le massage tout en offrant naturellement un fini sec, non collant et non glissant, gr\u00e2ce \u00e0 sa texture unique.<br \/>\nElle hydrate la peau, la nourrit et la laisse douce et souple gr\u00e2ce \u00e0 un complexe exclusif d\u2019huiles v\u00e9g\u00e9tales dermo-protectrices riches en acides gras essentiels.<br \/>\nGr\u00e2ce \u00e0 sa nouvelle formule enrichie en Huile d\u2019avocat protectrice et r\u00e9g\u00e9n\u00e9rante, l\u2019Huile de massage contribue \u00e0 renforcer la barri\u00e8re cutan\u00e9e de votre b\u00e9b\u00e9 et \u00e0 pr\u00e9server la richesse cellulaire de sa peau.<br \/>\nY compris b\u00e9b\u00e9s sortis de n\u00e9onatologie.<\/p>\n","protected":false},"excerpt":{"rendered":"<p>D\u00e9scription : Mustela huile de massage b\u00e9b\u00e9 110ml Sp\u00e9cifiquement formul\u00e9e pour une utilisation d\u00e8s la naissance, l\u2019Huile de massage Mustela<\/p>\n","protected":false},"featured_media":44644,"comment_status":"open","ping_status":"closed","template":"","meta":[],"product_brand":[687],"product_cat":[783],"product_tag":[],"class_list":{"0":"post-44606","1":"product","2":"type-product","3":"status-publish","4":"has-post-thumbnail","6":"product_brand-mustela","7":"product_cat-soins-cheveux-visage-et-corps","9":"first","10":"instock","11":"sale","12":"shipping-taxable","13":"purchasable","14":"product-type-simple"},"yoast_head":"<!-- This site is optimized with the Yoast SEO plugin v26.6 - https:\/\/yoast.com\/wordpress\/plugins\/seo\/ -->\r\n<title>MUSTELA HUILE DE MASSAGE BEBE 100 ML - Paracherkaoui.ma<\/title>\r\n<meta name=\"robots\" content=\"index, follow, max-snippet:-1, max-image-preview:large, max-video-preview:-1\" \/>\r\n<link rel=\"canonical\" href=\"https:\/\/paracherkaoui.ma\/index.php\/produit\/mustela-huile-de-massage-bebe-100-ml\/\" \/>\r\n<meta property=\"og:locale\" content=\"fr_FR\" \/>\r\n<meta property=\"og:type\" content=\"article\" \/>\r\n<meta property=\"og:title\" content=\"MUSTELA HUILE DE MASSAGE BEBE 100 ML - Paracherkaoui.ma\" \/>\r\n<meta property=\"og:description\" content=\"D\u00e9scription : Mustela huile de massage b\u00e9b\u00e9 110ml Sp\u00e9cifiquement formul\u00e9e pour une utilisation d\u00e8s la naissance, l\u2019Huile de massage Mustela\" \/>\r\n<meta property=\"og:url\" content=\"https:\/\/paracherkaoui.ma\/index.php\/produit\/mustela-huile-de-massage-bebe-100-ml\/\" \/>\r\n<meta property=\"og:site_name\" content=\"Paracherkaoui.ma\" \/>\r\n<meta property=\"article:modified_time\" content=\"2025-12-12T18:13:35+00:00\" \/>\r\n<meta property=\"og:image\" content=\"https:\/\/paracherkaoui.ma\/wp-content\/uploads\/2025\/12\/mustela-huile-de-massage-bebe-100-ml.jpg\" \/>\r\n\t<meta property=\"og:image:width\" content=\"700\" \/>\r\n\t<meta property=\"og:image:height\" content=\"700\" \/>\r\n\t<meta property=\"og:image:type\" content=\"image\/jpeg\" \/>\r\n<meta name=\"twitter:card\" content=\"summary_large_image\" \/>\r\n<meta name=\"twitter:label1\" content=\"Dur\u00e9e de lecture estim\u00e9e\" \/>\n\t<meta name=\"twitter:data1\" content=\"1 minute\" \/>\r\n<script type=\"application\/ld+json\" class=\"yoast-schema-graph\">{\"@context\":\"https:\/\/schema.org\",\"@graph\":[{\"@type\":\"WebPage\",\"@id\":\"https:\/\/paracherkaoui.ma\/index.php\/produit\/mustela-huile-de-massage-bebe-100-ml\/\",\"url\":\"https:\/\/paracherkaoui.ma\/index.php\/produit\/mustela-huile-de-massage-bebe-100-ml\/\",\"name\":\"MUSTELA HUILE DE MASSAGE BEBE 100 ML - Paracherkaoui.ma\",\"isPartOf\":{\"@id\":\"https:\/\/paracherkaoui.ma\/#website\"},\"primaryImageOfPage\":{\"@id\":\"https:\/\/paracherkaoui.ma\/index.php\/produit\/mustela-huile-de-massage-bebe-100-ml\/#primaryimage\"},\"image\":{\"@id\":\"https:\/\/paracherkaoui.ma\/index.php\/produit\/mustela-huile-de-massage-bebe-100-ml\/#primaryimage\"},\"thumbnailUrl\":\"https:\/\/paracherkaoui.ma\/wp-content\/uploads\/2025\/12\/mustela-huile-de-massage-bebe-100-ml.jpg\",\"datePublished\":\"2025-12-12T18:13:32+00:00\",\"dateModified\":\"2025-12-12T18:13:35+00:00\",\"breadcrumb\":{\"@id\":\"https:\/\/paracherkaoui.ma\/index.php\/produit\/mustela-huile-de-massage-bebe-100-ml\/#breadcrumb\"},\"inLanguage\":\"fr-FR\",\"potentialAction\":[{\"@type\":\"ReadAction\",\"target\":[\"https:\/\/paracherkaoui.ma\/index.php\/produit\/mustela-huile-de-massage-bebe-100-ml\/\"]}]},{\"@type\":\"ImageObject\",\"inLanguage\":\"fr-FR\",\"@id\":\"https:\/\/paracherkaoui.ma\/index.php\/produit\/mustela-huile-de-massage-bebe-100-ml\/#primaryimage\",\"url\":\"https:\/\/paracherkaoui.ma\/wp-content\/uploads\/2025\/12\/mustela-huile-de-massage-bebe-100-ml.jpg\",\"contentUrl\":\"https:\/\/paracherkaoui.ma\/wp-content\/uploads\/2025\/12\/mustela-huile-de-massage-bebe-100-ml.jpg\",\"width\":700,\"height\":700},{\"@type\":\"BreadcrumbList\",\"@id\":\"https:\/\/paracherkaoui.ma\/index.php\/produit\/mustela-huile-de-massage-bebe-100-ml\/#breadcrumb\",\"itemListElement\":[{\"@type\":\"ListItem\",\"position\":1,\"name\":\"Accueil\",\"item\":\"https:\/\/paracherkaoui.ma\/\"},{\"@type\":\"ListItem\",\"position\":2,\"name\":\"Boutique\",\"item\":\"https:\/\/paracherkaoui.ma\/index.php\/boutique\/\"},{\"@type\":\"ListItem\",\"position\":3,\"name\":\"MUSTELA HUILE DE MASSAGE BEBE 100 ML\"}]},{\"@type\":\"WebSite\",\"@id\":\"https:\/\/paracherkaoui.ma\/#website\",\"url\":\"https:\/\/paracherkaoui.ma\/\",\"name\":\"Paracherkaoui.ma\",\"description\":\"Achetez en ligne sur Paracherkaoui.ma\",\"potentialAction\":[{\"@type\":\"SearchAction\",\"target\":{\"@type\":\"EntryPoint\",\"urlTemplate\":\"https:\/\/paracherkaoui.ma\/?s={search_term_string}\"},\"query-input\":{\"@type\":\"PropertyValueSpecification\",\"valueRequired\":true,\"valueName\":\"search_term_string\"}}],\"inLanguage\":\"fr-FR\"}]}<\/script>\r\n<!-- \/ Yoast SEO plugin. -->","yoast_head_json":{"title":"MUSTELA HUILE DE MASSAGE BEBE 100 ML - Paracherkaoui.ma","robots":{"index":"index","follow":"follow","max-snippet":"max-snippet:-1","max-image-preview":"max-image-preview:large","max-video-preview":"max-video-preview:-1"},"canonical":"https:\/\/paracherkaoui.ma\/index.php\/produit\/mustela-huile-de-massage-bebe-100-ml\/","og_locale":"fr_FR","og_type":"article","og_title":"MUSTELA HUILE DE MASSAGE BEBE 100 ML - Paracherkaoui.ma","og_description":"D\u00e9scription : Mustela huile de massage b\u00e9b\u00e9 110ml Sp\u00e9cifiquement formul\u00e9e pour une utilisation d\u00e8s la naissance, l\u2019Huile de massage Mustela","og_url":"https:\/\/paracherkaoui.ma\/index.php\/produit\/mustela-huile-de-massage-bebe-100-ml\/","og_site_name":"Paracherkaoui.ma","article_modified_time":"2025-12-12T18:13:35+00:00","og_image":[{"width":700,"height":700,"url":"https:\/\/paracherkaoui.ma\/wp-content\/uploads\/2025\/12\/mustela-huile-de-massage-bebe-100-ml.jpg","type":"image\/jpeg"}],"twitter_card":"summary_large_image","twitter_misc":{"Dur\u00e9e de lecture estim\u00e9e":"1 minute"},"schema":{"@context":"https:\/\/schema.org","@graph":[{"@type":"WebPage","@id":"https:\/\/paracherkaoui.ma\/index.php\/produit\/mustela-huile-de-massage-bebe-100-ml\/","url":"https:\/\/paracherkaoui.ma\/index.php\/produit\/mustela-huile-de-massage-bebe-100-ml\/","name":"MUSTELA HUILE DE MASSAGE BEBE 100 ML - Paracherkaoui.ma","isPartOf":{"@id":"https:\/\/paracherkaoui.ma\/#website"},"primaryImageOfPage":{"@id":"https:\/\/paracherkaoui.ma\/index.php\/produit\/mustela-huile-de-massage-bebe-100-ml\/#primaryimage"},"image":{"@id":"https:\/\/paracherkaoui.ma\/index.php\/produit\/mustela-huile-de-massage-bebe-100-ml\/#primaryimage"},"thumbnailUrl":"https:\/\/paracherkaoui.ma\/wp-content\/uploads\/2025\/12\/mustela-huile-de-massage-bebe-100-ml.jpg","datePublished":"2025-12-12T18:13:32+00:00","dateModified":"2025-12-12T18:13:35+00:00","breadcrumb":{"@id":"https:\/\/paracherkaoui.ma\/index.php\/produit\/mustela-huile-de-massage-bebe-100-ml\/#breadcrumb"},"inLanguage":"fr-FR","potentialAction":[{"@type":"ReadAction","target":["https:\/\/paracherkaoui.ma\/index.php\/produit\/mustela-huile-de-massage-bebe-100-ml\/"]}]},{"@type":"ImageObject","inLanguage":"fr-FR","@id":"https:\/\/paracherkaoui.ma\/index.php\/produit\/mustela-huile-de-massage-bebe-100-ml\/#primaryimage","url":"https:\/\/paracherkaoui.ma\/wp-content\/uploads\/2025\/12\/mustela-huile-de-massage-bebe-100-ml.jpg","contentUrl":"https:\/\/paracherkaoui.ma\/wp-content\/uploads\/2025\/12\/mustela-huile-de-massage-bebe-100-ml.jpg","width":700,"height":700},{"@type":"BreadcrumbList","@id":"https:\/\/paracherkaoui.ma\/index.php\/produit\/mustela-huile-de-massage-bebe-100-ml\/#breadcrumb","itemListElement":[{"@type":"ListItem","position":1,"name":"Accueil","item":"https:\/\/paracherkaoui.ma\/"},{"@type":"ListItem","position":2,"name":"Boutique","item":"https:\/\/paracherkaoui.ma\/index.php\/boutique\/"},{"@type":"ListItem","position":3,"name":"MUSTELA HUILE DE MASSAGE BEBE 100 ML"}]},{"@type":"WebSite","@id":"https:\/\/paracherkaoui.ma\/#website","url":"https:\/\/paracherkaoui.ma\/","name":"Paracherkaoui.ma","description":"Achetez en ligne sur Paracherkaoui.ma","potentialAction":[{"@type":"SearchAction","target":{"@type":"EntryPoint","urlTemplate":"https:\/\/paracherkaoui.ma\/?s={search_term_string}"},"query-input":{"@type":"PropertyValueSpecification","valueRequired":true,"valueName":"search_term_string"}}],"inLanguage":"fr-FR"}]}},"_links":{"self":[{"href":"https:\/\/paracherkaoui.ma\/index.php\/wp-json\/wp\/v2\/product\/44606","targetHints":{"allow":["GET"]}}],"collection":[{"href":"https:\/\/paracherkaoui.ma\/index.php\/wp-json\/wp\/v2\/product"}],"about":[{"href":"https:\/\/paracherkaoui.ma\/index.php\/wp-json\/wp\/v2\/types\/product"}],"replies":[{"embeddable":true,"href":"https:\/\/paracherkaoui.ma\/index.php\/wp-json\/wp\/v2\/comments?post=44606"}],"version-history":[{"count":1,"href":"https:\/\/paracherkaoui.ma\/index.php\/wp-json\/wp\/v2\/product\/44606\/revisions"}],"predecessor-version":[{"id":44645,"href":"https:\/\/paracherkaoui.ma\/index.php\/wp-json\/wp\/v2\/product\/44606\/revisions\/44645"}],"wp:featuredmedia":[{"embeddable":true,"href":"https:\/\/paracherkaoui.ma\/index.php\/wp-json\/wp\/v2\/media\/44644"}],"wp:attachment":[{"href":"https:\/\/paracherkaoui.ma\/index.php\/wp-json\/wp\/v2\/media?parent=44606"}],"wp:term":[{"taxonomy":"product_brand","embeddable":true,"href":"https:\/\/paracherkaoui.ma\/index.php\/wp-json\/wp\/v2\/product_brand?post=44606"},{"taxonomy":"product_cat","embeddable":true,"href":"https:\/\/paracherkaoui.ma\/index.php\/wp-json\/wp\/v2\/product_cat?post=44606"},{"taxonomy":"product_tag","embeddable":true,"href":"https:\/\/paracherkaoui.ma\/index.php\/wp-json\/wp\/v2\/product_tag?post=44606"}],"curies":[{"name":"wp","href":"https:\/\/api.w.org\/{rel}","templated":true}]}}